{"id":998,"date":"2012-12-15T11:16:53","date_gmt":"2012-12-15T10:16:53","guid":{"rendered":"http:\/\/www.edizioniterramarique.com\/?post_type=product&#038;p=998"},"modified":"2018-04-03T16:42:46","modified_gmt":"2018-04-03T14:42:46","slug":"nessuno","status":"publish","type":"product","link":"https:\/\/www.edizioniterramarique.com\/en\/shop\/nessuno\/","title":{"rendered":"Nessuno"},"content":{"rendered":"<p>Una lettera carica di mistero sconvolge la vita di un gruppo di quarantenni, un tempo compagni di scuola. I loro destini, identici per provenienza geografica \u2013 Sassuolo, provincia di Modena \u2013 ma lontanissimi per scelte lavorative e famigliari, torneranno a incrociarsi in occasione di un evento particolare: il funerale di un individuo con il quale sembra abbiano condiviso gli anni scolastici, ma di cui non ricordano l\u2019identit\u00e0.<br \/>\n\u00c8 lo stesso misterioso individuo, tramite una lettera scritta poco tempo prima di morire e fatta recapitare loro, a morte gi\u00e0 avvenuta, dal suo fedele servitore, a condurli nella sua lussuosa dimora, immersa nella campagna pugliese.<br \/>\nAd attenderli, oltre il maestoso cancello sul quale campeggia una targa con l\u2019incisione \u201cResidenza Nessuno\u201d, una villa spettacolare, dove il lusso degli arredi si confonde con l\u2019abbondanza di tavole imbandite e la solerzia della servit\u00f9 pronta a soddisfare ogni loro desiderio.<br \/>\nImmersi nella magnificenza che soddisfa occhi e palato ed esalta gli istinti primordiali al godimento, gli ospiti dello strano convegno funerario saranno tuttavia tormentati dalla necessit\u00e0 di comprendere la situazione in cui si trovano, guidati dalle parole di Nessuno, che, postume, piombano a sconvolgere le loro anime, non immuni da colpe e pesanti responsabilit\u00e0.<br \/>\nNessuno \u00e8 un rimorso nella coscienza collettiva, la nemesi che conduce il gruppo di vecchi amici alle soglie di un incubo travestito da sogno. Nessuno \u00e8 la voce che arriva dal passato a riprenderli, a trascinarli in un inferno di lusso senza regole.<br \/>\nOtto vite avare di felicit\u00e0, otto diverse ragioni per fuggire da una realt\u00e0 solo in apparenza perfetta. E un solo comune denominatore, Nessuno. Non ha nome, non ha volto: \u00e8 l\u2019ombra che incombe sulle loro coscienze. E sar\u00e0 lo spartiacque fra quel che \u00e8 stato e quello che deve essere.<\/p>","protected":false},"excerpt":{"rendered":"<p>Collana Voci narranti<\/p>","protected":false},"featured_media":258,"template":"","meta":[],"product_brand":[],"product_cat":[41,16],"product_tag":[],"class_list":{"0":"post-998","1":"product","2":"type-product","3":"status-publish","4":"has-post-thumbnail","6":"product_cat-libri-scontati-offerte-speciali","7":"product_cat-romanzi","8":"product_shipping_class-libro","10":"first","11":"instock","12":"sale","13":"shipping-taxable","14":"purchasable","15":"product-type-simple"},"yoast_head":"<!-- This site is optimized with the Yoast SEO plugin v26.9 - https:\/\/yoast.com\/product\/yoast-seo-wordpress\/ -->\n<title>Nessuno &#8226; Edizioni Terra marique<\/title>\n<meta name=\"robots\" content=\"index, follow, max-snippet:-1, max-image-preview:large, max-video-preview:-1\" \/>\n<link rel=\"canonical\" href=\"https:\/\/www.edizioniterramarique.com\/en\/shop\/nessuno\/\" \/>\n<meta property=\"og:locale\" content=\"en_GB\" \/>\n<meta property=\"og:type\" content=\"article\" \/>\n<meta property=\"og:title\" content=\"Nessuno &#8226; Edizioni Terra marique\" \/>\n<meta property=\"og:description\" content=\"Collana Voci narranti\" \/>\n<meta property=\"og:url\" content=\"https:\/\/www.edizioniterramarique.com\/en\/shop\/nessuno\/\" \/>\n<meta property=\"og:site_name\" content=\"Edizioni Terra marique\" \/>\n<meta property=\"article:modified_time\" content=\"2018-04-03T14:42:46+00:00\" \/>\n<meta property=\"og:image\" content=\"https:\/\/www.edizioniterramarique.com\/wp-content\/uploads\/2014\/02\/COP-nessuno.jpg\" \/>\n\t<meta property=\"og:image:width\" content=\"200\" \/>\n\t<meta property=\"og:image:height\" content=\"290\" \/>\n\t<meta property=\"og:image:type\" content=\"image\/jpeg\" \/>\n<meta name=\"twitter:label1\" content=\"Estimated reading time\" \/>\n\t<meta name=\"twitter:data1\" content=\"1 minute\" \/>\n<script type=\"application\/ld+json\" class=\"yoast-schema-graph\">{\"@context\":\"https:\/\/schema.org\",\"@graph\":[{\"@type\":\"WebPage\",\"@id\":\"https:\/\/www.edizioniterramarique.com\/en\/shop\/nessuno\/\",\"url\":\"https:\/\/www.edizioniterramarique.com\/en\/shop\/nessuno\/\",\"name\":\"Nessuno &#8226; Edizioni Terra marique\",\"isPartOf\":{\"@id\":\"https:\/\/www.edizioniterramarique.com\/#website\"},\"primaryImageOfPage\":{\"@id\":\"https:\/\/www.edizioniterramarique.com\/en\/shop\/nessuno\/#primaryimage\"},\"image\":{\"@id\":\"https:\/\/www.edizioniterramarique.com\/en\/shop\/nessuno\/#primaryimage\"},\"thumbnailUrl\":\"https:\/\/www.edizioniterramarique.com\/wp-content\/uploads\/2014\/02\/COP-nessuno.jpg\",\"datePublished\":\"2012-12-15T10:16:53+00:00\",\"dateModified\":\"2018-04-03T14:42:46+00:00\",\"breadcrumb\":{\"@id\":\"https:\/\/www.edizioniterramarique.com\/en\/shop\/nessuno\/#breadcrumb\"},\"inLanguage\":\"en-GB\",\"potentialAction\":[{\"@type\":\"ReadAction\",\"target\":[\"https:\/\/www.edizioniterramarique.com\/en\/shop\/nessuno\/\"]}]},{\"@type\":\"ImageObject\",\"inLanguage\":\"en-GB\",\"@id\":\"https:\/\/www.edizioniterramarique.com\/en\/shop\/nessuno\/#primaryimage\",\"url\":\"https:\/\/www.edizioniterramarique.com\/wp-content\/uploads\/2014\/02\/COP-nessuno.jpg\",\"contentUrl\":\"https:\/\/www.edizioniterramarique.com\/wp-content\/uploads\/2014\/02\/COP-nessuno.jpg\",\"width\":200,\"height\":290},{\"@type\":\"BreadcrumbList\",\"@id\":\"https:\/\/www.edizioniterramarique.com\/en\/shop\/nessuno\/#breadcrumb\",\"itemListElement\":[{\"@type\":\"ListItem\",\"position\":1,\"name\":\"Home\",\"item\":\"https:\/\/www.edizioniterramarique.com\/\"},{\"@type\":\"ListItem\",\"position\":2,\"name\":\"Shop\",\"item\":\"https:\/\/www.edizioniterramarique.com\/\"},{\"@type\":\"ListItem\",\"position\":3,\"name\":\"Nessuno\"}]},{\"@type\":\"WebSite\",\"@id\":\"https:\/\/www.edizioniterramarique.com\/#website\",\"url\":\"https:\/\/www.edizioniterramarique.com\/\",\"name\":\"Edizioni Terra marique\",\"description\":\"Edizioni Terra marique\",\"publisher\":{\"@id\":\"https:\/\/www.edizioniterramarique.com\/#organization\"},\"potentialAction\":[{\"@type\":\"SearchAction\",\"target\":{\"@type\":\"EntryPoint\",\"urlTemplate\":\"https:\/\/www.edizioniterramarique.com\/?s={search_term_string}\"},\"query-input\":{\"@type\":\"PropertyValueSpecification\",\"valueRequired\":true,\"valueName\":\"search_term_string\"}}],\"inLanguage\":\"en-GB\"},{\"@type\":\"Organization\",\"@id\":\"https:\/\/www.edizioniterramarique.com\/#organization\",\"name\":\"Edizioni Terra marique\",\"url\":\"https:\/\/www.edizioniterramarique.com\/\",\"logo\":{\"@type\":\"ImageObject\",\"inLanguage\":\"en-GB\",\"@id\":\"https:\/\/www.edizioniterramarique.com\/#\/schema\/logo\/image\/\",\"url\":\"https:\/\/www.edizioniterramarique.com\/wp-content\/uploads\/2014\/02\/logo_web1.jpg\",\"contentUrl\":\"https:\/\/www.edizioniterramarique.com\/wp-content\/uploads\/2014\/02\/logo_web1.jpg\",\"width\":200,\"height\":109,\"caption\":\"Edizioni Terra marique\"},\"image\":{\"@id\":\"https:\/\/www.edizioniterramarique.com\/#\/schema\/logo\/image\/\"}}]}<\/script>\n<!-- \/ Yoast SEO plugin. -->","yoast_head_json":{"title":"Nessuno &#8226; Edizioni Terra marique","robots":{"index":"index","follow":"follow","max-snippet":"max-snippet:-1","max-image-preview":"max-image-preview:large","max-video-preview":"max-video-preview:-1"},"canonical":"https:\/\/www.edizioniterramarique.com\/en\/shop\/nessuno\/","og_locale":"en_GB","og_type":"article","og_title":"Nessuno &#8226; Edizioni Terra marique","og_description":"Collana Voci narranti","og_url":"https:\/\/www.edizioniterramarique.com\/en\/shop\/nessuno\/","og_site_name":"Edizioni Terra marique","article_modified_time":"2018-04-03T14:42:46+00:00","og_image":[{"width":200,"height":290,"url":"https:\/\/www.edizioniterramarique.com\/wp-content\/uploads\/2014\/02\/COP-nessuno.jpg","type":"image\/jpeg"}],"twitter_misc":{"Estimated reading time":"1 minute"},"schema":{"@context":"https:\/\/schema.org","@graph":[{"@type":"WebPage","@id":"https:\/\/www.edizioniterramarique.com\/en\/shop\/nessuno\/","url":"https:\/\/www.edizioniterramarique.com\/en\/shop\/nessuno\/","name":"Nessuno &#8226; Edizioni Terra marique","isPartOf":{"@id":"https:\/\/www.edizioniterramarique.com\/#website"},"primaryImageOfPage":{"@id":"https:\/\/www.edizioniterramarique.com\/en\/shop\/nessuno\/#primaryimage"},"image":{"@id":"https:\/\/www.edizioniterramarique.com\/en\/shop\/nessuno\/#primaryimage"},"thumbnailUrl":"https:\/\/www.edizioniterramarique.com\/wp-content\/uploads\/2014\/02\/COP-nessuno.jpg","datePublished":"2012-12-15T10:16:53+00:00","dateModified":"2018-04-03T14:42:46+00:00","breadcrumb":{"@id":"https:\/\/www.edizioniterramarique.com\/en\/shop\/nessuno\/#breadcrumb"},"inLanguage":"en-GB","potentialAction":[{"@type":"ReadAction","target":["https:\/\/www.edizioniterramarique.com\/en\/shop\/nessuno\/"]}]},{"@type":"ImageObject","inLanguage":"en-GB","@id":"https:\/\/www.edizioniterramarique.com\/en\/shop\/nessuno\/#primaryimage","url":"https:\/\/www.edizioniterramarique.com\/wp-content\/uploads\/2014\/02\/COP-nessuno.jpg","contentUrl":"https:\/\/www.edizioniterramarique.com\/wp-content\/uploads\/2014\/02\/COP-nessuno.jpg","width":200,"height":290},{"@type":"BreadcrumbList","@id":"https:\/\/www.edizioniterramarique.com\/en\/shop\/nessuno\/#breadcrumb","itemListElement":[{"@type":"ListItem","position":1,"name":"Home","item":"https:\/\/www.edizioniterramarique.com\/"},{"@type":"ListItem","position":2,"name":"Shop","item":"https:\/\/www.edizioniterramarique.com\/"},{"@type":"ListItem","position":3,"name":"Nessuno"}]},{"@type":"WebSite","@id":"https:\/\/www.edizioniterramarique.com\/#website","url":"https:\/\/www.edizioniterramarique.com\/","name":"Edizioni Terra marique","description":"Edizioni Terra marique","publisher":{"@id":"https:\/\/www.edizioniterramarique.com\/#organization"},"potentialAction":[{"@type":"SearchAction","target":{"@type":"EntryPoint","urlTemplate":"https:\/\/www.edizioniterramarique.com\/?s={search_term_string}"},"query-input":{"@type":"PropertyValueSpecification","valueRequired":true,"valueName":"search_term_string"}}],"inLanguage":"en-GB"},{"@type":"Organization","@id":"https:\/\/www.edizioniterramarique.com\/#organization","name":"Edizioni Terra marique","url":"https:\/\/www.edizioniterramarique.com\/","logo":{"@type":"ImageObject","inLanguage":"en-GB","@id":"https:\/\/www.edizioniterramarique.com\/#\/schema\/logo\/image\/","url":"https:\/\/www.edizioniterramarique.com\/wp-content\/uploads\/2014\/02\/logo_web1.jpg","contentUrl":"https:\/\/www.edizioniterramarique.com\/wp-content\/uploads\/2014\/02\/logo_web1.jpg","width":200,"height":109,"caption":"Edizioni Terra marique"},"image":{"@id":"https:\/\/www.edizioniterramarique.com\/#\/schema\/logo\/image\/"}}]}},"_links":{"self":[{"href":"https:\/\/www.edizioniterramarique.com\/en\/wp-json\/wp\/v2\/product\/998","targetHints":{"allow":["GET"]}}],"collection":[{"href":"https:\/\/www.edizioniterramarique.com\/en\/wp-json\/wp\/v2\/product"}],"about":[{"href":"https:\/\/www.edizioniterramarique.com\/en\/wp-json\/wp\/v2\/types\/product"}],"wp:featuredmedia":[{"embeddable":true,"href":"https:\/\/www.edizioniterramarique.com\/en\/wp-json\/wp\/v2\/media\/258"}],"wp:attachment":[{"href":"https:\/\/www.edizioniterramarique.com\/en\/wp-json\/wp\/v2\/media?parent=998"}],"wp:term":[{"taxonomy":"product_brand","embeddable":true,"href":"https:\/\/www.edizioniterramarique.com\/en\/wp-json\/wp\/v2\/product_brand?post=998"},{"taxonomy":"product_cat","embeddable":true,"href":"https:\/\/www.edizioniterramarique.com\/en\/wp-json\/wp\/v2\/product_cat?post=998"},{"taxonomy":"product_tag","embeddable":true,"href":"https:\/\/www.edizioniterramarique.com\/en\/wp-json\/wp\/v2\/product_tag?post=998"}],"curies":[{"name":"wp","href":"https:\/\/api.w.org\/{rel}","templated":true}]}}