{"id":994,"date":"2013-07-01T11:07:41","date_gmt":"2013-07-01T09:07:41","guid":{"rendered":"http:\/\/www.edizioniterramarique.com\/?post_type=product&#038;p=994"},"modified":"2016-12-21T19:15:59","modified_gmt":"2016-12-21T18:15:59","slug":"dal-dragone-al-don-biglietto-di-sola-andata","status":"publish","type":"product","link":"https:\/\/www.edizioniterramarique.com\/en\/shop\/dal-dragone-al-don-biglietto-di-sola-andata\/","title":{"rendered":"Dal Dragone al Don. Biglietto di sola andata"},"content":{"rendered":"<p>Aldo Corti, classe 1922, ha partecipato alla Campagna di Russia come artigliere alpino nel Gruppo Val Camonica, Divisione Tridentina. In questa autobiografia ripercorre la tragica esperienza della ritirata di Russia e la storia della sua famiglia dai primi del \u02bc900 fino alla guerra civile, che \u00e8 stata particolarmente feroce nel Comune dove ha sempre vissuto, Montefiorino.<\/p>\n<p>Ho avuto la fortuna di trascorrere interi pomeriggi a chiacchierare con Aldo Corti. I suoi racconti volgevano inevitabilmente alla dolorosa esperienza vissuta in Russia tra l\u2019agosto del 1942 e il gennaio dell\u2019anno successivo. Conoscevo le vicende del contingente italiano in terra sovietica dai\u00a0 libri di storia e da qualche documentario visto in televisione: tutt\u2019altra cosa \u00e8 aver potuto vivere la ricostruzione di quei mesi drammatici attraverso le parole di chi ne \u00e8 stato protagonista.<br \/>\nRingrazio Aldo per la generosit\u00e0 che mi ha dimostrato nel voler tramandare a me, cos\u00ec come a tante altre persone, una parte molto significativa della sua esistenza, insieme ai difficili episodi che si sono succeduti nella sua terra d\u2019origine, Montefiorino, nei mesi successivi al suo rientro in patria.<br \/>\nPerch\u00e9 Aldo Corti, come tanti altri giovani e giovanissimi degli Appennini, non \u00e8 stato solo un alpino arruolato nel Gruppo Val Camonica, Divisione Tridentina, scampato alla disastrosa campagna di Russia. \u00c8 stato anche un uomo costretto a fare i conti con i tormenti e le ferite da congelamento che la guerra gli ha lasciato addosso, insieme al terrore di essere richiamato su qualche altro fronte. E poi le incertezze esplose dopo l\u20198 settembre e l\u2019inizio della lotta armata per la liberazione, che ben presto ha assunto i connotati di una vera e propria guerra civile.<br \/>\nDopo l\u20198 settembre, la guerra di Aldo non era ancora finita, come se l\u2019esperienza in Russia non avesse gi\u00e0 abbastanza messo a dura prova il suo fisico e la sua mente. Abitando a Montefiorino, dove nel frattempo si era rimesso a fare il fotografo e il barbiere per dare sostentamento alla sua famiglia, ha vissuto in prima persona un altro pezzo della storia italiana, quella che i libri di scuola spesso raccontano con eccessiva superficialit\u00e0.<br \/>\nL\u2019aggravante, come se per Aldo fosse stata una libera scelta piuttosto che una folle coercizione, era quella di aver combattuto, alleato dei fascisti, contro i sovietici. Come barcamenarsi tra i partigiani da una parte, fondatori proprio a Montefiorino della Repubblica partigiana, e i nazifascisti dall\u2019altra? Tra i primi c\u2019erano gli assassini del padre di Aldo, Olimpio Corti, ucciso per ragioni che tutt\u2019oggi si fa fatica a comprendere o anche solo a intuire. Tra i secondi gli autori di sanguinose stragi, spesso a danno della popolazione montanara inerme, e dell\u2019incendio che devast\u00f2 il centro di Montefiorino, tra cui il negozio della famiglia Corti.<br \/>\nFatico a immaginare quanta forza e quanto coraggio ci siano voluti per ricominciare ogni volta, aggrappandosi alla certezza che un futuro migliore si sarebbe prima o poi manifestato. Ed \u00e8 proprio questo il significato pi\u00f9 profondo che ho colto nei racconti di Aldo, che riguardassero la campagna di Russia, la guerra civile o il periodo della ricostruzione: aggrapparsi alla speranza, non mollarla neanche per un secondo.<br \/>\nOgnuno ha le sue guerre da combattere, ogni giorno: Aldo, come tanti suoi conterranei, ha combattuto la sua, violenta, terribile, inutile, in una terra lontana in cui ha comunque deciso di tornare molti anni dopo, forse per capire l\u2019incomprensibile, dargli una consistenza, una dimensione, e quindi lasciarselo alle spalle. Senza mai dimenticare.<br \/>\nEd ecco spiegata l\u2019urgenza di raccontare, attraverso parole e scatti fotografici che ha portato nelle scuole ed esposto in occasione di numerosissime mostre, il bisogno forse anche di insegnare, con grande umilt\u00e0, che dalle esperienze pi\u00f9 drammatiche \u00e8 possibile rialzarsi.<br \/>\nPerch\u00e9 la speranza non \u00e8 un concetto astratto: io ho avuto la fortuna di vederla negli occhi ormai stanchi di un vecchio e generoso alpino, di percepirla nei suoi racconti, di coglierla nella semplicit\u00e0 di un uomo protagonista di una parte tormentata e controversa della nostra storia recente.<br \/>\nGrazie Aldo<br \/>\n<b><i>\u00a0 \u00a0 \u00a0 \u00a0 \u00a0 \u00a0 \u00a0 \u00a0 \u00a0 \u00a0 \u00a0 \u00a0 \u00a0 \u00a0 \u00a0 \u00a0 \u00a0 \u00a0 \u00a0 \u00a0 \u00a0 \u00a0 \u00a0 \u00a0 \u00a0 \u00a0 \u00a0 \u00a0 \u00a0 \u00a0 \u00a0 \u00a0 \u00a0 \u00a0 \u00a0 \u00a0 \u00a0 \u00a0 \u00a0 \u00a0 \u00a0 \u00a0 \u00a0 \u00a0 \u00a0 \u00a0 \u00a0 \u00a0 \u00a0 \u00a0 \u00a0 \u00a0 \u00a0 \u00a0 \u00a0 \u00a0 \u00a0 \u00a0 \u00a0 \u00a0 \u00a0 \u00a0 \u00a0 \u00a0 \u00a0 \u00a0 \u00a0 \u00a0 \u00a0 \u00a0 \u00a0 \u00a0 \u00a0 \u00a0 \u00a0 \u00a0<\/i><\/b><i>\u00a0 \u00a0 \u00a0 \u00a0 \u00a0 \u00a0 \u00a0 \u00a0 \u00a0 \u00a0 \u00a0 \u00a0 \u00a0 \u00a0 Roberta Rossi<\/i><\/p>","protected":false},"excerpt":{"rendered":"<p>Collana E.B.<\/p>","protected":false},"featured_media":252,"template":"","meta":[],"product_brand":[],"product_cat":[17],"product_tag":[],"class_list":{"0":"post-994","1":"product","2":"type-product","3":"status-publish","4":"has-post-thumbnail","6":"product_cat-biografie","7":"product_shipping_class-libro","9":"first","10":"instock","11":"shipping-taxable","12":"purchasable","13":"product-type-simple"},"yoast_head":"<!-- This site is optimized with the Yoast SEO plugin v26.9 - https:\/\/yoast.com\/product\/yoast-seo-wordpress\/ -->\n<title>Dal Dragone al Don. Biglietto di sola andata &#8226; Edizioni Terra marique<\/title>\n<meta name=\"robots\" content=\"index, follow, max-snippet:-1, max-image-preview:large, max-video-preview:-1\" \/>\n<link rel=\"canonical\" href=\"https:\/\/www.edizioniterramarique.com\/en\/shop\/dal-dragone-al-don-biglietto-di-sola-andata\/\" \/>\n<meta property=\"og:locale\" content=\"en_GB\" \/>\n<meta property=\"og:type\" content=\"article\" \/>\n<meta property=\"og:title\" content=\"Dal Dragone al Don. Biglietto di sola andata &#8226; Edizioni Terra marique\" \/>\n<meta property=\"og:description\" content=\"Collana E.B.\" \/>\n<meta property=\"og:url\" content=\"https:\/\/www.edizioniterramarique.com\/en\/shop\/dal-dragone-al-don-biglietto-di-sola-andata\/\" \/>\n<meta property=\"og:site_name\" content=\"Edizioni Terra marique\" \/>\n<meta property=\"article:modified_time\" content=\"2016-12-21T18:15:59+00:00\" \/>\n<meta property=\"og:image\" content=\"https:\/\/www.edizioniterramarique.com\/wp-content\/uploads\/2014\/02\/COP-dal_dragone_al_don.jpg\" \/>\n\t<meta property=\"og:image:width\" content=\"200\" \/>\n\t<meta property=\"og:image:height\" content=\"290\" \/>\n\t<meta property=\"og:image:type\" content=\"image\/jpeg\" \/>\n<meta name=\"twitter:label1\" content=\"Estimated reading time\" \/>\n\t<meta name=\"twitter:data1\" content=\"3 minutes\" \/>\n<script type=\"application\/ld+json\" class=\"yoast-schema-graph\">{\"@context\":\"https:\/\/schema.org\",\"@graph\":[{\"@type\":\"WebPage\",\"@id\":\"https:\/\/www.edizioniterramarique.com\/en\/shop\/dal-dragone-al-don-biglietto-di-sola-andata\/\",\"url\":\"https:\/\/www.edizioniterramarique.com\/en\/shop\/dal-dragone-al-don-biglietto-di-sola-andata\/\",\"name\":\"Dal Dragone al Don. Biglietto di sola andata &#8226; Edizioni Terra marique\",\"isPartOf\":{\"@id\":\"https:\/\/www.edizioniterramarique.com\/#website\"},\"primaryImageOfPage\":{\"@id\":\"https:\/\/www.edizioniterramarique.com\/en\/shop\/dal-dragone-al-don-biglietto-di-sola-andata\/#primaryimage\"},\"image\":{\"@id\":\"https:\/\/www.edizioniterramarique.com\/en\/shop\/dal-dragone-al-don-biglietto-di-sola-andata\/#primaryimage\"},\"thumbnailUrl\":\"https:\/\/www.edizioniterramarique.com\/wp-content\/uploads\/2014\/02\/COP-dal_dragone_al_don.jpg\",\"datePublished\":\"2013-07-01T09:07:41+00:00\",\"dateModified\":\"2016-12-21T18:15:59+00:00\",\"breadcrumb\":{\"@id\":\"https:\/\/www.edizioniterramarique.com\/en\/shop\/dal-dragone-al-don-biglietto-di-sola-andata\/#breadcrumb\"},\"inLanguage\":\"en-GB\",\"potentialAction\":[{\"@type\":\"ReadAction\",\"target\":[\"https:\/\/www.edizioniterramarique.com\/en\/shop\/dal-dragone-al-don-biglietto-di-sola-andata\/\"]}]},{\"@type\":\"ImageObject\",\"inLanguage\":\"en-GB\",\"@id\":\"https:\/\/www.edizioniterramarique.com\/en\/shop\/dal-dragone-al-don-biglietto-di-sola-andata\/#primaryimage\",\"url\":\"https:\/\/www.edizioniterramarique.com\/wp-content\/uploads\/2014\/02\/COP-dal_dragone_al_don.jpg\",\"contentUrl\":\"https:\/\/www.edizioniterramarique.com\/wp-content\/uploads\/2014\/02\/COP-dal_dragone_al_don.jpg\",\"width\":200,\"height\":290},{\"@type\":\"BreadcrumbList\",\"@id\":\"https:\/\/www.edizioniterramarique.com\/en\/shop\/dal-dragone-al-don-biglietto-di-sola-andata\/#breadcrumb\",\"itemListElement\":[{\"@type\":\"ListItem\",\"position\":1,\"name\":\"Home\",\"item\":\"https:\/\/www.edizioniterramarique.com\/\"},{\"@type\":\"ListItem\",\"position\":2,\"name\":\"Shop\",\"item\":\"https:\/\/www.edizioniterramarique.com\/\"},{\"@type\":\"ListItem\",\"position\":3,\"name\":\"Dal Dragone al Don. Biglietto di sola andata\"}]},{\"@type\":\"WebSite\",\"@id\":\"https:\/\/www.edizioniterramarique.com\/#website\",\"url\":\"https:\/\/www.edizioniterramarique.com\/\",\"name\":\"Edizioni Terra marique\",\"description\":\"Edizioni Terra marique\",\"publisher\":{\"@id\":\"https:\/\/www.edizioniterramarique.com\/#organization\"},\"potentialAction\":[{\"@type\":\"SearchAction\",\"target\":{\"@type\":\"EntryPoint\",\"urlTemplate\":\"https:\/\/www.edizioniterramarique.com\/?s={search_term_string}\"},\"query-input\":{\"@type\":\"PropertyValueSpecification\",\"valueRequired\":true,\"valueName\":\"search_term_string\"}}],\"inLanguage\":\"en-GB\"},{\"@type\":\"Organization\",\"@id\":\"https:\/\/www.edizioniterramarique.com\/#organization\",\"name\":\"Edizioni Terra marique\",\"url\":\"https:\/\/www.edizioniterramarique.com\/\",\"logo\":{\"@type\":\"ImageObject\",\"inLanguage\":\"en-GB\",\"@id\":\"https:\/\/www.edizioniterramarique.com\/#\/schema\/logo\/image\/\",\"url\":\"https:\/\/www.edizioniterramarique.com\/wp-content\/uploads\/2014\/02\/logo_web1.jpg\",\"contentUrl\":\"https:\/\/www.edizioniterramarique.com\/wp-content\/uploads\/2014\/02\/logo_web1.jpg\",\"width\":200,\"height\":109,\"caption\":\"Edizioni Terra marique\"},\"image\":{\"@id\":\"https:\/\/www.edizioniterramarique.com\/#\/schema\/logo\/image\/\"}}]}<\/script>\n<!-- \/ Yoast SEO plugin. -->","yoast_head_json":{"title":"Dal Dragone al Don. Biglietto di sola andata &#8226; Edizioni Terra marique","robots":{"index":"index","follow":"follow","max-snippet":"max-snippet:-1","max-image-preview":"max-image-preview:large","max-video-preview":"max-video-preview:-1"},"canonical":"https:\/\/www.edizioniterramarique.com\/en\/shop\/dal-dragone-al-don-biglietto-di-sola-andata\/","og_locale":"en_GB","og_type":"article","og_title":"Dal Dragone al Don. Biglietto di sola andata &#8226; Edizioni Terra marique","og_description":"Collana E.B.","og_url":"https:\/\/www.edizioniterramarique.com\/en\/shop\/dal-dragone-al-don-biglietto-di-sola-andata\/","og_site_name":"Edizioni Terra marique","article_modified_time":"2016-12-21T18:15:59+00:00","og_image":[{"width":200,"height":290,"url":"https:\/\/www.edizioniterramarique.com\/wp-content\/uploads\/2014\/02\/COP-dal_dragone_al_don.jpg","type":"image\/jpeg"}],"twitter_misc":{"Estimated reading time":"3 minutes"},"schema":{"@context":"https:\/\/schema.org","@graph":[{"@type":"WebPage","@id":"https:\/\/www.edizioniterramarique.com\/en\/shop\/dal-dragone-al-don-biglietto-di-sola-andata\/","url":"https:\/\/www.edizioniterramarique.com\/en\/shop\/dal-dragone-al-don-biglietto-di-sola-andata\/","name":"Dal Dragone al Don. Biglietto di sola andata &#8226; Edizioni Terra marique","isPartOf":{"@id":"https:\/\/www.edizioniterramarique.com\/#website"},"primaryImageOfPage":{"@id":"https:\/\/www.edizioniterramarique.com\/en\/shop\/dal-dragone-al-don-biglietto-di-sola-andata\/#primaryimage"},"image":{"@id":"https:\/\/www.edizioniterramarique.com\/en\/shop\/dal-dragone-al-don-biglietto-di-sola-andata\/#primaryimage"},"thumbnailUrl":"https:\/\/www.edizioniterramarique.com\/wp-content\/uploads\/2014\/02\/COP-dal_dragone_al_don.jpg","datePublished":"2013-07-01T09:07:41+00:00","dateModified":"2016-12-21T18:15:59+00:00","breadcrumb":{"@id":"https:\/\/www.edizioniterramarique.com\/en\/shop\/dal-dragone-al-don-biglietto-di-sola-andata\/#breadcrumb"},"inLanguage":"en-GB","potentialAction":[{"@type":"ReadAction","target":["https:\/\/www.edizioniterramarique.com\/en\/shop\/dal-dragone-al-don-biglietto-di-sola-andata\/"]}]},{"@type":"ImageObject","inLanguage":"en-GB","@id":"https:\/\/www.edizioniterramarique.com\/en\/shop\/dal-dragone-al-don-biglietto-di-sola-andata\/#primaryimage","url":"https:\/\/www.edizioniterramarique.com\/wp-content\/uploads\/2014\/02\/COP-dal_dragone_al_don.jpg","contentUrl":"https:\/\/www.edizioniterramarique.com\/wp-content\/uploads\/2014\/02\/COP-dal_dragone_al_don.jpg","width":200,"height":290},{"@type":"BreadcrumbList","@id":"https:\/\/www.edizioniterramarique.com\/en\/shop\/dal-dragone-al-don-biglietto-di-sola-andata\/#breadcrumb","itemListElement":[{"@type":"ListItem","position":1,"name":"Home","item":"https:\/\/www.edizioniterramarique.com\/"},{"@type":"ListItem","position":2,"name":"Shop","item":"https:\/\/www.edizioniterramarique.com\/"},{"@type":"ListItem","position":3,"name":"Dal Dragone al Don. Biglietto di sola andata"}]},{"@type":"WebSite","@id":"https:\/\/www.edizioniterramarique.com\/#website","url":"https:\/\/www.edizioniterramarique.com\/","name":"Edizioni Terra marique","description":"Edizioni Terra marique","publisher":{"@id":"https:\/\/www.edizioniterramarique.com\/#organization"},"potentialAction":[{"@type":"SearchAction","target":{"@type":"EntryPoint","urlTemplate":"https:\/\/www.edizioniterramarique.com\/?s={search_term_string}"},"query-input":{"@type":"PropertyValueSpecification","valueRequired":true,"valueName":"search_term_string"}}],"inLanguage":"en-GB"},{"@type":"Organization","@id":"https:\/\/www.edizioniterramarique.com\/#organization","name":"Edizioni Terra marique","url":"https:\/\/www.edizioniterramarique.com\/","logo":{"@type":"ImageObject","inLanguage":"en-GB","@id":"https:\/\/www.edizioniterramarique.com\/#\/schema\/logo\/image\/","url":"https:\/\/www.edizioniterramarique.com\/wp-content\/uploads\/2014\/02\/logo_web1.jpg","contentUrl":"https:\/\/www.edizioniterramarique.com\/wp-content\/uploads\/2014\/02\/logo_web1.jpg","width":200,"height":109,"caption":"Edizioni Terra marique"},"image":{"@id":"https:\/\/www.edizioniterramarique.com\/#\/schema\/logo\/image\/"}}]}},"_links":{"self":[{"href":"https:\/\/www.edizioniterramarique.com\/en\/wp-json\/wp\/v2\/product\/994","targetHints":{"allow":["GET"]}}],"collection":[{"href":"https:\/\/www.edizioniterramarique.com\/en\/wp-json\/wp\/v2\/product"}],"about":[{"href":"https:\/\/www.edizioniterramarique.com\/en\/wp-json\/wp\/v2\/types\/product"}],"wp:featuredmedia":[{"embeddable":true,"href":"https:\/\/www.edizioniterramarique.com\/en\/wp-json\/wp\/v2\/media\/252"}],"wp:attachment":[{"href":"https:\/\/www.edizioniterramarique.com\/en\/wp-json\/wp\/v2\/media?parent=994"}],"wp:term":[{"taxonomy":"product_brand","embeddable":true,"href":"https:\/\/www.edizioniterramarique.com\/en\/wp-json\/wp\/v2\/product_brand?post=994"},{"taxonomy":"product_cat","embeddable":true,"href":"https:\/\/www.edizioniterramarique.com\/en\/wp-json\/wp\/v2\/product_cat?post=994"},{"taxonomy":"product_tag","embeddable":true,"href":"https:\/\/www.edizioniterramarique.com\/en\/wp-json\/wp\/v2\/product_tag?post=994"}],"curies":[{"name":"wp","href":"https:\/\/api.w.org\/{rel}","templated":true}]}}