{"id":986,"date":"2014-02-01T10:46:46","date_gmt":"2014-02-01T09:46:46","guid":{"rendered":"http:\/\/www.edizioniterramarique.com\/?post_type=product&#038;p=986"},"modified":"2016-12-21T19:25:42","modified_gmt":"2016-12-21T18:25:42","slug":"in-ordine-sparso","status":"publish","type":"product","link":"https:\/\/www.edizioniterramarique.com\/en\/shop\/in-ordine-sparso\/","title":{"rendered":"In ordine sparso"},"content":{"rendered":"<p>I racconti del libro In ordine sparso sono stati scritti durante il corso di scrittura creativa in Formigine autunno 2103 da:<br \/>\nMaria Elena Barbieri<br \/>\nGiacinta Benassi<br \/>\nMargherita Casolari<br \/>\nFiorella Fratti<br \/>\nFranca Guizzardi<br \/>\nRaffaele Morini<br \/>\nRita Neri<br \/>\nRenata Solmi<br \/>\nElettra Taddei<br \/>\nCon la collaborazione di:<br \/>\nSandro Zaccarini<\/p>\n<p>Non so cosa spinga una persona a frequentare un corso di scrittura creativa. Non tutti quelli che partecipano a corsi di questo genere aspirano a diventare scrittori, anzi quasi nessuno.<br \/>\nIn tutti per\u00f2 esiste un elemento condiviso: la voglia di raccontarsi.<br \/>\nD\u2019altra parte non credo si possa insegnare a scrivere, non in senso stretto: lungi da me il proposito di trasformare un partecipante al corso in un provetto scrittore.<br \/>\nSi pu\u00f2, anzi si deve stimolare la creativit\u00e0. Si deve spiegare che esistono prospettive e linguaggi diversi per raccontare ci\u00f2 che vediamo intorno a noi o che vive nella nostra memoria: quel modo sar\u00e0 unico e irripetibile, perch\u00e9 rappresenta il <i>nostro modo<\/i> di vedere il mondo, rielaborarlo, renderlo interessante agli occhi del lettore.<br \/>\nNon esistono scorciatoie: la scrittura \u00e8 prima di tutto fatica, costanza, dedizione e impegno. Occorre leggere e rileggere, lavorare di \u201cscalpello\u201d, per ricavare da un blocco di marmo una scultura armoniosa.<br \/>\n\u00c8 necessario trovare un equilibro tra lingua opaca e lingua trasparente, scegliere tra prima o terza persona narrante, costruire personaggi forti e dialoghi incisivi. Andare dritto al sodo con la storia, non cincischiare nei dettagli, non voler stupire con l\u2019aggettivazione. In tre parole: raccontare con onest\u00e0.<br \/>\nMa occorre prima di tutto lasciarsi andare davanti alla pagina bianca.<br \/>\nArmati di penna, foglio e idee \u201cin ordine sparso\u201d, i nove partecipanti al corso di scrittura creativa, i cui racconti animano le pagine di questo libro, hanno dato vita a storie pi\u00f9 o meno inventate, pi\u00f9 o meno autobiografiche, sfoderando ironia, sarcasmo, lucidit\u00e0, follia, spregiudicatezza, realismo, fantasia.<br \/>\nDiversi ogni sera gli stimoli proposti, ispirati a opere letterarie di differenti periodi storici e potenziati da suggestioni gustative e olfattive proposte da un esperto sommelier.<br \/>\nVenti i minuti per tradurre su carta pensieri ed emozioni, ambienti e personaggi. Senza filtri, senza paura di commettere errori. Poi la revisione, perch\u00e9 per aggiustare periodi e proposizioni c\u2019\u00e8 sempre tempo.<br \/>\nIl risultato \u00e8 una raccolta di racconti gradevole, piena di umanit\u00e0, libera dalla pretesa di mostrarsi perfetta: il che la rende ancora pi\u00f9 intensa, intrigante, viva. Da leggere e da gustare per quello che \u00e8: il frutto della vena creativa di persone che hanno frequentato un corso di scrittura, semplicemente spinti dalla voglia di raccontarsi.<\/p>\n<p align=\"center\"><b>\u00a0 \u00a0 \u00a0 \u00a0 \u00a0 \u00a0 \u00a0 \u00a0 \u00a0 \u00a0 \u00a0 \u00a0 \u00a0 \u00a0 \u00a0 \u00a0 \u00a0 \u00a0 \u00a0 \u00a0 \u00a0 \u00a0 \u00a0 \u00a0 \u00a0 \u00a0 \u00a0 \u00a0 \u00a0 \u00a0 \u00a0 \u00a0 \u00a0 \u00a0 \u00a0 \u00a0 \u00a0 \u00a0 \u00a0 \u00a0 \u00a0 \u00a0 \u00a0 \u00a0 \u00a0 \u00a0 \u00a0 \u00a0 \u00a0 \u00a0 \u00a0 \u00a0 \u00a0 \u00a0 \u00a0 \u00a0 \u00a0 \u00a0 \u00a0 \u00a0 \u00a0 \u00a0 \u00a0 \u00a0 \u00a0 \u00a0 \u00a0 \u00a0 \u00a0 \u00a0 \u00a0 \u00a0 \u00a0 \u00a0 \u00a0 \u00a0<\/b> Roberta Rossi<br \/>\nCuratrice del corso di scrittura creativa<\/p>","protected":false},"excerpt":{"rendered":"<p>Collana Voci narranti<\/p>","protected":false},"featured_media":281,"template":"","meta":[],"product_brand":[],"product_cat":[15],"product_tag":[],"class_list":{"0":"post-986","1":"product","2":"type-product","3":"status-publish","4":"has-post-thumbnail","6":"product_cat-racconti","7":"product_shipping_class-libro","9":"first","10":"instock","11":"shipping-taxable","12":"purchasable","13":"product-type-simple"},"yoast_head":"<!-- This site is optimized with the Yoast SEO plugin v26.9 - https:\/\/yoast.com\/product\/yoast-seo-wordpress\/ -->\n<title>In ordine sparso &#8226; Edizioni Terra marique<\/title>\n<meta name=\"robots\" content=\"index, follow, max-snippet:-1, max-image-preview:large, max-video-preview:-1\" \/>\n<link rel=\"canonical\" href=\"https:\/\/www.edizioniterramarique.com\/en\/shop\/in-ordine-sparso\/\" \/>\n<meta property=\"og:locale\" content=\"en_GB\" \/>\n<meta property=\"og:type\" content=\"article\" \/>\n<meta property=\"og:title\" content=\"In ordine sparso &#8226; Edizioni Terra marique\" \/>\n<meta property=\"og:description\" content=\"Collana Voci narranti\" \/>\n<meta property=\"og:url\" content=\"https:\/\/www.edizioniterramarique.com\/en\/shop\/in-ordine-sparso\/\" \/>\n<meta property=\"og:site_name\" content=\"Edizioni Terra marique\" \/>\n<meta property=\"article:modified_time\" content=\"2016-12-21T18:25:42+00:00\" \/>\n<meta property=\"og:image\" content=\"https:\/\/www.edizioniterramarique.com\/wp-content\/uploads\/2014\/03\/16-COP-IN-ORDINE-SPARSO1.jpg\" \/>\n\t<meta property=\"og:image:width\" content=\"200\" \/>\n\t<meta property=\"og:image:height\" content=\"290\" \/>\n\t<meta property=\"og:image:type\" content=\"image\/jpeg\" \/>\n<meta name=\"twitter:label1\" content=\"Estimated reading time\" \/>\n\t<meta name=\"twitter:data1\" content=\"2 minutes\" \/>\n<script type=\"application\/ld+json\" class=\"yoast-schema-graph\">{\"@context\":\"https:\/\/schema.org\",\"@graph\":[{\"@type\":\"WebPage\",\"@id\":\"https:\/\/www.edizioniterramarique.com\/shop\/in-ordine-sparso\/\",\"url\":\"https:\/\/www.edizioniterramarique.com\/shop\/in-ordine-sparso\/\",\"name\":\"In ordine sparso &#8226; Edizioni Terra marique\",\"isPartOf\":{\"@id\":\"https:\/\/www.edizioniterramarique.com\/#website\"},\"primaryImageOfPage\":{\"@id\":\"https:\/\/www.edizioniterramarique.com\/shop\/in-ordine-sparso\/#primaryimage\"},\"image\":{\"@id\":\"https:\/\/www.edizioniterramarique.com\/shop\/in-ordine-sparso\/#primaryimage\"},\"thumbnailUrl\":\"https:\/\/www.edizioniterramarique.com\/wp-content\/uploads\/2014\/03\/16-COP-IN-ORDINE-SPARSO1.jpg\",\"datePublished\":\"2014-02-01T09:46:46+00:00\",\"dateModified\":\"2016-12-21T18:25:42+00:00\",\"breadcrumb\":{\"@id\":\"https:\/\/www.edizioniterramarique.com\/shop\/in-ordine-sparso\/#breadcrumb\"},\"inLanguage\":\"en-GB\",\"potentialAction\":[{\"@type\":\"ReadAction\",\"target\":[\"https:\/\/www.edizioniterramarique.com\/shop\/in-ordine-sparso\/\"]}]},{\"@type\":\"ImageObject\",\"inLanguage\":\"en-GB\",\"@id\":\"https:\/\/www.edizioniterramarique.com\/shop\/in-ordine-sparso\/#primaryimage\",\"url\":\"https:\/\/www.edizioniterramarique.com\/wp-content\/uploads\/2014\/03\/16-COP-IN-ORDINE-SPARSO1.jpg\",\"contentUrl\":\"https:\/\/www.edizioniterramarique.com\/wp-content\/uploads\/2014\/03\/16-COP-IN-ORDINE-SPARSO1.jpg\",\"width\":200,\"height\":290},{\"@type\":\"BreadcrumbList\",\"@id\":\"https:\/\/www.edizioniterramarique.com\/shop\/in-ordine-sparso\/#breadcrumb\",\"itemListElement\":[{\"@type\":\"ListItem\",\"position\":1,\"name\":\"Home\",\"item\":\"https:\/\/www.edizioniterramarique.com\/\"},{\"@type\":\"ListItem\",\"position\":2,\"name\":\"Shop\",\"item\":\"https:\/\/www.edizioniterramarique.com\/\"},{\"@type\":\"ListItem\",\"position\":3,\"name\":\"In ordine sparso\"}]},{\"@type\":\"WebSite\",\"@id\":\"https:\/\/www.edizioniterramarique.com\/#website\",\"url\":\"https:\/\/www.edizioniterramarique.com\/\",\"name\":\"Edizioni Terra marique\",\"description\":\"Edizioni Terra marique\",\"publisher\":{\"@id\":\"https:\/\/www.edizioniterramarique.com\/#organization\"},\"potentialAction\":[{\"@type\":\"SearchAction\",\"target\":{\"@type\":\"EntryPoint\",\"urlTemplate\":\"https:\/\/www.edizioniterramarique.com\/?s={search_term_string}\"},\"query-input\":{\"@type\":\"PropertyValueSpecification\",\"valueRequired\":true,\"valueName\":\"search_term_string\"}}],\"inLanguage\":\"en-GB\"},{\"@type\":\"Organization\",\"@id\":\"https:\/\/www.edizioniterramarique.com\/#organization\",\"name\":\"Edizioni Terra marique\",\"url\":\"https:\/\/www.edizioniterramarique.com\/\",\"logo\":{\"@type\":\"ImageObject\",\"inLanguage\":\"en-GB\",\"@id\":\"https:\/\/www.edizioniterramarique.com\/#\/schema\/logo\/image\/\",\"url\":\"https:\/\/www.edizioniterramarique.com\/wp-content\/uploads\/2014\/02\/logo_web1.jpg\",\"contentUrl\":\"https:\/\/www.edizioniterramarique.com\/wp-content\/uploads\/2014\/02\/logo_web1.jpg\",\"width\":200,\"height\":109,\"caption\":\"Edizioni Terra marique\"},\"image\":{\"@id\":\"https:\/\/www.edizioniterramarique.com\/#\/schema\/logo\/image\/\"}}]}<\/script>\n<!-- \/ Yoast SEO plugin. -->","yoast_head_json":{"title":"In ordine sparso &#8226; Edizioni Terra marique","robots":{"index":"index","follow":"follow","max-snippet":"max-snippet:-1","max-image-preview":"max-image-preview:large","max-video-preview":"max-video-preview:-1"},"canonical":"https:\/\/www.edizioniterramarique.com\/en\/shop\/in-ordine-sparso\/","og_locale":"en_GB","og_type":"article","og_title":"In ordine sparso &#8226; Edizioni Terra marique","og_description":"Collana Voci narranti","og_url":"https:\/\/www.edizioniterramarique.com\/en\/shop\/in-ordine-sparso\/","og_site_name":"Edizioni Terra marique","article_modified_time":"2016-12-21T18:25:42+00:00","og_image":[{"width":200,"height":290,"url":"https:\/\/www.edizioniterramarique.com\/wp-content\/uploads\/2014\/03\/16-COP-IN-ORDINE-SPARSO1.jpg","type":"image\/jpeg"}],"twitter_misc":{"Estimated reading time":"2 minutes"},"schema":{"@context":"https:\/\/schema.org","@graph":[{"@type":"WebPage","@id":"https:\/\/www.edizioniterramarique.com\/shop\/in-ordine-sparso\/","url":"https:\/\/www.edizioniterramarique.com\/shop\/in-ordine-sparso\/","name":"In ordine sparso &#8226; Edizioni Terra marique","isPartOf":{"@id":"https:\/\/www.edizioniterramarique.com\/#website"},"primaryImageOfPage":{"@id":"https:\/\/www.edizioniterramarique.com\/shop\/in-ordine-sparso\/#primaryimage"},"image":{"@id":"https:\/\/www.edizioniterramarique.com\/shop\/in-ordine-sparso\/#primaryimage"},"thumbnailUrl":"https:\/\/www.edizioniterramarique.com\/wp-content\/uploads\/2014\/03\/16-COP-IN-ORDINE-SPARSO1.jpg","datePublished":"2014-02-01T09:46:46+00:00","dateModified":"2016-12-21T18:25:42+00:00","breadcrumb":{"@id":"https:\/\/www.edizioniterramarique.com\/shop\/in-ordine-sparso\/#breadcrumb"},"inLanguage":"en-GB","potentialAction":[{"@type":"ReadAction","target":["https:\/\/www.edizioniterramarique.com\/shop\/in-ordine-sparso\/"]}]},{"@type":"ImageObject","inLanguage":"en-GB","@id":"https:\/\/www.edizioniterramarique.com\/shop\/in-ordine-sparso\/#primaryimage","url":"https:\/\/www.edizioniterramarique.com\/wp-content\/uploads\/2014\/03\/16-COP-IN-ORDINE-SPARSO1.jpg","contentUrl":"https:\/\/www.edizioniterramarique.com\/wp-content\/uploads\/2014\/03\/16-COP-IN-ORDINE-SPARSO1.jpg","width":200,"height":290},{"@type":"BreadcrumbList","@id":"https:\/\/www.edizioniterramarique.com\/shop\/in-ordine-sparso\/#breadcrumb","itemListElement":[{"@type":"ListItem","position":1,"name":"Home","item":"https:\/\/www.edizioniterramarique.com\/"},{"@type":"ListItem","position":2,"name":"Shop","item":"https:\/\/www.edizioniterramarique.com\/"},{"@type":"ListItem","position":3,"name":"In ordine sparso"}]},{"@type":"WebSite","@id":"https:\/\/www.edizioniterramarique.com\/#website","url":"https:\/\/www.edizioniterramarique.com\/","name":"Edizioni Terra marique","description":"Edizioni Terra marique","publisher":{"@id":"https:\/\/www.edizioniterramarique.com\/#organization"},"potentialAction":[{"@type":"SearchAction","target":{"@type":"EntryPoint","urlTemplate":"https:\/\/www.edizioniterramarique.com\/?s={search_term_string}"},"query-input":{"@type":"PropertyValueSpecification","valueRequired":true,"valueName":"search_term_string"}}],"inLanguage":"en-GB"},{"@type":"Organization","@id":"https:\/\/www.edizioniterramarique.com\/#organization","name":"Edizioni Terra marique","url":"https:\/\/www.edizioniterramarique.com\/","logo":{"@type":"ImageObject","inLanguage":"en-GB","@id":"https:\/\/www.edizioniterramarique.com\/#\/schema\/logo\/image\/","url":"https:\/\/www.edizioniterramarique.com\/wp-content\/uploads\/2014\/02\/logo_web1.jpg","contentUrl":"https:\/\/www.edizioniterramarique.com\/wp-content\/uploads\/2014\/02\/logo_web1.jpg","width":200,"height":109,"caption":"Edizioni Terra marique"},"image":{"@id":"https:\/\/www.edizioniterramarique.com\/#\/schema\/logo\/image\/"}}]}},"_links":{"self":[{"href":"https:\/\/www.edizioniterramarique.com\/en\/wp-json\/wp\/v2\/product\/986","targetHints":{"allow":["GET"]}}],"collection":[{"href":"https:\/\/www.edizioniterramarique.com\/en\/wp-json\/wp\/v2\/product"}],"about":[{"href":"https:\/\/www.edizioniterramarique.com\/en\/wp-json\/wp\/v2\/types\/product"}],"wp:featuredmedia":[{"embeddable":true,"href":"https:\/\/www.edizioniterramarique.com\/en\/wp-json\/wp\/v2\/media\/281"}],"wp:attachment":[{"href":"https:\/\/www.edizioniterramarique.com\/en\/wp-json\/wp\/v2\/media?parent=986"}],"wp:term":[{"taxonomy":"product_brand","embeddable":true,"href":"https:\/\/www.edizioniterramarique.com\/en\/wp-json\/wp\/v2\/product_brand?post=986"},{"taxonomy":"product_cat","embeddable":true,"href":"https:\/\/www.edizioniterramarique.com\/en\/wp-json\/wp\/v2\/product_cat?post=986"},{"taxonomy":"product_tag","embeddable":true,"href":"https:\/\/www.edizioniterramarique.com\/en\/wp-json\/wp\/v2\/product_tag?post=986"}],"curies":[{"name":"wp","href":"https:\/\/api.w.org\/{rel}","templated":true}]}}