{"id":984,"date":"2014-08-01T10:39:29","date_gmt":"2014-08-01T08:39:29","guid":{"rendered":"http:\/\/www.edizioniterramarique.com\/?post_type=product&#038;p=984"},"modified":"2016-12-21T19:27:26","modified_gmt":"2016-12-21T18:27:26","slug":"storia-di-un-grande-amore","status":"publish","type":"product","link":"https:\/\/www.edizioniterramarique.com\/en\/shop\/storia-di-un-grande-amore\/","title":{"rendered":"Storia di un grande amore"},"content":{"rendered":"<p>La copertina del libro: una foto in bianco e nero e una foto a colori.<br \/>\nIn mezzo ottant\u2019anni di storia, di tradizioni, di musica, di persone, ma soprattutto di un paese.<br \/>\nEcco il motivo di questo omaggio: parlare di Montefiorino e della sua gente attraverso otto decenni di note e armonie.<br \/>\nDalla Banda sono passati tutti: generazioni di ragazzi e ragazze, famiglie intere, bambini e anziani.<br \/>\nDa sempre \u00e8 l\u2019associazione pi\u00f9 rappresentativa e longeva del territorio, presente in ogni momento importante della vita paesana, in ogni manifestazione e ricorrenza, che al ritmo di piatti e cassa ha scandito il passare degli anni in questa nostra montagna.<br \/>\nL\u2019idea del libro \u00e8 nata l\u2019autunno scorso, quando ci siamo posti il problema di come celebrare i primi ottant\u2019anni della nostra Banda Musicale. Di qui la volont\u00e0 di far conoscere a tutti l\u2019intensa attivit\u00e0 svolta nel corso dei decenni, affinch\u00e9 nulla di questa memoria storica, in parte contenuta negli archivi, in parte nei ricordi di chi c\u2019era e l\u2019ha vissuta, andasse persa.<br \/>\n\u00c8 saltato fuori di tutto: dai serissimi documenti della fondazione, ai molteplici racconti di avvenimenti strampalati che da sempre hanno contraddistinto l\u2019associazione; dagli archivi precisissimi e completi, come quello che il nostro Claudio custodisce gelosamente in casa sua (comprensivo di vere perle rare come la lettera da lui scritta a Raffaella Carr\u00e0), agli aneddoti per lo pi\u00f9 divertenti o assurdi che i bandisti di ogni generazione ricordano con affetto e sorriso.<br \/>\nLa nostra scrittrice, con estrema pazienza, ha ricomposto un puzzle confusionario, cercando di fare ordine tra date, persone ed eventi: un compito sicuramente complesso, per il quale ringraziamo Roberta, che si \u00e8 spesso confrontata con personaggi eccentrici, accomunati dalla grande passione per Montefiorino e per la sua Banda.<br \/>\nVolevamo fosse una lettura allegra e spensierata, come i sentimenti che da sempre la Banda suscita ovunque venga chiamata e si esibisca, ma anche una pubblicazione storicamente dettagliata e precisa. \u201cSeriet\u00e0 e goliardia: due concetti di per s\u00e9 in netto contrasto, che per\u00f2 hanno trovato sintesi perfetta nello spirito della Banda Musicale di Montefiorino\u201d, dice Roberta in un passaggio del libro. Noi siamo esattamente questo, un incontro di anime gaudenti, a cui piace divertirsi, stare bene insieme e felici di condividere la stessa passione per la musica.<br \/>\nL\u2019ultimo pensiero, il pi\u00f9 affettuoso, pieno di gratitudine, va a tutti i presidenti, i maestri, i bandisti, gli allievi, i simpatizzanti e a tutti coloro che nel corso degli anni hanno permesso la sopravvivenza e la magnificenza della Banda Musicale di Montefiorino.<br \/>\nPerch\u00e9 questa \u00e8 stata, e indubbiamente lo \u00e8 ancora, una grandissima storia d&#8217;amore.<\/p>\n<p><b>\u00a0 \u00a0 \u00a0 \u00a0 \u00a0 \u00a0 \u00a0 \u00a0 \u00a0 \u00a0 \u00a0 \u00a0 \u00a0 \u00a0 \u00a0 \u00a0 \u00a0 \u00a0 \u00a0 \u00a0 \u00a0 \u00a0 \u00a0 \u00a0 \u00a0 \u00a0 \u00a0 \u00a0 \u00a0 \u00a0 \u00a0 \u00a0 \u00a0 \u00a0 \u00a0 \u00a0 \u00a0 \u00a0 \u00a0 \u00a0 \u00a0 \u00a0 \u00a0 \u00a0 \u00a0 \u00a0 \u00a0 \u00a0 \u00a0 \u00a0 \u00a0 \u00a0 \u00a0 \u00a0 \u00a0 \u00a0 \u00a0 \u00a0 \u00a0 \u00a0 <\/b>\u00a0 \u00a0 \u00a0 \u00a0 \u00a0 \u00a0 \u00a0 \u00a0 \u00a0 \u00a0 \u00a0 \u00a0 \u00a0 \u00a0 \u00a0 \u00a0 \u00a0 \u00a0 \u00a0 \u00a0 \u00a0 \u00a0 \u00a0 \u00a0 \u00a0 \u00a0 \u00a0 \u00a0 \u00a0Riccardo Baroni<b><br \/>\n<\/b>\u00a0 \u00a0 \u00a0 \u00a0 \u00a0 \u00a0 \u00a0 \u00a0 \u00a0 \u00a0 \u00a0 \u00a0 \u00a0 \u00a0 \u00a0 \u00a0 \u00a0 \u00a0 \u00a0 \u00a0 \u00a0 \u00a0 \u00a0 \u00a0 \u00a0 \u00a0 \u00a0 \u00a0 \u00a0 \u00a0 \u00a0 \u00a0 \u00a0 \u00a0 \u00a0 \u00a0 \u00a0 \u00a0 \u00a0 \u00a0 \u00a0 \u00a0 \u00a0 \u00a0 \u00a0 \u00a0 \u00a0 \u00a0 \u00a0 \u00a0 \u00a0 \u00a0 \u00a0 \u00a0 \u00a0 \u00a0 \u00a0 \u00a0 \u00a0 \u00a0 \u00a0 \u00a0 Presidente della Banda Musicale di Montefiorino<\/p>","protected":false},"excerpt":{"rendered":"<p>Collana E.B.<\/p>","protected":false},"featured_media":327,"template":"","meta":[],"product_brand":[],"product_cat":[23],"product_tag":[],"class_list":{"0":"post-984","1":"product","2":"type-product","3":"status-publish","4":"has-post-thumbnail","6":"product_cat-libri-sul-territorio-emiliano","7":"product_shipping_class-libro","9":"first","10":"instock","11":"shipping-taxable","12":"purchasable","13":"product-type-simple"},"yoast_head":"<!-- This site is optimized with the Yoast SEO plugin v26.9 - https:\/\/yoast.com\/product\/yoast-seo-wordpress\/ -->\n<title>Storia di un grande amore &#8226; Edizioni Terra marique<\/title>\n<meta name=\"robots\" content=\"index, follow, max-snippet:-1, max-image-preview:large, max-video-preview:-1\" \/>\n<link rel=\"canonical\" href=\"https:\/\/www.edizioniterramarique.com\/en\/shop\/storia-di-un-grande-amore\/\" \/>\n<meta property=\"og:locale\" content=\"en_GB\" \/>\n<meta property=\"og:type\" content=\"article\" \/>\n<meta property=\"og:title\" content=\"Storia di un grande amore &#8226; Edizioni Terra marique\" \/>\n<meta property=\"og:description\" content=\"Collana E.B.\" \/>\n<meta property=\"og:url\" content=\"https:\/\/www.edizioniterramarique.com\/en\/shop\/storia-di-un-grande-amore\/\" \/>\n<meta property=\"og:site_name\" content=\"Edizioni Terra marique\" \/>\n<meta property=\"article:modified_time\" content=\"2016-12-21T18:27:26+00:00\" \/>\n<meta property=\"og:image\" content=\"https:\/\/www.edizioniterramarique.com\/wp-content\/uploads\/2014\/07\/COP_banda_montefiorino-per-sito.jpg\" \/>\n\t<meta property=\"og:image:width\" content=\"200\" \/>\n\t<meta property=\"og:image:height\" content=\"285\" \/>\n\t<meta property=\"og:image:type\" content=\"image\/jpeg\" \/>\n<meta name=\"twitter:label1\" content=\"Estimated reading time\" \/>\n\t<meta name=\"twitter:data1\" content=\"2 minutes\" \/>\n<script type=\"application\/ld+json\" class=\"yoast-schema-graph\">{\"@context\":\"https:\/\/schema.org\",\"@graph\":[{\"@type\":\"WebPage\",\"@id\":\"https:\/\/www.edizioniterramarique.com\/shop\/storia-di-un-grande-amore\/\",\"url\":\"https:\/\/www.edizioniterramarique.com\/shop\/storia-di-un-grande-amore\/\",\"name\":\"Storia di un grande amore &#8226; Edizioni Terra marique\",\"isPartOf\":{\"@id\":\"https:\/\/www.edizioniterramarique.com\/#website\"},\"primaryImageOfPage\":{\"@id\":\"https:\/\/www.edizioniterramarique.com\/shop\/storia-di-un-grande-amore\/#primaryimage\"},\"image\":{\"@id\":\"https:\/\/www.edizioniterramarique.com\/shop\/storia-di-un-grande-amore\/#primaryimage\"},\"thumbnailUrl\":\"https:\/\/www.edizioniterramarique.com\/wp-content\/uploads\/2014\/07\/COP_banda_montefiorino-per-sito.jpg\",\"datePublished\":\"2014-08-01T08:39:29+00:00\",\"dateModified\":\"2016-12-21T18:27:26+00:00\",\"breadcrumb\":{\"@id\":\"https:\/\/www.edizioniterramarique.com\/shop\/storia-di-un-grande-amore\/#breadcrumb\"},\"inLanguage\":\"en-GB\",\"potentialAction\":[{\"@type\":\"ReadAction\",\"target\":[\"https:\/\/www.edizioniterramarique.com\/shop\/storia-di-un-grande-amore\/\"]}]},{\"@type\":\"ImageObject\",\"inLanguage\":\"en-GB\",\"@id\":\"https:\/\/www.edizioniterramarique.com\/shop\/storia-di-un-grande-amore\/#primaryimage\",\"url\":\"https:\/\/www.edizioniterramarique.com\/wp-content\/uploads\/2014\/07\/COP_banda_montefiorino-per-sito.jpg\",\"contentUrl\":\"https:\/\/www.edizioniterramarique.com\/wp-content\/uploads\/2014\/07\/COP_banda_montefiorino-per-sito.jpg\",\"width\":200,\"height\":285},{\"@type\":\"BreadcrumbList\",\"@id\":\"https:\/\/www.edizioniterramarique.com\/shop\/storia-di-un-grande-amore\/#breadcrumb\",\"itemListElement\":[{\"@type\":\"ListItem\",\"position\":1,\"name\":\"Home\",\"item\":\"https:\/\/www.edizioniterramarique.com\/\"},{\"@type\":\"ListItem\",\"position\":2,\"name\":\"Shop\",\"item\":\"https:\/\/www.edizioniterramarique.com\/\"},{\"@type\":\"ListItem\",\"position\":3,\"name\":\"Storia di un grande amore\"}]},{\"@type\":\"WebSite\",\"@id\":\"https:\/\/www.edizioniterramarique.com\/#website\",\"url\":\"https:\/\/www.edizioniterramarique.com\/\",\"name\":\"Edizioni Terra marique\",\"description\":\"Edizioni Terra marique\",\"publisher\":{\"@id\":\"https:\/\/www.edizioniterramarique.com\/#organization\"},\"potentialAction\":[{\"@type\":\"SearchAction\",\"target\":{\"@type\":\"EntryPoint\",\"urlTemplate\":\"https:\/\/www.edizioniterramarique.com\/?s={search_term_string}\"},\"query-input\":{\"@type\":\"PropertyValueSpecification\",\"valueRequired\":true,\"valueName\":\"search_term_string\"}}],\"inLanguage\":\"en-GB\"},{\"@type\":\"Organization\",\"@id\":\"https:\/\/www.edizioniterramarique.com\/#organization\",\"name\":\"Edizioni Terra marique\",\"url\":\"https:\/\/www.edizioniterramarique.com\/\",\"logo\":{\"@type\":\"ImageObject\",\"inLanguage\":\"en-GB\",\"@id\":\"https:\/\/www.edizioniterramarique.com\/#\/schema\/logo\/image\/\",\"url\":\"https:\/\/www.edizioniterramarique.com\/wp-content\/uploads\/2014\/02\/logo_web1.jpg\",\"contentUrl\":\"https:\/\/www.edizioniterramarique.com\/wp-content\/uploads\/2014\/02\/logo_web1.jpg\",\"width\":200,\"height\":109,\"caption\":\"Edizioni Terra marique\"},\"image\":{\"@id\":\"https:\/\/www.edizioniterramarique.com\/#\/schema\/logo\/image\/\"}}]}<\/script>\n<!-- \/ Yoast SEO plugin. -->","yoast_head_json":{"title":"Storia di un grande amore &#8226; Edizioni Terra marique","robots":{"index":"index","follow":"follow","max-snippet":"max-snippet:-1","max-image-preview":"max-image-preview:large","max-video-preview":"max-video-preview:-1"},"canonical":"https:\/\/www.edizioniterramarique.com\/en\/shop\/storia-di-un-grande-amore\/","og_locale":"en_GB","og_type":"article","og_title":"Storia di un grande amore &#8226; Edizioni Terra marique","og_description":"Collana E.B.","og_url":"https:\/\/www.edizioniterramarique.com\/en\/shop\/storia-di-un-grande-amore\/","og_site_name":"Edizioni Terra marique","article_modified_time":"2016-12-21T18:27:26+00:00","og_image":[{"width":200,"height":285,"url":"https:\/\/www.edizioniterramarique.com\/wp-content\/uploads\/2014\/07\/COP_banda_montefiorino-per-sito.jpg","type":"image\/jpeg"}],"twitter_misc":{"Estimated reading time":"2 minutes"},"schema":{"@context":"https:\/\/schema.org","@graph":[{"@type":"WebPage","@id":"https:\/\/www.edizioniterramarique.com\/shop\/storia-di-un-grande-amore\/","url":"https:\/\/www.edizioniterramarique.com\/shop\/storia-di-un-grande-amore\/","name":"Storia di un grande amore &#8226; Edizioni Terra marique","isPartOf":{"@id":"https:\/\/www.edizioniterramarique.com\/#website"},"primaryImageOfPage":{"@id":"https:\/\/www.edizioniterramarique.com\/shop\/storia-di-un-grande-amore\/#primaryimage"},"image":{"@id":"https:\/\/www.edizioniterramarique.com\/shop\/storia-di-un-grande-amore\/#primaryimage"},"thumbnailUrl":"https:\/\/www.edizioniterramarique.com\/wp-content\/uploads\/2014\/07\/COP_banda_montefiorino-per-sito.jpg","datePublished":"2014-08-01T08:39:29+00:00","dateModified":"2016-12-21T18:27:26+00:00","breadcrumb":{"@id":"https:\/\/www.edizioniterramarique.com\/shop\/storia-di-un-grande-amore\/#breadcrumb"},"inLanguage":"en-GB","potentialAction":[{"@type":"ReadAction","target":["https:\/\/www.edizioniterramarique.com\/shop\/storia-di-un-grande-amore\/"]}]},{"@type":"ImageObject","inLanguage":"en-GB","@id":"https:\/\/www.edizioniterramarique.com\/shop\/storia-di-un-grande-amore\/#primaryimage","url":"https:\/\/www.edizioniterramarique.com\/wp-content\/uploads\/2014\/07\/COP_banda_montefiorino-per-sito.jpg","contentUrl":"https:\/\/www.edizioniterramarique.com\/wp-content\/uploads\/2014\/07\/COP_banda_montefiorino-per-sito.jpg","width":200,"height":285},{"@type":"BreadcrumbList","@id":"https:\/\/www.edizioniterramarique.com\/shop\/storia-di-un-grande-amore\/#breadcrumb","itemListElement":[{"@type":"ListItem","position":1,"name":"Home","item":"https:\/\/www.edizioniterramarique.com\/"},{"@type":"ListItem","position":2,"name":"Shop","item":"https:\/\/www.edizioniterramarique.com\/"},{"@type":"ListItem","position":3,"name":"Storia di un grande amore"}]},{"@type":"WebSite","@id":"https:\/\/www.edizioniterramarique.com\/#website","url":"https:\/\/www.edizioniterramarique.com\/","name":"Edizioni Terra marique","description":"Edizioni Terra marique","publisher":{"@id":"https:\/\/www.edizioniterramarique.com\/#organization"},"potentialAction":[{"@type":"SearchAction","target":{"@type":"EntryPoint","urlTemplate":"https:\/\/www.edizioniterramarique.com\/?s={search_term_string}"},"query-input":{"@type":"PropertyValueSpecification","valueRequired":true,"valueName":"search_term_string"}}],"inLanguage":"en-GB"},{"@type":"Organization","@id":"https:\/\/www.edizioniterramarique.com\/#organization","name":"Edizioni Terra marique","url":"https:\/\/www.edizioniterramarique.com\/","logo":{"@type":"ImageObject","inLanguage":"en-GB","@id":"https:\/\/www.edizioniterramarique.com\/#\/schema\/logo\/image\/","url":"https:\/\/www.edizioniterramarique.com\/wp-content\/uploads\/2014\/02\/logo_web1.jpg","contentUrl":"https:\/\/www.edizioniterramarique.com\/wp-content\/uploads\/2014\/02\/logo_web1.jpg","width":200,"height":109,"caption":"Edizioni Terra marique"},"image":{"@id":"https:\/\/www.edizioniterramarique.com\/#\/schema\/logo\/image\/"}}]}},"_links":{"self":[{"href":"https:\/\/www.edizioniterramarique.com\/en\/wp-json\/wp\/v2\/product\/984","targetHints":{"allow":["GET"]}}],"collection":[{"href":"https:\/\/www.edizioniterramarique.com\/en\/wp-json\/wp\/v2\/product"}],"about":[{"href":"https:\/\/www.edizioniterramarique.com\/en\/wp-json\/wp\/v2\/types\/product"}],"wp:featuredmedia":[{"embeddable":true,"href":"https:\/\/www.edizioniterramarique.com\/en\/wp-json\/wp\/v2\/media\/327"}],"wp:attachment":[{"href":"https:\/\/www.edizioniterramarique.com\/en\/wp-json\/wp\/v2\/media?parent=984"}],"wp:term":[{"taxonomy":"product_brand","embeddable":true,"href":"https:\/\/www.edizioniterramarique.com\/en\/wp-json\/wp\/v2\/product_brand?post=984"},{"taxonomy":"product_cat","embeddable":true,"href":"https:\/\/www.edizioniterramarique.com\/en\/wp-json\/wp\/v2\/product_cat?post=984"},{"taxonomy":"product_tag","embeddable":true,"href":"https:\/\/www.edizioniterramarique.com\/en\/wp-json\/wp\/v2\/product_tag?post=984"}],"curies":[{"name":"wp","href":"https:\/\/api.w.org\/{rel}","templated":true}]}}