{"id":982,"date":"2014-09-01T10:29:48","date_gmt":"2014-09-01T08:29:48","guid":{"rendered":"http:\/\/www.edizioniterramarique.com\/?post_type=product&#038;p=982"},"modified":"2016-12-21T19:29:40","modified_gmt":"2016-12-21T18:29:40","slug":"il-mio-regalo-per-te","status":"publish","type":"product","link":"https:\/\/www.edizioniterramarique.com\/en\/shop\/il-mio-regalo-per-te\/","title":{"rendered":"Il mio regalo per te"},"content":{"rendered":"<p>Se una mattina, aprendo gli occhi, ti accorgessi di non vedere nulla? E se scoprissi che quello che hai visto finora \u00e8 molto diverso da quello che ti \u00e8 sembrato di vedere? \u00c8 quanto capita a Elly, fresca di compleanno (il trentunesimo), di separazione (dopo soli cinque mesi di matrimonio) e di una nuova consapevolezza: ripartire da zero per reinventare se stessa, liberandosi di tutto ci\u00f2 che non le \u00e8 mai appartenuto. Decide cos\u00ec di restituire i regali di nozze, cominciando dai parenti che abitano in un piccolo paese sugli Appennini modenesi.<br \/>\nAccolta con curiosit\u00e0 e svariati bicchieri di lambrusco, Elly entra in case che custodiscono storie di vita, esperienze compiute all\u2019altro capo del mondo e periodi durissimi affrontati a testa alta, ma anche terribili segreti. Ogni volta che restituisce un dono di nozze, Elly riceve in cambio un racconto che alza il sipario su un mondo pieno di semplicit\u00e0 e di una straordinaria forza d\u2019animo, \u00a0capace di risvegliare in lei la voglia di dare una nuova direzione alla sua vita.<br \/>\nCome dire grazie a persone disposte a raccontare i loro ricordi, donandoti un po\u2019 saggezza? Come ricompensare chi, senza saperlo, ti ha aiutato a guardare la tua storia con occhi nuovi? Elly trover\u00e0 un modo originale per farlo, dimostrando che il regalo pi\u00f9 bello e prezioso, a volte, sono le parole.<\/p>","protected":false},"excerpt":{"rendered":"<p>Collana Voci narranti<\/p>","protected":false},"featured_media":355,"template":"","meta":[],"product_brand":[],"product_cat":[16],"product_tag":[],"class_list":{"0":"post-982","1":"product","2":"type-product","3":"status-publish","4":"has-post-thumbnail","6":"product_cat-romanzi","7":"product_shipping_class-libro","9":"first","10":"instock","11":"shipping-taxable","12":"purchasable","13":"product-type-simple"},"yoast_head":"<!-- This site is optimized with the Yoast SEO plugin v26.9 - https:\/\/yoast.com\/product\/yoast-seo-wordpress\/ -->\n<title>Il mio regalo per te &#8226; Edizioni Terra marique<\/title>\n<meta name=\"robots\" content=\"index, follow, max-snippet:-1, max-image-preview:large, max-video-preview:-1\" \/>\n<link rel=\"canonical\" href=\"https:\/\/www.edizioniterramarique.com\/en\/shop\/il-mio-regalo-per-te\/\" \/>\n<meta property=\"og:locale\" content=\"en_GB\" \/>\n<meta property=\"og:type\" content=\"article\" \/>\n<meta property=\"og:title\" content=\"Il mio regalo per te &#8226; Edizioni Terra marique\" \/>\n<meta property=\"og:description\" content=\"Collana Voci narranti\" \/>\n<meta property=\"og:url\" content=\"https:\/\/www.edizioniterramarique.com\/en\/shop\/il-mio-regalo-per-te\/\" \/>\n<meta property=\"og:site_name\" content=\"Edizioni Terra marique\" \/>\n<meta property=\"article:modified_time\" content=\"2016-12-21T18:29:40+00:00\" \/>\n<meta property=\"og:image\" content=\"https:\/\/www.edizioniterramarique.com\/wp-content\/uploads\/2014\/09\/COP-JPG_mio_regalo_per_te-per-sito.jpg\" \/>\n\t<meta property=\"og:image:width\" content=\"200\" \/>\n\t<meta property=\"og:image:height\" content=\"290\" \/>\n\t<meta property=\"og:image:type\" content=\"image\/jpeg\" \/>\n<meta name=\"twitter:label1\" content=\"Estimated reading time\" \/>\n\t<meta name=\"twitter:data1\" content=\"1 minute\" \/>\n<script type=\"application\/ld+json\" class=\"yoast-schema-graph\">{\"@context\":\"https:\/\/schema.org\",\"@graph\":[{\"@type\":\"WebPage\",\"@id\":\"https:\/\/www.edizioniterramarique.com\/shop\/il-mio-regalo-per-te\/\",\"url\":\"https:\/\/www.edizioniterramarique.com\/shop\/il-mio-regalo-per-te\/\",\"name\":\"Il mio regalo per te &#8226; Edizioni Terra marique\",\"isPartOf\":{\"@id\":\"https:\/\/www.edizioniterramarique.com\/#website\"},\"primaryImageOfPage\":{\"@id\":\"https:\/\/www.edizioniterramarique.com\/shop\/il-mio-regalo-per-te\/#primaryimage\"},\"image\":{\"@id\":\"https:\/\/www.edizioniterramarique.com\/shop\/il-mio-regalo-per-te\/#primaryimage\"},\"thumbnailUrl\":\"https:\/\/www.edizioniterramarique.com\/wp-content\/uploads\/2014\/09\/COP-JPG_mio_regalo_per_te-per-sito.jpg\",\"datePublished\":\"2014-09-01T08:29:48+00:00\",\"dateModified\":\"2016-12-21T18:29:40+00:00\",\"breadcrumb\":{\"@id\":\"https:\/\/www.edizioniterramarique.com\/shop\/il-mio-regalo-per-te\/#breadcrumb\"},\"inLanguage\":\"en-GB\",\"potentialAction\":[{\"@type\":\"ReadAction\",\"target\":[\"https:\/\/www.edizioniterramarique.com\/shop\/il-mio-regalo-per-te\/\"]}]},{\"@type\":\"ImageObject\",\"inLanguage\":\"en-GB\",\"@id\":\"https:\/\/www.edizioniterramarique.com\/shop\/il-mio-regalo-per-te\/#primaryimage\",\"url\":\"https:\/\/www.edizioniterramarique.com\/wp-content\/uploads\/2014\/09\/COP-JPG_mio_regalo_per_te-per-sito.jpg\",\"contentUrl\":\"https:\/\/www.edizioniterramarique.com\/wp-content\/uploads\/2014\/09\/COP-JPG_mio_regalo_per_te-per-sito.jpg\",\"width\":200,\"height\":290},{\"@type\":\"BreadcrumbList\",\"@id\":\"https:\/\/www.edizioniterramarique.com\/shop\/il-mio-regalo-per-te\/#breadcrumb\",\"itemListElement\":[{\"@type\":\"ListItem\",\"position\":1,\"name\":\"Home\",\"item\":\"https:\/\/www.edizioniterramarique.com\/\"},{\"@type\":\"ListItem\",\"position\":2,\"name\":\"Shop\",\"item\":\"https:\/\/www.edizioniterramarique.com\/\"},{\"@type\":\"ListItem\",\"position\":3,\"name\":\"Il mio regalo per te\"}]},{\"@type\":\"WebSite\",\"@id\":\"https:\/\/www.edizioniterramarique.com\/#website\",\"url\":\"https:\/\/www.edizioniterramarique.com\/\",\"name\":\"Edizioni Terra marique\",\"description\":\"Edizioni Terra marique\",\"publisher\":{\"@id\":\"https:\/\/www.edizioniterramarique.com\/#organization\"},\"potentialAction\":[{\"@type\":\"SearchAction\",\"target\":{\"@type\":\"EntryPoint\",\"urlTemplate\":\"https:\/\/www.edizioniterramarique.com\/?s={search_term_string}\"},\"query-input\":{\"@type\":\"PropertyValueSpecification\",\"valueRequired\":true,\"valueName\":\"search_term_string\"}}],\"inLanguage\":\"en-GB\"},{\"@type\":\"Organization\",\"@id\":\"https:\/\/www.edizioniterramarique.com\/#organization\",\"name\":\"Edizioni Terra marique\",\"url\":\"https:\/\/www.edizioniterramarique.com\/\",\"logo\":{\"@type\":\"ImageObject\",\"inLanguage\":\"en-GB\",\"@id\":\"https:\/\/www.edizioniterramarique.com\/#\/schema\/logo\/image\/\",\"url\":\"https:\/\/www.edizioniterramarique.com\/wp-content\/uploads\/2014\/02\/logo_web1.jpg\",\"contentUrl\":\"https:\/\/www.edizioniterramarique.com\/wp-content\/uploads\/2014\/02\/logo_web1.jpg\",\"width\":200,\"height\":109,\"caption\":\"Edizioni Terra marique\"},\"image\":{\"@id\":\"https:\/\/www.edizioniterramarique.com\/#\/schema\/logo\/image\/\"}}]}<\/script>\n<!-- \/ Yoast SEO plugin. -->","yoast_head_json":{"title":"Il mio regalo per te &#8226; Edizioni Terra marique","robots":{"index":"index","follow":"follow","max-snippet":"max-snippet:-1","max-image-preview":"max-image-preview:large","max-video-preview":"max-video-preview:-1"},"canonical":"https:\/\/www.edizioniterramarique.com\/en\/shop\/il-mio-regalo-per-te\/","og_locale":"en_GB","og_type":"article","og_title":"Il mio regalo per te &#8226; Edizioni Terra marique","og_description":"Collana Voci narranti","og_url":"https:\/\/www.edizioniterramarique.com\/en\/shop\/il-mio-regalo-per-te\/","og_site_name":"Edizioni Terra marique","article_modified_time":"2016-12-21T18:29:40+00:00","og_image":[{"width":200,"height":290,"url":"https:\/\/www.edizioniterramarique.com\/wp-content\/uploads\/2014\/09\/COP-JPG_mio_regalo_per_te-per-sito.jpg","type":"image\/jpeg"}],"twitter_misc":{"Estimated reading time":"1 minute"},"schema":{"@context":"https:\/\/schema.org","@graph":[{"@type":"WebPage","@id":"https:\/\/www.edizioniterramarique.com\/shop\/il-mio-regalo-per-te\/","url":"https:\/\/www.edizioniterramarique.com\/shop\/il-mio-regalo-per-te\/","name":"Il mio regalo per te &#8226; Edizioni Terra marique","isPartOf":{"@id":"https:\/\/www.edizioniterramarique.com\/#website"},"primaryImageOfPage":{"@id":"https:\/\/www.edizioniterramarique.com\/shop\/il-mio-regalo-per-te\/#primaryimage"},"image":{"@id":"https:\/\/www.edizioniterramarique.com\/shop\/il-mio-regalo-per-te\/#primaryimage"},"thumbnailUrl":"https:\/\/www.edizioniterramarique.com\/wp-content\/uploads\/2014\/09\/COP-JPG_mio_regalo_per_te-per-sito.jpg","datePublished":"2014-09-01T08:29:48+00:00","dateModified":"2016-12-21T18:29:40+00:00","breadcrumb":{"@id":"https:\/\/www.edizioniterramarique.com\/shop\/il-mio-regalo-per-te\/#breadcrumb"},"inLanguage":"en-GB","potentialAction":[{"@type":"ReadAction","target":["https:\/\/www.edizioniterramarique.com\/shop\/il-mio-regalo-per-te\/"]}]},{"@type":"ImageObject","inLanguage":"en-GB","@id":"https:\/\/www.edizioniterramarique.com\/shop\/il-mio-regalo-per-te\/#primaryimage","url":"https:\/\/www.edizioniterramarique.com\/wp-content\/uploads\/2014\/09\/COP-JPG_mio_regalo_per_te-per-sito.jpg","contentUrl":"https:\/\/www.edizioniterramarique.com\/wp-content\/uploads\/2014\/09\/COP-JPG_mio_regalo_per_te-per-sito.jpg","width":200,"height":290},{"@type":"BreadcrumbList","@id":"https:\/\/www.edizioniterramarique.com\/shop\/il-mio-regalo-per-te\/#breadcrumb","itemListElement":[{"@type":"ListItem","position":1,"name":"Home","item":"https:\/\/www.edizioniterramarique.com\/"},{"@type":"ListItem","position":2,"name":"Shop","item":"https:\/\/www.edizioniterramarique.com\/"},{"@type":"ListItem","position":3,"name":"Il mio regalo per te"}]},{"@type":"WebSite","@id":"https:\/\/www.edizioniterramarique.com\/#website","url":"https:\/\/www.edizioniterramarique.com\/","name":"Edizioni Terra marique","description":"Edizioni Terra marique","publisher":{"@id":"https:\/\/www.edizioniterramarique.com\/#organization"},"potentialAction":[{"@type":"SearchAction","target":{"@type":"EntryPoint","urlTemplate":"https:\/\/www.edizioniterramarique.com\/?s={search_term_string}"},"query-input":{"@type":"PropertyValueSpecification","valueRequired":true,"valueName":"search_term_string"}}],"inLanguage":"en-GB"},{"@type":"Organization","@id":"https:\/\/www.edizioniterramarique.com\/#organization","name":"Edizioni Terra marique","url":"https:\/\/www.edizioniterramarique.com\/","logo":{"@type":"ImageObject","inLanguage":"en-GB","@id":"https:\/\/www.edizioniterramarique.com\/#\/schema\/logo\/image\/","url":"https:\/\/www.edizioniterramarique.com\/wp-content\/uploads\/2014\/02\/logo_web1.jpg","contentUrl":"https:\/\/www.edizioniterramarique.com\/wp-content\/uploads\/2014\/02\/logo_web1.jpg","width":200,"height":109,"caption":"Edizioni Terra marique"},"image":{"@id":"https:\/\/www.edizioniterramarique.com\/#\/schema\/logo\/image\/"}}]}},"_links":{"self":[{"href":"https:\/\/www.edizioniterramarique.com\/en\/wp-json\/wp\/v2\/product\/982","targetHints":{"allow":["GET"]}}],"collection":[{"href":"https:\/\/www.edizioniterramarique.com\/en\/wp-json\/wp\/v2\/product"}],"about":[{"href":"https:\/\/www.edizioniterramarique.com\/en\/wp-json\/wp\/v2\/types\/product"}],"wp:featuredmedia":[{"embeddable":true,"href":"https:\/\/www.edizioniterramarique.com\/en\/wp-json\/wp\/v2\/media\/355"}],"wp:attachment":[{"href":"https:\/\/www.edizioniterramarique.com\/en\/wp-json\/wp\/v2\/media?parent=982"}],"wp:term":[{"taxonomy":"product_brand","embeddable":true,"href":"https:\/\/www.edizioniterramarique.com\/en\/wp-json\/wp\/v2\/product_brand?post=982"},{"taxonomy":"product_cat","embeddable":true,"href":"https:\/\/www.edizioniterramarique.com\/en\/wp-json\/wp\/v2\/product_cat?post=982"},{"taxonomy":"product_tag","embeddable":true,"href":"https:\/\/www.edizioniterramarique.com\/en\/wp-json\/wp\/v2\/product_tag?post=982"}],"curies":[{"name":"wp","href":"https:\/\/api.w.org\/{rel}","templated":true}]}}