{"id":962,"date":"2016-06-25T08:47:51","date_gmt":"2016-06-25T06:47:51","guid":{"rendered":"http:\/\/www.edizioniterramarique.com\/?post_type=product&#038;p=962"},"modified":"2016-12-21T20:37:50","modified_gmt":"2016-12-21T19:37:50","slug":"storie-di-famiglia-racconti-scritti-macchina","status":"publish","type":"product","link":"https:\/\/www.edizioniterramarique.com\/en\/shop\/storie-di-famiglia-racconti-scritti-macchina\/","title":{"rendered":"Storie di famiglia. Racconti scritti in macchina"},"content":{"rendered":"<p>C\u2019\u00e8 chi, in un giorno poco opportuno per le rivelazioni, scopre che la madre ha mentito su tutto. E chi si trova davanti a un criminale armato di pistola o in un palazzo un secondo prima che venga fatto esplodere. E c\u2019\u00e8 semplicemente chi mette in discussione se stesso e ci\u00f2 che pensava di essere. Nei racconti di Rossano Crotti, c\u2019\u00e8 la normalit\u00e0 straordinaria che non \u00e8 mai scontata. Il desiderio di avere una famiglia pu\u00f2 sembrare qualcosa di irrealizzabile. I sogni si infrangono, crollano le certezze, si torna bambini. C\u2019\u00e8 chi \u00e8 rimasto orfano. C\u2019\u00e8 chi da adulto si rende conto di non aver mai avuto accanto chi sapesse amarlo. E c\u2019\u00e8 chi \u00e8 rimasto solo, per una malinconia interiore o perch\u00e9 non ha avuto coraggio. Infine ci sono le paure e i desideri che prendono forma nei sogni a occhi chiusi o aperti, talmente aperti da diventare reali.<\/p>","protected":false},"excerpt":{"rendered":"<p>C\u2019\u00e8 chi, in un giorno poco opportuno per le rivelazioni, scopre che la madre ha mentito su tutto. E chi si trova davanti a un criminale armato di pistola o in un palazzo un secondo prima che venga fatto esplodere. E c\u2019\u00e8 semplicemente chi mette in discussione se stesso e ci\u00f2 che pensava di essere. [&hellip;]<\/p>","protected":false},"featured_media":882,"template":"","meta":[],"product_brand":[],"product_cat":[15],"product_tag":[],"class_list":{"0":"post-962","1":"product","2":"type-product","3":"status-publish","4":"has-post-thumbnail","6":"product_cat-racconti","7":"product_shipping_class-libro","9":"first","10":"instock","11":"shipping-taxable","12":"purchasable","13":"product-type-simple"},"yoast_head":"<!-- This site is optimized with the Yoast SEO plugin v26.9 - https:\/\/yoast.com\/product\/yoast-seo-wordpress\/ -->\n<title>Storie di famiglia. Racconti scritti in macchina &#8226; Edizioni Terra marique<\/title>\n<meta name=\"robots\" content=\"index, follow, max-snippet:-1, max-image-preview:large, max-video-preview:-1\" \/>\n<link rel=\"canonical\" href=\"https:\/\/www.edizioniterramarique.com\/en\/shop\/storie-di-famiglia-racconti-scritti-macchina\/\" \/>\n<meta property=\"og:locale\" content=\"en_GB\" \/>\n<meta property=\"og:type\" content=\"article\" \/>\n<meta property=\"og:title\" content=\"Storie di famiglia. Racconti scritti in macchina &#8226; Edizioni Terra marique\" \/>\n<meta property=\"og:description\" content=\"C\u2019\u00e8 chi, in un giorno poco opportuno per le rivelazioni, scopre che la madre ha mentito su tutto. E chi si trova davanti a un criminale armato di pistola o in un palazzo un secondo prima che venga fatto esplodere. E c\u2019\u00e8 semplicemente chi mette in discussione se stesso e ci\u00f2 che pensava di essere. [&hellip;]\" \/>\n<meta property=\"og:url\" content=\"https:\/\/www.edizioniterramarique.com\/en\/shop\/storie-di-famiglia-racconti-scritti-macchina\/\" \/>\n<meta property=\"og:site_name\" content=\"Edizioni Terra marique\" \/>\n<meta property=\"article:modified_time\" content=\"2016-12-21T19:37:50+00:00\" \/>\n<meta property=\"og:image\" content=\"https:\/\/www.edizioniterramarique.com\/wp-content\/uploads\/2016\/06\/COP_storia-di-famiglia-JPG-PER-SITO-TM.jpg\" \/>\n\t<meta property=\"og:image:width\" content=\"200\" \/>\n\t<meta property=\"og:image:height\" content=\"288\" \/>\n\t<meta property=\"og:image:type\" content=\"image\/jpeg\" \/>\n<meta name=\"twitter:label1\" content=\"Estimated reading time\" \/>\n\t<meta name=\"twitter:data1\" content=\"1 minute\" \/>\n<script type=\"application\/ld+json\" class=\"yoast-schema-graph\">{\"@context\":\"https:\/\/schema.org\",\"@graph\":[{\"@type\":\"WebPage\",\"@id\":\"https:\/\/www.edizioniterramarique.com\/shop\/storie-di-famiglia-racconti-scritti-macchina\/\",\"url\":\"https:\/\/www.edizioniterramarique.com\/shop\/storie-di-famiglia-racconti-scritti-macchina\/\",\"name\":\"Storie di famiglia. Racconti scritti in macchina &#8226; Edizioni Terra marique\",\"isPartOf\":{\"@id\":\"https:\/\/www.edizioniterramarique.com\/#website\"},\"primaryImageOfPage\":{\"@id\":\"https:\/\/www.edizioniterramarique.com\/shop\/storie-di-famiglia-racconti-scritti-macchina\/#primaryimage\"},\"image\":{\"@id\":\"https:\/\/www.edizioniterramarique.com\/shop\/storie-di-famiglia-racconti-scritti-macchina\/#primaryimage\"},\"thumbnailUrl\":\"https:\/\/www.edizioniterramarique.com\/wp-content\/uploads\/2016\/06\/COP_storia-di-famiglia-JPG-PER-SITO-TM.jpg\",\"datePublished\":\"2016-06-25T06:47:51+00:00\",\"dateModified\":\"2016-12-21T19:37:50+00:00\",\"breadcrumb\":{\"@id\":\"https:\/\/www.edizioniterramarique.com\/shop\/storie-di-famiglia-racconti-scritti-macchina\/#breadcrumb\"},\"inLanguage\":\"en-GB\",\"potentialAction\":[{\"@type\":\"ReadAction\",\"target\":[\"https:\/\/www.edizioniterramarique.com\/shop\/storie-di-famiglia-racconti-scritti-macchina\/\"]}]},{\"@type\":\"ImageObject\",\"inLanguage\":\"en-GB\",\"@id\":\"https:\/\/www.edizioniterramarique.com\/shop\/storie-di-famiglia-racconti-scritti-macchina\/#primaryimage\",\"url\":\"https:\/\/www.edizioniterramarique.com\/wp-content\/uploads\/2016\/06\/COP_storia-di-famiglia-JPG-PER-SITO-TM.jpg\",\"contentUrl\":\"https:\/\/www.edizioniterramarique.com\/wp-content\/uploads\/2016\/06\/COP_storia-di-famiglia-JPG-PER-SITO-TM.jpg\",\"width\":200,\"height\":288},{\"@type\":\"BreadcrumbList\",\"@id\":\"https:\/\/www.edizioniterramarique.com\/shop\/storie-di-famiglia-racconti-scritti-macchina\/#breadcrumb\",\"itemListElement\":[{\"@type\":\"ListItem\",\"position\":1,\"name\":\"Home\",\"item\":\"https:\/\/www.edizioniterramarique.com\/\"},{\"@type\":\"ListItem\",\"position\":2,\"name\":\"Shop\",\"item\":\"https:\/\/www.edizioniterramarique.com\/\"},{\"@type\":\"ListItem\",\"position\":3,\"name\":\"Storie di famiglia. Racconti scritti in macchina\"}]},{\"@type\":\"WebSite\",\"@id\":\"https:\/\/www.edizioniterramarique.com\/#website\",\"url\":\"https:\/\/www.edizioniterramarique.com\/\",\"name\":\"Edizioni Terra marique\",\"description\":\"Edizioni Terra marique\",\"publisher\":{\"@id\":\"https:\/\/www.edizioniterramarique.com\/#organization\"},\"potentialAction\":[{\"@type\":\"SearchAction\",\"target\":{\"@type\":\"EntryPoint\",\"urlTemplate\":\"https:\/\/www.edizioniterramarique.com\/?s={search_term_string}\"},\"query-input\":{\"@type\":\"PropertyValueSpecification\",\"valueRequired\":true,\"valueName\":\"search_term_string\"}}],\"inLanguage\":\"en-GB\"},{\"@type\":\"Organization\",\"@id\":\"https:\/\/www.edizioniterramarique.com\/#organization\",\"name\":\"Edizioni Terra marique\",\"url\":\"https:\/\/www.edizioniterramarique.com\/\",\"logo\":{\"@type\":\"ImageObject\",\"inLanguage\":\"en-GB\",\"@id\":\"https:\/\/www.edizioniterramarique.com\/#\/schema\/logo\/image\/\",\"url\":\"https:\/\/www.edizioniterramarique.com\/wp-content\/uploads\/2014\/02\/logo_web1.jpg\",\"contentUrl\":\"https:\/\/www.edizioniterramarique.com\/wp-content\/uploads\/2014\/02\/logo_web1.jpg\",\"width\":200,\"height\":109,\"caption\":\"Edizioni Terra marique\"},\"image\":{\"@id\":\"https:\/\/www.edizioniterramarique.com\/#\/schema\/logo\/image\/\"}}]}<\/script>\n<!-- \/ Yoast SEO plugin. -->","yoast_head_json":{"title":"Storie di famiglia. Racconti scritti in macchina &#8226; Edizioni Terra marique","robots":{"index":"index","follow":"follow","max-snippet":"max-snippet:-1","max-image-preview":"max-image-preview:large","max-video-preview":"max-video-preview:-1"},"canonical":"https:\/\/www.edizioniterramarique.com\/en\/shop\/storie-di-famiglia-racconti-scritti-macchina\/","og_locale":"en_GB","og_type":"article","og_title":"Storie di famiglia. Racconti scritti in macchina &#8226; Edizioni Terra marique","og_description":"C\u2019\u00e8 chi, in un giorno poco opportuno per le rivelazioni, scopre che la madre ha mentito su tutto. E chi si trova davanti a un criminale armato di pistola o in un palazzo un secondo prima che venga fatto esplodere. E c\u2019\u00e8 semplicemente chi mette in discussione se stesso e ci\u00f2 che pensava di essere. [&hellip;]","og_url":"https:\/\/www.edizioniterramarique.com\/en\/shop\/storie-di-famiglia-racconti-scritti-macchina\/","og_site_name":"Edizioni Terra marique","article_modified_time":"2016-12-21T19:37:50+00:00","og_image":[{"width":200,"height":288,"url":"https:\/\/www.edizioniterramarique.com\/wp-content\/uploads\/2016\/06\/COP_storia-di-famiglia-JPG-PER-SITO-TM.jpg","type":"image\/jpeg"}],"twitter_misc":{"Estimated reading time":"1 minute"},"schema":{"@context":"https:\/\/schema.org","@graph":[{"@type":"WebPage","@id":"https:\/\/www.edizioniterramarique.com\/shop\/storie-di-famiglia-racconti-scritti-macchina\/","url":"https:\/\/www.edizioniterramarique.com\/shop\/storie-di-famiglia-racconti-scritti-macchina\/","name":"Storie di famiglia. Racconti scritti in macchina &#8226; Edizioni Terra marique","isPartOf":{"@id":"https:\/\/www.edizioniterramarique.com\/#website"},"primaryImageOfPage":{"@id":"https:\/\/www.edizioniterramarique.com\/shop\/storie-di-famiglia-racconti-scritti-macchina\/#primaryimage"},"image":{"@id":"https:\/\/www.edizioniterramarique.com\/shop\/storie-di-famiglia-racconti-scritti-macchina\/#primaryimage"},"thumbnailUrl":"https:\/\/www.edizioniterramarique.com\/wp-content\/uploads\/2016\/06\/COP_storia-di-famiglia-JPG-PER-SITO-TM.jpg","datePublished":"2016-06-25T06:47:51+00:00","dateModified":"2016-12-21T19:37:50+00:00","breadcrumb":{"@id":"https:\/\/www.edizioniterramarique.com\/shop\/storie-di-famiglia-racconti-scritti-macchina\/#breadcrumb"},"inLanguage":"en-GB","potentialAction":[{"@type":"ReadAction","target":["https:\/\/www.edizioniterramarique.com\/shop\/storie-di-famiglia-racconti-scritti-macchina\/"]}]},{"@type":"ImageObject","inLanguage":"en-GB","@id":"https:\/\/www.edizioniterramarique.com\/shop\/storie-di-famiglia-racconti-scritti-macchina\/#primaryimage","url":"https:\/\/www.edizioniterramarique.com\/wp-content\/uploads\/2016\/06\/COP_storia-di-famiglia-JPG-PER-SITO-TM.jpg","contentUrl":"https:\/\/www.edizioniterramarique.com\/wp-content\/uploads\/2016\/06\/COP_storia-di-famiglia-JPG-PER-SITO-TM.jpg","width":200,"height":288},{"@type":"BreadcrumbList","@id":"https:\/\/www.edizioniterramarique.com\/shop\/storie-di-famiglia-racconti-scritti-macchina\/#breadcrumb","itemListElement":[{"@type":"ListItem","position":1,"name":"Home","item":"https:\/\/www.edizioniterramarique.com\/"},{"@type":"ListItem","position":2,"name":"Shop","item":"https:\/\/www.edizioniterramarique.com\/"},{"@type":"ListItem","position":3,"name":"Storie di famiglia. Racconti scritti in macchina"}]},{"@type":"WebSite","@id":"https:\/\/www.edizioniterramarique.com\/#website","url":"https:\/\/www.edizioniterramarique.com\/","name":"Edizioni Terra marique","description":"Edizioni Terra marique","publisher":{"@id":"https:\/\/www.edizioniterramarique.com\/#organization"},"potentialAction":[{"@type":"SearchAction","target":{"@type":"EntryPoint","urlTemplate":"https:\/\/www.edizioniterramarique.com\/?s={search_term_string}"},"query-input":{"@type":"PropertyValueSpecification","valueRequired":true,"valueName":"search_term_string"}}],"inLanguage":"en-GB"},{"@type":"Organization","@id":"https:\/\/www.edizioniterramarique.com\/#organization","name":"Edizioni Terra marique","url":"https:\/\/www.edizioniterramarique.com\/","logo":{"@type":"ImageObject","inLanguage":"en-GB","@id":"https:\/\/www.edizioniterramarique.com\/#\/schema\/logo\/image\/","url":"https:\/\/www.edizioniterramarique.com\/wp-content\/uploads\/2014\/02\/logo_web1.jpg","contentUrl":"https:\/\/www.edizioniterramarique.com\/wp-content\/uploads\/2014\/02\/logo_web1.jpg","width":200,"height":109,"caption":"Edizioni Terra marique"},"image":{"@id":"https:\/\/www.edizioniterramarique.com\/#\/schema\/logo\/image\/"}}]}},"_links":{"self":[{"href":"https:\/\/www.edizioniterramarique.com\/en\/wp-json\/wp\/v2\/product\/962","targetHints":{"allow":["GET"]}}],"collection":[{"href":"https:\/\/www.edizioniterramarique.com\/en\/wp-json\/wp\/v2\/product"}],"about":[{"href":"https:\/\/www.edizioniterramarique.com\/en\/wp-json\/wp\/v2\/types\/product"}],"wp:featuredmedia":[{"embeddable":true,"href":"https:\/\/www.edizioniterramarique.com\/en\/wp-json\/wp\/v2\/media\/882"}],"wp:attachment":[{"href":"https:\/\/www.edizioniterramarique.com\/en\/wp-json\/wp\/v2\/media?parent=962"}],"wp:term":[{"taxonomy":"product_brand","embeddable":true,"href":"https:\/\/www.edizioniterramarique.com\/en\/wp-json\/wp\/v2\/product_brand?post=962"},{"taxonomy":"product_cat","embeddable":true,"href":"https:\/\/www.edizioniterramarique.com\/en\/wp-json\/wp\/v2\/product_cat?post=962"},{"taxonomy":"product_tag","embeddable":true,"href":"https:\/\/www.edizioniterramarique.com\/en\/wp-json\/wp\/v2\/product_tag?post=962"}],"curies":[{"name":"wp","href":"https:\/\/api.w.org\/{rel}","templated":true}]}}