{"id":959,"date":"2016-06-24T08:35:49","date_gmt":"2016-06-24T06:35:49","guid":{"rendered":"http:\/\/www.edizioniterramarique.com\/?post_type=product&#038;p=959"},"modified":"2016-12-21T20:37:19","modified_gmt":"2016-12-21T19:37:19","slug":"il-mio-nome-e-andrea","status":"publish","type":"product","link":"https:\/\/www.edizioniterramarique.com\/en\/shop\/il-mio-nome-e-andrea\/","title":{"rendered":"Il mio nome \u00e8 Andrea"},"content":{"rendered":"<p>Andrea \u00e8 una ventinovenne che abita, assieme alla sorella Arianna, in un paese della Brianza. Quando Arianna si sposa, Andrea si ritrova ad affrontare la vita senza il suo appoggio. Ma ancora non sa che, dal giorno del matrimonio della sorella, avr\u00e0 la possibilit\u00e0 di contare sull\u2019aiuto di due persone, una reale e una non, per superare una serie inaspettata di cambiamenti che stravolgeranno la sua quotidianit\u00e0. Imparer\u00e0 a riconoscere i veri amici, a contare sulle proprie capacit\u00e0 e a credere nuovamente nell\u2019amore. Rimarr\u00e0 la solita piagnucolona, certo, ma in fondo quale donna non lo \u00e8? L\u2019unica cosa di cui non potr\u00e0 pi\u00f9 fare a meno \u00e8 sognare, sognare tanto, anche se questo comporter\u00e0 l\u2019addormentarsi praticamente dappertutto!<\/p>","protected":false},"excerpt":{"rendered":"<p>Un libro che strappa risate e qualche lacrima. Imperdibile<\/p>","protected":false},"featured_media":900,"template":"","meta":[],"product_brand":[],"product_cat":[16],"product_tag":[],"class_list":{"0":"post-959","1":"product","2":"type-product","3":"status-publish","4":"has-post-thumbnail","6":"product_cat-romanzi","7":"product_shipping_class-libro","9":"first","10":"instock","11":"shipping-taxable","12":"purchasable","13":"product-type-simple"},"yoast_head":"<!-- This site is optimized with the Yoast SEO plugin v26.9 - https:\/\/yoast.com\/product\/yoast-seo-wordpress\/ -->\n<title>Il mio nome \u00e8 Andrea &#8226; Edizioni Terra marique<\/title>\n<meta name=\"robots\" content=\"index, follow, max-snippet:-1, max-image-preview:large, max-video-preview:-1\" \/>\n<link rel=\"canonical\" href=\"https:\/\/www.edizioniterramarique.com\/en\/shop\/il-mio-nome-e-andrea\/\" \/>\n<meta property=\"og:locale\" content=\"en_GB\" \/>\n<meta property=\"og:type\" content=\"article\" \/>\n<meta property=\"og:title\" content=\"Il mio nome \u00e8 Andrea &#8226; Edizioni Terra marique\" \/>\n<meta property=\"og:description\" content=\"Un libro che strappa risate e qualche lacrima. Imperdibile\" \/>\n<meta property=\"og:url\" content=\"https:\/\/www.edizioniterramarique.com\/en\/shop\/il-mio-nome-e-andrea\/\" \/>\n<meta property=\"og:site_name\" content=\"Edizioni Terra marique\" \/>\n<meta property=\"article:modified_time\" content=\"2016-12-21T19:37:19+00:00\" \/>\n<meta property=\"og:image\" content=\"https:\/\/www.edizioniterramarique.com\/wp-content\/uploads\/2016\/06\/COP_il_mio_nome_e_andrea-JPG-PER-SITO-TM.jpg\" \/>\n\t<meta property=\"og:image:width\" content=\"200\" \/>\n\t<meta property=\"og:image:height\" content=\"292\" \/>\n\t<meta property=\"og:image:type\" content=\"image\/jpeg\" \/>\n<meta name=\"twitter:label1\" content=\"Estimated reading time\" \/>\n\t<meta name=\"twitter:data1\" content=\"1 minute\" \/>\n<script type=\"application\/ld+json\" class=\"yoast-schema-graph\">{\"@context\":\"https:\/\/schema.org\",\"@graph\":[{\"@type\":\"WebPage\",\"@id\":\"https:\/\/www.edizioniterramarique.com\/shop\/il-mio-nome-e-andrea\/\",\"url\":\"https:\/\/www.edizioniterramarique.com\/shop\/il-mio-nome-e-andrea\/\",\"name\":\"Il mio nome \u00e8 Andrea &#8226; Edizioni Terra marique\",\"isPartOf\":{\"@id\":\"https:\/\/www.edizioniterramarique.com\/#website\"},\"primaryImageOfPage\":{\"@id\":\"https:\/\/www.edizioniterramarique.com\/shop\/il-mio-nome-e-andrea\/#primaryimage\"},\"image\":{\"@id\":\"https:\/\/www.edizioniterramarique.com\/shop\/il-mio-nome-e-andrea\/#primaryimage\"},\"thumbnailUrl\":\"https:\/\/www.edizioniterramarique.com\/wp-content\/uploads\/2016\/06\/COP_il_mio_nome_e_andrea-JPG-PER-SITO-TM.jpg\",\"datePublished\":\"2016-06-24T06:35:49+00:00\",\"dateModified\":\"2016-12-21T19:37:19+00:00\",\"breadcrumb\":{\"@id\":\"https:\/\/www.edizioniterramarique.com\/shop\/il-mio-nome-e-andrea\/#breadcrumb\"},\"inLanguage\":\"en-GB\",\"potentialAction\":[{\"@type\":\"ReadAction\",\"target\":[\"https:\/\/www.edizioniterramarique.com\/shop\/il-mio-nome-e-andrea\/\"]}]},{\"@type\":\"ImageObject\",\"inLanguage\":\"en-GB\",\"@id\":\"https:\/\/www.edizioniterramarique.com\/shop\/il-mio-nome-e-andrea\/#primaryimage\",\"url\":\"https:\/\/www.edizioniterramarique.com\/wp-content\/uploads\/2016\/06\/COP_il_mio_nome_e_andrea-JPG-PER-SITO-TM.jpg\",\"contentUrl\":\"https:\/\/www.edizioniterramarique.com\/wp-content\/uploads\/2016\/06\/COP_il_mio_nome_e_andrea-JPG-PER-SITO-TM.jpg\",\"width\":200,\"height\":292},{\"@type\":\"BreadcrumbList\",\"@id\":\"https:\/\/www.edizioniterramarique.com\/shop\/il-mio-nome-e-andrea\/#breadcrumb\",\"itemListElement\":[{\"@type\":\"ListItem\",\"position\":1,\"name\":\"Home\",\"item\":\"https:\/\/www.edizioniterramarique.com\/\"},{\"@type\":\"ListItem\",\"position\":2,\"name\":\"Shop\",\"item\":\"https:\/\/www.edizioniterramarique.com\/\"},{\"@type\":\"ListItem\",\"position\":3,\"name\":\"Il mio nome \u00e8 Andrea\"}]},{\"@type\":\"WebSite\",\"@id\":\"https:\/\/www.edizioniterramarique.com\/#website\",\"url\":\"https:\/\/www.edizioniterramarique.com\/\",\"name\":\"Edizioni Terra marique\",\"description\":\"Edizioni Terra marique\",\"publisher\":{\"@id\":\"https:\/\/www.edizioniterramarique.com\/#organization\"},\"potentialAction\":[{\"@type\":\"SearchAction\",\"target\":{\"@type\":\"EntryPoint\",\"urlTemplate\":\"https:\/\/www.edizioniterramarique.com\/?s={search_term_string}\"},\"query-input\":{\"@type\":\"PropertyValueSpecification\",\"valueRequired\":true,\"valueName\":\"search_term_string\"}}],\"inLanguage\":\"en-GB\"},{\"@type\":\"Organization\",\"@id\":\"https:\/\/www.edizioniterramarique.com\/#organization\",\"name\":\"Edizioni Terra marique\",\"url\":\"https:\/\/www.edizioniterramarique.com\/\",\"logo\":{\"@type\":\"ImageObject\",\"inLanguage\":\"en-GB\",\"@id\":\"https:\/\/www.edizioniterramarique.com\/#\/schema\/logo\/image\/\",\"url\":\"https:\/\/www.edizioniterramarique.com\/wp-content\/uploads\/2014\/02\/logo_web1.jpg\",\"contentUrl\":\"https:\/\/www.edizioniterramarique.com\/wp-content\/uploads\/2014\/02\/logo_web1.jpg\",\"width\":200,\"height\":109,\"caption\":\"Edizioni Terra marique\"},\"image\":{\"@id\":\"https:\/\/www.edizioniterramarique.com\/#\/schema\/logo\/image\/\"}}]}<\/script>\n<!-- \/ Yoast SEO plugin. -->","yoast_head_json":{"title":"Il mio nome \u00e8 Andrea &#8226; Edizioni Terra marique","robots":{"index":"index","follow":"follow","max-snippet":"max-snippet:-1","max-image-preview":"max-image-preview:large","max-video-preview":"max-video-preview:-1"},"canonical":"https:\/\/www.edizioniterramarique.com\/en\/shop\/il-mio-nome-e-andrea\/","og_locale":"en_GB","og_type":"article","og_title":"Il mio nome \u00e8 Andrea &#8226; Edizioni Terra marique","og_description":"Un libro che strappa risate e qualche lacrima. Imperdibile","og_url":"https:\/\/www.edizioniterramarique.com\/en\/shop\/il-mio-nome-e-andrea\/","og_site_name":"Edizioni Terra marique","article_modified_time":"2016-12-21T19:37:19+00:00","og_image":[{"width":200,"height":292,"url":"https:\/\/www.edizioniterramarique.com\/wp-content\/uploads\/2016\/06\/COP_il_mio_nome_e_andrea-JPG-PER-SITO-TM.jpg","type":"image\/jpeg"}],"twitter_misc":{"Estimated reading time":"1 minute"},"schema":{"@context":"https:\/\/schema.org","@graph":[{"@type":"WebPage","@id":"https:\/\/www.edizioniterramarique.com\/shop\/il-mio-nome-e-andrea\/","url":"https:\/\/www.edizioniterramarique.com\/shop\/il-mio-nome-e-andrea\/","name":"Il mio nome \u00e8 Andrea &#8226; Edizioni Terra marique","isPartOf":{"@id":"https:\/\/www.edizioniterramarique.com\/#website"},"primaryImageOfPage":{"@id":"https:\/\/www.edizioniterramarique.com\/shop\/il-mio-nome-e-andrea\/#primaryimage"},"image":{"@id":"https:\/\/www.edizioniterramarique.com\/shop\/il-mio-nome-e-andrea\/#primaryimage"},"thumbnailUrl":"https:\/\/www.edizioniterramarique.com\/wp-content\/uploads\/2016\/06\/COP_il_mio_nome_e_andrea-JPG-PER-SITO-TM.jpg","datePublished":"2016-06-24T06:35:49+00:00","dateModified":"2016-12-21T19:37:19+00:00","breadcrumb":{"@id":"https:\/\/www.edizioniterramarique.com\/shop\/il-mio-nome-e-andrea\/#breadcrumb"},"inLanguage":"en-GB","potentialAction":[{"@type":"ReadAction","target":["https:\/\/www.edizioniterramarique.com\/shop\/il-mio-nome-e-andrea\/"]}]},{"@type":"ImageObject","inLanguage":"en-GB","@id":"https:\/\/www.edizioniterramarique.com\/shop\/il-mio-nome-e-andrea\/#primaryimage","url":"https:\/\/www.edizioniterramarique.com\/wp-content\/uploads\/2016\/06\/COP_il_mio_nome_e_andrea-JPG-PER-SITO-TM.jpg","contentUrl":"https:\/\/www.edizioniterramarique.com\/wp-content\/uploads\/2016\/06\/COP_il_mio_nome_e_andrea-JPG-PER-SITO-TM.jpg","width":200,"height":292},{"@type":"BreadcrumbList","@id":"https:\/\/www.edizioniterramarique.com\/shop\/il-mio-nome-e-andrea\/#breadcrumb","itemListElement":[{"@type":"ListItem","position":1,"name":"Home","item":"https:\/\/www.edizioniterramarique.com\/"},{"@type":"ListItem","position":2,"name":"Shop","item":"https:\/\/www.edizioniterramarique.com\/"},{"@type":"ListItem","position":3,"name":"Il mio nome \u00e8 Andrea"}]},{"@type":"WebSite","@id":"https:\/\/www.edizioniterramarique.com\/#website","url":"https:\/\/www.edizioniterramarique.com\/","name":"Edizioni Terra marique","description":"Edizioni Terra marique","publisher":{"@id":"https:\/\/www.edizioniterramarique.com\/#organization"},"potentialAction":[{"@type":"SearchAction","target":{"@type":"EntryPoint","urlTemplate":"https:\/\/www.edizioniterramarique.com\/?s={search_term_string}"},"query-input":{"@type":"PropertyValueSpecification","valueRequired":true,"valueName":"search_term_string"}}],"inLanguage":"en-GB"},{"@type":"Organization","@id":"https:\/\/www.edizioniterramarique.com\/#organization","name":"Edizioni Terra marique","url":"https:\/\/www.edizioniterramarique.com\/","logo":{"@type":"ImageObject","inLanguage":"en-GB","@id":"https:\/\/www.edizioniterramarique.com\/#\/schema\/logo\/image\/","url":"https:\/\/www.edizioniterramarique.com\/wp-content\/uploads\/2014\/02\/logo_web1.jpg","contentUrl":"https:\/\/www.edizioniterramarique.com\/wp-content\/uploads\/2014\/02\/logo_web1.jpg","width":200,"height":109,"caption":"Edizioni Terra marique"},"image":{"@id":"https:\/\/www.edizioniterramarique.com\/#\/schema\/logo\/image\/"}}]}},"_links":{"self":[{"href":"https:\/\/www.edizioniterramarique.com\/en\/wp-json\/wp\/v2\/product\/959","targetHints":{"allow":["GET"]}}],"collection":[{"href":"https:\/\/www.edizioniterramarique.com\/en\/wp-json\/wp\/v2\/product"}],"about":[{"href":"https:\/\/www.edizioniterramarique.com\/en\/wp-json\/wp\/v2\/types\/product"}],"wp:featuredmedia":[{"embeddable":true,"href":"https:\/\/www.edizioniterramarique.com\/en\/wp-json\/wp\/v2\/media\/900"}],"wp:attachment":[{"href":"https:\/\/www.edizioniterramarique.com\/en\/wp-json\/wp\/v2\/media?parent=959"}],"wp:term":[{"taxonomy":"product_brand","embeddable":true,"href":"https:\/\/www.edizioniterramarique.com\/en\/wp-json\/wp\/v2\/product_brand?post=959"},{"taxonomy":"product_cat","embeddable":true,"href":"https:\/\/www.edizioniterramarique.com\/en\/wp-json\/wp\/v2\/product_cat?post=959"},{"taxonomy":"product_tag","embeddable":true,"href":"https:\/\/www.edizioniterramarique.com\/en\/wp-json\/wp\/v2\/product_tag?post=959"}],"curies":[{"name":"wp","href":"https:\/\/api.w.org\/{rel}","templated":true}]}}