{"id":954,"date":"2016-11-26T22:46:10","date_gmt":"2016-11-26T21:46:10","guid":{"rendered":"http:\/\/www.edizioniterramarique.com\/?post_type=product&#038;p=954"},"modified":"2016-12-21T20:35:27","modified_gmt":"2016-12-21T19:35:27","slug":"diritto-damore","status":"publish","type":"product","link":"https:\/\/www.edizioniterramarique.com\/en\/shop\/diritto-damore\/","title":{"rendered":"Diritto d&#8217;amore"},"content":{"rendered":"<p>Questo libro racconta un \u201cmondo dentro\u201d, che produce l\u2019amabile sentimento di sentire l\u2019amore e di proiettarlo al \u201cmondo fuori\u201d.<br \/>\nQuesto libro racconta il brodo caldo del sentire, il sottofondo di un\u2019assenza, mancanze rimbombanti, nudit\u00e0, controcanti che manifestano il diritto all\u2019espressione, esistenze fragili.<br \/>\nQuesto libro racconta un amore e una felicit\u00e0 inaudita. La parola felicit\u00e0 intesa come un diritto, come il diritto all\u2019emozione, il diritto alla fantasia, il diritto alla malinconia, il diritto alla passione, al coraggio. Tutti sacrosanti diritti di essere, di sentire. Perch\u00e9 si ha il diritto di essere felici.<br \/>\nLa poesia \u00e8 una forma espressiva perfetta per l\u2019amore: \u00e8 ci\u00f2 che si \u00e8 e si teme di dire. Pare sospesa, \u00e8 contro gravit\u00e0, \u00e8 inconsistente, ma consiste nell\u2019essere la solenne espressione lirica di un inconfessabile privato. Vive di indefinito e cerca l\u2019infinito.<\/p>","protected":false},"excerpt":{"rendered":"<p>Poesie d&#8217;amore e passione<\/p>","protected":false},"featured_media":945,"template":"","meta":[],"product_brand":[],"product_cat":[13],"product_tag":[],"class_list":{"0":"post-954","1":"product","2":"type-product","3":"status-publish","4":"has-post-thumbnail","6":"product_cat-raccolte-poesie","7":"product_shipping_class-libro","9":"first","10":"instock","11":"shipping-taxable","12":"purchasable","13":"product-type-simple"},"yoast_head":"<!-- This site is optimized with the Yoast SEO plugin v26.9 - https:\/\/yoast.com\/product\/yoast-seo-wordpress\/ -->\n<title>Diritto d&#039;amore &#8226; Edizioni Terra marique<\/title>\n<meta name=\"robots\" content=\"index, follow, max-snippet:-1, max-image-preview:large, max-video-preview:-1\" \/>\n<link rel=\"canonical\" href=\"https:\/\/www.edizioniterramarique.com\/en\/shop\/diritto-damore\/\" \/>\n<meta property=\"og:locale\" content=\"en_GB\" \/>\n<meta property=\"og:type\" content=\"article\" \/>\n<meta property=\"og:title\" content=\"Diritto d&#039;amore &#8226; Edizioni Terra marique\" \/>\n<meta property=\"og:description\" content=\"Poesie d&#039;amore e passione\" \/>\n<meta property=\"og:url\" content=\"https:\/\/www.edizioniterramarique.com\/en\/shop\/diritto-damore\/\" \/>\n<meta property=\"og:site_name\" content=\"Edizioni Terra marique\" \/>\n<meta property=\"article:modified_time\" content=\"2016-12-21T19:35:27+00:00\" \/>\n<meta property=\"og:image\" content=\"https:\/\/www.edizioniterramarique.com\/wp-content\/uploads\/2016\/11\/COPERTINA-PER-SITO-TM.jpg\" \/>\n\t<meta property=\"og:image:width\" content=\"200\" \/>\n\t<meta property=\"og:image:height\" content=\"292\" \/>\n\t<meta property=\"og:image:type\" content=\"image\/jpeg\" \/>\n<meta name=\"twitter:label1\" content=\"Estimated reading time\" \/>\n\t<meta name=\"twitter:data1\" content=\"1 minute\" \/>\n<script type=\"application\/ld+json\" class=\"yoast-schema-graph\">{\"@context\":\"https:\/\/schema.org\",\"@graph\":[{\"@type\":\"WebPage\",\"@id\":\"https:\/\/www.edizioniterramarique.com\/en\/shop\/diritto-damore\/\",\"url\":\"https:\/\/www.edizioniterramarique.com\/en\/shop\/diritto-damore\/\",\"name\":\"Diritto d'amore &#8226; Edizioni Terra marique\",\"isPartOf\":{\"@id\":\"https:\/\/www.edizioniterramarique.com\/#website\"},\"primaryImageOfPage\":{\"@id\":\"https:\/\/www.edizioniterramarique.com\/en\/shop\/diritto-damore\/#primaryimage\"},\"image\":{\"@id\":\"https:\/\/www.edizioniterramarique.com\/en\/shop\/diritto-damore\/#primaryimage\"},\"thumbnailUrl\":\"https:\/\/www.edizioniterramarique.com\/wp-content\/uploads\/2016\/11\/COPERTINA-PER-SITO-TM.jpg\",\"datePublished\":\"2016-11-26T21:46:10+00:00\",\"dateModified\":\"2016-12-21T19:35:27+00:00\",\"breadcrumb\":{\"@id\":\"https:\/\/www.edizioniterramarique.com\/en\/shop\/diritto-damore\/#breadcrumb\"},\"inLanguage\":\"en-GB\",\"potentialAction\":[{\"@type\":\"ReadAction\",\"target\":[\"https:\/\/www.edizioniterramarique.com\/en\/shop\/diritto-damore\/\"]}]},{\"@type\":\"ImageObject\",\"inLanguage\":\"en-GB\",\"@id\":\"https:\/\/www.edizioniterramarique.com\/en\/shop\/diritto-damore\/#primaryimage\",\"url\":\"https:\/\/www.edizioniterramarique.com\/wp-content\/uploads\/2016\/11\/COPERTINA-PER-SITO-TM.jpg\",\"contentUrl\":\"https:\/\/www.edizioniterramarique.com\/wp-content\/uploads\/2016\/11\/COPERTINA-PER-SITO-TM.jpg\",\"width\":200,\"height\":292},{\"@type\":\"BreadcrumbList\",\"@id\":\"https:\/\/www.edizioniterramarique.com\/en\/shop\/diritto-damore\/#breadcrumb\",\"itemListElement\":[{\"@type\":\"ListItem\",\"position\":1,\"name\":\"Home\",\"item\":\"https:\/\/www.edizioniterramarique.com\/\"},{\"@type\":\"ListItem\",\"position\":2,\"name\":\"Shop\",\"item\":\"https:\/\/www.edizioniterramarique.com\/\"},{\"@type\":\"ListItem\",\"position\":3,\"name\":\"Diritto d&#8217;amore\"}]},{\"@type\":\"WebSite\",\"@id\":\"https:\/\/www.edizioniterramarique.com\/#website\",\"url\":\"https:\/\/www.edizioniterramarique.com\/\",\"name\":\"Edizioni Terra marique\",\"description\":\"Edizioni Terra marique\",\"publisher\":{\"@id\":\"https:\/\/www.edizioniterramarique.com\/#organization\"},\"potentialAction\":[{\"@type\":\"SearchAction\",\"target\":{\"@type\":\"EntryPoint\",\"urlTemplate\":\"https:\/\/www.edizioniterramarique.com\/?s={search_term_string}\"},\"query-input\":{\"@type\":\"PropertyValueSpecification\",\"valueRequired\":true,\"valueName\":\"search_term_string\"}}],\"inLanguage\":\"en-GB\"},{\"@type\":\"Organization\",\"@id\":\"https:\/\/www.edizioniterramarique.com\/#organization\",\"name\":\"Edizioni Terra marique\",\"url\":\"https:\/\/www.edizioniterramarique.com\/\",\"logo\":{\"@type\":\"ImageObject\",\"inLanguage\":\"en-GB\",\"@id\":\"https:\/\/www.edizioniterramarique.com\/#\/schema\/logo\/image\/\",\"url\":\"https:\/\/www.edizioniterramarique.com\/wp-content\/uploads\/2014\/02\/logo_web1.jpg\",\"contentUrl\":\"https:\/\/www.edizioniterramarique.com\/wp-content\/uploads\/2014\/02\/logo_web1.jpg\",\"width\":200,\"height\":109,\"caption\":\"Edizioni Terra marique\"},\"image\":{\"@id\":\"https:\/\/www.edizioniterramarique.com\/#\/schema\/logo\/image\/\"}}]}<\/script>\n<!-- \/ Yoast SEO plugin. -->","yoast_head_json":{"title":"Diritto d'amore &#8226; Edizioni Terra marique","robots":{"index":"index","follow":"follow","max-snippet":"max-snippet:-1","max-image-preview":"max-image-preview:large","max-video-preview":"max-video-preview:-1"},"canonical":"https:\/\/www.edizioniterramarique.com\/en\/shop\/diritto-damore\/","og_locale":"en_GB","og_type":"article","og_title":"Diritto d'amore &#8226; Edizioni Terra marique","og_description":"Poesie d'amore e passione","og_url":"https:\/\/www.edizioniterramarique.com\/en\/shop\/diritto-damore\/","og_site_name":"Edizioni Terra marique","article_modified_time":"2016-12-21T19:35:27+00:00","og_image":[{"width":200,"height":292,"url":"https:\/\/www.edizioniterramarique.com\/wp-content\/uploads\/2016\/11\/COPERTINA-PER-SITO-TM.jpg","type":"image\/jpeg"}],"twitter_misc":{"Estimated reading time":"1 minute"},"schema":{"@context":"https:\/\/schema.org","@graph":[{"@type":"WebPage","@id":"https:\/\/www.edizioniterramarique.com\/en\/shop\/diritto-damore\/","url":"https:\/\/www.edizioniterramarique.com\/en\/shop\/diritto-damore\/","name":"Diritto d'amore &#8226; Edizioni Terra marique","isPartOf":{"@id":"https:\/\/www.edizioniterramarique.com\/#website"},"primaryImageOfPage":{"@id":"https:\/\/www.edizioniterramarique.com\/en\/shop\/diritto-damore\/#primaryimage"},"image":{"@id":"https:\/\/www.edizioniterramarique.com\/en\/shop\/diritto-damore\/#primaryimage"},"thumbnailUrl":"https:\/\/www.edizioniterramarique.com\/wp-content\/uploads\/2016\/11\/COPERTINA-PER-SITO-TM.jpg","datePublished":"2016-11-26T21:46:10+00:00","dateModified":"2016-12-21T19:35:27+00:00","breadcrumb":{"@id":"https:\/\/www.edizioniterramarique.com\/en\/shop\/diritto-damore\/#breadcrumb"},"inLanguage":"en-GB","potentialAction":[{"@type":"ReadAction","target":["https:\/\/www.edizioniterramarique.com\/en\/shop\/diritto-damore\/"]}]},{"@type":"ImageObject","inLanguage":"en-GB","@id":"https:\/\/www.edizioniterramarique.com\/en\/shop\/diritto-damore\/#primaryimage","url":"https:\/\/www.edizioniterramarique.com\/wp-content\/uploads\/2016\/11\/COPERTINA-PER-SITO-TM.jpg","contentUrl":"https:\/\/www.edizioniterramarique.com\/wp-content\/uploads\/2016\/11\/COPERTINA-PER-SITO-TM.jpg","width":200,"height":292},{"@type":"BreadcrumbList","@id":"https:\/\/www.edizioniterramarique.com\/en\/shop\/diritto-damore\/#breadcrumb","itemListElement":[{"@type":"ListItem","position":1,"name":"Home","item":"https:\/\/www.edizioniterramarique.com\/"},{"@type":"ListItem","position":2,"name":"Shop","item":"https:\/\/www.edizioniterramarique.com\/"},{"@type":"ListItem","position":3,"name":"Diritto d&#8217;amore"}]},{"@type":"WebSite","@id":"https:\/\/www.edizioniterramarique.com\/#website","url":"https:\/\/www.edizioniterramarique.com\/","name":"Edizioni Terra marique","description":"Edizioni Terra marique","publisher":{"@id":"https:\/\/www.edizioniterramarique.com\/#organization"},"potentialAction":[{"@type":"SearchAction","target":{"@type":"EntryPoint","urlTemplate":"https:\/\/www.edizioniterramarique.com\/?s={search_term_string}"},"query-input":{"@type":"PropertyValueSpecification","valueRequired":true,"valueName":"search_term_string"}}],"inLanguage":"en-GB"},{"@type":"Organization","@id":"https:\/\/www.edizioniterramarique.com\/#organization","name":"Edizioni Terra marique","url":"https:\/\/www.edizioniterramarique.com\/","logo":{"@type":"ImageObject","inLanguage":"en-GB","@id":"https:\/\/www.edizioniterramarique.com\/#\/schema\/logo\/image\/","url":"https:\/\/www.edizioniterramarique.com\/wp-content\/uploads\/2014\/02\/logo_web1.jpg","contentUrl":"https:\/\/www.edizioniterramarique.com\/wp-content\/uploads\/2014\/02\/logo_web1.jpg","width":200,"height":109,"caption":"Edizioni Terra marique"},"image":{"@id":"https:\/\/www.edizioniterramarique.com\/#\/schema\/logo\/image\/"}}]}},"_links":{"self":[{"href":"https:\/\/www.edizioniterramarique.com\/en\/wp-json\/wp\/v2\/product\/954","targetHints":{"allow":["GET"]}}],"collection":[{"href":"https:\/\/www.edizioniterramarique.com\/en\/wp-json\/wp\/v2\/product"}],"about":[{"href":"https:\/\/www.edizioniterramarique.com\/en\/wp-json\/wp\/v2\/types\/product"}],"wp:featuredmedia":[{"embeddable":true,"href":"https:\/\/www.edizioniterramarique.com\/en\/wp-json\/wp\/v2\/media\/945"}],"wp:attachment":[{"href":"https:\/\/www.edizioniterramarique.com\/en\/wp-json\/wp\/v2\/media?parent=954"}],"wp:term":[{"taxonomy":"product_brand","embeddable":true,"href":"https:\/\/www.edizioniterramarique.com\/en\/wp-json\/wp\/v2\/product_brand?post=954"},{"taxonomy":"product_cat","embeddable":true,"href":"https:\/\/www.edizioniterramarique.com\/en\/wp-json\/wp\/v2\/product_cat?post=954"},{"taxonomy":"product_tag","embeddable":true,"href":"https:\/\/www.edizioniterramarique.com\/en\/wp-json\/wp\/v2\/product_tag?post=954"}],"curies":[{"name":"wp","href":"https:\/\/api.w.org\/{rel}","templated":true}]}}