{"id":4196,"date":"2026-04-27T12:28:25","date_gmt":"2026-04-27T10:28:25","guid":{"rendered":"https:\/\/www.edizioniterramarique.com\/?post_type=product&#038;p=4196"},"modified":"2026-04-27T12:28:26","modified_gmt":"2026-04-27T10:28:26","slug":"il-potere-segreto-dellalchimia-interiore-dallillusione-alla-presenza-un-viaggio-verso-il-se-autentico","status":"publish","type":"product","link":"https:\/\/www.edizioniterramarique.com\/en\/shop\/il-potere-segreto-dellalchimia-interiore-dallillusione-alla-presenza-un-viaggio-verso-il-se-autentico\/","title":{"rendered":"Il potere segreto dell&#8217;alchimia interiore Dall\u2019illusione alla presenza: un viaggio verso il S\u00e9 autentico"},"content":{"rendered":"<p><em>Il potere segreto dell\u2019Alchimia Interiore<\/em>\u00a0non \u00e8 solo un libro: \u00e8 una mappa pratica per trasformare la tua realt\u00e0 dall\u2019interno.\u00a0Integrando princ\u00ecpi che attingono alla fisica quantistica, alla psicologia e alla tradizione spirituale esoterica, Raffaele Ricci offre strumenti pratici per avviare un autentico processo di trasformazione interiore. Ogni sezione del libro include esercizi e pratiche settimanali per integrare l\u2019Alchimia Interiore nella vita di tutti i giorni.<\/p>\n<p>Attraverso questo percorso chiaro e concreto verso una pi\u00f9 profonda consapevolezza interiore,\u00a0scoprirai come elevare il tuo stato vibrazionale, trasformare la tua mentalit\u00e0 e riconoscere il ruolo di creatore della tua esperienza.<\/p>\n<p>Potrai sviluppare la forza interiore necessaria per affrontare le sfide della vita e trasformare le tue emozioni in energia consapevole, chiarezza e ispirazione.<\/p>","protected":false},"excerpt":{"rendered":"<p>di Raffaele Ricci<br \/>\nCollana I Saggi<br \/>\nIsbn 9791280254757<\/p>","protected":false},"featured_media":4197,"template":"","meta":[],"product_brand":[],"product_cat":[69,130],"product_tag":[],"class_list":{"0":"post-4196","1":"product","2":"type-product","3":"status-publish","4":"has-post-thumbnail","6":"product_cat-manuale","7":"product_cat-saggio","9":"first","10":"instock","11":"shipping-taxable","12":"purchasable","13":"product-type-simple"},"yoast_head":"<!-- This site is optimized with the Yoast SEO plugin v26.9 - https:\/\/yoast.com\/product\/yoast-seo-wordpress\/ -->\n<title>Il potere segreto dell&#039;alchimia interiore di Raffaele Ricci<\/title>\n<meta name=\"description\" content=\"Attraverso questo percorso\u00a0scoprirai come elevare il tuo stato vibrazionale, trasformare la tua mentalit\u00e0 e riconoscere il tuo ruolo di creatore.\" \/>\n<meta name=\"robots\" content=\"index, follow, max-snippet:-1, max-image-preview:large, max-video-preview:-1\" \/>\n<link rel=\"canonical\" href=\"https:\/\/www.edizioniterramarique.com\/en\/shop\/il-potere-segreto-dellalchimia-interiore-dallillusione-alla-presenza-un-viaggio-verso-il-se-autentico\/\" \/>\n<meta property=\"og:locale\" content=\"en_GB\" \/>\n<meta property=\"og:type\" content=\"article\" \/>\n<meta property=\"og:title\" content=\"Il potere segreto dell&#039;alchimia interiore di Raffaele Ricci\" \/>\n<meta property=\"og:description\" content=\"Attraverso questo percorso\u00a0scoprirai come elevare il tuo stato vibrazionale, trasformare la tua mentalit\u00e0 e riconoscere il tuo ruolo di creatore.\" \/>\n<meta property=\"og:url\" content=\"https:\/\/www.edizioniterramarique.com\/en\/shop\/il-potere-segreto-dellalchimia-interiore-dallillusione-alla-presenza-un-viaggio-verso-il-se-autentico\/\" \/>\n<meta property=\"og:site_name\" content=\"Edizioni Terra marique\" \/>\n<meta property=\"article:modified_time\" content=\"2026-04-27T10:28:26+00:00\" \/>\n<meta property=\"og:image\" content=\"https:\/\/www.edizioniterramarique.com\/wp-content\/uploads\/2026\/04\/Raffaele-Ricci-_-copertina-Shop-TM.jpg\" \/>\n\t<meta property=\"og:image:width\" content=\"200\" \/>\n\t<meta property=\"og:image:height\" content=\"285\" \/>\n\t<meta property=\"og:image:type\" content=\"image\/jpeg\" \/>\n<meta name=\"twitter:label1\" content=\"Estimated reading time\" \/>\n\t<meta name=\"twitter:data1\" content=\"1 minute\" \/>\n<script type=\"application\/ld+json\" class=\"yoast-schema-graph\">{\"@context\":\"https:\/\/schema.org\",\"@graph\":[{\"@type\":\"WebPage\",\"@id\":\"https:\/\/www.edizioniterramarique.com\/shop\/il-potere-segreto-dellalchimia-interiore-dallillusione-alla-presenza-un-viaggio-verso-il-se-autentico\/\",\"url\":\"https:\/\/www.edizioniterramarique.com\/shop\/il-potere-segreto-dellalchimia-interiore-dallillusione-alla-presenza-un-viaggio-verso-il-se-autentico\/\",\"name\":\"Il potere segreto dell'alchimia interiore di Raffaele Ricci\",\"isPartOf\":{\"@id\":\"https:\/\/www.edizioniterramarique.com\/#website\"},\"primaryImageOfPage\":{\"@id\":\"https:\/\/www.edizioniterramarique.com\/shop\/il-potere-segreto-dellalchimia-interiore-dallillusione-alla-presenza-un-viaggio-verso-il-se-autentico\/#primaryimage\"},\"image\":{\"@id\":\"https:\/\/www.edizioniterramarique.com\/shop\/il-potere-segreto-dellalchimia-interiore-dallillusione-alla-presenza-un-viaggio-verso-il-se-autentico\/#primaryimage\"},\"thumbnailUrl\":\"https:\/\/www.edizioniterramarique.com\/wp-content\/uploads\/2026\/04\/Raffaele-Ricci-_-copertina-Shop-TM.jpg\",\"datePublished\":\"2026-04-27T10:28:25+00:00\",\"dateModified\":\"2026-04-27T10:28:26+00:00\",\"description\":\"Attraverso questo percorso\u00a0scoprirai come elevare il tuo stato vibrazionale, trasformare la tua mentalit\u00e0 e riconoscere il tuo ruolo di creatore.\",\"breadcrumb\":{\"@id\":\"https:\/\/www.edizioniterramarique.com\/shop\/il-potere-segreto-dellalchimia-interiore-dallillusione-alla-presenza-un-viaggio-verso-il-se-autentico\/#breadcrumb\"},\"inLanguage\":\"en-GB\",\"potentialAction\":[{\"@type\":\"ReadAction\",\"target\":[\"https:\/\/www.edizioniterramarique.com\/shop\/il-potere-segreto-dellalchimia-interiore-dallillusione-alla-presenza-un-viaggio-verso-il-se-autentico\/\"]}]},{\"@type\":\"ImageObject\",\"inLanguage\":\"en-GB\",\"@id\":\"https:\/\/www.edizioniterramarique.com\/shop\/il-potere-segreto-dellalchimia-interiore-dallillusione-alla-presenza-un-viaggio-verso-il-se-autentico\/#primaryimage\",\"url\":\"https:\/\/www.edizioniterramarique.com\/wp-content\/uploads\/2026\/04\/Raffaele-Ricci-_-copertina-Shop-TM.jpg\",\"contentUrl\":\"https:\/\/www.edizioniterramarique.com\/wp-content\/uploads\/2026\/04\/Raffaele-Ricci-_-copertina-Shop-TM.jpg\",\"width\":200,\"height\":285,\"caption\":\"Copertina \\\"Il potere segreto dell'alchimia interiore\\\"\"},{\"@type\":\"BreadcrumbList\",\"@id\":\"https:\/\/www.edizioniterramarique.com\/shop\/il-potere-segreto-dellalchimia-interiore-dallillusione-alla-presenza-un-viaggio-verso-il-se-autentico\/#breadcrumb\",\"itemListElement\":[{\"@type\":\"ListItem\",\"position\":1,\"name\":\"Home\",\"item\":\"https:\/\/www.edizioniterramarique.com\/\"},{\"@type\":\"ListItem\",\"position\":2,\"name\":\"Shop\",\"item\":\"https:\/\/www.edizioniterramarique.com\/\"},{\"@type\":\"ListItem\",\"position\":3,\"name\":\"Il potere segreto dell&#8217;alchimia interiore Dall\u2019illusione alla presenza: un viaggio verso il S\u00e9 autentico\"}]},{\"@type\":\"WebSite\",\"@id\":\"https:\/\/www.edizioniterramarique.com\/#website\",\"url\":\"https:\/\/www.edizioniterramarique.com\/\",\"name\":\"Edizioni Terra marique\",\"description\":\"Edizioni Terra marique\",\"publisher\":{\"@id\":\"https:\/\/www.edizioniterramarique.com\/#organization\"},\"potentialAction\":[{\"@type\":\"SearchAction\",\"target\":{\"@type\":\"EntryPoint\",\"urlTemplate\":\"https:\/\/www.edizioniterramarique.com\/?s={search_term_string}\"},\"query-input\":{\"@type\":\"PropertyValueSpecification\",\"valueRequired\":true,\"valueName\":\"search_term_string\"}}],\"inLanguage\":\"en-GB\"},{\"@type\":\"Organization\",\"@id\":\"https:\/\/www.edizioniterramarique.com\/#organization\",\"name\":\"Edizioni Terra marique\",\"url\":\"https:\/\/www.edizioniterramarique.com\/\",\"logo\":{\"@type\":\"ImageObject\",\"inLanguage\":\"en-GB\",\"@id\":\"https:\/\/www.edizioniterramarique.com\/#\/schema\/logo\/image\/\",\"url\":\"https:\/\/www.edizioniterramarique.com\/wp-content\/uploads\/2014\/02\/logo_web1.jpg\",\"contentUrl\":\"https:\/\/www.edizioniterramarique.com\/wp-content\/uploads\/2014\/02\/logo_web1.jpg\",\"width\":200,\"height\":109,\"caption\":\"Edizioni Terra marique\"},\"image\":{\"@id\":\"https:\/\/www.edizioniterramarique.com\/#\/schema\/logo\/image\/\"}}]}<\/script>\n<!-- \/ Yoast SEO plugin. -->","yoast_head_json":{"title":"Il potere segreto dell'alchimia interiore di Raffaele Ricci","description":"Attraverso questo percorso\u00a0scoprirai come elevare il tuo stato vibrazionale, trasformare la tua mentalit\u00e0 e riconoscere il tuo ruolo di creatore.","robots":{"index":"index","follow":"follow","max-snippet":"max-snippet:-1","max-image-preview":"max-image-preview:large","max-video-preview":"max-video-preview:-1"},"canonical":"https:\/\/www.edizioniterramarique.com\/en\/shop\/il-potere-segreto-dellalchimia-interiore-dallillusione-alla-presenza-un-viaggio-verso-il-se-autentico\/","og_locale":"en_GB","og_type":"article","og_title":"Il potere segreto dell'alchimia interiore di Raffaele Ricci","og_description":"Attraverso questo percorso\u00a0scoprirai come elevare il tuo stato vibrazionale, trasformare la tua mentalit\u00e0 e riconoscere il tuo ruolo di creatore.","og_url":"https:\/\/www.edizioniterramarique.com\/en\/shop\/il-potere-segreto-dellalchimia-interiore-dallillusione-alla-presenza-un-viaggio-verso-il-se-autentico\/","og_site_name":"Edizioni Terra marique","article_modified_time":"2026-04-27T10:28:26+00:00","og_image":[{"width":200,"height":285,"url":"https:\/\/www.edizioniterramarique.com\/wp-content\/uploads\/2026\/04\/Raffaele-Ricci-_-copertina-Shop-TM.jpg","type":"image\/jpeg"}],"twitter_misc":{"Estimated reading time":"1 minute"},"schema":{"@context":"https:\/\/schema.org","@graph":[{"@type":"WebPage","@id":"https:\/\/www.edizioniterramarique.com\/shop\/il-potere-segreto-dellalchimia-interiore-dallillusione-alla-presenza-un-viaggio-verso-il-se-autentico\/","url":"https:\/\/www.edizioniterramarique.com\/shop\/il-potere-segreto-dellalchimia-interiore-dallillusione-alla-presenza-un-viaggio-verso-il-se-autentico\/","name":"Il potere segreto dell'alchimia interiore di Raffaele Ricci","isPartOf":{"@id":"https:\/\/www.edizioniterramarique.com\/#website"},"primaryImageOfPage":{"@id":"https:\/\/www.edizioniterramarique.com\/shop\/il-potere-segreto-dellalchimia-interiore-dallillusione-alla-presenza-un-viaggio-verso-il-se-autentico\/#primaryimage"},"image":{"@id":"https:\/\/www.edizioniterramarique.com\/shop\/il-potere-segreto-dellalchimia-interiore-dallillusione-alla-presenza-un-viaggio-verso-il-se-autentico\/#primaryimage"},"thumbnailUrl":"https:\/\/www.edizioniterramarique.com\/wp-content\/uploads\/2026\/04\/Raffaele-Ricci-_-copertina-Shop-TM.jpg","datePublished":"2026-04-27T10:28:25+00:00","dateModified":"2026-04-27T10:28:26+00:00","description":"Attraverso questo percorso\u00a0scoprirai come elevare il tuo stato vibrazionale, trasformare la tua mentalit\u00e0 e riconoscere il tuo ruolo di creatore.","breadcrumb":{"@id":"https:\/\/www.edizioniterramarique.com\/shop\/il-potere-segreto-dellalchimia-interiore-dallillusione-alla-presenza-un-viaggio-verso-il-se-autentico\/#breadcrumb"},"inLanguage":"en-GB","potentialAction":[{"@type":"ReadAction","target":["https:\/\/www.edizioniterramarique.com\/shop\/il-potere-segreto-dellalchimia-interiore-dallillusione-alla-presenza-un-viaggio-verso-il-se-autentico\/"]}]},{"@type":"ImageObject","inLanguage":"en-GB","@id":"https:\/\/www.edizioniterramarique.com\/shop\/il-potere-segreto-dellalchimia-interiore-dallillusione-alla-presenza-un-viaggio-verso-il-se-autentico\/#primaryimage","url":"https:\/\/www.edizioniterramarique.com\/wp-content\/uploads\/2026\/04\/Raffaele-Ricci-_-copertina-Shop-TM.jpg","contentUrl":"https:\/\/www.edizioniterramarique.com\/wp-content\/uploads\/2026\/04\/Raffaele-Ricci-_-copertina-Shop-TM.jpg","width":200,"height":285,"caption":"Copertina \"Il potere segreto dell'alchimia interiore\""},{"@type":"BreadcrumbList","@id":"https:\/\/www.edizioniterramarique.com\/shop\/il-potere-segreto-dellalchimia-interiore-dallillusione-alla-presenza-un-viaggio-verso-il-se-autentico\/#breadcrumb","itemListElement":[{"@type":"ListItem","position":1,"name":"Home","item":"https:\/\/www.edizioniterramarique.com\/"},{"@type":"ListItem","position":2,"name":"Shop","item":"https:\/\/www.edizioniterramarique.com\/"},{"@type":"ListItem","position":3,"name":"Il potere segreto dell&#8217;alchimia interiore Dall\u2019illusione alla presenza: un viaggio verso il S\u00e9 autentico"}]},{"@type":"WebSite","@id":"https:\/\/www.edizioniterramarique.com\/#website","url":"https:\/\/www.edizioniterramarique.com\/","name":"Edizioni Terra marique","description":"Edizioni Terra marique","publisher":{"@id":"https:\/\/www.edizioniterramarique.com\/#organization"},"potentialAction":[{"@type":"SearchAction","target":{"@type":"EntryPoint","urlTemplate":"https:\/\/www.edizioniterramarique.com\/?s={search_term_string}"},"query-input":{"@type":"PropertyValueSpecification","valueRequired":true,"valueName":"search_term_string"}}],"inLanguage":"en-GB"},{"@type":"Organization","@id":"https:\/\/www.edizioniterramarique.com\/#organization","name":"Edizioni Terra marique","url":"https:\/\/www.edizioniterramarique.com\/","logo":{"@type":"ImageObject","inLanguage":"en-GB","@id":"https:\/\/www.edizioniterramarique.com\/#\/schema\/logo\/image\/","url":"https:\/\/www.edizioniterramarique.com\/wp-content\/uploads\/2014\/02\/logo_web1.jpg","contentUrl":"https:\/\/www.edizioniterramarique.com\/wp-content\/uploads\/2014\/02\/logo_web1.jpg","width":200,"height":109,"caption":"Edizioni Terra marique"},"image":{"@id":"https:\/\/www.edizioniterramarique.com\/#\/schema\/logo\/image\/"}}]}},"_links":{"self":[{"href":"https:\/\/www.edizioniterramarique.com\/en\/wp-json\/wp\/v2\/product\/4196","targetHints":{"allow":["GET"]}}],"collection":[{"href":"https:\/\/www.edizioniterramarique.com\/en\/wp-json\/wp\/v2\/product"}],"about":[{"href":"https:\/\/www.edizioniterramarique.com\/en\/wp-json\/wp\/v2\/types\/product"}],"wp:featuredmedia":[{"embeddable":true,"href":"https:\/\/www.edizioniterramarique.com\/en\/wp-json\/wp\/v2\/media\/4197"}],"wp:attachment":[{"href":"https:\/\/www.edizioniterramarique.com\/en\/wp-json\/wp\/v2\/media?parent=4196"}],"wp:term":[{"taxonomy":"product_brand","embeddable":true,"href":"https:\/\/www.edizioniterramarique.com\/en\/wp-json\/wp\/v2\/product_brand?post=4196"},{"taxonomy":"product_cat","embeddable":true,"href":"https:\/\/www.edizioniterramarique.com\/en\/wp-json\/wp\/v2\/product_cat?post=4196"},{"taxonomy":"product_tag","embeddable":true,"href":"https:\/\/www.edizioniterramarique.com\/en\/wp-json\/wp\/v2\/product_tag?post=4196"}],"curies":[{"name":"wp","href":"https:\/\/api.w.org\/{rel}","templated":true}]}}