{"id":4193,"date":"2026-05-04T17:50:41","date_gmt":"2026-05-04T15:50:41","guid":{"rendered":"https:\/\/www.edizioniterramarique.com\/?post_type=product&#038;p=4193"},"modified":"2026-05-04T17:50:42","modified_gmt":"2026-05-04T15:50:42","slug":"da-come-respiri","status":"publish","type":"product","link":"https:\/\/www.edizioniterramarique.com\/en\/shop\/da-come-respiri\/","title":{"rendered":"Da come respiri"},"content":{"rendered":"<p>Tre donne, tre vite destinate a incrociarsi. Un romanzo pieno di passione, nato dal desiderio di comprendere le scelte di fronte alle difficolt\u00e0.<br \/>\nMatilde, Marina e Olga sono tessere di un mosaico il cui collante \u00e8 un\u2019altra donna, Emanuela, la cui voce amplifica l\u2019umanit\u00e0 di ciascuna. Lungo il cammino c\u2019\u00e8 chi decide di cambiare le proprie priorit\u00e0 per prendersi cura di s\u00e9 e della persona amata. C\u2019\u00e8 chi raccoglie i cocci dopo la fine di una relazione tossica. E chi impara ad accettare l\u2019inevitabile, aprendosi all\u2019amore.<br \/>\nRosalba Di Gioia firma il suo primo libro e lo fa con un piglio deciso, sostenuta dall\u2019incontro perfetto tra sensibilit\u00e0 e delicatezza che \u00e8 il pregio della maturit\u00e0.<\/p>","protected":false},"excerpt":{"rendered":"<p>di Rosalba Di Gioia<br \/>\nTerra Donna<br \/>\nIsbn 9791280254764<\/p>","protected":false},"featured_media":4194,"template":"","meta":[],"product_brand":[],"product_cat":[129],"product_tag":[],"class_list":{"0":"post-4193","1":"product","2":"type-product","3":"status-publish","4":"has-post-thumbnail","6":"product_cat-romanzo","8":"first","9":"instock","10":"shipping-taxable","11":"purchasable","12":"product-type-simple"},"yoast_head":"<!-- This site is optimized with the Yoast SEO plugin v26.9 - https:\/\/yoast.com\/product\/yoast-seo-wordpress\/ -->\n<title>Da come respiri di Rosalba Di Gioia - Edizioni Terra marique<\/title>\n<meta name=\"description\" content=\"Tre donne, tre vite destinate a incrociarsi. Matilde, Marina e Olga sono tessere di un mosaico il cui collante \u00e8 un\u2019altra donna, Emanuela.\" \/>\n<meta name=\"robots\" content=\"index, follow, max-snippet:-1, max-image-preview:large, max-video-preview:-1\" \/>\n<link rel=\"canonical\" href=\"https:\/\/www.edizioniterramarique.com\/en\/shop\/da-come-respiri\/\" \/>\n<meta property=\"og:locale\" content=\"en_GB\" \/>\n<meta property=\"og:type\" content=\"article\" \/>\n<meta property=\"og:title\" content=\"Da come respiri di Rosalba Di Gioia - Edizioni Terra marique\" \/>\n<meta property=\"og:description\" content=\"Tre donne, tre vite destinate a incrociarsi. Matilde, Marina e Olga sono tessere di un mosaico il cui collante \u00e8 un\u2019altra donna, Emanuela.\" \/>\n<meta property=\"og:url\" content=\"https:\/\/www.edizioniterramarique.com\/en\/shop\/da-come-respiri\/\" \/>\n<meta property=\"og:site_name\" content=\"Edizioni Terra marique\" \/>\n<meta property=\"article:modified_time\" content=\"2026-05-04T15:50:42+00:00\" \/>\n<meta property=\"og:image\" content=\"https:\/\/www.edizioniterramarique.com\/wp-content\/uploads\/2026\/04\/Rosalba-Di-Gioia-_-copertina-per-Shop-TM.jpg\" \/>\n\t<meta property=\"og:image:width\" content=\"200\" \/>\n\t<meta property=\"og:image:height\" content=\"283\" \/>\n\t<meta property=\"og:image:type\" content=\"image\/jpeg\" \/>\n<meta name=\"twitter:label1\" content=\"Estimated reading time\" \/>\n\t<meta name=\"twitter:data1\" content=\"1 minute\" \/>\n<script type=\"application\/ld+json\" class=\"yoast-schema-graph\">{\"@context\":\"https:\/\/schema.org\",\"@graph\":[{\"@type\":\"WebPage\",\"@id\":\"https:\/\/www.edizioniterramarique.com\/shop\/da-come-respiri\/\",\"url\":\"https:\/\/www.edizioniterramarique.com\/shop\/da-come-respiri\/\",\"name\":\"Da come respiri di Rosalba Di Gioia - Edizioni Terra marique\",\"isPartOf\":{\"@id\":\"https:\/\/www.edizioniterramarique.com\/#website\"},\"primaryImageOfPage\":{\"@id\":\"https:\/\/www.edizioniterramarique.com\/shop\/da-come-respiri\/#primaryimage\"},\"image\":{\"@id\":\"https:\/\/www.edizioniterramarique.com\/shop\/da-come-respiri\/#primaryimage\"},\"thumbnailUrl\":\"https:\/\/www.edizioniterramarique.com\/wp-content\/uploads\/2026\/04\/Rosalba-Di-Gioia-_-copertina-per-Shop-TM.jpg\",\"datePublished\":\"2026-05-04T15:50:41+00:00\",\"dateModified\":\"2026-05-04T15:50:42+00:00\",\"description\":\"Tre donne, tre vite destinate a incrociarsi. Matilde, Marina e Olga sono tessere di un mosaico il cui collante \u00e8 un\u2019altra donna, Emanuela.\",\"breadcrumb\":{\"@id\":\"https:\/\/www.edizioniterramarique.com\/shop\/da-come-respiri\/#breadcrumb\"},\"inLanguage\":\"en-GB\",\"potentialAction\":[{\"@type\":\"ReadAction\",\"target\":[\"https:\/\/www.edizioniterramarique.com\/shop\/da-come-respiri\/\"]}]},{\"@type\":\"ImageObject\",\"inLanguage\":\"en-GB\",\"@id\":\"https:\/\/www.edizioniterramarique.com\/shop\/da-come-respiri\/#primaryimage\",\"url\":\"https:\/\/www.edizioniterramarique.com\/wp-content\/uploads\/2026\/04\/Rosalba-Di-Gioia-_-copertina-per-Shop-TM.jpg\",\"contentUrl\":\"https:\/\/www.edizioniterramarique.com\/wp-content\/uploads\/2026\/04\/Rosalba-Di-Gioia-_-copertina-per-Shop-TM.jpg\",\"width\":200,\"height\":283,\"caption\":\"Copertina \\\"Da come respiri\\\"\"},{\"@type\":\"BreadcrumbList\",\"@id\":\"https:\/\/www.edizioniterramarique.com\/shop\/da-come-respiri\/#breadcrumb\",\"itemListElement\":[{\"@type\":\"ListItem\",\"position\":1,\"name\":\"Home\",\"item\":\"https:\/\/www.edizioniterramarique.com\/\"},{\"@type\":\"ListItem\",\"position\":2,\"name\":\"Shop\",\"item\":\"https:\/\/www.edizioniterramarique.com\/\"},{\"@type\":\"ListItem\",\"position\":3,\"name\":\"Da come respiri\"}]},{\"@type\":\"WebSite\",\"@id\":\"https:\/\/www.edizioniterramarique.com\/#website\",\"url\":\"https:\/\/www.edizioniterramarique.com\/\",\"name\":\"Edizioni Terra marique\",\"description\":\"Edizioni Terra marique\",\"publisher\":{\"@id\":\"https:\/\/www.edizioniterramarique.com\/#organization\"},\"potentialAction\":[{\"@type\":\"SearchAction\",\"target\":{\"@type\":\"EntryPoint\",\"urlTemplate\":\"https:\/\/www.edizioniterramarique.com\/?s={search_term_string}\"},\"query-input\":{\"@type\":\"PropertyValueSpecification\",\"valueRequired\":true,\"valueName\":\"search_term_string\"}}],\"inLanguage\":\"en-GB\"},{\"@type\":\"Organization\",\"@id\":\"https:\/\/www.edizioniterramarique.com\/#organization\",\"name\":\"Edizioni Terra marique\",\"url\":\"https:\/\/www.edizioniterramarique.com\/\",\"logo\":{\"@type\":\"ImageObject\",\"inLanguage\":\"en-GB\",\"@id\":\"https:\/\/www.edizioniterramarique.com\/#\/schema\/logo\/image\/\",\"url\":\"https:\/\/www.edizioniterramarique.com\/wp-content\/uploads\/2014\/02\/logo_web1.jpg\",\"contentUrl\":\"https:\/\/www.edizioniterramarique.com\/wp-content\/uploads\/2014\/02\/logo_web1.jpg\",\"width\":200,\"height\":109,\"caption\":\"Edizioni Terra marique\"},\"image\":{\"@id\":\"https:\/\/www.edizioniterramarique.com\/#\/schema\/logo\/image\/\"}}]}<\/script>\n<!-- \/ Yoast SEO plugin. -->","yoast_head_json":{"title":"Da come respiri di Rosalba Di Gioia - Edizioni Terra marique","description":"Tre donne, tre vite destinate a incrociarsi. Matilde, Marina e Olga sono tessere di un mosaico il cui collante \u00e8 un\u2019altra donna, Emanuela.","robots":{"index":"index","follow":"follow","max-snippet":"max-snippet:-1","max-image-preview":"max-image-preview:large","max-video-preview":"max-video-preview:-1"},"canonical":"https:\/\/www.edizioniterramarique.com\/en\/shop\/da-come-respiri\/","og_locale":"en_GB","og_type":"article","og_title":"Da come respiri di Rosalba Di Gioia - Edizioni Terra marique","og_description":"Tre donne, tre vite destinate a incrociarsi. Matilde, Marina e Olga sono tessere di un mosaico il cui collante \u00e8 un\u2019altra donna, Emanuela.","og_url":"https:\/\/www.edizioniterramarique.com\/en\/shop\/da-come-respiri\/","og_site_name":"Edizioni Terra marique","article_modified_time":"2026-05-04T15:50:42+00:00","og_image":[{"width":200,"height":283,"url":"https:\/\/www.edizioniterramarique.com\/wp-content\/uploads\/2026\/04\/Rosalba-Di-Gioia-_-copertina-per-Shop-TM.jpg","type":"image\/jpeg"}],"twitter_misc":{"Estimated reading time":"1 minute"},"schema":{"@context":"https:\/\/schema.org","@graph":[{"@type":"WebPage","@id":"https:\/\/www.edizioniterramarique.com\/shop\/da-come-respiri\/","url":"https:\/\/www.edizioniterramarique.com\/shop\/da-come-respiri\/","name":"Da come respiri di Rosalba Di Gioia - Edizioni Terra marique","isPartOf":{"@id":"https:\/\/www.edizioniterramarique.com\/#website"},"primaryImageOfPage":{"@id":"https:\/\/www.edizioniterramarique.com\/shop\/da-come-respiri\/#primaryimage"},"image":{"@id":"https:\/\/www.edizioniterramarique.com\/shop\/da-come-respiri\/#primaryimage"},"thumbnailUrl":"https:\/\/www.edizioniterramarique.com\/wp-content\/uploads\/2026\/04\/Rosalba-Di-Gioia-_-copertina-per-Shop-TM.jpg","datePublished":"2026-05-04T15:50:41+00:00","dateModified":"2026-05-04T15:50:42+00:00","description":"Tre donne, tre vite destinate a incrociarsi. Matilde, Marina e Olga sono tessere di un mosaico il cui collante \u00e8 un\u2019altra donna, Emanuela.","breadcrumb":{"@id":"https:\/\/www.edizioniterramarique.com\/shop\/da-come-respiri\/#breadcrumb"},"inLanguage":"en-GB","potentialAction":[{"@type":"ReadAction","target":["https:\/\/www.edizioniterramarique.com\/shop\/da-come-respiri\/"]}]},{"@type":"ImageObject","inLanguage":"en-GB","@id":"https:\/\/www.edizioniterramarique.com\/shop\/da-come-respiri\/#primaryimage","url":"https:\/\/www.edizioniterramarique.com\/wp-content\/uploads\/2026\/04\/Rosalba-Di-Gioia-_-copertina-per-Shop-TM.jpg","contentUrl":"https:\/\/www.edizioniterramarique.com\/wp-content\/uploads\/2026\/04\/Rosalba-Di-Gioia-_-copertina-per-Shop-TM.jpg","width":200,"height":283,"caption":"Copertina \"Da come respiri\""},{"@type":"BreadcrumbList","@id":"https:\/\/www.edizioniterramarique.com\/shop\/da-come-respiri\/#breadcrumb","itemListElement":[{"@type":"ListItem","position":1,"name":"Home","item":"https:\/\/www.edizioniterramarique.com\/"},{"@type":"ListItem","position":2,"name":"Shop","item":"https:\/\/www.edizioniterramarique.com\/"},{"@type":"ListItem","position":3,"name":"Da come respiri"}]},{"@type":"WebSite","@id":"https:\/\/www.edizioniterramarique.com\/#website","url":"https:\/\/www.edizioniterramarique.com\/","name":"Edizioni Terra marique","description":"Edizioni Terra marique","publisher":{"@id":"https:\/\/www.edizioniterramarique.com\/#organization"},"potentialAction":[{"@type":"SearchAction","target":{"@type":"EntryPoint","urlTemplate":"https:\/\/www.edizioniterramarique.com\/?s={search_term_string}"},"query-input":{"@type":"PropertyValueSpecification","valueRequired":true,"valueName":"search_term_string"}}],"inLanguage":"en-GB"},{"@type":"Organization","@id":"https:\/\/www.edizioniterramarique.com\/#organization","name":"Edizioni Terra marique","url":"https:\/\/www.edizioniterramarique.com\/","logo":{"@type":"ImageObject","inLanguage":"en-GB","@id":"https:\/\/www.edizioniterramarique.com\/#\/schema\/logo\/image\/","url":"https:\/\/www.edizioniterramarique.com\/wp-content\/uploads\/2014\/02\/logo_web1.jpg","contentUrl":"https:\/\/www.edizioniterramarique.com\/wp-content\/uploads\/2014\/02\/logo_web1.jpg","width":200,"height":109,"caption":"Edizioni Terra marique"},"image":{"@id":"https:\/\/www.edizioniterramarique.com\/#\/schema\/logo\/image\/"}}]}},"_links":{"self":[{"href":"https:\/\/www.edizioniterramarique.com\/en\/wp-json\/wp\/v2\/product\/4193","targetHints":{"allow":["GET"]}}],"collection":[{"href":"https:\/\/www.edizioniterramarique.com\/en\/wp-json\/wp\/v2\/product"}],"about":[{"href":"https:\/\/www.edizioniterramarique.com\/en\/wp-json\/wp\/v2\/types\/product"}],"wp:featuredmedia":[{"embeddable":true,"href":"https:\/\/www.edizioniterramarique.com\/en\/wp-json\/wp\/v2\/media\/4194"}],"wp:attachment":[{"href":"https:\/\/www.edizioniterramarique.com\/en\/wp-json\/wp\/v2\/media?parent=4193"}],"wp:term":[{"taxonomy":"product_brand","embeddable":true,"href":"https:\/\/www.edizioniterramarique.com\/en\/wp-json\/wp\/v2\/product_brand?post=4193"},{"taxonomy":"product_cat","embeddable":true,"href":"https:\/\/www.edizioniterramarique.com\/en\/wp-json\/wp\/v2\/product_cat?post=4193"},{"taxonomy":"product_tag","embeddable":true,"href":"https:\/\/www.edizioniterramarique.com\/en\/wp-json\/wp\/v2\/product_tag?post=4193"}],"curies":[{"name":"wp","href":"https:\/\/api.w.org\/{rel}","templated":true}]}}