{"id":4083,"date":"2024-12-07T18:01:27","date_gmt":"2024-12-07T17:01:27","guid":{"rendered":"https:\/\/www.edizioniterramarique.com\/?post_type=product&#038;p=4083"},"modified":"2024-12-18T08:59:30","modified_gmt":"2024-12-18T07:59:30","slug":"le-ferite-invisibili","status":"publish","type":"product","link":"https:\/\/www.edizioniterramarique.com\/en\/shop\/le-ferite-invisibili\/","title":{"rendered":"Le ferite invisibili"},"content":{"rendered":"<p>\u201cVivevamo a un\u2019altezza che superava i mille metri, arroccati sul Monte Difesa: di fronte a noi si apriva la Val di Neto, mentre alle nostre spalle si ergeva la Sila Grande. Non ricordo di aver mai passato un\u2019intera giornata in casa, n\u00e9 durante la bella stagione, quando l\u2019estate esplodeva sospinta dallo scirocco, n\u00e9 al sopraggiungere dell\u2019inverno, quando la neve trasformava il paese in un presepe. Vivevamo a stretto contatto con la natura, sotto un cielo maestoso, che ti faceva sentire un puntino nel mondo tanto era grande e tu, l\u00ec sotto, dovevi stare attento a non smarrirti\u201d.<\/p>\n<p>Salvatore De Marco descrive cos\u00ec la sua infanzia, prima del trasferimento in Svizzera e l\u2019inizio di un nuovo percorso, pi\u00f9 complicato e tormentato.<\/p>\n<p>Infatti il destino non gli risparmier\u00e0 pesanti sofferenze, che Salvatore sapr\u00e0 affrontare grazie alla forza che scopre di avere dentro di s\u00e9 e al legame indissolubile con la moglie Francesca, da sempre al suo fianco.<\/p>\n<p>Le pagine di questo libro sono la testimonianza di come, avendo sub\u00ecto cattiverie di ogni tipo e non potendo pi\u00f9 credere nella giustizia, sia l\u2019amore l\u2019unica salvezza possibile.<\/p>\n<p><strong><span lang=\"FR-CH\">L&#8217;intero ricavato dalla vendita dei libri verr\u00e0 donato all&#8217;associazione no-profit dedicata alla cura delle malattie autoinfiammatorie FMF &amp; AID GLOBAL ASSOCIATION.<\/span><\/strong><\/p>","protected":false},"excerpt":{"rendered":"<p>di Salvatore De Marco<br \/>\nCollana E.B.<br \/>\nIsbn 9791280254559<\/p>","protected":false},"featured_media":4084,"template":"","meta":[],"product_brand":[],"product_cat":[70],"product_tag":[],"class_list":{"0":"post-4083","1":"product","2":"type-product","3":"status-publish","4":"has-post-thumbnail","6":"product_cat-autobiografia","8":"first","9":"instock","10":"shipping-taxable","11":"purchasable","12":"product-type-simple"},"yoast_head":"<!-- This site is optimized with the Yoast SEO plugin v26.9 - https:\/\/yoast.com\/product\/yoast-seo-wordpress\/ -->\n<title>Le ferite invisibili di Salvatore De Marco - Edizioni Terra marique<\/title>\n<meta name=\"description\" content=\"L&#039;autore descrive la sua infanzia, prima del trasferimento in Svizzera e l\u2019inizio di un nuovo percorso. Il destino non gli risparmier\u00e0 pesanti sofferenze.\" \/>\n<meta name=\"robots\" content=\"index, follow, max-snippet:-1, max-image-preview:large, max-video-preview:-1\" \/>\n<link rel=\"canonical\" href=\"https:\/\/www.edizioniterramarique.com\/en\/shop\/le-ferite-invisibili\/\" \/>\n<meta property=\"og:locale\" content=\"en_GB\" \/>\n<meta property=\"og:type\" content=\"article\" \/>\n<meta property=\"og:title\" content=\"Le ferite invisibili di Salvatore De Marco - Edizioni Terra marique\" \/>\n<meta property=\"og:description\" content=\"L&#039;autore descrive la sua infanzia, prima del trasferimento in Svizzera e l\u2019inizio di un nuovo percorso. Il destino non gli risparmier\u00e0 pesanti sofferenze.\" \/>\n<meta property=\"og:url\" content=\"https:\/\/www.edizioniterramarique.com\/en\/shop\/le-ferite-invisibili\/\" \/>\n<meta property=\"og:site_name\" content=\"Edizioni Terra marique\" \/>\n<meta property=\"article:modified_time\" content=\"2024-12-18T07:59:30+00:00\" \/>\n<meta property=\"og:image\" content=\"https:\/\/www.edizioniterramarique.com\/wp-content\/uploads\/2024\/12\/De-Marco_copertina_PER-SHOP-TM.jpg\" \/>\n\t<meta property=\"og:image:width\" content=\"200\" \/>\n\t<meta property=\"og:image:height\" content=\"284\" \/>\n\t<meta property=\"og:image:type\" content=\"image\/jpeg\" \/>\n<meta name=\"twitter:label1\" content=\"Estimated reading time\" \/>\n\t<meta name=\"twitter:data1\" content=\"2 minutes\" \/>\n<script type=\"application\/ld+json\" class=\"yoast-schema-graph\">{\"@context\":\"https:\/\/schema.org\",\"@graph\":[{\"@type\":\"WebPage\",\"@id\":\"https:\/\/www.edizioniterramarique.com\/shop\/le-ferite-invisibili\/\",\"url\":\"https:\/\/www.edizioniterramarique.com\/shop\/le-ferite-invisibili\/\",\"name\":\"Le ferite invisibili di Salvatore De Marco - Edizioni Terra marique\",\"isPartOf\":{\"@id\":\"https:\/\/www.edizioniterramarique.com\/#website\"},\"primaryImageOfPage\":{\"@id\":\"https:\/\/www.edizioniterramarique.com\/shop\/le-ferite-invisibili\/#primaryimage\"},\"image\":{\"@id\":\"https:\/\/www.edizioniterramarique.com\/shop\/le-ferite-invisibili\/#primaryimage\"},\"thumbnailUrl\":\"https:\/\/www.edizioniterramarique.com\/wp-content\/uploads\/2024\/12\/De-Marco_copertina_PER-SHOP-TM.jpg\",\"datePublished\":\"2024-12-07T17:01:27+00:00\",\"dateModified\":\"2024-12-18T07:59:30+00:00\",\"description\":\"L'autore descrive la sua infanzia, prima del trasferimento in Svizzera e l\u2019inizio di un nuovo percorso. Il destino non gli risparmier\u00e0 pesanti sofferenze.\",\"breadcrumb\":{\"@id\":\"https:\/\/www.edizioniterramarique.com\/shop\/le-ferite-invisibili\/#breadcrumb\"},\"inLanguage\":\"en-GB\",\"potentialAction\":[{\"@type\":\"ReadAction\",\"target\":[\"https:\/\/www.edizioniterramarique.com\/shop\/le-ferite-invisibili\/\"]}]},{\"@type\":\"ImageObject\",\"inLanguage\":\"en-GB\",\"@id\":\"https:\/\/www.edizioniterramarique.com\/shop\/le-ferite-invisibili\/#primaryimage\",\"url\":\"https:\/\/www.edizioniterramarique.com\/wp-content\/uploads\/2024\/12\/De-Marco_copertina_PER-SHOP-TM.jpg\",\"contentUrl\":\"https:\/\/www.edizioniterramarique.com\/wp-content\/uploads\/2024\/12\/De-Marco_copertina_PER-SHOP-TM.jpg\",\"width\":200,\"height\":284,\"caption\":\"Copertina Le ferite invisibili\"},{\"@type\":\"BreadcrumbList\",\"@id\":\"https:\/\/www.edizioniterramarique.com\/shop\/le-ferite-invisibili\/#breadcrumb\",\"itemListElement\":[{\"@type\":\"ListItem\",\"position\":1,\"name\":\"Home\",\"item\":\"https:\/\/www.edizioniterramarique.com\/\"},{\"@type\":\"ListItem\",\"position\":2,\"name\":\"Shop\",\"item\":\"https:\/\/www.edizioniterramarique.com\/\"},{\"@type\":\"ListItem\",\"position\":3,\"name\":\"Le ferite invisibili\"}]},{\"@type\":\"WebSite\",\"@id\":\"https:\/\/www.edizioniterramarique.com\/#website\",\"url\":\"https:\/\/www.edizioniterramarique.com\/\",\"name\":\"Edizioni Terra marique\",\"description\":\"Edizioni Terra marique\",\"publisher\":{\"@id\":\"https:\/\/www.edizioniterramarique.com\/#organization\"},\"potentialAction\":[{\"@type\":\"SearchAction\",\"target\":{\"@type\":\"EntryPoint\",\"urlTemplate\":\"https:\/\/www.edizioniterramarique.com\/?s={search_term_string}\"},\"query-input\":{\"@type\":\"PropertyValueSpecification\",\"valueRequired\":true,\"valueName\":\"search_term_string\"}}],\"inLanguage\":\"en-GB\"},{\"@type\":\"Organization\",\"@id\":\"https:\/\/www.edizioniterramarique.com\/#organization\",\"name\":\"Edizioni Terra marique\",\"url\":\"https:\/\/www.edizioniterramarique.com\/\",\"logo\":{\"@type\":\"ImageObject\",\"inLanguage\":\"en-GB\",\"@id\":\"https:\/\/www.edizioniterramarique.com\/#\/schema\/logo\/image\/\",\"url\":\"https:\/\/www.edizioniterramarique.com\/wp-content\/uploads\/2014\/02\/logo_web1.jpg\",\"contentUrl\":\"https:\/\/www.edizioniterramarique.com\/wp-content\/uploads\/2014\/02\/logo_web1.jpg\",\"width\":200,\"height\":109,\"caption\":\"Edizioni Terra marique\"},\"image\":{\"@id\":\"https:\/\/www.edizioniterramarique.com\/#\/schema\/logo\/image\/\"}}]}<\/script>\n<!-- \/ Yoast SEO plugin. -->","yoast_head_json":{"title":"Le ferite invisibili di Salvatore De Marco - Edizioni Terra marique","description":"L'autore descrive la sua infanzia, prima del trasferimento in Svizzera e l\u2019inizio di un nuovo percorso. Il destino non gli risparmier\u00e0 pesanti sofferenze.","robots":{"index":"index","follow":"follow","max-snippet":"max-snippet:-1","max-image-preview":"max-image-preview:large","max-video-preview":"max-video-preview:-1"},"canonical":"https:\/\/www.edizioniterramarique.com\/en\/shop\/le-ferite-invisibili\/","og_locale":"en_GB","og_type":"article","og_title":"Le ferite invisibili di Salvatore De Marco - Edizioni Terra marique","og_description":"L'autore descrive la sua infanzia, prima del trasferimento in Svizzera e l\u2019inizio di un nuovo percorso. Il destino non gli risparmier\u00e0 pesanti sofferenze.","og_url":"https:\/\/www.edizioniterramarique.com\/en\/shop\/le-ferite-invisibili\/","og_site_name":"Edizioni Terra marique","article_modified_time":"2024-12-18T07:59:30+00:00","og_image":[{"width":200,"height":284,"url":"https:\/\/www.edizioniterramarique.com\/wp-content\/uploads\/2024\/12\/De-Marco_copertina_PER-SHOP-TM.jpg","type":"image\/jpeg"}],"twitter_misc":{"Estimated reading time":"2 minutes"},"schema":{"@context":"https:\/\/schema.org","@graph":[{"@type":"WebPage","@id":"https:\/\/www.edizioniterramarique.com\/shop\/le-ferite-invisibili\/","url":"https:\/\/www.edizioniterramarique.com\/shop\/le-ferite-invisibili\/","name":"Le ferite invisibili di Salvatore De Marco - Edizioni Terra marique","isPartOf":{"@id":"https:\/\/www.edizioniterramarique.com\/#website"},"primaryImageOfPage":{"@id":"https:\/\/www.edizioniterramarique.com\/shop\/le-ferite-invisibili\/#primaryimage"},"image":{"@id":"https:\/\/www.edizioniterramarique.com\/shop\/le-ferite-invisibili\/#primaryimage"},"thumbnailUrl":"https:\/\/www.edizioniterramarique.com\/wp-content\/uploads\/2024\/12\/De-Marco_copertina_PER-SHOP-TM.jpg","datePublished":"2024-12-07T17:01:27+00:00","dateModified":"2024-12-18T07:59:30+00:00","description":"L'autore descrive la sua infanzia, prima del trasferimento in Svizzera e l\u2019inizio di un nuovo percorso. Il destino non gli risparmier\u00e0 pesanti sofferenze.","breadcrumb":{"@id":"https:\/\/www.edizioniterramarique.com\/shop\/le-ferite-invisibili\/#breadcrumb"},"inLanguage":"en-GB","potentialAction":[{"@type":"ReadAction","target":["https:\/\/www.edizioniterramarique.com\/shop\/le-ferite-invisibili\/"]}]},{"@type":"ImageObject","inLanguage":"en-GB","@id":"https:\/\/www.edizioniterramarique.com\/shop\/le-ferite-invisibili\/#primaryimage","url":"https:\/\/www.edizioniterramarique.com\/wp-content\/uploads\/2024\/12\/De-Marco_copertina_PER-SHOP-TM.jpg","contentUrl":"https:\/\/www.edizioniterramarique.com\/wp-content\/uploads\/2024\/12\/De-Marco_copertina_PER-SHOP-TM.jpg","width":200,"height":284,"caption":"Copertina Le ferite invisibili"},{"@type":"BreadcrumbList","@id":"https:\/\/www.edizioniterramarique.com\/shop\/le-ferite-invisibili\/#breadcrumb","itemListElement":[{"@type":"ListItem","position":1,"name":"Home","item":"https:\/\/www.edizioniterramarique.com\/"},{"@type":"ListItem","position":2,"name":"Shop","item":"https:\/\/www.edizioniterramarique.com\/"},{"@type":"ListItem","position":3,"name":"Le ferite invisibili"}]},{"@type":"WebSite","@id":"https:\/\/www.edizioniterramarique.com\/#website","url":"https:\/\/www.edizioniterramarique.com\/","name":"Edizioni Terra marique","description":"Edizioni Terra marique","publisher":{"@id":"https:\/\/www.edizioniterramarique.com\/#organization"},"potentialAction":[{"@type":"SearchAction","target":{"@type":"EntryPoint","urlTemplate":"https:\/\/www.edizioniterramarique.com\/?s={search_term_string}"},"query-input":{"@type":"PropertyValueSpecification","valueRequired":true,"valueName":"search_term_string"}}],"inLanguage":"en-GB"},{"@type":"Organization","@id":"https:\/\/www.edizioniterramarique.com\/#organization","name":"Edizioni Terra marique","url":"https:\/\/www.edizioniterramarique.com\/","logo":{"@type":"ImageObject","inLanguage":"en-GB","@id":"https:\/\/www.edizioniterramarique.com\/#\/schema\/logo\/image\/","url":"https:\/\/www.edizioniterramarique.com\/wp-content\/uploads\/2014\/02\/logo_web1.jpg","contentUrl":"https:\/\/www.edizioniterramarique.com\/wp-content\/uploads\/2014\/02\/logo_web1.jpg","width":200,"height":109,"caption":"Edizioni Terra marique"},"image":{"@id":"https:\/\/www.edizioniterramarique.com\/#\/schema\/logo\/image\/"}}]}},"_links":{"self":[{"href":"https:\/\/www.edizioniterramarique.com\/en\/wp-json\/wp\/v2\/product\/4083","targetHints":{"allow":["GET"]}}],"collection":[{"href":"https:\/\/www.edizioniterramarique.com\/en\/wp-json\/wp\/v2\/product"}],"about":[{"href":"https:\/\/www.edizioniterramarique.com\/en\/wp-json\/wp\/v2\/types\/product"}],"wp:featuredmedia":[{"embeddable":true,"href":"https:\/\/www.edizioniterramarique.com\/en\/wp-json\/wp\/v2\/media\/4084"}],"wp:attachment":[{"href":"https:\/\/www.edizioniterramarique.com\/en\/wp-json\/wp\/v2\/media?parent=4083"}],"wp:term":[{"taxonomy":"product_brand","embeddable":true,"href":"https:\/\/www.edizioniterramarique.com\/en\/wp-json\/wp\/v2\/product_brand?post=4083"},{"taxonomy":"product_cat","embeddable":true,"href":"https:\/\/www.edizioniterramarique.com\/en\/wp-json\/wp\/v2\/product_cat?post=4083"},{"taxonomy":"product_tag","embeddable":true,"href":"https:\/\/www.edizioniterramarique.com\/en\/wp-json\/wp\/v2\/product_tag?post=4083"}],"curies":[{"name":"wp","href":"https:\/\/api.w.org\/{rel}","templated":true}]}}