{"id":3971,"date":"2023-12-11T15:22:28","date_gmt":"2023-12-11T14:22:28","guid":{"rendered":"https:\/\/www.edizioniterramarique.com\/?post_type=product&#038;p=3971"},"modified":"2023-12-11T15:22:28","modified_gmt":"2023-12-11T14:22:28","slug":"come-la-vita-allimprovviso","status":"publish","type":"product","link":"https:\/\/www.edizioniterramarique.com\/en\/shop\/come-la-vita-allimprovviso\/","title":{"rendered":"Come la vita all&#8217;improvviso"},"content":{"rendered":"<p>Se c\u2019\u00e8 una cosa sulla quale posso contare, \u00e8 la mia memoria. \u00c8 uno strumento prezioso, un dono che ho avuto modo di tenere sempre allenato, grazie allo studio e alla professione che esercito. La memoria, insieme al tempo trascorso accanto a mia mamma soprattutto durante gli anni dell\u2019universit\u00e0, mi hanno aiutata nella stesura di questo libro.<\/p>\n<p>Ho infatti avuto la fortuna di ascoltare, talvolta per pomeriggi interi, i racconti che mia mamma faceva riguardo alla sua infanzia trascorsa in Puglia, alle caldissime giornate estive che passavano lente in attesa dello struscio serale, alla vita da adulta a Milano, dove ha conosciuto qualche gioia e tantissime tribolazioni.<\/p>\n<p>La ascoltavo incantata: se ora chiudo gli occhi, mi sembra di sentire la sua voce, un soffio leggero che mi riporta a un tempo che non c\u2019\u00e8 pi\u00f9, che non ho mai vissuto e che per\u00f2, come immagini proiettate su uno schermo, diventa reale.<\/p>\n<p>&nbsp;<\/p>","protected":false},"excerpt":{"rendered":"<p>di Maria Marcella Petrone<br \/>\nCollana E.B.<\/p>","protected":false},"featured_media":3972,"template":"","meta":[],"product_brand":[],"product_cat":[70],"product_tag":[],"class_list":{"0":"post-3971","1":"product","2":"type-product","3":"status-publish","4":"has-post-thumbnail","6":"product_cat-autobiografia","8":"first","9":"instock","10":"shipping-taxable","11":"product-type-simple"},"yoast_head":"<!-- This site is optimized with the Yoast SEO plugin v26.9 - https:\/\/yoast.com\/product\/yoast-seo-wordpress\/ -->\n<title>Come la vita all&#039;improvviso<\/title>\n<meta name=\"description\" content=\"Come la vita all&#039;improvviso di Maria Marcella Petrone - Edizioni Terra marique\" \/>\n<meta name=\"robots\" content=\"index, follow, max-snippet:-1, max-image-preview:large, max-video-preview:-1\" \/>\n<link rel=\"canonical\" href=\"https:\/\/www.edizioniterramarique.com\/en\/shop\/come-la-vita-allimprovviso\/\" \/>\n<meta property=\"og:locale\" content=\"en_GB\" \/>\n<meta property=\"og:type\" content=\"article\" \/>\n<meta property=\"og:title\" content=\"Come la vita all&#039;improvviso\" \/>\n<meta property=\"og:description\" content=\"Come la vita all&#039;improvviso di Maria Marcella Petrone - Edizioni Terra marique\" \/>\n<meta property=\"og:url\" content=\"https:\/\/www.edizioniterramarique.com\/en\/shop\/come-la-vita-allimprovviso\/\" \/>\n<meta property=\"og:site_name\" content=\"Edizioni Terra marique\" \/>\n<meta property=\"og:image\" content=\"https:\/\/www.edizioniterramarique.com\/wp-content\/uploads\/2023\/12\/Copertina-fronte_PER-SITO-TM.jpg\" \/>\n\t<meta property=\"og:image:width\" content=\"200\" \/>\n\t<meta property=\"og:image:height\" content=\"283\" \/>\n\t<meta property=\"og:image:type\" content=\"image\/jpeg\" \/>\n<meta name=\"twitter:label1\" content=\"Estimated reading time\" \/>\n\t<meta name=\"twitter:data1\" content=\"1 minute\" \/>\n<script type=\"application\/ld+json\" class=\"yoast-schema-graph\">{\"@context\":\"https:\/\/schema.org\",\"@graph\":[{\"@type\":\"WebPage\",\"@id\":\"https:\/\/www.edizioniterramarique.com\/shop\/come-la-vita-allimprovviso\/\",\"url\":\"https:\/\/www.edizioniterramarique.com\/shop\/come-la-vita-allimprovviso\/\",\"name\":\"Come la vita all'improvviso\",\"isPartOf\":{\"@id\":\"https:\/\/www.edizioniterramarique.com\/#website\"},\"primaryImageOfPage\":{\"@id\":\"https:\/\/www.edizioniterramarique.com\/shop\/come-la-vita-allimprovviso\/#primaryimage\"},\"image\":{\"@id\":\"https:\/\/www.edizioniterramarique.com\/shop\/come-la-vita-allimprovviso\/#primaryimage\"},\"thumbnailUrl\":\"https:\/\/www.edizioniterramarique.com\/wp-content\/uploads\/2023\/12\/Copertina-fronte_PER-SITO-TM.jpg\",\"datePublished\":\"2023-12-11T14:22:28+00:00\",\"description\":\"Come la vita all'improvviso di Maria Marcella Petrone - Edizioni Terra marique\",\"breadcrumb\":{\"@id\":\"https:\/\/www.edizioniterramarique.com\/shop\/come-la-vita-allimprovviso\/#breadcrumb\"},\"inLanguage\":\"en-GB\",\"potentialAction\":[{\"@type\":\"ReadAction\",\"target\":[\"https:\/\/www.edizioniterramarique.com\/shop\/come-la-vita-allimprovviso\/\"]}]},{\"@type\":\"ImageObject\",\"inLanguage\":\"en-GB\",\"@id\":\"https:\/\/www.edizioniterramarique.com\/shop\/come-la-vita-allimprovviso\/#primaryimage\",\"url\":\"https:\/\/www.edizioniterramarique.com\/wp-content\/uploads\/2023\/12\/Copertina-fronte_PER-SITO-TM.jpg\",\"contentUrl\":\"https:\/\/www.edizioniterramarique.com\/wp-content\/uploads\/2023\/12\/Copertina-fronte_PER-SITO-TM.jpg\",\"width\":200,\"height\":283,\"caption\":\"Copertina_Come la vita all'improvviso\"},{\"@type\":\"BreadcrumbList\",\"@id\":\"https:\/\/www.edizioniterramarique.com\/shop\/come-la-vita-allimprovviso\/#breadcrumb\",\"itemListElement\":[{\"@type\":\"ListItem\",\"position\":1,\"name\":\"Home\",\"item\":\"https:\/\/www.edizioniterramarique.com\/\"},{\"@type\":\"ListItem\",\"position\":2,\"name\":\"Shop\",\"item\":\"https:\/\/www.edizioniterramarique.com\/\"},{\"@type\":\"ListItem\",\"position\":3,\"name\":\"Come la vita all&#8217;improvviso\"}]},{\"@type\":\"WebSite\",\"@id\":\"https:\/\/www.edizioniterramarique.com\/#website\",\"url\":\"https:\/\/www.edizioniterramarique.com\/\",\"name\":\"Edizioni Terra marique\",\"description\":\"Edizioni Terra marique\",\"publisher\":{\"@id\":\"https:\/\/www.edizioniterramarique.com\/#organization\"},\"potentialAction\":[{\"@type\":\"SearchAction\",\"target\":{\"@type\":\"EntryPoint\",\"urlTemplate\":\"https:\/\/www.edizioniterramarique.com\/?s={search_term_string}\"},\"query-input\":{\"@type\":\"PropertyValueSpecification\",\"valueRequired\":true,\"valueName\":\"search_term_string\"}}],\"inLanguage\":\"en-GB\"},{\"@type\":\"Organization\",\"@id\":\"https:\/\/www.edizioniterramarique.com\/#organization\",\"name\":\"Edizioni Terra marique\",\"url\":\"https:\/\/www.edizioniterramarique.com\/\",\"logo\":{\"@type\":\"ImageObject\",\"inLanguage\":\"en-GB\",\"@id\":\"https:\/\/www.edizioniterramarique.com\/#\/schema\/logo\/image\/\",\"url\":\"https:\/\/www.edizioniterramarique.com\/wp-content\/uploads\/2014\/02\/logo_web1.jpg\",\"contentUrl\":\"https:\/\/www.edizioniterramarique.com\/wp-content\/uploads\/2014\/02\/logo_web1.jpg\",\"width\":200,\"height\":109,\"caption\":\"Edizioni Terra marique\"},\"image\":{\"@id\":\"https:\/\/www.edizioniterramarique.com\/#\/schema\/logo\/image\/\"}}]}<\/script>\n<!-- \/ Yoast SEO plugin. -->","yoast_head_json":{"title":"Come la vita all'improvviso","description":"Come la vita all'improvviso di Maria Marcella Petrone - Edizioni Terra marique","robots":{"index":"index","follow":"follow","max-snippet":"max-snippet:-1","max-image-preview":"max-image-preview:large","max-video-preview":"max-video-preview:-1"},"canonical":"https:\/\/www.edizioniterramarique.com\/en\/shop\/come-la-vita-allimprovviso\/","og_locale":"en_GB","og_type":"article","og_title":"Come la vita all'improvviso","og_description":"Come la vita all'improvviso di Maria Marcella Petrone - Edizioni Terra marique","og_url":"https:\/\/www.edizioniterramarique.com\/en\/shop\/come-la-vita-allimprovviso\/","og_site_name":"Edizioni Terra marique","og_image":[{"width":200,"height":283,"url":"https:\/\/www.edizioniterramarique.com\/wp-content\/uploads\/2023\/12\/Copertina-fronte_PER-SITO-TM.jpg","type":"image\/jpeg"}],"twitter_misc":{"Estimated reading time":"1 minute"},"schema":{"@context":"https:\/\/schema.org","@graph":[{"@type":"WebPage","@id":"https:\/\/www.edizioniterramarique.com\/shop\/come-la-vita-allimprovviso\/","url":"https:\/\/www.edizioniterramarique.com\/shop\/come-la-vita-allimprovviso\/","name":"Come la vita all'improvviso","isPartOf":{"@id":"https:\/\/www.edizioniterramarique.com\/#website"},"primaryImageOfPage":{"@id":"https:\/\/www.edizioniterramarique.com\/shop\/come-la-vita-allimprovviso\/#primaryimage"},"image":{"@id":"https:\/\/www.edizioniterramarique.com\/shop\/come-la-vita-allimprovviso\/#primaryimage"},"thumbnailUrl":"https:\/\/www.edizioniterramarique.com\/wp-content\/uploads\/2023\/12\/Copertina-fronte_PER-SITO-TM.jpg","datePublished":"2023-12-11T14:22:28+00:00","description":"Come la vita all'improvviso di Maria Marcella Petrone - Edizioni Terra marique","breadcrumb":{"@id":"https:\/\/www.edizioniterramarique.com\/shop\/come-la-vita-allimprovviso\/#breadcrumb"},"inLanguage":"en-GB","potentialAction":[{"@type":"ReadAction","target":["https:\/\/www.edizioniterramarique.com\/shop\/come-la-vita-allimprovviso\/"]}]},{"@type":"ImageObject","inLanguage":"en-GB","@id":"https:\/\/www.edizioniterramarique.com\/shop\/come-la-vita-allimprovviso\/#primaryimage","url":"https:\/\/www.edizioniterramarique.com\/wp-content\/uploads\/2023\/12\/Copertina-fronte_PER-SITO-TM.jpg","contentUrl":"https:\/\/www.edizioniterramarique.com\/wp-content\/uploads\/2023\/12\/Copertina-fronte_PER-SITO-TM.jpg","width":200,"height":283,"caption":"Copertina_Come la vita all'improvviso"},{"@type":"BreadcrumbList","@id":"https:\/\/www.edizioniterramarique.com\/shop\/come-la-vita-allimprovviso\/#breadcrumb","itemListElement":[{"@type":"ListItem","position":1,"name":"Home","item":"https:\/\/www.edizioniterramarique.com\/"},{"@type":"ListItem","position":2,"name":"Shop","item":"https:\/\/www.edizioniterramarique.com\/"},{"@type":"ListItem","position":3,"name":"Come la vita all&#8217;improvviso"}]},{"@type":"WebSite","@id":"https:\/\/www.edizioniterramarique.com\/#website","url":"https:\/\/www.edizioniterramarique.com\/","name":"Edizioni Terra marique","description":"Edizioni Terra marique","publisher":{"@id":"https:\/\/www.edizioniterramarique.com\/#organization"},"potentialAction":[{"@type":"SearchAction","target":{"@type":"EntryPoint","urlTemplate":"https:\/\/www.edizioniterramarique.com\/?s={search_term_string}"},"query-input":{"@type":"PropertyValueSpecification","valueRequired":true,"valueName":"search_term_string"}}],"inLanguage":"en-GB"},{"@type":"Organization","@id":"https:\/\/www.edizioniterramarique.com\/#organization","name":"Edizioni Terra marique","url":"https:\/\/www.edizioniterramarique.com\/","logo":{"@type":"ImageObject","inLanguage":"en-GB","@id":"https:\/\/www.edizioniterramarique.com\/#\/schema\/logo\/image\/","url":"https:\/\/www.edizioniterramarique.com\/wp-content\/uploads\/2014\/02\/logo_web1.jpg","contentUrl":"https:\/\/www.edizioniterramarique.com\/wp-content\/uploads\/2014\/02\/logo_web1.jpg","width":200,"height":109,"caption":"Edizioni Terra marique"},"image":{"@id":"https:\/\/www.edizioniterramarique.com\/#\/schema\/logo\/image\/"}}]}},"_links":{"self":[{"href":"https:\/\/www.edizioniterramarique.com\/en\/wp-json\/wp\/v2\/product\/3971","targetHints":{"allow":["GET"]}}],"collection":[{"href":"https:\/\/www.edizioniterramarique.com\/en\/wp-json\/wp\/v2\/product"}],"about":[{"href":"https:\/\/www.edizioniterramarique.com\/en\/wp-json\/wp\/v2\/types\/product"}],"wp:featuredmedia":[{"embeddable":true,"href":"https:\/\/www.edizioniterramarique.com\/en\/wp-json\/wp\/v2\/media\/3972"}],"wp:attachment":[{"href":"https:\/\/www.edizioniterramarique.com\/en\/wp-json\/wp\/v2\/media?parent=3971"}],"wp:term":[{"taxonomy":"product_brand","embeddable":true,"href":"https:\/\/www.edizioniterramarique.com\/en\/wp-json\/wp\/v2\/product_brand?post=3971"},{"taxonomy":"product_cat","embeddable":true,"href":"https:\/\/www.edizioniterramarique.com\/en\/wp-json\/wp\/v2\/product_cat?post=3971"},{"taxonomy":"product_tag","embeddable":true,"href":"https:\/\/www.edizioniterramarique.com\/en\/wp-json\/wp\/v2\/product_tag?post=3971"}],"curies":[{"name":"wp","href":"https:\/\/api.w.org\/{rel}","templated":true}]}}