{"id":3908,"date":"2023-03-20T16:43:39","date_gmt":"2023-03-20T15:43:39","guid":{"rendered":"https:\/\/www.edizioniterramarique.com\/?post_type=product&#038;p=3908"},"modified":"2023-03-20T16:43:39","modified_gmt":"2023-03-20T15:43:39","slug":"ladolescenza-tra-paure-e-sregolatezze","status":"publish","type":"product","link":"https:\/\/www.edizioniterramarique.com\/en\/shop\/ladolescenza-tra-paure-e-sregolatezze\/","title":{"rendered":"L\u2019adolescenza tra paure e sregolatezze. Come gli adulti possono creare un clima di vicinanza e ascolto"},"content":{"rendered":"<p>\u201cQuesto libro ha l\u2019obiettivo di porre l\u2019attenzione su un periodo della vita pieno di meraviglie e, forse anche per la forza dirompente che lo pervade, estremamente complesso\u201d.<\/p>\n<p>Elvira Collura, neuropsichiatra infantile, lavora da sempre a contatto con gli adolescenti e con i loro genitori: la sua posizione privilegiata le ha consentito di accumulare una vasta esperienza sulle problematiche tipiche dei giovani.<\/p>\n<p>In questo libro desidera rispondere a una domanda cruciale, alla quale nessun genitore ed educatore dovrebbe sottrarsi: \u201cGli adolescenti sono stati allenati a fare delle scelte positive per la loro crescita in accordo con il loro S\u00e9 autentico?\u201d.<\/p>\n<p>L\u2019obiettivo \u00e8 approfondire la riflessione su quel primo momento nel quale il ragazzo, non pi\u00f9 bambino e sempre pi\u00f9 proiettato verso l\u2019et\u00e0 adulta, desidera ardentemente scegliere tutto ci\u00f2 che riguarder\u00e0 la sua vita futura.<\/p>\n<p>Ma gli adulti sono davvero in grado di mettersi in contatto con le sue ansie e con le sue difficolt\u00e0 per capirlo e supportarlo in modo adeguato e costruttivo?<\/p>\n<p>\u201cNoi adulti, avendo la responsabilit\u00e0 di aiutare, abbiamo prima di tutto bisogno di consapevolezza e di imparare ad ascoltare\u201d.<\/p>\n<p>&nbsp;<\/p>","protected":false},"excerpt":{"rendered":"<p>di Elvira Collura<br \/>\nCollana Protagonisti<br \/>\nIsbn 9791280254313<\/p>","protected":false},"featured_media":3909,"template":"","meta":[],"product_brand":[],"product_cat":[69,118],"product_tag":[119,120],"class_list":{"0":"post-3908","1":"product","2":"type-product","3":"status-publish","4":"has-post-thumbnail","6":"product_cat-manuale","7":"product_cat-manuale-per-genitori","8":"product_tag-adolescenza","9":"product_tag-genitori","11":"first","12":"instock","13":"shipping-taxable","14":"purchasable","15":"product-type-simple"},"yoast_head":"<!-- This site is optimized with the Yoast SEO plugin v26.9 - https:\/\/yoast.com\/product\/yoast-seo-wordpress\/ -->\n<title>L&#039;adolescenza tra paure e sregolatezze<\/title>\n<meta name=\"description\" content=\"Questo libro ha l\u2019obiettivo di porre l\u2019attenzione su un periodo della vita pieno di meraviglie e, per la forza che lo pervade, estremamente complesso.\" \/>\n<meta name=\"robots\" content=\"index, follow, max-snippet:-1, max-image-preview:large, max-video-preview:-1\" \/>\n<link rel=\"canonical\" href=\"https:\/\/www.edizioniterramarique.com\/en\/shop\/ladolescenza-tra-paure-e-sregolatezze\/\" \/>\n<meta property=\"og:locale\" content=\"en_GB\" \/>\n<meta property=\"og:type\" content=\"article\" \/>\n<meta property=\"og:title\" content=\"L&#039;adolescenza tra paure e sregolatezze\" \/>\n<meta property=\"og:description\" content=\"Questo libro ha l\u2019obiettivo di porre l\u2019attenzione su un periodo della vita pieno di meraviglie e, per la forza che lo pervade, estremamente complesso.\" \/>\n<meta property=\"og:url\" content=\"https:\/\/www.edizioniterramarique.com\/en\/shop\/ladolescenza-tra-paure-e-sregolatezze\/\" \/>\n<meta property=\"og:site_name\" content=\"Edizioni Terra marique\" \/>\n<meta property=\"og:image\" content=\"https:\/\/www.edizioniterramarique.com\/wp-content\/uploads\/2023\/03\/Colura_copertina_PER-SHOP-TM.jpg\" \/>\n\t<meta property=\"og:image:width\" content=\"200\" \/>\n\t<meta property=\"og:image:height\" content=\"283\" \/>\n\t<meta property=\"og:image:type\" content=\"image\/jpeg\" \/>\n<meta name=\"twitter:label1\" content=\"Estimated reading time\" \/>\n\t<meta name=\"twitter:data1\" content=\"1 minute\" \/>\n<script type=\"application\/ld+json\" class=\"yoast-schema-graph\">{\"@context\":\"https:\/\/schema.org\",\"@graph\":[{\"@type\":\"WebPage\",\"@id\":\"https:\/\/www.edizioniterramarique.com\/shop\/ladolescenza-tra-paure-e-sregolatezze\/\",\"url\":\"https:\/\/www.edizioniterramarique.com\/shop\/ladolescenza-tra-paure-e-sregolatezze\/\",\"name\":\"L'adolescenza tra paure e sregolatezze\",\"isPartOf\":{\"@id\":\"https:\/\/www.edizioniterramarique.com\/#website\"},\"primaryImageOfPage\":{\"@id\":\"https:\/\/www.edizioniterramarique.com\/shop\/ladolescenza-tra-paure-e-sregolatezze\/#primaryimage\"},\"image\":{\"@id\":\"https:\/\/www.edizioniterramarique.com\/shop\/ladolescenza-tra-paure-e-sregolatezze\/#primaryimage\"},\"thumbnailUrl\":\"https:\/\/www.edizioniterramarique.com\/wp-content\/uploads\/2023\/03\/Colura_copertina_PER-SHOP-TM.jpg\",\"datePublished\":\"2023-03-20T15:43:39+00:00\",\"description\":\"Questo libro ha l\u2019obiettivo di porre l\u2019attenzione su un periodo della vita pieno di meraviglie e, per la forza che lo pervade, estremamente complesso.\",\"breadcrumb\":{\"@id\":\"https:\/\/www.edizioniterramarique.com\/shop\/ladolescenza-tra-paure-e-sregolatezze\/#breadcrumb\"},\"inLanguage\":\"en-GB\",\"potentialAction\":[{\"@type\":\"ReadAction\",\"target\":[\"https:\/\/www.edizioniterramarique.com\/shop\/ladolescenza-tra-paure-e-sregolatezze\/\"]}]},{\"@type\":\"ImageObject\",\"inLanguage\":\"en-GB\",\"@id\":\"https:\/\/www.edizioniterramarique.com\/shop\/ladolescenza-tra-paure-e-sregolatezze\/#primaryimage\",\"url\":\"https:\/\/www.edizioniterramarique.com\/wp-content\/uploads\/2023\/03\/Colura_copertina_PER-SHOP-TM.jpg\",\"contentUrl\":\"https:\/\/www.edizioniterramarique.com\/wp-content\/uploads\/2023\/03\/Colura_copertina_PER-SHOP-TM.jpg\",\"width\":200,\"height\":283,\"caption\":\"Copertina L'adolescenza tra paura e sregolatezze\"},{\"@type\":\"BreadcrumbList\",\"@id\":\"https:\/\/www.edizioniterramarique.com\/shop\/ladolescenza-tra-paure-e-sregolatezze\/#breadcrumb\",\"itemListElement\":[{\"@type\":\"ListItem\",\"position\":1,\"name\":\"Home\",\"item\":\"https:\/\/www.edizioniterramarique.com\/\"},{\"@type\":\"ListItem\",\"position\":2,\"name\":\"Shop\",\"item\":\"https:\/\/www.edizioniterramarique.com\/\"},{\"@type\":\"ListItem\",\"position\":3,\"name\":\"L\u2019adolescenza tra paure e sregolatezze. Come gli adulti possono creare un clima di vicinanza e ascolto\"}]},{\"@type\":\"WebSite\",\"@id\":\"https:\/\/www.edizioniterramarique.com\/#website\",\"url\":\"https:\/\/www.edizioniterramarique.com\/\",\"name\":\"Edizioni Terra marique\",\"description\":\"Edizioni Terra marique\",\"publisher\":{\"@id\":\"https:\/\/www.edizioniterramarique.com\/#organization\"},\"potentialAction\":[{\"@type\":\"SearchAction\",\"target\":{\"@type\":\"EntryPoint\",\"urlTemplate\":\"https:\/\/www.edizioniterramarique.com\/?s={search_term_string}\"},\"query-input\":{\"@type\":\"PropertyValueSpecification\",\"valueRequired\":true,\"valueName\":\"search_term_string\"}}],\"inLanguage\":\"en-GB\"},{\"@type\":\"Organization\",\"@id\":\"https:\/\/www.edizioniterramarique.com\/#organization\",\"name\":\"Edizioni Terra marique\",\"url\":\"https:\/\/www.edizioniterramarique.com\/\",\"logo\":{\"@type\":\"ImageObject\",\"inLanguage\":\"en-GB\",\"@id\":\"https:\/\/www.edizioniterramarique.com\/#\/schema\/logo\/image\/\",\"url\":\"https:\/\/www.edizioniterramarique.com\/wp-content\/uploads\/2014\/02\/logo_web1.jpg\",\"contentUrl\":\"https:\/\/www.edizioniterramarique.com\/wp-content\/uploads\/2014\/02\/logo_web1.jpg\",\"width\":200,\"height\":109,\"caption\":\"Edizioni Terra marique\"},\"image\":{\"@id\":\"https:\/\/www.edizioniterramarique.com\/#\/schema\/logo\/image\/\"}}]}<\/script>\n<!-- \/ Yoast SEO plugin. -->","yoast_head_json":{"title":"L'adolescenza tra paure e sregolatezze","description":"Questo libro ha l\u2019obiettivo di porre l\u2019attenzione su un periodo della vita pieno di meraviglie e, per la forza che lo pervade, estremamente complesso.","robots":{"index":"index","follow":"follow","max-snippet":"max-snippet:-1","max-image-preview":"max-image-preview:large","max-video-preview":"max-video-preview:-1"},"canonical":"https:\/\/www.edizioniterramarique.com\/en\/shop\/ladolescenza-tra-paure-e-sregolatezze\/","og_locale":"en_GB","og_type":"article","og_title":"L'adolescenza tra paure e sregolatezze","og_description":"Questo libro ha l\u2019obiettivo di porre l\u2019attenzione su un periodo della vita pieno di meraviglie e, per la forza che lo pervade, estremamente complesso.","og_url":"https:\/\/www.edizioniterramarique.com\/en\/shop\/ladolescenza-tra-paure-e-sregolatezze\/","og_site_name":"Edizioni Terra marique","og_image":[{"width":200,"height":283,"url":"https:\/\/www.edizioniterramarique.com\/wp-content\/uploads\/2023\/03\/Colura_copertina_PER-SHOP-TM.jpg","type":"image\/jpeg"}],"twitter_misc":{"Estimated reading time":"1 minute"},"schema":{"@context":"https:\/\/schema.org","@graph":[{"@type":"WebPage","@id":"https:\/\/www.edizioniterramarique.com\/shop\/ladolescenza-tra-paure-e-sregolatezze\/","url":"https:\/\/www.edizioniterramarique.com\/shop\/ladolescenza-tra-paure-e-sregolatezze\/","name":"L'adolescenza tra paure e sregolatezze","isPartOf":{"@id":"https:\/\/www.edizioniterramarique.com\/#website"},"primaryImageOfPage":{"@id":"https:\/\/www.edizioniterramarique.com\/shop\/ladolescenza-tra-paure-e-sregolatezze\/#primaryimage"},"image":{"@id":"https:\/\/www.edizioniterramarique.com\/shop\/ladolescenza-tra-paure-e-sregolatezze\/#primaryimage"},"thumbnailUrl":"https:\/\/www.edizioniterramarique.com\/wp-content\/uploads\/2023\/03\/Colura_copertina_PER-SHOP-TM.jpg","datePublished":"2023-03-20T15:43:39+00:00","description":"Questo libro ha l\u2019obiettivo di porre l\u2019attenzione su un periodo della vita pieno di meraviglie e, per la forza che lo pervade, estremamente complesso.","breadcrumb":{"@id":"https:\/\/www.edizioniterramarique.com\/shop\/ladolescenza-tra-paure-e-sregolatezze\/#breadcrumb"},"inLanguage":"en-GB","potentialAction":[{"@type":"ReadAction","target":["https:\/\/www.edizioniterramarique.com\/shop\/ladolescenza-tra-paure-e-sregolatezze\/"]}]},{"@type":"ImageObject","inLanguage":"en-GB","@id":"https:\/\/www.edizioniterramarique.com\/shop\/ladolescenza-tra-paure-e-sregolatezze\/#primaryimage","url":"https:\/\/www.edizioniterramarique.com\/wp-content\/uploads\/2023\/03\/Colura_copertina_PER-SHOP-TM.jpg","contentUrl":"https:\/\/www.edizioniterramarique.com\/wp-content\/uploads\/2023\/03\/Colura_copertina_PER-SHOP-TM.jpg","width":200,"height":283,"caption":"Copertina L'adolescenza tra paura e sregolatezze"},{"@type":"BreadcrumbList","@id":"https:\/\/www.edizioniterramarique.com\/shop\/ladolescenza-tra-paure-e-sregolatezze\/#breadcrumb","itemListElement":[{"@type":"ListItem","position":1,"name":"Home","item":"https:\/\/www.edizioniterramarique.com\/"},{"@type":"ListItem","position":2,"name":"Shop","item":"https:\/\/www.edizioniterramarique.com\/"},{"@type":"ListItem","position":3,"name":"L\u2019adolescenza tra paure e sregolatezze. Come gli adulti possono creare un clima di vicinanza e ascolto"}]},{"@type":"WebSite","@id":"https:\/\/www.edizioniterramarique.com\/#website","url":"https:\/\/www.edizioniterramarique.com\/","name":"Edizioni Terra marique","description":"Edizioni Terra marique","publisher":{"@id":"https:\/\/www.edizioniterramarique.com\/#organization"},"potentialAction":[{"@type":"SearchAction","target":{"@type":"EntryPoint","urlTemplate":"https:\/\/www.edizioniterramarique.com\/?s={search_term_string}"},"query-input":{"@type":"PropertyValueSpecification","valueRequired":true,"valueName":"search_term_string"}}],"inLanguage":"en-GB"},{"@type":"Organization","@id":"https:\/\/www.edizioniterramarique.com\/#organization","name":"Edizioni Terra marique","url":"https:\/\/www.edizioniterramarique.com\/","logo":{"@type":"ImageObject","inLanguage":"en-GB","@id":"https:\/\/www.edizioniterramarique.com\/#\/schema\/logo\/image\/","url":"https:\/\/www.edizioniterramarique.com\/wp-content\/uploads\/2014\/02\/logo_web1.jpg","contentUrl":"https:\/\/www.edizioniterramarique.com\/wp-content\/uploads\/2014\/02\/logo_web1.jpg","width":200,"height":109,"caption":"Edizioni Terra marique"},"image":{"@id":"https:\/\/www.edizioniterramarique.com\/#\/schema\/logo\/image\/"}}]}},"_links":{"self":[{"href":"https:\/\/www.edizioniterramarique.com\/en\/wp-json\/wp\/v2\/product\/3908","targetHints":{"allow":["GET"]}}],"collection":[{"href":"https:\/\/www.edizioniterramarique.com\/en\/wp-json\/wp\/v2\/product"}],"about":[{"href":"https:\/\/www.edizioniterramarique.com\/en\/wp-json\/wp\/v2\/types\/product"}],"wp:featuredmedia":[{"embeddable":true,"href":"https:\/\/www.edizioniterramarique.com\/en\/wp-json\/wp\/v2\/media\/3909"}],"wp:attachment":[{"href":"https:\/\/www.edizioniterramarique.com\/en\/wp-json\/wp\/v2\/media?parent=3908"}],"wp:term":[{"taxonomy":"product_brand","embeddable":true,"href":"https:\/\/www.edizioniterramarique.com\/en\/wp-json\/wp\/v2\/product_brand?post=3908"},{"taxonomy":"product_cat","embeddable":true,"href":"https:\/\/www.edizioniterramarique.com\/en\/wp-json\/wp\/v2\/product_cat?post=3908"},{"taxonomy":"product_tag","embeddable":true,"href":"https:\/\/www.edizioniterramarique.com\/en\/wp-json\/wp\/v2\/product_tag?post=3908"}],"curies":[{"name":"wp","href":"https:\/\/api.w.org\/{rel}","templated":true}]}}