{"id":3858,"date":"2022-07-14T10:21:37","date_gmt":"2022-07-14T08:21:37","guid":{"rendered":"https:\/\/www.edizioniterramarique.com\/?post_type=product&#038;p=3858"},"modified":"2022-07-14T10:23:15","modified_gmt":"2022-07-14T08:23:15","slug":"come-averla-vinta-sui-fornitori-di-trasporto-delle-merci","status":"publish","type":"product","link":"https:\/\/www.edizioniterramarique.com\/en\/shop\/come-averla-vinta-sui-fornitori-di-trasporto-delle-merci\/","title":{"rendered":"Come averla vinta sui fornitori di trasporto delle merci"},"content":{"rendered":"<p>\u201cLavorare in proprio, soprattutto in una realt\u00e0 complicata come quella italiana, sar\u00e0 pure una follia, ma so che per me \u00e8 stata in quel momento la scelta giusta. Da allora porto avanti i propositi e i valori sui quali ho fondato Farsi Strada: trasferire a imprenditori, dirigenti, responsabili di reparto e impiegati tutto ci\u00f2 che ho imparato sul mondo delle vendite, ma soprattutto su quello dei trasporti e della logistica, cos\u00ec da aiutarli a districarsi in quella che pu\u00f2 essere considerata una vera e propria selva oscura.<\/p>\n<p>Questo libro vuole essere espressione della voce interiore che mi ha spinto al cambiamento e che ora uso per aiutare i miei clienti a crescere, privandosi di quelle zavorre che rallentano e talvolta ostacolano il cammino\u201d.<\/p>\n<p>Paolo Brutti, consulente nel settore dei trasporti di merce e della logistica, docente e formatore presso istituti tecnici e aziende, propone in questo libro dieci situazioni in cui imprenditori, professionisti e dipendenti si sono ritrovati mentre erano impegnati a districarsi nella complicata realt\u00e0 dei trasporti.<\/p>\n<p>Analizzando ogni caso, l\u2019autore offre non solo indicazioni pratiche per leggere le voci in tariffa e valutare correttamente quelle accessorie, ma propone anche le strategie pi\u00f9 efficaci per imporsi sui fornitori, imparando a negoziare e a tutelare in sede contrattuale i propri interessi, cos\u00ec da ottenere condizioni vantaggiose.<\/p>\n<p>D\u2019altra parte, la complessit\u00e0 del settore dei trasporti di merce e della logistica e le delicate circostanze attuali obbligano aziende e soggetti coinvolti ad approcciarsi a questo mondo con sempre maggiore conoscenza e con gli strumenti pi\u00f9 efficaci.<\/p>","protected":false},"excerpt":{"rendered":"<p>di Paolo Brutti<br \/>\nCollana Protagonisti<br \/>\nIsbn 9791280254238<\/p>","protected":false},"featured_media":3859,"template":"","meta":[],"product_brand":[],"product_cat":[69,58],"product_tag":[],"class_list":{"0":"post-3858","1":"product","2":"type-product","3":"status-publish","4":"has-post-thumbnail","6":"product_cat-manuale","7":"product_cat-manuale-per-imprenditori","9":"first","10":"instock","11":"shipping-taxable","12":"purchasable","13":"product-type-simple"},"yoast_head":"<!-- This site is optimized with the Yoast SEO plugin v26.9 - https:\/\/yoast.com\/product\/yoast-seo-wordpress\/ -->\n<title>Come averla vinta sui fornitori di trasporto delle merci<\/title>\n<meta name=\"description\" content=\"Paolo Brutti propone dieci situazioni in cui imprenditori e dipendenti si sono ritrovati mentre erano impegnati a districarsi nella realt\u00e0 dei trasporti.\" \/>\n<meta name=\"robots\" content=\"index, follow, max-snippet:-1, max-image-preview:large, max-video-preview:-1\" \/>\n<link rel=\"canonical\" href=\"https:\/\/www.edizioniterramarique.com\/en\/shop\/come-averla-vinta-sui-fornitori-di-trasporto-delle-merci\/\" \/>\n<meta property=\"og:locale\" content=\"en_GB\" \/>\n<meta property=\"og:type\" content=\"article\" \/>\n<meta property=\"og:title\" content=\"Come averla vinta sui fornitori di trasporto delle merci\" \/>\n<meta property=\"og:description\" content=\"Paolo Brutti propone dieci situazioni in cui imprenditori e dipendenti si sono ritrovati mentre erano impegnati a districarsi nella realt\u00e0 dei trasporti.\" \/>\n<meta property=\"og:url\" content=\"https:\/\/www.edizioniterramarique.com\/en\/shop\/come-averla-vinta-sui-fornitori-di-trasporto-delle-merci\/\" \/>\n<meta property=\"og:site_name\" content=\"Edizioni Terra marique\" \/>\n<meta property=\"article:modified_time\" content=\"2022-07-14T08:23:15+00:00\" \/>\n<meta property=\"og:image\" content=\"https:\/\/www.edizioniterramarique.com\/wp-content\/uploads\/2022\/07\/Farsi-strada-copertina_PER-SITO-TM.jpg\" \/>\n\t<meta property=\"og:image:width\" content=\"200\" \/>\n\t<meta property=\"og:image:height\" content=\"279\" \/>\n\t<meta property=\"og:image:type\" content=\"image\/jpeg\" \/>\n<meta name=\"twitter:label1\" content=\"Estimated reading time\" \/>\n\t<meta name=\"twitter:data1\" content=\"2 minutes\" \/>\n<script type=\"application\/ld+json\" class=\"yoast-schema-graph\">{\"@context\":\"https:\/\/schema.org\",\"@graph\":[{\"@type\":\"WebPage\",\"@id\":\"https:\/\/www.edizioniterramarique.com\/shop\/come-averla-vinta-sui-fornitori-di-trasporto-delle-merci\/\",\"url\":\"https:\/\/www.edizioniterramarique.com\/shop\/come-averla-vinta-sui-fornitori-di-trasporto-delle-merci\/\",\"name\":\"Come averla vinta sui fornitori di trasporto delle merci\",\"isPartOf\":{\"@id\":\"https:\/\/www.edizioniterramarique.com\/#website\"},\"primaryImageOfPage\":{\"@id\":\"https:\/\/www.edizioniterramarique.com\/shop\/come-averla-vinta-sui-fornitori-di-trasporto-delle-merci\/#primaryimage\"},\"image\":{\"@id\":\"https:\/\/www.edizioniterramarique.com\/shop\/come-averla-vinta-sui-fornitori-di-trasporto-delle-merci\/#primaryimage\"},\"thumbnailUrl\":\"https:\/\/www.edizioniterramarique.com\/wp-content\/uploads\/2022\/07\/Farsi-strada-copertina_PER-SITO-TM.jpg\",\"datePublished\":\"2022-07-14T08:21:37+00:00\",\"dateModified\":\"2022-07-14T08:23:15+00:00\",\"description\":\"Paolo Brutti propone dieci situazioni in cui imprenditori e dipendenti si sono ritrovati mentre erano impegnati a districarsi nella realt\u00e0 dei trasporti.\",\"breadcrumb\":{\"@id\":\"https:\/\/www.edizioniterramarique.com\/shop\/come-averla-vinta-sui-fornitori-di-trasporto-delle-merci\/#breadcrumb\"},\"inLanguage\":\"en-GB\",\"potentialAction\":[{\"@type\":\"ReadAction\",\"target\":[\"https:\/\/www.edizioniterramarique.com\/shop\/come-averla-vinta-sui-fornitori-di-trasporto-delle-merci\/\"]}]},{\"@type\":\"ImageObject\",\"inLanguage\":\"en-GB\",\"@id\":\"https:\/\/www.edizioniterramarique.com\/shop\/come-averla-vinta-sui-fornitori-di-trasporto-delle-merci\/#primaryimage\",\"url\":\"https:\/\/www.edizioniterramarique.com\/wp-content\/uploads\/2022\/07\/Farsi-strada-copertina_PER-SITO-TM.jpg\",\"contentUrl\":\"https:\/\/www.edizioniterramarique.com\/wp-content\/uploads\/2022\/07\/Farsi-strada-copertina_PER-SITO-TM.jpg\",\"width\":200,\"height\":279,\"caption\":\"Farsi strada copertina\"},{\"@type\":\"BreadcrumbList\",\"@id\":\"https:\/\/www.edizioniterramarique.com\/shop\/come-averla-vinta-sui-fornitori-di-trasporto-delle-merci\/#breadcrumb\",\"itemListElement\":[{\"@type\":\"ListItem\",\"position\":1,\"name\":\"Home\",\"item\":\"https:\/\/www.edizioniterramarique.com\/\"},{\"@type\":\"ListItem\",\"position\":2,\"name\":\"Shop\",\"item\":\"https:\/\/www.edizioniterramarique.com\/\"},{\"@type\":\"ListItem\",\"position\":3,\"name\":\"Come averla vinta sui fornitori di trasporto delle merci\"}]},{\"@type\":\"WebSite\",\"@id\":\"https:\/\/www.edizioniterramarique.com\/#website\",\"url\":\"https:\/\/www.edizioniterramarique.com\/\",\"name\":\"Edizioni Terra marique\",\"description\":\"Edizioni Terra marique\",\"publisher\":{\"@id\":\"https:\/\/www.edizioniterramarique.com\/#organization\"},\"potentialAction\":[{\"@type\":\"SearchAction\",\"target\":{\"@type\":\"EntryPoint\",\"urlTemplate\":\"https:\/\/www.edizioniterramarique.com\/?s={search_term_string}\"},\"query-input\":{\"@type\":\"PropertyValueSpecification\",\"valueRequired\":true,\"valueName\":\"search_term_string\"}}],\"inLanguage\":\"en-GB\"},{\"@type\":\"Organization\",\"@id\":\"https:\/\/www.edizioniterramarique.com\/#organization\",\"name\":\"Edizioni Terra marique\",\"url\":\"https:\/\/www.edizioniterramarique.com\/\",\"logo\":{\"@type\":\"ImageObject\",\"inLanguage\":\"en-GB\",\"@id\":\"https:\/\/www.edizioniterramarique.com\/#\/schema\/logo\/image\/\",\"url\":\"https:\/\/www.edizioniterramarique.com\/wp-content\/uploads\/2014\/02\/logo_web1.jpg\",\"contentUrl\":\"https:\/\/www.edizioniterramarique.com\/wp-content\/uploads\/2014\/02\/logo_web1.jpg\",\"width\":200,\"height\":109,\"caption\":\"Edizioni Terra marique\"},\"image\":{\"@id\":\"https:\/\/www.edizioniterramarique.com\/#\/schema\/logo\/image\/\"}}]}<\/script>\n<!-- \/ Yoast SEO plugin. -->","yoast_head_json":{"title":"Come averla vinta sui fornitori di trasporto delle merci","description":"Paolo Brutti propone dieci situazioni in cui imprenditori e dipendenti si sono ritrovati mentre erano impegnati a districarsi nella realt\u00e0 dei trasporti.","robots":{"index":"index","follow":"follow","max-snippet":"max-snippet:-1","max-image-preview":"max-image-preview:large","max-video-preview":"max-video-preview:-1"},"canonical":"https:\/\/www.edizioniterramarique.com\/en\/shop\/come-averla-vinta-sui-fornitori-di-trasporto-delle-merci\/","og_locale":"en_GB","og_type":"article","og_title":"Come averla vinta sui fornitori di trasporto delle merci","og_description":"Paolo Brutti propone dieci situazioni in cui imprenditori e dipendenti si sono ritrovati mentre erano impegnati a districarsi nella realt\u00e0 dei trasporti.","og_url":"https:\/\/www.edizioniterramarique.com\/en\/shop\/come-averla-vinta-sui-fornitori-di-trasporto-delle-merci\/","og_site_name":"Edizioni Terra marique","article_modified_time":"2022-07-14T08:23:15+00:00","og_image":[{"width":200,"height":279,"url":"https:\/\/www.edizioniterramarique.com\/wp-content\/uploads\/2022\/07\/Farsi-strada-copertina_PER-SITO-TM.jpg","type":"image\/jpeg"}],"twitter_misc":{"Estimated reading time":"2 minutes"},"schema":{"@context":"https:\/\/schema.org","@graph":[{"@type":"WebPage","@id":"https:\/\/www.edizioniterramarique.com\/shop\/come-averla-vinta-sui-fornitori-di-trasporto-delle-merci\/","url":"https:\/\/www.edizioniterramarique.com\/shop\/come-averla-vinta-sui-fornitori-di-trasporto-delle-merci\/","name":"Come averla vinta sui fornitori di trasporto delle merci","isPartOf":{"@id":"https:\/\/www.edizioniterramarique.com\/#website"},"primaryImageOfPage":{"@id":"https:\/\/www.edizioniterramarique.com\/shop\/come-averla-vinta-sui-fornitori-di-trasporto-delle-merci\/#primaryimage"},"image":{"@id":"https:\/\/www.edizioniterramarique.com\/shop\/come-averla-vinta-sui-fornitori-di-trasporto-delle-merci\/#primaryimage"},"thumbnailUrl":"https:\/\/www.edizioniterramarique.com\/wp-content\/uploads\/2022\/07\/Farsi-strada-copertina_PER-SITO-TM.jpg","datePublished":"2022-07-14T08:21:37+00:00","dateModified":"2022-07-14T08:23:15+00:00","description":"Paolo Brutti propone dieci situazioni in cui imprenditori e dipendenti si sono ritrovati mentre erano impegnati a districarsi nella realt\u00e0 dei trasporti.","breadcrumb":{"@id":"https:\/\/www.edizioniterramarique.com\/shop\/come-averla-vinta-sui-fornitori-di-trasporto-delle-merci\/#breadcrumb"},"inLanguage":"en-GB","potentialAction":[{"@type":"ReadAction","target":["https:\/\/www.edizioniterramarique.com\/shop\/come-averla-vinta-sui-fornitori-di-trasporto-delle-merci\/"]}]},{"@type":"ImageObject","inLanguage":"en-GB","@id":"https:\/\/www.edizioniterramarique.com\/shop\/come-averla-vinta-sui-fornitori-di-trasporto-delle-merci\/#primaryimage","url":"https:\/\/www.edizioniterramarique.com\/wp-content\/uploads\/2022\/07\/Farsi-strada-copertina_PER-SITO-TM.jpg","contentUrl":"https:\/\/www.edizioniterramarique.com\/wp-content\/uploads\/2022\/07\/Farsi-strada-copertina_PER-SITO-TM.jpg","width":200,"height":279,"caption":"Farsi strada copertina"},{"@type":"BreadcrumbList","@id":"https:\/\/www.edizioniterramarique.com\/shop\/come-averla-vinta-sui-fornitori-di-trasporto-delle-merci\/#breadcrumb","itemListElement":[{"@type":"ListItem","position":1,"name":"Home","item":"https:\/\/www.edizioniterramarique.com\/"},{"@type":"ListItem","position":2,"name":"Shop","item":"https:\/\/www.edizioniterramarique.com\/"},{"@type":"ListItem","position":3,"name":"Come averla vinta sui fornitori di trasporto delle merci"}]},{"@type":"WebSite","@id":"https:\/\/www.edizioniterramarique.com\/#website","url":"https:\/\/www.edizioniterramarique.com\/","name":"Edizioni Terra marique","description":"Edizioni Terra marique","publisher":{"@id":"https:\/\/www.edizioniterramarique.com\/#organization"},"potentialAction":[{"@type":"SearchAction","target":{"@type":"EntryPoint","urlTemplate":"https:\/\/www.edizioniterramarique.com\/?s={search_term_string}"},"query-input":{"@type":"PropertyValueSpecification","valueRequired":true,"valueName":"search_term_string"}}],"inLanguage":"en-GB"},{"@type":"Organization","@id":"https:\/\/www.edizioniterramarique.com\/#organization","name":"Edizioni Terra marique","url":"https:\/\/www.edizioniterramarique.com\/","logo":{"@type":"ImageObject","inLanguage":"en-GB","@id":"https:\/\/www.edizioniterramarique.com\/#\/schema\/logo\/image\/","url":"https:\/\/www.edizioniterramarique.com\/wp-content\/uploads\/2014\/02\/logo_web1.jpg","contentUrl":"https:\/\/www.edizioniterramarique.com\/wp-content\/uploads\/2014\/02\/logo_web1.jpg","width":200,"height":109,"caption":"Edizioni Terra marique"},"image":{"@id":"https:\/\/www.edizioniterramarique.com\/#\/schema\/logo\/image\/"}}]}},"_links":{"self":[{"href":"https:\/\/www.edizioniterramarique.com\/en\/wp-json\/wp\/v2\/product\/3858","targetHints":{"allow":["GET"]}}],"collection":[{"href":"https:\/\/www.edizioniterramarique.com\/en\/wp-json\/wp\/v2\/product"}],"about":[{"href":"https:\/\/www.edizioniterramarique.com\/en\/wp-json\/wp\/v2\/types\/product"}],"wp:featuredmedia":[{"embeddable":true,"href":"https:\/\/www.edizioniterramarique.com\/en\/wp-json\/wp\/v2\/media\/3859"}],"wp:attachment":[{"href":"https:\/\/www.edizioniterramarique.com\/en\/wp-json\/wp\/v2\/media?parent=3858"}],"wp:term":[{"taxonomy":"product_brand","embeddable":true,"href":"https:\/\/www.edizioniterramarique.com\/en\/wp-json\/wp\/v2\/product_brand?post=3858"},{"taxonomy":"product_cat","embeddable":true,"href":"https:\/\/www.edizioniterramarique.com\/en\/wp-json\/wp\/v2\/product_cat?post=3858"},{"taxonomy":"product_tag","embeddable":true,"href":"https:\/\/www.edizioniterramarique.com\/en\/wp-json\/wp\/v2\/product_tag?post=3858"}],"curies":[{"name":"wp","href":"https:\/\/api.w.org\/{rel}","templated":true}]}}