{"id":3783,"date":"2021-12-15T15:35:07","date_gmt":"2021-12-15T14:35:07","guid":{"rendered":"https:\/\/www.edizioniterramarique.com\/?post_type=product&#038;p=3783"},"modified":"2021-12-15T15:36:25","modified_gmt":"2021-12-15T14:36:25","slug":"la-memoria-e-viva","status":"publish","type":"product","link":"https:\/\/www.edizioniterramarique.com\/en\/shop\/la-memoria-e-viva\/","title":{"rendered":"La memoria \u00e8 viva. Racconto di una vita vissuta"},"content":{"rendered":"<p>\u201cMi chiamo Antonio Mancuso, sono nato a Salerno nel 1943, un momento drammatico della storia italiana. Ho frequentato appena le scuole elementari, ho cominciato a lavorare da bambino all\u2019et\u00e0 di dodici anni. A quei tempi il lavoro minorile era una cosa normale\u201d.<br \/>\nCon queste parole l\u2019autore, affiancato nella scrittura dal nipote Andrea Rendina, apre il suo libro: una testimonianza appassionata, destinata alle nuove generazioni affinch\u00e9 colgano aspetti che forse poco conoscono della storia del dopoguerra, tra cui la miseria, lo sfruttamento del lavoro minorile, ma anche la tenacia per dare un futuro a se stessi e alla propria famiglia.<br \/>\nAntonio ripercorre anche la sua vita avventurosa, che lo ha portato in giro per il mondo a bordo delle navi della Marina Militare Italiana, prima di trasferirsi insieme all\u2019amata moglie Anna in Emilia, dove le sue figlie sono nate e cresciute.<br \/>\nQuesto libro, che si conclude nell\u2019attualit\u00e0 segnata dalla pandemia, Antonio lo dedica ai suoi nipoti, facendone uno straordinario mezzo di memoria e insegnamento.<\/p>","protected":false},"excerpt":{"rendered":"<p>di Antonio Mancuso<br \/>\nCollana E.B.<br \/>\nIsbn 9791280254207<\/p>","protected":false},"featured_media":3784,"template":"","meta":[],"product_brand":[],"product_cat":[70],"product_tag":[95,96,98,97,99],"class_list":{"0":"post-3783","1":"product","2":"type-product","3":"status-publish","4":"has-post-thumbnail","6":"product_cat-autobiografia","7":"product_tag-antonio-mancuso","8":"product_tag-autobiografia","9":"product_tag-fiorano","10":"product_tag-salerno","11":"product_tag-spezzano","13":"first","14":"instock","15":"shipping-taxable","16":"purchasable","17":"product-type-simple"},"yoast_head":"<!-- This site is optimized with the Yoast SEO plugin v26.9 - https:\/\/yoast.com\/product\/yoast-seo-wordpress\/ -->\n<title>La memoria \u00e8 viva. Racconto di una vita vissuta<\/title>\n<meta name=\"description\" content=\"La memoria \u00e8 viva. Racconto di una vita vissuta \u00e8 una testimonianza appassionata, destinata alle nuove generazioni.\" \/>\n<meta name=\"robots\" content=\"index, follow, max-snippet:-1, max-image-preview:large, max-video-preview:-1\" \/>\n<link rel=\"canonical\" href=\"https:\/\/www.edizioniterramarique.com\/en\/shop\/la-memoria-e-viva\/\" \/>\n<meta property=\"og:locale\" content=\"en_GB\" \/>\n<meta property=\"og:type\" content=\"article\" \/>\n<meta property=\"og:title\" content=\"La memoria \u00e8 viva. Racconto di una vita vissuta\" \/>\n<meta property=\"og:description\" content=\"La memoria \u00e8 viva. Racconto di una vita vissuta \u00e8 una testimonianza appassionata, destinata alle nuove generazioni.\" \/>\n<meta property=\"og:url\" content=\"https:\/\/www.edizioniterramarique.com\/en\/shop\/la-memoria-e-viva\/\" \/>\n<meta property=\"og:site_name\" content=\"Edizioni Terra marique\" \/>\n<meta property=\"article:modified_time\" content=\"2021-12-15T14:36:25+00:00\" \/>\n<meta property=\"og:image\" content=\"https:\/\/www.edizioniterramarique.com\/wp-content\/uploads\/2021\/12\/Copertina-Antonio-Mancuso_PER-SITO-TM.jpg\" \/>\n\t<meta property=\"og:image:width\" content=\"200\" \/>\n\t<meta property=\"og:image:height\" content=\"279\" \/>\n\t<meta property=\"og:image:type\" content=\"image\/jpeg\" \/>\n<meta name=\"twitter:label1\" content=\"Estimated reading time\" \/>\n\t<meta name=\"twitter:data1\" content=\"1 minute\" \/>\n<script type=\"application\/ld+json\" class=\"yoast-schema-graph\">{\"@context\":\"https:\/\/schema.org\",\"@graph\":[{\"@type\":\"WebPage\",\"@id\":\"https:\/\/www.edizioniterramarique.com\/shop\/la-memoria-e-viva\/\",\"url\":\"https:\/\/www.edizioniterramarique.com\/shop\/la-memoria-e-viva\/\",\"name\":\"La memoria \u00e8 viva. Racconto di una vita vissuta\",\"isPartOf\":{\"@id\":\"https:\/\/www.edizioniterramarique.com\/#website\"},\"primaryImageOfPage\":{\"@id\":\"https:\/\/www.edizioniterramarique.com\/shop\/la-memoria-e-viva\/#primaryimage\"},\"image\":{\"@id\":\"https:\/\/www.edizioniterramarique.com\/shop\/la-memoria-e-viva\/#primaryimage\"},\"thumbnailUrl\":\"https:\/\/www.edizioniterramarique.com\/wp-content\/uploads\/2021\/12\/Copertina-Antonio-Mancuso_PER-SITO-TM.jpg\",\"datePublished\":\"2021-12-15T14:35:07+00:00\",\"dateModified\":\"2021-12-15T14:36:25+00:00\",\"description\":\"La memoria \u00e8 viva. Racconto di una vita vissuta \u00e8 una testimonianza appassionata, destinata alle nuove generazioni.\",\"breadcrumb\":{\"@id\":\"https:\/\/www.edizioniterramarique.com\/shop\/la-memoria-e-viva\/#breadcrumb\"},\"inLanguage\":\"en-GB\",\"potentialAction\":[{\"@type\":\"ReadAction\",\"target\":[\"https:\/\/www.edizioniterramarique.com\/shop\/la-memoria-e-viva\/\"]}]},{\"@type\":\"ImageObject\",\"inLanguage\":\"en-GB\",\"@id\":\"https:\/\/www.edizioniterramarique.com\/shop\/la-memoria-e-viva\/#primaryimage\",\"url\":\"https:\/\/www.edizioniterramarique.com\/wp-content\/uploads\/2021\/12\/Copertina-Antonio-Mancuso_PER-SITO-TM.jpg\",\"contentUrl\":\"https:\/\/www.edizioniterramarique.com\/wp-content\/uploads\/2021\/12\/Copertina-Antonio-Mancuso_PER-SITO-TM.jpg\",\"width\":200,\"height\":279,\"caption\":\"Copertina La memoria \u00e8 viva\"},{\"@type\":\"BreadcrumbList\",\"@id\":\"https:\/\/www.edizioniterramarique.com\/shop\/la-memoria-e-viva\/#breadcrumb\",\"itemListElement\":[{\"@type\":\"ListItem\",\"position\":1,\"name\":\"Home\",\"item\":\"https:\/\/www.edizioniterramarique.com\/\"},{\"@type\":\"ListItem\",\"position\":2,\"name\":\"Shop\",\"item\":\"https:\/\/www.edizioniterramarique.com\/\"},{\"@type\":\"ListItem\",\"position\":3,\"name\":\"La memoria \u00e8 viva. Racconto di una vita vissuta\"}]},{\"@type\":\"WebSite\",\"@id\":\"https:\/\/www.edizioniterramarique.com\/#website\",\"url\":\"https:\/\/www.edizioniterramarique.com\/\",\"name\":\"Edizioni Terra marique\",\"description\":\"Edizioni Terra marique\",\"publisher\":{\"@id\":\"https:\/\/www.edizioniterramarique.com\/#organization\"},\"potentialAction\":[{\"@type\":\"SearchAction\",\"target\":{\"@type\":\"EntryPoint\",\"urlTemplate\":\"https:\/\/www.edizioniterramarique.com\/?s={search_term_string}\"},\"query-input\":{\"@type\":\"PropertyValueSpecification\",\"valueRequired\":true,\"valueName\":\"search_term_string\"}}],\"inLanguage\":\"en-GB\"},{\"@type\":\"Organization\",\"@id\":\"https:\/\/www.edizioniterramarique.com\/#organization\",\"name\":\"Edizioni Terra marique\",\"url\":\"https:\/\/www.edizioniterramarique.com\/\",\"logo\":{\"@type\":\"ImageObject\",\"inLanguage\":\"en-GB\",\"@id\":\"https:\/\/www.edizioniterramarique.com\/#\/schema\/logo\/image\/\",\"url\":\"https:\/\/www.edizioniterramarique.com\/wp-content\/uploads\/2014\/02\/logo_web1.jpg\",\"contentUrl\":\"https:\/\/www.edizioniterramarique.com\/wp-content\/uploads\/2014\/02\/logo_web1.jpg\",\"width\":200,\"height\":109,\"caption\":\"Edizioni Terra marique\"},\"image\":{\"@id\":\"https:\/\/www.edizioniterramarique.com\/#\/schema\/logo\/image\/\"}}]}<\/script>\n<!-- \/ Yoast SEO plugin. -->","yoast_head_json":{"title":"La memoria \u00e8 viva. Racconto di una vita vissuta","description":"La memoria \u00e8 viva. Racconto di una vita vissuta \u00e8 una testimonianza appassionata, destinata alle nuove generazioni.","robots":{"index":"index","follow":"follow","max-snippet":"max-snippet:-1","max-image-preview":"max-image-preview:large","max-video-preview":"max-video-preview:-1"},"canonical":"https:\/\/www.edizioniterramarique.com\/en\/shop\/la-memoria-e-viva\/","og_locale":"en_GB","og_type":"article","og_title":"La memoria \u00e8 viva. Racconto di una vita vissuta","og_description":"La memoria \u00e8 viva. Racconto di una vita vissuta \u00e8 una testimonianza appassionata, destinata alle nuove generazioni.","og_url":"https:\/\/www.edizioniterramarique.com\/en\/shop\/la-memoria-e-viva\/","og_site_name":"Edizioni Terra marique","article_modified_time":"2021-12-15T14:36:25+00:00","og_image":[{"width":200,"height":279,"url":"https:\/\/www.edizioniterramarique.com\/wp-content\/uploads\/2021\/12\/Copertina-Antonio-Mancuso_PER-SITO-TM.jpg","type":"image\/jpeg"}],"twitter_misc":{"Estimated reading time":"1 minute"},"schema":{"@context":"https:\/\/schema.org","@graph":[{"@type":"WebPage","@id":"https:\/\/www.edizioniterramarique.com\/shop\/la-memoria-e-viva\/","url":"https:\/\/www.edizioniterramarique.com\/shop\/la-memoria-e-viva\/","name":"La memoria \u00e8 viva. Racconto di una vita vissuta","isPartOf":{"@id":"https:\/\/www.edizioniterramarique.com\/#website"},"primaryImageOfPage":{"@id":"https:\/\/www.edizioniterramarique.com\/shop\/la-memoria-e-viva\/#primaryimage"},"image":{"@id":"https:\/\/www.edizioniterramarique.com\/shop\/la-memoria-e-viva\/#primaryimage"},"thumbnailUrl":"https:\/\/www.edizioniterramarique.com\/wp-content\/uploads\/2021\/12\/Copertina-Antonio-Mancuso_PER-SITO-TM.jpg","datePublished":"2021-12-15T14:35:07+00:00","dateModified":"2021-12-15T14:36:25+00:00","description":"La memoria \u00e8 viva. Racconto di una vita vissuta \u00e8 una testimonianza appassionata, destinata alle nuove generazioni.","breadcrumb":{"@id":"https:\/\/www.edizioniterramarique.com\/shop\/la-memoria-e-viva\/#breadcrumb"},"inLanguage":"en-GB","potentialAction":[{"@type":"ReadAction","target":["https:\/\/www.edizioniterramarique.com\/shop\/la-memoria-e-viva\/"]}]},{"@type":"ImageObject","inLanguage":"en-GB","@id":"https:\/\/www.edizioniterramarique.com\/shop\/la-memoria-e-viva\/#primaryimage","url":"https:\/\/www.edizioniterramarique.com\/wp-content\/uploads\/2021\/12\/Copertina-Antonio-Mancuso_PER-SITO-TM.jpg","contentUrl":"https:\/\/www.edizioniterramarique.com\/wp-content\/uploads\/2021\/12\/Copertina-Antonio-Mancuso_PER-SITO-TM.jpg","width":200,"height":279,"caption":"Copertina La memoria \u00e8 viva"},{"@type":"BreadcrumbList","@id":"https:\/\/www.edizioniterramarique.com\/shop\/la-memoria-e-viva\/#breadcrumb","itemListElement":[{"@type":"ListItem","position":1,"name":"Home","item":"https:\/\/www.edizioniterramarique.com\/"},{"@type":"ListItem","position":2,"name":"Shop","item":"https:\/\/www.edizioniterramarique.com\/"},{"@type":"ListItem","position":3,"name":"La memoria \u00e8 viva. Racconto di una vita vissuta"}]},{"@type":"WebSite","@id":"https:\/\/www.edizioniterramarique.com\/#website","url":"https:\/\/www.edizioniterramarique.com\/","name":"Edizioni Terra marique","description":"Edizioni Terra marique","publisher":{"@id":"https:\/\/www.edizioniterramarique.com\/#organization"},"potentialAction":[{"@type":"SearchAction","target":{"@type":"EntryPoint","urlTemplate":"https:\/\/www.edizioniterramarique.com\/?s={search_term_string}"},"query-input":{"@type":"PropertyValueSpecification","valueRequired":true,"valueName":"search_term_string"}}],"inLanguage":"en-GB"},{"@type":"Organization","@id":"https:\/\/www.edizioniterramarique.com\/#organization","name":"Edizioni Terra marique","url":"https:\/\/www.edizioniterramarique.com\/","logo":{"@type":"ImageObject","inLanguage":"en-GB","@id":"https:\/\/www.edizioniterramarique.com\/#\/schema\/logo\/image\/","url":"https:\/\/www.edizioniterramarique.com\/wp-content\/uploads\/2014\/02\/logo_web1.jpg","contentUrl":"https:\/\/www.edizioniterramarique.com\/wp-content\/uploads\/2014\/02\/logo_web1.jpg","width":200,"height":109,"caption":"Edizioni Terra marique"},"image":{"@id":"https:\/\/www.edizioniterramarique.com\/#\/schema\/logo\/image\/"}}]}},"_links":{"self":[{"href":"https:\/\/www.edizioniterramarique.com\/en\/wp-json\/wp\/v2\/product\/3783","targetHints":{"allow":["GET"]}}],"collection":[{"href":"https:\/\/www.edizioniterramarique.com\/en\/wp-json\/wp\/v2\/product"}],"about":[{"href":"https:\/\/www.edizioniterramarique.com\/en\/wp-json\/wp\/v2\/types\/product"}],"wp:featuredmedia":[{"embeddable":true,"href":"https:\/\/www.edizioniterramarique.com\/en\/wp-json\/wp\/v2\/media\/3784"}],"wp:attachment":[{"href":"https:\/\/www.edizioniterramarique.com\/en\/wp-json\/wp\/v2\/media?parent=3783"}],"wp:term":[{"taxonomy":"product_brand","embeddable":true,"href":"https:\/\/www.edizioniterramarique.com\/en\/wp-json\/wp\/v2\/product_brand?post=3783"},{"taxonomy":"product_cat","embeddable":true,"href":"https:\/\/www.edizioniterramarique.com\/en\/wp-json\/wp\/v2\/product_cat?post=3783"},{"taxonomy":"product_tag","embeddable":true,"href":"https:\/\/www.edizioniterramarique.com\/en\/wp-json\/wp\/v2\/product_tag?post=3783"}],"curies":[{"name":"wp","href":"https:\/\/api.w.org\/{rel}","templated":true}]}}