{"id":3676,"date":"2021-05-31T17:57:11","date_gmt":"2021-05-31T15:57:11","guid":{"rendered":"https:\/\/www.edizioniterramarique.com\/?post_type=product&#038;p=3676"},"modified":"2021-05-31T17:57:11","modified_gmt":"2021-05-31T15:57:11","slug":"i-sorrisi-sono-doni-preziosi","status":"publish","type":"product","link":"https:\/\/www.edizioniterramarique.com\/en\/shop\/i-sorrisi-sono-doni-preziosi\/","title":{"rendered":"I sorrisi sono doni preziosi"},"content":{"rendered":"<p>Dalla campagna vicentina del dopoguerra, quando i bambini vivevano a stretto contatto con la natura, i suoi dolci frutti e i pericoli nascosti, Carmen racconta l\u2019evoluzione della sua gente verso una realt\u00e0 diversa, dominata dallo sviluppo del settore tessile e, a volte, dalla necessit\u00e0 di emigrare. Le sorelle Rina e Floriana in Svizzera, il fratello Virginio prima studente in seminario, poi missionario in Africa. Invece lei va scuola, percorrendo chilometri tra i boschi, qualche volta inforcando la bicicletta, altre salendo a bordo della corriera.<\/p>\n<p>La vita fuori dalla contrada l\u2019attende e Carmen non esita a salire sul treno che la porter\u00e0 a Venezia per la laurea in Lingue. Anche Parigi la sta aspettando, prima per la stesura della tesi, poi per mostrarle il suo incanto.<\/p>\n<p>Lungo la strada, la giovane Carmen, sempre pi\u00f9 adulta e consapevole della profonda religiosit\u00e0 che la lega al movimento dei Focolarini, si appassiona a ci\u00f2 che la circonda. Il marito Gigi, conosciuto alle elementari, le star\u00e0 per sempre accanto e lei non mancher\u00e0 mai di sostenerlo, soprattutto nei momenti pi\u00f9 difficili. E poi i momenti felici: la nascita di loro figlio Marco, l\u2019insegnamento a scuola e la creazione dell\u2019azienda tessile, che la vedr\u00e0 coinvolta insieme alla sorella Rina e al fratello Virginio.<\/p>\n<p>Il suo spirito dolce e solare le ha consentito di arricchire la propria vita di incontri semplici, ma anche straordinari, di cui Carmen parla in questo libro a cuore aperto e con riconoscenza, per rendere loro omaggio.<\/p>","protected":false},"excerpt":{"rendered":"<p>di Carmen Mondin<br \/>\nCollana E.B.<br \/>\nISBN 9791280254092<\/p>","protected":false},"featured_media":3677,"template":"","meta":[],"product_brand":[],"product_cat":[69],"product_tag":[77,76],"class_list":{"0":"post-3676","1":"product","2":"type-product","3":"status-publish","4":"has-post-thumbnail","6":"product_cat-manuale","7":"product_tag-allenatori-di-calcio","8":"product_tag-calcio","10":"first","11":"instock","12":"shipping-taxable","13":"purchasable","14":"product-type-simple"},"yoast_head":"<!-- This site is optimized with the Yoast SEO plugin v26.9 - https:\/\/yoast.com\/product\/yoast-seo-wordpress\/ -->\n<title>I sorrisi sono doni preziosi &#8226; Edizioni Terra marique<\/title>\n<meta name=\"description\" content=\"I sorrisi sono doni preziosi, romanzo di Carmen Mondin, originaria di Malo, in provincia di Vicenza, imprenditrice del settore tessile\" \/>\n<meta name=\"robots\" content=\"index, follow, max-snippet:-1, max-image-preview:large, max-video-preview:-1\" \/>\n<link rel=\"canonical\" href=\"http:\/\/www.edizioniterramarique.com\/en\/shop\/i-sorrisi-sono-doni-preziosi\/\" \/>\n<meta property=\"og:locale\" content=\"en_GB\" \/>\n<meta property=\"og:type\" content=\"article\" \/>\n<meta property=\"og:title\" content=\"I sorrisi sono doni preziosi &#8226; Edizioni Terra marique\" \/>\n<meta property=\"og:description\" content=\"I sorrisi sono doni preziosi, romanzo di Carmen Mondin, originaria di Malo, in provincia di Vicenza, imprenditrice del settore tessile\" \/>\n<meta property=\"og:url\" content=\"http:\/\/www.edizioniterramarique.com\/en\/shop\/i-sorrisi-sono-doni-preziosi\/\" \/>\n<meta property=\"og:site_name\" content=\"Edizioni Terra marique\" \/>\n<meta property=\"og:image\" content=\"https:\/\/www.edizioniterramarique.com\/wp-content\/uploads\/2021\/05\/Copertina_Carmen_PER-SITO-TM.jpg\" \/>\n\t<meta property=\"og:image:width\" content=\"200\" \/>\n\t<meta property=\"og:image:height\" content=\"280\" \/>\n\t<meta property=\"og:image:type\" content=\"image\/jpeg\" \/>\n<meta name=\"twitter:label1\" content=\"Estimated reading time\" \/>\n\t<meta name=\"twitter:data1\" content=\"2 minutes\" \/>\n<script type=\"application\/ld+json\" class=\"yoast-schema-graph\">{\"@context\":\"https:\/\/schema.org\",\"@graph\":[{\"@type\":\"WebPage\",\"@id\":\"http:\/\/www.edizioniterramarique.com\/en\/shop\/i-sorrisi-sono-doni-preziosi\/\",\"url\":\"http:\/\/www.edizioniterramarique.com\/en\/shop\/i-sorrisi-sono-doni-preziosi\/\",\"name\":\"I sorrisi sono doni preziosi &#8226; Edizioni Terra marique\",\"isPartOf\":{\"@id\":\"https:\/\/www.edizioniterramarique.com\/#website\"},\"primaryImageOfPage\":{\"@id\":\"http:\/\/www.edizioniterramarique.com\/en\/shop\/i-sorrisi-sono-doni-preziosi\/#primaryimage\"},\"image\":{\"@id\":\"http:\/\/www.edizioniterramarique.com\/en\/shop\/i-sorrisi-sono-doni-preziosi\/#primaryimage\"},\"thumbnailUrl\":\"https:\/\/www.edizioniterramarique.com\/wp-content\/uploads\/2021\/05\/Copertina_Carmen_PER-SITO-TM.jpg\",\"datePublished\":\"2021-05-31T15:57:11+00:00\",\"description\":\"I sorrisi sono doni preziosi, romanzo di Carmen Mondin, originaria di Malo, in provincia di Vicenza, imprenditrice del settore tessile\",\"breadcrumb\":{\"@id\":\"http:\/\/www.edizioniterramarique.com\/en\/shop\/i-sorrisi-sono-doni-preziosi\/#breadcrumb\"},\"inLanguage\":\"en-GB\",\"potentialAction\":[{\"@type\":\"ReadAction\",\"target\":[\"http:\/\/www.edizioniterramarique.com\/en\/shop\/i-sorrisi-sono-doni-preziosi\/\"]}]},{\"@type\":\"ImageObject\",\"inLanguage\":\"en-GB\",\"@id\":\"http:\/\/www.edizioniterramarique.com\/en\/shop\/i-sorrisi-sono-doni-preziosi\/#primaryimage\",\"url\":\"https:\/\/www.edizioniterramarique.com\/wp-content\/uploads\/2021\/05\/Copertina_Carmen_PER-SITO-TM.jpg\",\"contentUrl\":\"https:\/\/www.edizioniterramarique.com\/wp-content\/uploads\/2021\/05\/Copertina_Carmen_PER-SITO-TM.jpg\",\"width\":200,\"height\":280,\"caption\":\"Copertina I sorrisi sono doni preziosi\"},{\"@type\":\"BreadcrumbList\",\"@id\":\"http:\/\/www.edizioniterramarique.com\/en\/shop\/i-sorrisi-sono-doni-preziosi\/#breadcrumb\",\"itemListElement\":[{\"@type\":\"ListItem\",\"position\":1,\"name\":\"Home\",\"item\":\"https:\/\/www.edizioniterramarique.com\/\"},{\"@type\":\"ListItem\",\"position\":2,\"name\":\"Shop\",\"item\":\"https:\/\/www.edizioniterramarique.com\/\"},{\"@type\":\"ListItem\",\"position\":3,\"name\":\"I sorrisi sono doni preziosi\"}]},{\"@type\":\"WebSite\",\"@id\":\"https:\/\/www.edizioniterramarique.com\/#website\",\"url\":\"https:\/\/www.edizioniterramarique.com\/\",\"name\":\"Edizioni Terra marique\",\"description\":\"Edizioni Terra marique\",\"publisher\":{\"@id\":\"https:\/\/www.edizioniterramarique.com\/#organization\"},\"potentialAction\":[{\"@type\":\"SearchAction\",\"target\":{\"@type\":\"EntryPoint\",\"urlTemplate\":\"https:\/\/www.edizioniterramarique.com\/?s={search_term_string}\"},\"query-input\":{\"@type\":\"PropertyValueSpecification\",\"valueRequired\":true,\"valueName\":\"search_term_string\"}}],\"inLanguage\":\"en-GB\"},{\"@type\":\"Organization\",\"@id\":\"https:\/\/www.edizioniterramarique.com\/#organization\",\"name\":\"Edizioni Terra marique\",\"url\":\"https:\/\/www.edizioniterramarique.com\/\",\"logo\":{\"@type\":\"ImageObject\",\"inLanguage\":\"en-GB\",\"@id\":\"https:\/\/www.edizioniterramarique.com\/#\/schema\/logo\/image\/\",\"url\":\"https:\/\/www.edizioniterramarique.com\/wp-content\/uploads\/2014\/02\/logo_web1.jpg\",\"contentUrl\":\"https:\/\/www.edizioniterramarique.com\/wp-content\/uploads\/2014\/02\/logo_web1.jpg\",\"width\":200,\"height\":109,\"caption\":\"Edizioni Terra marique\"},\"image\":{\"@id\":\"https:\/\/www.edizioniterramarique.com\/#\/schema\/logo\/image\/\"}}]}<\/script>\n<!-- \/ Yoast SEO plugin. -->","yoast_head_json":{"title":"I sorrisi sono doni preziosi &#8226; Edizioni Terra marique","description":"I sorrisi sono doni preziosi, romanzo di Carmen Mondin, originaria di Malo, in provincia di Vicenza, imprenditrice del settore tessile","robots":{"index":"index","follow":"follow","max-snippet":"max-snippet:-1","max-image-preview":"max-image-preview:large","max-video-preview":"max-video-preview:-1"},"canonical":"http:\/\/www.edizioniterramarique.com\/en\/shop\/i-sorrisi-sono-doni-preziosi\/","og_locale":"en_GB","og_type":"article","og_title":"I sorrisi sono doni preziosi &#8226; Edizioni Terra marique","og_description":"I sorrisi sono doni preziosi, romanzo di Carmen Mondin, originaria di Malo, in provincia di Vicenza, imprenditrice del settore tessile","og_url":"http:\/\/www.edizioniterramarique.com\/en\/shop\/i-sorrisi-sono-doni-preziosi\/","og_site_name":"Edizioni Terra marique","og_image":[{"width":200,"height":280,"url":"https:\/\/www.edizioniterramarique.com\/wp-content\/uploads\/2021\/05\/Copertina_Carmen_PER-SITO-TM.jpg","type":"image\/jpeg"}],"twitter_misc":{"Estimated reading time":"2 minutes"},"schema":{"@context":"https:\/\/schema.org","@graph":[{"@type":"WebPage","@id":"http:\/\/www.edizioniterramarique.com\/en\/shop\/i-sorrisi-sono-doni-preziosi\/","url":"http:\/\/www.edizioniterramarique.com\/en\/shop\/i-sorrisi-sono-doni-preziosi\/","name":"I sorrisi sono doni preziosi &#8226; Edizioni Terra marique","isPartOf":{"@id":"https:\/\/www.edizioniterramarique.com\/#website"},"primaryImageOfPage":{"@id":"http:\/\/www.edizioniterramarique.com\/en\/shop\/i-sorrisi-sono-doni-preziosi\/#primaryimage"},"image":{"@id":"http:\/\/www.edizioniterramarique.com\/en\/shop\/i-sorrisi-sono-doni-preziosi\/#primaryimage"},"thumbnailUrl":"https:\/\/www.edizioniterramarique.com\/wp-content\/uploads\/2021\/05\/Copertina_Carmen_PER-SITO-TM.jpg","datePublished":"2021-05-31T15:57:11+00:00","description":"I sorrisi sono doni preziosi, romanzo di Carmen Mondin, originaria di Malo, in provincia di Vicenza, imprenditrice del settore tessile","breadcrumb":{"@id":"http:\/\/www.edizioniterramarique.com\/en\/shop\/i-sorrisi-sono-doni-preziosi\/#breadcrumb"},"inLanguage":"en-GB","potentialAction":[{"@type":"ReadAction","target":["http:\/\/www.edizioniterramarique.com\/en\/shop\/i-sorrisi-sono-doni-preziosi\/"]}]},{"@type":"ImageObject","inLanguage":"en-GB","@id":"http:\/\/www.edizioniterramarique.com\/en\/shop\/i-sorrisi-sono-doni-preziosi\/#primaryimage","url":"https:\/\/www.edizioniterramarique.com\/wp-content\/uploads\/2021\/05\/Copertina_Carmen_PER-SITO-TM.jpg","contentUrl":"https:\/\/www.edizioniterramarique.com\/wp-content\/uploads\/2021\/05\/Copertina_Carmen_PER-SITO-TM.jpg","width":200,"height":280,"caption":"Copertina I sorrisi sono doni preziosi"},{"@type":"BreadcrumbList","@id":"http:\/\/www.edizioniterramarique.com\/en\/shop\/i-sorrisi-sono-doni-preziosi\/#breadcrumb","itemListElement":[{"@type":"ListItem","position":1,"name":"Home","item":"https:\/\/www.edizioniterramarique.com\/"},{"@type":"ListItem","position":2,"name":"Shop","item":"https:\/\/www.edizioniterramarique.com\/"},{"@type":"ListItem","position":3,"name":"I sorrisi sono doni preziosi"}]},{"@type":"WebSite","@id":"https:\/\/www.edizioniterramarique.com\/#website","url":"https:\/\/www.edizioniterramarique.com\/","name":"Edizioni Terra marique","description":"Edizioni Terra marique","publisher":{"@id":"https:\/\/www.edizioniterramarique.com\/#organization"},"potentialAction":[{"@type":"SearchAction","target":{"@type":"EntryPoint","urlTemplate":"https:\/\/www.edizioniterramarique.com\/?s={search_term_string}"},"query-input":{"@type":"PropertyValueSpecification","valueRequired":true,"valueName":"search_term_string"}}],"inLanguage":"en-GB"},{"@type":"Organization","@id":"https:\/\/www.edizioniterramarique.com\/#organization","name":"Edizioni Terra marique","url":"https:\/\/www.edizioniterramarique.com\/","logo":{"@type":"ImageObject","inLanguage":"en-GB","@id":"https:\/\/www.edizioniterramarique.com\/#\/schema\/logo\/image\/","url":"https:\/\/www.edizioniterramarique.com\/wp-content\/uploads\/2014\/02\/logo_web1.jpg","contentUrl":"https:\/\/www.edizioniterramarique.com\/wp-content\/uploads\/2014\/02\/logo_web1.jpg","width":200,"height":109,"caption":"Edizioni Terra marique"},"image":{"@id":"https:\/\/www.edizioniterramarique.com\/#\/schema\/logo\/image\/"}}]}},"_links":{"self":[{"href":"https:\/\/www.edizioniterramarique.com\/en\/wp-json\/wp\/v2\/product\/3676","targetHints":{"allow":["GET"]}}],"collection":[{"href":"https:\/\/www.edizioniterramarique.com\/en\/wp-json\/wp\/v2\/product"}],"about":[{"href":"https:\/\/www.edizioniterramarique.com\/en\/wp-json\/wp\/v2\/types\/product"}],"wp:featuredmedia":[{"embeddable":true,"href":"https:\/\/www.edizioniterramarique.com\/en\/wp-json\/wp\/v2\/media\/3677"}],"wp:attachment":[{"href":"https:\/\/www.edizioniterramarique.com\/en\/wp-json\/wp\/v2\/media?parent=3676"}],"wp:term":[{"taxonomy":"product_brand","embeddable":true,"href":"https:\/\/www.edizioniterramarique.com\/en\/wp-json\/wp\/v2\/product_brand?post=3676"},{"taxonomy":"product_cat","embeddable":true,"href":"https:\/\/www.edizioniterramarique.com\/en\/wp-json\/wp\/v2\/product_cat?post=3676"},{"taxonomy":"product_tag","embeddable":true,"href":"https:\/\/www.edizioniterramarique.com\/en\/wp-json\/wp\/v2\/product_tag?post=3676"}],"curies":[{"name":"wp","href":"https:\/\/api.w.org\/{rel}","templated":true}]}}