{"id":3652,"date":"2021-05-14T18:16:12","date_gmt":"2021-05-14T16:16:12","guid":{"rendered":"https:\/\/www.edizioniterramarique.com\/?post_type=product&#038;p=3652"},"modified":"2024-05-21T08:58:47","modified_gmt":"2024-05-21T06:58:47","slug":"non-chiamatemi-mercenaria-iraq-2003-2005","status":"publish","type":"product","link":"https:\/\/www.edizioniterramarique.com\/en\/shop\/non-chiamatemi-mercenaria-iraq-2003-2005\/","title":{"rendered":"Non chiamatemi mercenaria &#8211; Iraq 2003-2005"},"content":{"rendered":"<p>Al termine di anni trascorsi su uno dei fronti bellici pi\u00f9 caldi al mondo, Valeria Castellani si siede nella quiete della sua casa in Costa Azzurra e inizia a scrivere la sua storia.<\/p>\n<p>Non pu\u00f2 saperlo, ma sta soffrendo di un disturbo da stress post- traumatico. Se ne accorge quando i fuochi d\u2019artificio per l\u2019anniversario della presa della Bastiglia la svegliano di soprassalto, gettandola nel panico. Gli echi delle esplosioni sentite a Baghdad, i rombi degli <em>Apache<\/em> che si alzano in volo, i fischi dei <em>Rocket Propelled Grenade<\/em> sono fantasmi con i quali convivere, nel tentativo di riadattarsi a una vita normale. La scrittura sembra un ottimo strumento per farlo.<\/p>\n<p>Nasce cos\u00ec, a distanza di quasi vent\u2019anni dall\u2019inizio dell\u2019avventura in Medio Oriente, questo libro, duro come la pietra e affilato come una lama, che ha i contorni di un romanzo d\u2019azione. Invece \u00e8 la storia, sincera e a tratti cruda, di Valeria Castellani, prima donna italiana <em>contractor<\/em> a Baghdad, negli anni della caduta di Saddam Hussein e della ricostruzione per mano della coalizione internazionale, guidata dagli Stati Uniti.<\/p>\n<p>Non un libro denuncia, ma appunti scritti di getto, sequenze di un viaggio all\u2019inferno e ritorno, riordinati a distanza di molti anni: oggi Valeria \u00e8 una persona diversa, una mamma che vuole consegnare a suo figlio un frangente di ci\u00f2 che \u00e8 stata.<\/p>\n<p>Gli ideali di giustizia e libert\u00e0 a guidarla, il dolore per la perdita di amici importanti, tra cui Fabrizio Quattrocchi, eroe di un\u2019Italia che non capisce, che giudica senza sapere, che definisce mercenari i <em>contractor<\/em>s come Valeria.<\/p>\n<p>Sullo sfondo di questa vicenda, tra la sabbia del deserto e la desolazione di un popolo martoriato dalla guerra, prende forma il coraggio di una giovane donna che, per una volta nella vita, sa di trovarsi nel posto giusto al momento giusto.<\/p>\n<p>&nbsp;<\/p>\n<p>&nbsp;<\/p>","protected":false},"excerpt":{"rendered":"<p>di Valeria Castellani<br \/>\nCollana Storie di italiane<br \/>\nISBN 9791280254115<\/p>\n<p>&nbsp;<\/p>","protected":false},"featured_media":3653,"template":"","meta":[],"product_brand":[],"product_cat":[70],"product_tag":[],"class_list":{"0":"post-3652","1":"product","2":"type-product","3":"status-publish","4":"has-post-thumbnail","6":"product_cat-autobiografia","7":"product_shipping_class-libro","9":"first","10":"outofstock","11":"shipping-taxable","12":"purchasable","13":"product-type-simple"},"yoast_head":"<!-- This site is optimized with the Yoast SEO plugin v26.9 - https:\/\/yoast.com\/product\/yoast-seo-wordpress\/ -->\n<title>Non chiamatemi mercenaria - Iraq 2003-2005 &#8226; Edizioni Terra marique<\/title>\n<meta name=\"description\" content=\"Valeria Castellani, contractor tra il 2003 e il 2005, racconta i difficili anni del periodo trascorso in Iraq durante la War of Terror\" \/>\n<meta name=\"robots\" content=\"index, follow, max-snippet:-1, max-image-preview:large, max-video-preview:-1\" \/>\n<link rel=\"canonical\" href=\"https:\/\/www.edizioniterramarique.com\/en\/shop\/non-chiamatemi-mercenaria-iraq-2003-2005\/\" \/>\n<meta property=\"og:locale\" content=\"en_GB\" \/>\n<meta property=\"og:type\" content=\"article\" \/>\n<meta property=\"og:title\" content=\"Non chiamatemi mercenaria - Iraq 2003-2005 &#8226; Edizioni Terra marique\" \/>\n<meta property=\"og:description\" content=\"Valeria Castellani, contractor tra il 2003 e il 2005, racconta i difficili anni del periodo trascorso in Iraq durante la War of Terror\" \/>\n<meta property=\"og:url\" content=\"https:\/\/www.edizioniterramarique.com\/en\/shop\/non-chiamatemi-mercenaria-iraq-2003-2005\/\" \/>\n<meta property=\"og:site_name\" content=\"Edizioni Terra marique\" \/>\n<meta property=\"article:modified_time\" content=\"2024-05-21T06:58:47+00:00\" \/>\n<meta property=\"og:image\" content=\"https:\/\/www.edizioniterramarique.com\/wp-content\/uploads\/2021\/05\/Copertina_Valeria_fronte-PER-SITO-TM.jpg\" \/>\n\t<meta property=\"og:image:width\" content=\"200\" \/>\n\t<meta property=\"og:image:height\" content=\"280\" \/>\n\t<meta property=\"og:image:type\" content=\"image\/jpeg\" \/>\n<meta name=\"twitter:label1\" content=\"Estimated reading time\" \/>\n\t<meta name=\"twitter:data1\" content=\"2 minutes\" \/>\n<script type=\"application\/ld+json\" class=\"yoast-schema-graph\">{\"@context\":\"https:\/\/schema.org\",\"@graph\":[{\"@type\":\"WebPage\",\"@id\":\"https:\/\/www.edizioniterramarique.com\/shop\/non-chiamatemi-mercenaria-iraq-2003-2005\/\",\"url\":\"https:\/\/www.edizioniterramarique.com\/shop\/non-chiamatemi-mercenaria-iraq-2003-2005\/\",\"name\":\"Non chiamatemi mercenaria - Iraq 2003-2005 &#8226; Edizioni Terra marique\",\"isPartOf\":{\"@id\":\"https:\/\/www.edizioniterramarique.com\/#website\"},\"primaryImageOfPage\":{\"@id\":\"https:\/\/www.edizioniterramarique.com\/shop\/non-chiamatemi-mercenaria-iraq-2003-2005\/#primaryimage\"},\"image\":{\"@id\":\"https:\/\/www.edizioniterramarique.com\/shop\/non-chiamatemi-mercenaria-iraq-2003-2005\/#primaryimage\"},\"thumbnailUrl\":\"https:\/\/www.edizioniterramarique.com\/wp-content\/uploads\/2021\/05\/Copertina_Valeria_fronte-PER-SITO-TM.jpg\",\"datePublished\":\"2021-05-14T16:16:12+00:00\",\"dateModified\":\"2024-05-21T06:58:47+00:00\",\"description\":\"Valeria Castellani, contractor tra il 2003 e il 2005, racconta i difficili anni del periodo trascorso in Iraq durante la War of Terror\",\"breadcrumb\":{\"@id\":\"https:\/\/www.edizioniterramarique.com\/shop\/non-chiamatemi-mercenaria-iraq-2003-2005\/#breadcrumb\"},\"inLanguage\":\"en-GB\",\"potentialAction\":[{\"@type\":\"ReadAction\",\"target\":[\"https:\/\/www.edizioniterramarique.com\/shop\/non-chiamatemi-mercenaria-iraq-2003-2005\/\"]}]},{\"@type\":\"ImageObject\",\"inLanguage\":\"en-GB\",\"@id\":\"https:\/\/www.edizioniterramarique.com\/shop\/non-chiamatemi-mercenaria-iraq-2003-2005\/#primaryimage\",\"url\":\"https:\/\/www.edizioniterramarique.com\/wp-content\/uploads\/2021\/05\/Copertina_Valeria_fronte-PER-SITO-TM.jpg\",\"contentUrl\":\"https:\/\/www.edizioniterramarique.com\/wp-content\/uploads\/2021\/05\/Copertina_Valeria_fronte-PER-SITO-TM.jpg\",\"width\":200,\"height\":280,\"caption\":\"Non chiamatemi mercenaria - Itaq 2003-2005\"},{\"@type\":\"BreadcrumbList\",\"@id\":\"https:\/\/www.edizioniterramarique.com\/shop\/non-chiamatemi-mercenaria-iraq-2003-2005\/#breadcrumb\",\"itemListElement\":[{\"@type\":\"ListItem\",\"position\":1,\"name\":\"Home\",\"item\":\"https:\/\/www.edizioniterramarique.com\/\"},{\"@type\":\"ListItem\",\"position\":2,\"name\":\"Shop\",\"item\":\"https:\/\/www.edizioniterramarique.com\/\"},{\"@type\":\"ListItem\",\"position\":3,\"name\":\"Non chiamatemi mercenaria &#8211; Iraq 2003-2005\"}]},{\"@type\":\"WebSite\",\"@id\":\"https:\/\/www.edizioniterramarique.com\/#website\",\"url\":\"https:\/\/www.edizioniterramarique.com\/\",\"name\":\"Edizioni Terra marique\",\"description\":\"Edizioni Terra marique\",\"publisher\":{\"@id\":\"https:\/\/www.edizioniterramarique.com\/#organization\"},\"potentialAction\":[{\"@type\":\"SearchAction\",\"target\":{\"@type\":\"EntryPoint\",\"urlTemplate\":\"https:\/\/www.edizioniterramarique.com\/?s={search_term_string}\"},\"query-input\":{\"@type\":\"PropertyValueSpecification\",\"valueRequired\":true,\"valueName\":\"search_term_string\"}}],\"inLanguage\":\"en-GB\"},{\"@type\":\"Organization\",\"@id\":\"https:\/\/www.edizioniterramarique.com\/#organization\",\"name\":\"Edizioni Terra marique\",\"url\":\"https:\/\/www.edizioniterramarique.com\/\",\"logo\":{\"@type\":\"ImageObject\",\"inLanguage\":\"en-GB\",\"@id\":\"https:\/\/www.edizioniterramarique.com\/#\/schema\/logo\/image\/\",\"url\":\"https:\/\/www.edizioniterramarique.com\/wp-content\/uploads\/2014\/02\/logo_web1.jpg\",\"contentUrl\":\"https:\/\/www.edizioniterramarique.com\/wp-content\/uploads\/2014\/02\/logo_web1.jpg\",\"width\":200,\"height\":109,\"caption\":\"Edizioni Terra marique\"},\"image\":{\"@id\":\"https:\/\/www.edizioniterramarique.com\/#\/schema\/logo\/image\/\"}}]}<\/script>\n<!-- \/ Yoast SEO plugin. -->","yoast_head_json":{"title":"Non chiamatemi mercenaria - Iraq 2003-2005 &#8226; Edizioni Terra marique","description":"Valeria Castellani, contractor tra il 2003 e il 2005, racconta i difficili anni del periodo trascorso in Iraq durante la War of Terror","robots":{"index":"index","follow":"follow","max-snippet":"max-snippet:-1","max-image-preview":"max-image-preview:large","max-video-preview":"max-video-preview:-1"},"canonical":"https:\/\/www.edizioniterramarique.com\/en\/shop\/non-chiamatemi-mercenaria-iraq-2003-2005\/","og_locale":"en_GB","og_type":"article","og_title":"Non chiamatemi mercenaria - Iraq 2003-2005 &#8226; Edizioni Terra marique","og_description":"Valeria Castellani, contractor tra il 2003 e il 2005, racconta i difficili anni del periodo trascorso in Iraq durante la War of Terror","og_url":"https:\/\/www.edizioniterramarique.com\/en\/shop\/non-chiamatemi-mercenaria-iraq-2003-2005\/","og_site_name":"Edizioni Terra marique","article_modified_time":"2024-05-21T06:58:47+00:00","og_image":[{"width":200,"height":280,"url":"https:\/\/www.edizioniterramarique.com\/wp-content\/uploads\/2021\/05\/Copertina_Valeria_fronte-PER-SITO-TM.jpg","type":"image\/jpeg"}],"twitter_misc":{"Estimated reading time":"2 minutes"},"schema":{"@context":"https:\/\/schema.org","@graph":[{"@type":"WebPage","@id":"https:\/\/www.edizioniterramarique.com\/shop\/non-chiamatemi-mercenaria-iraq-2003-2005\/","url":"https:\/\/www.edizioniterramarique.com\/shop\/non-chiamatemi-mercenaria-iraq-2003-2005\/","name":"Non chiamatemi mercenaria - Iraq 2003-2005 &#8226; Edizioni Terra marique","isPartOf":{"@id":"https:\/\/www.edizioniterramarique.com\/#website"},"primaryImageOfPage":{"@id":"https:\/\/www.edizioniterramarique.com\/shop\/non-chiamatemi-mercenaria-iraq-2003-2005\/#primaryimage"},"image":{"@id":"https:\/\/www.edizioniterramarique.com\/shop\/non-chiamatemi-mercenaria-iraq-2003-2005\/#primaryimage"},"thumbnailUrl":"https:\/\/www.edizioniterramarique.com\/wp-content\/uploads\/2021\/05\/Copertina_Valeria_fronte-PER-SITO-TM.jpg","datePublished":"2021-05-14T16:16:12+00:00","dateModified":"2024-05-21T06:58:47+00:00","description":"Valeria Castellani, contractor tra il 2003 e il 2005, racconta i difficili anni del periodo trascorso in Iraq durante la War of Terror","breadcrumb":{"@id":"https:\/\/www.edizioniterramarique.com\/shop\/non-chiamatemi-mercenaria-iraq-2003-2005\/#breadcrumb"},"inLanguage":"en-GB","potentialAction":[{"@type":"ReadAction","target":["https:\/\/www.edizioniterramarique.com\/shop\/non-chiamatemi-mercenaria-iraq-2003-2005\/"]}]},{"@type":"ImageObject","inLanguage":"en-GB","@id":"https:\/\/www.edizioniterramarique.com\/shop\/non-chiamatemi-mercenaria-iraq-2003-2005\/#primaryimage","url":"https:\/\/www.edizioniterramarique.com\/wp-content\/uploads\/2021\/05\/Copertina_Valeria_fronte-PER-SITO-TM.jpg","contentUrl":"https:\/\/www.edizioniterramarique.com\/wp-content\/uploads\/2021\/05\/Copertina_Valeria_fronte-PER-SITO-TM.jpg","width":200,"height":280,"caption":"Non chiamatemi mercenaria - Itaq 2003-2005"},{"@type":"BreadcrumbList","@id":"https:\/\/www.edizioniterramarique.com\/shop\/non-chiamatemi-mercenaria-iraq-2003-2005\/#breadcrumb","itemListElement":[{"@type":"ListItem","position":1,"name":"Home","item":"https:\/\/www.edizioniterramarique.com\/"},{"@type":"ListItem","position":2,"name":"Shop","item":"https:\/\/www.edizioniterramarique.com\/"},{"@type":"ListItem","position":3,"name":"Non chiamatemi mercenaria &#8211; Iraq 2003-2005"}]},{"@type":"WebSite","@id":"https:\/\/www.edizioniterramarique.com\/#website","url":"https:\/\/www.edizioniterramarique.com\/","name":"Edizioni Terra marique","description":"Edizioni Terra marique","publisher":{"@id":"https:\/\/www.edizioniterramarique.com\/#organization"},"potentialAction":[{"@type":"SearchAction","target":{"@type":"EntryPoint","urlTemplate":"https:\/\/www.edizioniterramarique.com\/?s={search_term_string}"},"query-input":{"@type":"PropertyValueSpecification","valueRequired":true,"valueName":"search_term_string"}}],"inLanguage":"en-GB"},{"@type":"Organization","@id":"https:\/\/www.edizioniterramarique.com\/#organization","name":"Edizioni Terra marique","url":"https:\/\/www.edizioniterramarique.com\/","logo":{"@type":"ImageObject","inLanguage":"en-GB","@id":"https:\/\/www.edizioniterramarique.com\/#\/schema\/logo\/image\/","url":"https:\/\/www.edizioniterramarique.com\/wp-content\/uploads\/2014\/02\/logo_web1.jpg","contentUrl":"https:\/\/www.edizioniterramarique.com\/wp-content\/uploads\/2014\/02\/logo_web1.jpg","width":200,"height":109,"caption":"Edizioni Terra marique"},"image":{"@id":"https:\/\/www.edizioniterramarique.com\/#\/schema\/logo\/image\/"}}]}},"_links":{"self":[{"href":"https:\/\/www.edizioniterramarique.com\/en\/wp-json\/wp\/v2\/product\/3652","targetHints":{"allow":["GET"]}}],"collection":[{"href":"https:\/\/www.edizioniterramarique.com\/en\/wp-json\/wp\/v2\/product"}],"about":[{"href":"https:\/\/www.edizioniterramarique.com\/en\/wp-json\/wp\/v2\/types\/product"}],"wp:featuredmedia":[{"embeddable":true,"href":"https:\/\/www.edizioniterramarique.com\/en\/wp-json\/wp\/v2\/media\/3653"}],"wp:attachment":[{"href":"https:\/\/www.edizioniterramarique.com\/en\/wp-json\/wp\/v2\/media?parent=3652"}],"wp:term":[{"taxonomy":"product_brand","embeddable":true,"href":"https:\/\/www.edizioniterramarique.com\/en\/wp-json\/wp\/v2\/product_brand?post=3652"},{"taxonomy":"product_cat","embeddable":true,"href":"https:\/\/www.edizioniterramarique.com\/en\/wp-json\/wp\/v2\/product_cat?post=3652"},{"taxonomy":"product_tag","embeddable":true,"href":"https:\/\/www.edizioniterramarique.com\/en\/wp-json\/wp\/v2\/product_tag?post=3652"}],"curies":[{"name":"wp","href":"https:\/\/api.w.org\/{rel}","templated":true}]}}