{"id":3589,"date":"2020-12-30T23:29:11","date_gmt":"2020-12-30T22:29:11","guid":{"rendered":"https:\/\/www.edizioniterramarique.com\/?post_type=product&#038;p=3589"},"modified":"2020-12-30T23:29:11","modified_gmt":"2020-12-30T22:29:11","slug":"zero-motivi-per-non-essere-fashion","status":"publish","type":"product","link":"https:\/\/www.edizioniterramarique.com\/en\/shop\/zero-motivi-per-non-essere-fashion\/","title":{"rendered":"Zero motivi per non essere fashion"},"content":{"rendered":"<p>Chi non vorrebbe uno stylist come migliore amico? Claudio Di Gennaro sa come consigliare ogni donna perch\u00e9 si senta bella e adeguata in qualsiasi situazione, da un appuntamento importante all\u2019aperitivo con le amiche, da un evento glamour a una normale giornata di lavoro, piena di impegni e dai ritmi frenetici.<br \/>\nClaudio \u00e8 un giovane fashion stylist, spesso in controtendenza con le mode del momento, abituato a osare e a confrontarsi con personaggi pubblici molto esigenti, con donne che sfidano la quotidianit\u00e0 su tacchi vertiginosi, con altre che litigano ogni mattina con il guardaroba, con future mamme in bal\u00eca del pancione che cresce. Ognuna di loro sogna un esperto di look che suggerisca abbinamenti e accessori, esaltando le forme di ognuna e le peculiarit\u00e0 caratteriali di tutte.<br \/>\nSe in borsa, sfortunatamente, uno stylist in carne e ossa non ci sta, \u00e8 possibile far posto a questo manuale pr\u00eat-\u00e0-porter, tra le cui pagine \u00e8 svelato il segreto per sentirsi bellissime e sicure di s\u00e9.<\/p>","protected":false},"excerpt":{"rendered":"<p>di Claudio Di Gennaro<br \/>\nCollana Zero motivi<br \/>\nISBN 9791280254030<\/p>","protected":false},"featured_media":3590,"template":"","meta":[],"product_brand":[],"product_cat":[70,69],"product_tag":[],"class_list":{"0":"post-3589","1":"product","2":"type-product","3":"status-publish","4":"has-post-thumbnail","6":"product_cat-autobiografia","7":"product_cat-manuale","9":"first","10":"instock","11":"shipping-taxable","12":"purchasable","13":"product-type-simple"},"yoast_head":"<!-- This site is optimized with the Yoast SEO plugin v26.9 - https:\/\/yoast.com\/product\/yoast-seo-wordpress\/ -->\n<title>Zero motivi per non essere fashion &#8226; Edizioni Terra marique<\/title>\n<meta name=\"description\" content=\"Come vestirsi alla moda in ogni occasione, lavoro, aperitivo, tempo libero, gravidanza... sempre al top con i consigli di Claudio Di Gennaro\" \/>\n<meta name=\"robots\" content=\"index, follow, max-snippet:-1, max-image-preview:large, max-video-preview:-1\" \/>\n<link rel=\"canonical\" href=\"https:\/\/www.edizioniterramarique.com\/en\/shop\/zero-motivi-per-non-essere-fashion\/\" \/>\n<meta property=\"og:locale\" content=\"en_GB\" \/>\n<meta property=\"og:type\" content=\"article\" \/>\n<meta property=\"og:title\" content=\"Zero motivi per non essere fashion &#8226; Edizioni Terra marique\" \/>\n<meta property=\"og:description\" content=\"Come vestirsi alla moda in ogni occasione, lavoro, aperitivo, tempo libero, gravidanza... sempre al top con i consigli di Claudio Di Gennaro\" \/>\n<meta property=\"og:url\" content=\"https:\/\/www.edizioniterramarique.com\/en\/shop\/zero-motivi-per-non-essere-fashion\/\" \/>\n<meta property=\"og:site_name\" content=\"Edizioni Terra marique\" \/>\n<meta property=\"og:image\" content=\"https:\/\/www.edizioniterramarique.com\/wp-content\/uploads\/2020\/12\/Zero-motivi-per-non-essere-fashion-Copertina-PER-SITO-TM.jpg\" \/>\n\t<meta property=\"og:image:width\" content=\"200\" \/>\n\t<meta property=\"og:image:height\" content=\"299\" \/>\n\t<meta property=\"og:image:type\" content=\"image\/jpeg\" \/>\n<meta name=\"twitter:label1\" content=\"Estimated reading time\" \/>\n\t<meta name=\"twitter:data1\" content=\"1 minute\" \/>\n<script type=\"application\/ld+json\" class=\"yoast-schema-graph\">{\"@context\":\"https:\/\/schema.org\",\"@graph\":[{\"@type\":\"WebPage\",\"@id\":\"https:\/\/www.edizioniterramarique.com\/shop\/zero-motivi-per-non-essere-fashion\/\",\"url\":\"https:\/\/www.edizioniterramarique.com\/shop\/zero-motivi-per-non-essere-fashion\/\",\"name\":\"Zero motivi per non essere fashion &#8226; Edizioni Terra marique\",\"isPartOf\":{\"@id\":\"https:\/\/www.edizioniterramarique.com\/#website\"},\"primaryImageOfPage\":{\"@id\":\"https:\/\/www.edizioniterramarique.com\/shop\/zero-motivi-per-non-essere-fashion\/#primaryimage\"},\"image\":{\"@id\":\"https:\/\/www.edizioniterramarique.com\/shop\/zero-motivi-per-non-essere-fashion\/#primaryimage\"},\"thumbnailUrl\":\"https:\/\/www.edizioniterramarique.com\/wp-content\/uploads\/2020\/12\/Zero-motivi-per-non-essere-fashion-Copertina-PER-SITO-TM.jpg\",\"datePublished\":\"2020-12-30T22:29:11+00:00\",\"description\":\"Come vestirsi alla moda in ogni occasione, lavoro, aperitivo, tempo libero, gravidanza... sempre al top con i consigli di Claudio Di Gennaro\",\"breadcrumb\":{\"@id\":\"https:\/\/www.edizioniterramarique.com\/shop\/zero-motivi-per-non-essere-fashion\/#breadcrumb\"},\"inLanguage\":\"en-GB\",\"potentialAction\":[{\"@type\":\"ReadAction\",\"target\":[\"https:\/\/www.edizioniterramarique.com\/shop\/zero-motivi-per-non-essere-fashion\/\"]}]},{\"@type\":\"ImageObject\",\"inLanguage\":\"en-GB\",\"@id\":\"https:\/\/www.edizioniterramarique.com\/shop\/zero-motivi-per-non-essere-fashion\/#primaryimage\",\"url\":\"https:\/\/www.edizioniterramarique.com\/wp-content\/uploads\/2020\/12\/Zero-motivi-per-non-essere-fashion-Copertina-PER-SITO-TM.jpg\",\"contentUrl\":\"https:\/\/www.edizioniterramarique.com\/wp-content\/uploads\/2020\/12\/Zero-motivi-per-non-essere-fashion-Copertina-PER-SITO-TM.jpg\",\"width\":200,\"height\":299,\"caption\":\"Copertina Zero motivi per non essere fashion\"},{\"@type\":\"BreadcrumbList\",\"@id\":\"https:\/\/www.edizioniterramarique.com\/shop\/zero-motivi-per-non-essere-fashion\/#breadcrumb\",\"itemListElement\":[{\"@type\":\"ListItem\",\"position\":1,\"name\":\"Home\",\"item\":\"https:\/\/www.edizioniterramarique.com\/\"},{\"@type\":\"ListItem\",\"position\":2,\"name\":\"Shop\",\"item\":\"https:\/\/www.edizioniterramarique.com\/\"},{\"@type\":\"ListItem\",\"position\":3,\"name\":\"Zero motivi per non essere fashion\"}]},{\"@type\":\"WebSite\",\"@id\":\"https:\/\/www.edizioniterramarique.com\/#website\",\"url\":\"https:\/\/www.edizioniterramarique.com\/\",\"name\":\"Edizioni Terra marique\",\"description\":\"Edizioni Terra marique\",\"publisher\":{\"@id\":\"https:\/\/www.edizioniterramarique.com\/#organization\"},\"potentialAction\":[{\"@type\":\"SearchAction\",\"target\":{\"@type\":\"EntryPoint\",\"urlTemplate\":\"https:\/\/www.edizioniterramarique.com\/?s={search_term_string}\"},\"query-input\":{\"@type\":\"PropertyValueSpecification\",\"valueRequired\":true,\"valueName\":\"search_term_string\"}}],\"inLanguage\":\"en-GB\"},{\"@type\":\"Organization\",\"@id\":\"https:\/\/www.edizioniterramarique.com\/#organization\",\"name\":\"Edizioni Terra marique\",\"url\":\"https:\/\/www.edizioniterramarique.com\/\",\"logo\":{\"@type\":\"ImageObject\",\"inLanguage\":\"en-GB\",\"@id\":\"https:\/\/www.edizioniterramarique.com\/#\/schema\/logo\/image\/\",\"url\":\"https:\/\/www.edizioniterramarique.com\/wp-content\/uploads\/2014\/02\/logo_web1.jpg\",\"contentUrl\":\"https:\/\/www.edizioniterramarique.com\/wp-content\/uploads\/2014\/02\/logo_web1.jpg\",\"width\":200,\"height\":109,\"caption\":\"Edizioni Terra marique\"},\"image\":{\"@id\":\"https:\/\/www.edizioniterramarique.com\/#\/schema\/logo\/image\/\"}}]}<\/script>\n<!-- \/ Yoast SEO plugin. -->","yoast_head_json":{"title":"Zero motivi per non essere fashion &#8226; Edizioni Terra marique","description":"Come vestirsi alla moda in ogni occasione, lavoro, aperitivo, tempo libero, gravidanza... sempre al top con i consigli di Claudio Di Gennaro","robots":{"index":"index","follow":"follow","max-snippet":"max-snippet:-1","max-image-preview":"max-image-preview:large","max-video-preview":"max-video-preview:-1"},"canonical":"https:\/\/www.edizioniterramarique.com\/en\/shop\/zero-motivi-per-non-essere-fashion\/","og_locale":"en_GB","og_type":"article","og_title":"Zero motivi per non essere fashion &#8226; Edizioni Terra marique","og_description":"Come vestirsi alla moda in ogni occasione, lavoro, aperitivo, tempo libero, gravidanza... sempre al top con i consigli di Claudio Di Gennaro","og_url":"https:\/\/www.edizioniterramarique.com\/en\/shop\/zero-motivi-per-non-essere-fashion\/","og_site_name":"Edizioni Terra marique","og_image":[{"width":200,"height":299,"url":"https:\/\/www.edizioniterramarique.com\/wp-content\/uploads\/2020\/12\/Zero-motivi-per-non-essere-fashion-Copertina-PER-SITO-TM.jpg","type":"image\/jpeg"}],"twitter_misc":{"Estimated reading time":"1 minute"},"schema":{"@context":"https:\/\/schema.org","@graph":[{"@type":"WebPage","@id":"https:\/\/www.edizioniterramarique.com\/shop\/zero-motivi-per-non-essere-fashion\/","url":"https:\/\/www.edizioniterramarique.com\/shop\/zero-motivi-per-non-essere-fashion\/","name":"Zero motivi per non essere fashion &#8226; Edizioni Terra marique","isPartOf":{"@id":"https:\/\/www.edizioniterramarique.com\/#website"},"primaryImageOfPage":{"@id":"https:\/\/www.edizioniterramarique.com\/shop\/zero-motivi-per-non-essere-fashion\/#primaryimage"},"image":{"@id":"https:\/\/www.edizioniterramarique.com\/shop\/zero-motivi-per-non-essere-fashion\/#primaryimage"},"thumbnailUrl":"https:\/\/www.edizioniterramarique.com\/wp-content\/uploads\/2020\/12\/Zero-motivi-per-non-essere-fashion-Copertina-PER-SITO-TM.jpg","datePublished":"2020-12-30T22:29:11+00:00","description":"Come vestirsi alla moda in ogni occasione, lavoro, aperitivo, tempo libero, gravidanza... sempre al top con i consigli di Claudio Di Gennaro","breadcrumb":{"@id":"https:\/\/www.edizioniterramarique.com\/shop\/zero-motivi-per-non-essere-fashion\/#breadcrumb"},"inLanguage":"en-GB","potentialAction":[{"@type":"ReadAction","target":["https:\/\/www.edizioniterramarique.com\/shop\/zero-motivi-per-non-essere-fashion\/"]}]},{"@type":"ImageObject","inLanguage":"en-GB","@id":"https:\/\/www.edizioniterramarique.com\/shop\/zero-motivi-per-non-essere-fashion\/#primaryimage","url":"https:\/\/www.edizioniterramarique.com\/wp-content\/uploads\/2020\/12\/Zero-motivi-per-non-essere-fashion-Copertina-PER-SITO-TM.jpg","contentUrl":"https:\/\/www.edizioniterramarique.com\/wp-content\/uploads\/2020\/12\/Zero-motivi-per-non-essere-fashion-Copertina-PER-SITO-TM.jpg","width":200,"height":299,"caption":"Copertina Zero motivi per non essere fashion"},{"@type":"BreadcrumbList","@id":"https:\/\/www.edizioniterramarique.com\/shop\/zero-motivi-per-non-essere-fashion\/#breadcrumb","itemListElement":[{"@type":"ListItem","position":1,"name":"Home","item":"https:\/\/www.edizioniterramarique.com\/"},{"@type":"ListItem","position":2,"name":"Shop","item":"https:\/\/www.edizioniterramarique.com\/"},{"@type":"ListItem","position":3,"name":"Zero motivi per non essere fashion"}]},{"@type":"WebSite","@id":"https:\/\/www.edizioniterramarique.com\/#website","url":"https:\/\/www.edizioniterramarique.com\/","name":"Edizioni Terra marique","description":"Edizioni Terra marique","publisher":{"@id":"https:\/\/www.edizioniterramarique.com\/#organization"},"potentialAction":[{"@type":"SearchAction","target":{"@type":"EntryPoint","urlTemplate":"https:\/\/www.edizioniterramarique.com\/?s={search_term_string}"},"query-input":{"@type":"PropertyValueSpecification","valueRequired":true,"valueName":"search_term_string"}}],"inLanguage":"en-GB"},{"@type":"Organization","@id":"https:\/\/www.edizioniterramarique.com\/#organization","name":"Edizioni Terra marique","url":"https:\/\/www.edizioniterramarique.com\/","logo":{"@type":"ImageObject","inLanguage":"en-GB","@id":"https:\/\/www.edizioniterramarique.com\/#\/schema\/logo\/image\/","url":"https:\/\/www.edizioniterramarique.com\/wp-content\/uploads\/2014\/02\/logo_web1.jpg","contentUrl":"https:\/\/www.edizioniterramarique.com\/wp-content\/uploads\/2014\/02\/logo_web1.jpg","width":200,"height":109,"caption":"Edizioni Terra marique"},"image":{"@id":"https:\/\/www.edizioniterramarique.com\/#\/schema\/logo\/image\/"}}]}},"_links":{"self":[{"href":"https:\/\/www.edizioniterramarique.com\/en\/wp-json\/wp\/v2\/product\/3589","targetHints":{"allow":["GET"]}}],"collection":[{"href":"https:\/\/www.edizioniterramarique.com\/en\/wp-json\/wp\/v2\/product"}],"about":[{"href":"https:\/\/www.edizioniterramarique.com\/en\/wp-json\/wp\/v2\/types\/product"}],"wp:featuredmedia":[{"embeddable":true,"href":"https:\/\/www.edizioniterramarique.com\/en\/wp-json\/wp\/v2\/media\/3590"}],"wp:attachment":[{"href":"https:\/\/www.edizioniterramarique.com\/en\/wp-json\/wp\/v2\/media?parent=3589"}],"wp:term":[{"taxonomy":"product_brand","embeddable":true,"href":"https:\/\/www.edizioniterramarique.com\/en\/wp-json\/wp\/v2\/product_brand?post=3589"},{"taxonomy":"product_cat","embeddable":true,"href":"https:\/\/www.edizioniterramarique.com\/en\/wp-json\/wp\/v2\/product_cat?post=3589"},{"taxonomy":"product_tag","embeddable":true,"href":"https:\/\/www.edizioniterramarique.com\/en\/wp-json\/wp\/v2\/product_tag?post=3589"}],"curies":[{"name":"wp","href":"https:\/\/api.w.org\/{rel}","templated":true}]}}