{"id":3519,"date":"2020-11-10T22:32:11","date_gmt":"2020-11-10T21:32:11","guid":{"rendered":"https:\/\/www.edizioniterramarique.com\/?post_type=product&#038;p=3519"},"modified":"2021-12-15T15:41:01","modified_gmt":"2021-12-15T14:41:01","slug":"rivista-maperte-scienza-creativita","status":"publish","type":"product","link":"https:\/\/www.edizioniterramarique.com\/en\/shop\/rivista-maperte-scienza-creativita\/","title":{"rendered":"Rivista Ma&#8217;PerTe"},"content":{"rendered":"<p><strong>Ora disponibile il primo numero del magazine Ma\u2019PerTe, acquista subito la tua copia della<\/strong>\u00a0<strong>rivista al femminile tra scienza e creativit\u00e0!<\/strong><\/p>\n<p>La rivista Ma\u2019PerTe nasce dall\u2019incontro tra Roberta Rossi, giornalista, scrittrice ed editrice, e Sara Meglioli, ostetrica e filosofa, esperta di comunicazione. Tre minuti dopo essersi conosciute, sono gi\u00e0 al lavoro sulla rivista \u2013 e su molto altro \u2013 Roberta a capo della redazione culturale, Sara a capo di quella scientifica.<br \/>\nCon loro collaborano ostetriche, giornaliste, ostetriche, nutrizioniste, psicologhe, esperte di benessere fisico e mentale, che firmano gli articoli. Ma anche grafiche e illustratrici, artiste di altissimo livello.<br \/>\nMa\u2019PerTe \u00e8 infatti una rivista piena di <strong>informazioni care alle future mamme e a chi lo \u00e8 gi\u00e0<\/strong>, approfondite da esperte in materia, ma \u00e8 anche ricca di <strong>pagine colorate<\/strong>, impreziosite dalle nostre illustratrici che interpretano parole e racconti con una straordinaria vivacit\u00e0.<\/p>\n<p><strong>Creativit\u00e0<\/strong> e <strong>scienza<\/strong> sono le due parole chiave di questa rivista innovativa, amichevole, piena di gioia creativa, che mette al centro la donna e la bellezza che le appartiene.<\/p>","protected":false},"excerpt":{"rendered":"<p>Disponibile<\/p>","protected":false},"featured_media":3615,"template":"","meta":[],"product_brand":[],"product_cat":[71],"product_tag":[106,103,100,104,105,101,102],"class_list":{"0":"post-3519","1":"product","2":"type-product","3":"status-publish","4":"has-post-thumbnail","6":"product_cat-rivista","7":"product_tag-bambini","8":"product_tag-gravidanza","9":"product_tag-magazine","10":"product_tag-mamma","11":"product_tag-mamme","12":"product_tag-rivista","13":"product_tag-rivista-gravidanza","15":"first","16":"instock","17":"shipping-taxable","18":"purchasable","19":"product-type-simple"},"yoast_head":"<!-- This site is optimized with the Yoast SEO plugin v26.9 - https:\/\/yoast.com\/product\/yoast-seo-wordpress\/ -->\n<title>Rivista Ma&#039;PerTe &#8226; Edizioni Terra marique<\/title>\n<meta name=\"description\" content=\"Ma&#039;PerTe rivista al femminile tra scienza e creativit\u00e0, a firma di ostetriche, nutrizioniste, ma anche artiste\" \/>\n<meta name=\"robots\" content=\"index, follow, max-snippet:-1, max-image-preview:large, max-video-preview:-1\" \/>\n<link rel=\"canonical\" href=\"https:\/\/www.edizioniterramarique.com\/en\/shop\/rivista-maperte-scienza-creativita\/\" \/>\n<meta property=\"og:locale\" content=\"en_GB\" \/>\n<meta property=\"og:type\" content=\"article\" \/>\n<meta property=\"og:title\" content=\"Rivista Ma&#039;PerTe &#8226; Edizioni Terra marique\" \/>\n<meta property=\"og:description\" content=\"Ma&#039;PerTe rivista al femminile tra scienza e creativit\u00e0, a firma di ostetriche, nutrizioniste, ma anche artiste\" \/>\n<meta property=\"og:url\" content=\"https:\/\/www.edizioniterramarique.com\/en\/shop\/rivista-maperte-scienza-creativita\/\" \/>\n<meta property=\"og:site_name\" content=\"Edizioni Terra marique\" \/>\n<meta property=\"article:modified_time\" content=\"2021-12-15T14:41:01+00:00\" \/>\n<meta property=\"og:image\" content=\"https:\/\/www.edizioniterramarique.com\/wp-content\/uploads\/2020\/11\/Rivista-Copertina-scaled.jpg\" \/>\n\t<meta property=\"og:image:width\" content=\"2086\" \/>\n\t<meta property=\"og:image:height\" content=\"2560\" \/>\n\t<meta property=\"og:image:type\" content=\"image\/jpeg\" \/>\n<meta name=\"twitter:label1\" content=\"Estimated reading time\" \/>\n\t<meta name=\"twitter:data1\" content=\"1 minute\" \/>\n<script type=\"application\/ld+json\" class=\"yoast-schema-graph\">{\"@context\":\"https:\/\/schema.org\",\"@graph\":[{\"@type\":\"WebPage\",\"@id\":\"https:\/\/www.edizioniterramarique.com\/shop\/rivista-maperte-scienza-creativita\/\",\"url\":\"https:\/\/www.edizioniterramarique.com\/shop\/rivista-maperte-scienza-creativita\/\",\"name\":\"Rivista Ma'PerTe &#8226; Edizioni Terra marique\",\"isPartOf\":{\"@id\":\"https:\/\/www.edizioniterramarique.com\/#website\"},\"primaryImageOfPage\":{\"@id\":\"https:\/\/www.edizioniterramarique.com\/shop\/rivista-maperte-scienza-creativita\/#primaryimage\"},\"image\":{\"@id\":\"https:\/\/www.edizioniterramarique.com\/shop\/rivista-maperte-scienza-creativita\/#primaryimage\"},\"thumbnailUrl\":\"https:\/\/www.edizioniterramarique.com\/wp-content\/uploads\/2020\/11\/Rivista-Copertina-scaled.jpg\",\"datePublished\":\"2020-11-10T21:32:11+00:00\",\"dateModified\":\"2021-12-15T14:41:01+00:00\",\"description\":\"Ma'PerTe rivista al femminile tra scienza e creativit\u00e0, a firma di ostetriche, nutrizioniste, ma anche artiste\",\"breadcrumb\":{\"@id\":\"https:\/\/www.edizioniterramarique.com\/shop\/rivista-maperte-scienza-creativita\/#breadcrumb\"},\"inLanguage\":\"en-GB\",\"potentialAction\":[{\"@type\":\"ReadAction\",\"target\":[\"https:\/\/www.edizioniterramarique.com\/shop\/rivista-maperte-scienza-creativita\/\"]}]},{\"@type\":\"ImageObject\",\"inLanguage\":\"en-GB\",\"@id\":\"https:\/\/www.edizioniterramarique.com\/shop\/rivista-maperte-scienza-creativita\/#primaryimage\",\"url\":\"https:\/\/www.edizioniterramarique.com\/wp-content\/uploads\/2020\/11\/Rivista-Copertina-scaled.jpg\",\"contentUrl\":\"https:\/\/www.edizioniterramarique.com\/wp-content\/uploads\/2020\/11\/Rivista-Copertina-scaled.jpg\",\"width\":2086,\"height\":2560,\"caption\":\"Ma'PerTe\"},{\"@type\":\"BreadcrumbList\",\"@id\":\"https:\/\/www.edizioniterramarique.com\/shop\/rivista-maperte-scienza-creativita\/#breadcrumb\",\"itemListElement\":[{\"@type\":\"ListItem\",\"position\":1,\"name\":\"Home\",\"item\":\"https:\/\/www.edizioniterramarique.com\/\"},{\"@type\":\"ListItem\",\"position\":2,\"name\":\"Shop\",\"item\":\"https:\/\/www.edizioniterramarique.com\/\"},{\"@type\":\"ListItem\",\"position\":3,\"name\":\"Rivista Ma&#8217;PerTe\"}]},{\"@type\":\"WebSite\",\"@id\":\"https:\/\/www.edizioniterramarique.com\/#website\",\"url\":\"https:\/\/www.edizioniterramarique.com\/\",\"name\":\"Edizioni Terra marique\",\"description\":\"Edizioni Terra marique\",\"publisher\":{\"@id\":\"https:\/\/www.edizioniterramarique.com\/#organization\"},\"potentialAction\":[{\"@type\":\"SearchAction\",\"target\":{\"@type\":\"EntryPoint\",\"urlTemplate\":\"https:\/\/www.edizioniterramarique.com\/?s={search_term_string}\"},\"query-input\":{\"@type\":\"PropertyValueSpecification\",\"valueRequired\":true,\"valueName\":\"search_term_string\"}}],\"inLanguage\":\"en-GB\"},{\"@type\":\"Organization\",\"@id\":\"https:\/\/www.edizioniterramarique.com\/#organization\",\"name\":\"Edizioni Terra marique\",\"url\":\"https:\/\/www.edizioniterramarique.com\/\",\"logo\":{\"@type\":\"ImageObject\",\"inLanguage\":\"en-GB\",\"@id\":\"https:\/\/www.edizioniterramarique.com\/#\/schema\/logo\/image\/\",\"url\":\"https:\/\/www.edizioniterramarique.com\/wp-content\/uploads\/2014\/02\/logo_web1.jpg\",\"contentUrl\":\"https:\/\/www.edizioniterramarique.com\/wp-content\/uploads\/2014\/02\/logo_web1.jpg\",\"width\":200,\"height\":109,\"caption\":\"Edizioni Terra marique\"},\"image\":{\"@id\":\"https:\/\/www.edizioniterramarique.com\/#\/schema\/logo\/image\/\"}}]}<\/script>\n<!-- \/ Yoast SEO plugin. -->","yoast_head_json":{"title":"Rivista Ma'PerTe &#8226; Edizioni Terra marique","description":"Ma'PerTe rivista al femminile tra scienza e creativit\u00e0, a firma di ostetriche, nutrizioniste, ma anche artiste","robots":{"index":"index","follow":"follow","max-snippet":"max-snippet:-1","max-image-preview":"max-image-preview:large","max-video-preview":"max-video-preview:-1"},"canonical":"https:\/\/www.edizioniterramarique.com\/en\/shop\/rivista-maperte-scienza-creativita\/","og_locale":"en_GB","og_type":"article","og_title":"Rivista Ma'PerTe &#8226; Edizioni Terra marique","og_description":"Ma'PerTe rivista al femminile tra scienza e creativit\u00e0, a firma di ostetriche, nutrizioniste, ma anche artiste","og_url":"https:\/\/www.edizioniterramarique.com\/en\/shop\/rivista-maperte-scienza-creativita\/","og_site_name":"Edizioni Terra marique","article_modified_time":"2021-12-15T14:41:01+00:00","og_image":[{"width":2086,"height":2560,"url":"https:\/\/www.edizioniterramarique.com\/wp-content\/uploads\/2020\/11\/Rivista-Copertina-scaled.jpg","type":"image\/jpeg"}],"twitter_misc":{"Estimated reading time":"1 minute"},"schema":{"@context":"https:\/\/schema.org","@graph":[{"@type":"WebPage","@id":"https:\/\/www.edizioniterramarique.com\/shop\/rivista-maperte-scienza-creativita\/","url":"https:\/\/www.edizioniterramarique.com\/shop\/rivista-maperte-scienza-creativita\/","name":"Rivista Ma'PerTe &#8226; Edizioni Terra marique","isPartOf":{"@id":"https:\/\/www.edizioniterramarique.com\/#website"},"primaryImageOfPage":{"@id":"https:\/\/www.edizioniterramarique.com\/shop\/rivista-maperte-scienza-creativita\/#primaryimage"},"image":{"@id":"https:\/\/www.edizioniterramarique.com\/shop\/rivista-maperte-scienza-creativita\/#primaryimage"},"thumbnailUrl":"https:\/\/www.edizioniterramarique.com\/wp-content\/uploads\/2020\/11\/Rivista-Copertina-scaled.jpg","datePublished":"2020-11-10T21:32:11+00:00","dateModified":"2021-12-15T14:41:01+00:00","description":"Ma'PerTe rivista al femminile tra scienza e creativit\u00e0, a firma di ostetriche, nutrizioniste, ma anche artiste","breadcrumb":{"@id":"https:\/\/www.edizioniterramarique.com\/shop\/rivista-maperte-scienza-creativita\/#breadcrumb"},"inLanguage":"en-GB","potentialAction":[{"@type":"ReadAction","target":["https:\/\/www.edizioniterramarique.com\/shop\/rivista-maperte-scienza-creativita\/"]}]},{"@type":"ImageObject","inLanguage":"en-GB","@id":"https:\/\/www.edizioniterramarique.com\/shop\/rivista-maperte-scienza-creativita\/#primaryimage","url":"https:\/\/www.edizioniterramarique.com\/wp-content\/uploads\/2020\/11\/Rivista-Copertina-scaled.jpg","contentUrl":"https:\/\/www.edizioniterramarique.com\/wp-content\/uploads\/2020\/11\/Rivista-Copertina-scaled.jpg","width":2086,"height":2560,"caption":"Ma'PerTe"},{"@type":"BreadcrumbList","@id":"https:\/\/www.edizioniterramarique.com\/shop\/rivista-maperte-scienza-creativita\/#breadcrumb","itemListElement":[{"@type":"ListItem","position":1,"name":"Home","item":"https:\/\/www.edizioniterramarique.com\/"},{"@type":"ListItem","position":2,"name":"Shop","item":"https:\/\/www.edizioniterramarique.com\/"},{"@type":"ListItem","position":3,"name":"Rivista Ma&#8217;PerTe"}]},{"@type":"WebSite","@id":"https:\/\/www.edizioniterramarique.com\/#website","url":"https:\/\/www.edizioniterramarique.com\/","name":"Edizioni Terra marique","description":"Edizioni Terra marique","publisher":{"@id":"https:\/\/www.edizioniterramarique.com\/#organization"},"potentialAction":[{"@type":"SearchAction","target":{"@type":"EntryPoint","urlTemplate":"https:\/\/www.edizioniterramarique.com\/?s={search_term_string}"},"query-input":{"@type":"PropertyValueSpecification","valueRequired":true,"valueName":"search_term_string"}}],"inLanguage":"en-GB"},{"@type":"Organization","@id":"https:\/\/www.edizioniterramarique.com\/#organization","name":"Edizioni Terra marique","url":"https:\/\/www.edizioniterramarique.com\/","logo":{"@type":"ImageObject","inLanguage":"en-GB","@id":"https:\/\/www.edizioniterramarique.com\/#\/schema\/logo\/image\/","url":"https:\/\/www.edizioniterramarique.com\/wp-content\/uploads\/2014\/02\/logo_web1.jpg","contentUrl":"https:\/\/www.edizioniterramarique.com\/wp-content\/uploads\/2014\/02\/logo_web1.jpg","width":200,"height":109,"caption":"Edizioni Terra marique"},"image":{"@id":"https:\/\/www.edizioniterramarique.com\/#\/schema\/logo\/image\/"}}]}},"_links":{"self":[{"href":"https:\/\/www.edizioniterramarique.com\/en\/wp-json\/wp\/v2\/product\/3519","targetHints":{"allow":["GET"]}}],"collection":[{"href":"https:\/\/www.edizioniterramarique.com\/en\/wp-json\/wp\/v2\/product"}],"about":[{"href":"https:\/\/www.edizioniterramarique.com\/en\/wp-json\/wp\/v2\/types\/product"}],"wp:featuredmedia":[{"embeddable":true,"href":"https:\/\/www.edizioniterramarique.com\/en\/wp-json\/wp\/v2\/media\/3615"}],"wp:attachment":[{"href":"https:\/\/www.edizioniterramarique.com\/en\/wp-json\/wp\/v2\/media?parent=3519"}],"wp:term":[{"taxonomy":"product_brand","embeddable":true,"href":"https:\/\/www.edizioniterramarique.com\/en\/wp-json\/wp\/v2\/product_brand?post=3519"},{"taxonomy":"product_cat","embeddable":true,"href":"https:\/\/www.edizioniterramarique.com\/en\/wp-json\/wp\/v2\/product_cat?post=3519"},{"taxonomy":"product_tag","embeddable":true,"href":"https:\/\/www.edizioniterramarique.com\/en\/wp-json\/wp\/v2\/product_tag?post=3519"}],"curies":[{"name":"wp","href":"https:\/\/api.w.org\/{rel}","templated":true}]}}