{"id":3493,"date":"2020-10-23T16:58:53","date_gmt":"2020-10-23T14:58:53","guid":{"rendered":"https:\/\/www.edizioniterramarique.com\/?post_type=product&#038;p=3493"},"modified":"2020-10-26T21:03:24","modified_gmt":"2020-10-26T20:03:24","slug":"whats-next-storia-di-un-italiano-in-giro-per-il-mondo","status":"publish","type":"product","link":"https:\/\/www.edizioniterramarique.com\/en\/shop\/whats-next-storia-di-un-italiano-in-giro-per-il-mondo\/","title":{"rendered":"What&#8217;s next? Storia di un italiano in giro per il mondo"},"content":{"rendered":"<p>\u201cWhat\u2019s next\u201d \u00e8 un appassionante dialogo tra Carmine Mandola, CEO e CFO in diverse multinazionali in giro per il mondo, e Roberta Rossi, autrice ed editor. Scritto a seguito di lunghe chiacchierate (via Skype) nel periodo successivo al <em>lockdown<\/em>, che ha interessato anche il Marocco, dove oggi vive Carmine, questo libro \u00e8 un inno al desiderio di libert\u00e0 e di indipendenza, di fuga dai luoghi comuni e da realt\u00e0 incapaci di offrire un futuro ai propri figli.<\/p>\n<p>Anticonformista per natura, Carmine racconta il percorso che l\u2019ha portato a costruirsi una carriera partendo da zero, tra prime esperienze lavorative e corsi di formazione, tra passioni e voglia di farcela, seguendo l\u2019esempio di tenacia che gli hanno dato i suoi genitori.<\/p>\n<p>Le sue parole racchiudono la solarit\u00e0 e la capacit\u00e0 di adattamento dei campani, la schiettezza dei belgi, la razionalit\u00e0 dei tedeschi, il campanilismo dei francesi, la voglia di vivere degli israeliani. Carmine dice che, da ogni popolo con cui ha avuto a che fare, ha cercato di prendere i lati positivi, cos\u00ec da migliorarsi e da diventare un esempio per i suoi figli, che sono come lui cittadini del mondo, esempio di un\u2019Italia che sa andare oltre i propri confini.<\/p>\n<div>\n<p><strong>What\u2019s next<\/strong><br \/>\n<strong>Story of an Italian around the world<\/strong><\/p>\n<p>\u201cWhat\u2019s next\u201d is a passionate dialogue between Carmine Mandola, CEO and CFO of several multinational companies around the world, and Roberta Rossi, writer and editor. This book was written after long talks (on Skype) in the period following the lockdown, which affected also Morocco, where Carmine lives now. It is a hymn to desire for freedom and independence, to escape from common places and situations incapable of offering a future to his own children.<\/p>\n<p>Unconventional by nature, Carmine tells the path that led him to build a career from scratch, between work experiences and training courses, passions and desire to succeed, following the example of perseverance that his parents gave him.<\/p>\n<p>His words hold the sunshine and adaptability typical of people from Campania, the frankness of the Belgians, the rationality of the Germans, the parochialism of the French, the will to live of the Israelis. Carmine says that he tried to take the positive aspects from every people he has dealt with, in order to improve and to become an example for his children, who are citizens of the world as he is, example of an Italy that knows how to go beyond its borders.<\/p>\n<\/div>\n<div class=\"yj6qo ajU\"><\/div>","protected":false},"excerpt":{"rendered":"<p>di Carmine Mandola<br \/>\nCollana Storie di italiani<br \/>\nIsbn 9791280254016<\/p>","protected":false},"featured_media":3494,"template":"","meta":[],"product_brand":[],"product_cat":[70],"product_tag":[],"class_list":{"0":"post-3493","1":"product","2":"type-product","3":"status-publish","4":"has-post-thumbnail","6":"product_cat-autobiografia","8":"first","9":"instock","10":"shipping-taxable","11":"purchasable","12":"product-type-simple"},"yoast_head":"<!-- This site is optimized with the Yoast SEO plugin v26.9 - https:\/\/yoast.com\/product\/yoast-seo-wordpress\/ -->\n<title>What&#039;s next? Storia di un italiano in giro per il mondo &#8226; Edizioni Terra marique<\/title>\n<meta name=\"description\" content=\"What&#039;s next? Storia di un italiano in giro per il mondo di Carmine Mandola. Edizioni Terra marique. Collana Storie di italiani\" \/>\n<meta name=\"robots\" content=\"index, follow, max-snippet:-1, max-image-preview:large, max-video-preview:-1\" \/>\n<link rel=\"canonical\" href=\"https:\/\/www.edizioniterramarique.com\/en\/shop\/whats-next-storia-di-un-italiano-in-giro-per-il-mondo\/\" \/>\n<meta property=\"og:locale\" content=\"en_GB\" \/>\n<meta property=\"og:type\" content=\"article\" \/>\n<meta property=\"og:title\" content=\"What&#039;s next? Storia di un italiano in giro per il mondo &#8226; Edizioni Terra marique\" \/>\n<meta property=\"og:description\" content=\"What&#039;s next? Storia di un italiano in giro per il mondo di Carmine Mandola. Edizioni Terra marique. Collana Storie di italiani\" \/>\n<meta property=\"og:url\" content=\"https:\/\/www.edizioniterramarique.com\/en\/shop\/whats-next-storia-di-un-italiano-in-giro-per-il-mondo\/\" \/>\n<meta property=\"og:site_name\" content=\"Edizioni Terra marique\" \/>\n<meta property=\"article:modified_time\" content=\"2020-10-26T20:03:24+00:00\" \/>\n<meta property=\"og:image\" content=\"https:\/\/www.edizioniterramarique.com\/wp-content\/uploads\/2020\/10\/WHATS-NEXT-COPERTINA-PER-SITO-TM.jpg\" \/>\n\t<meta property=\"og:image:width\" content=\"200\" \/>\n\t<meta property=\"og:image:height\" content=\"279\" \/>\n\t<meta property=\"og:image:type\" content=\"image\/jpeg\" \/>\n<meta name=\"twitter:label1\" content=\"Estimated reading time\" \/>\n\t<meta name=\"twitter:data1\" content=\"2 minutes\" \/>\n<script type=\"application\/ld+json\" class=\"yoast-schema-graph\">{\"@context\":\"https:\/\/schema.org\",\"@graph\":[{\"@type\":\"WebPage\",\"@id\":\"https:\/\/www.edizioniterramarique.com\/shop\/whats-next-storia-di-un-italiano-in-giro-per-il-mondo\/\",\"url\":\"https:\/\/www.edizioniterramarique.com\/shop\/whats-next-storia-di-un-italiano-in-giro-per-il-mondo\/\",\"name\":\"What's next? Storia di un italiano in giro per il mondo &#8226; Edizioni Terra marique\",\"isPartOf\":{\"@id\":\"https:\/\/www.edizioniterramarique.com\/#website\"},\"primaryImageOfPage\":{\"@id\":\"https:\/\/www.edizioniterramarique.com\/shop\/whats-next-storia-di-un-italiano-in-giro-per-il-mondo\/#primaryimage\"},\"image\":{\"@id\":\"https:\/\/www.edizioniterramarique.com\/shop\/whats-next-storia-di-un-italiano-in-giro-per-il-mondo\/#primaryimage\"},\"thumbnailUrl\":\"https:\/\/www.edizioniterramarique.com\/wp-content\/uploads\/2020\/10\/WHATS-NEXT-COPERTINA-PER-SITO-TM.jpg\",\"datePublished\":\"2020-10-23T14:58:53+00:00\",\"dateModified\":\"2020-10-26T20:03:24+00:00\",\"description\":\"What's next? Storia di un italiano in giro per il mondo di Carmine Mandola. Edizioni Terra marique. Collana Storie di italiani\",\"breadcrumb\":{\"@id\":\"https:\/\/www.edizioniterramarique.com\/shop\/whats-next-storia-di-un-italiano-in-giro-per-il-mondo\/#breadcrumb\"},\"inLanguage\":\"en-GB\",\"potentialAction\":[{\"@type\":\"ReadAction\",\"target\":[\"https:\/\/www.edizioniterramarique.com\/shop\/whats-next-storia-di-un-italiano-in-giro-per-il-mondo\/\"]}]},{\"@type\":\"ImageObject\",\"inLanguage\":\"en-GB\",\"@id\":\"https:\/\/www.edizioniterramarique.com\/shop\/whats-next-storia-di-un-italiano-in-giro-per-il-mondo\/#primaryimage\",\"url\":\"https:\/\/www.edizioniterramarique.com\/wp-content\/uploads\/2020\/10\/WHATS-NEXT-COPERTINA-PER-SITO-TM.jpg\",\"contentUrl\":\"https:\/\/www.edizioniterramarique.com\/wp-content\/uploads\/2020\/10\/WHATS-NEXT-COPERTINA-PER-SITO-TM.jpg\",\"width\":200,\"height\":279,\"caption\":\"Copertina What's next?\"},{\"@type\":\"BreadcrumbList\",\"@id\":\"https:\/\/www.edizioniterramarique.com\/shop\/whats-next-storia-di-un-italiano-in-giro-per-il-mondo\/#breadcrumb\",\"itemListElement\":[{\"@type\":\"ListItem\",\"position\":1,\"name\":\"Home\",\"item\":\"https:\/\/www.edizioniterramarique.com\/\"},{\"@type\":\"ListItem\",\"position\":2,\"name\":\"Shop\",\"item\":\"https:\/\/www.edizioniterramarique.com\/\"},{\"@type\":\"ListItem\",\"position\":3,\"name\":\"What&#8217;s next? Storia di un italiano in giro per il mondo\"}]},{\"@type\":\"WebSite\",\"@id\":\"https:\/\/www.edizioniterramarique.com\/#website\",\"url\":\"https:\/\/www.edizioniterramarique.com\/\",\"name\":\"Edizioni Terra marique\",\"description\":\"Edizioni Terra marique\",\"publisher\":{\"@id\":\"https:\/\/www.edizioniterramarique.com\/#organization\"},\"potentialAction\":[{\"@type\":\"SearchAction\",\"target\":{\"@type\":\"EntryPoint\",\"urlTemplate\":\"https:\/\/www.edizioniterramarique.com\/?s={search_term_string}\"},\"query-input\":{\"@type\":\"PropertyValueSpecification\",\"valueRequired\":true,\"valueName\":\"search_term_string\"}}],\"inLanguage\":\"en-GB\"},{\"@type\":\"Organization\",\"@id\":\"https:\/\/www.edizioniterramarique.com\/#organization\",\"name\":\"Edizioni Terra marique\",\"url\":\"https:\/\/www.edizioniterramarique.com\/\",\"logo\":{\"@type\":\"ImageObject\",\"inLanguage\":\"en-GB\",\"@id\":\"https:\/\/www.edizioniterramarique.com\/#\/schema\/logo\/image\/\",\"url\":\"https:\/\/www.edizioniterramarique.com\/wp-content\/uploads\/2014\/02\/logo_web1.jpg\",\"contentUrl\":\"https:\/\/www.edizioniterramarique.com\/wp-content\/uploads\/2014\/02\/logo_web1.jpg\",\"width\":200,\"height\":109,\"caption\":\"Edizioni Terra marique\"},\"image\":{\"@id\":\"https:\/\/www.edizioniterramarique.com\/#\/schema\/logo\/image\/\"}}]}<\/script>\n<!-- \/ Yoast SEO plugin. -->","yoast_head_json":{"title":"What's next? Storia di un italiano in giro per il mondo &#8226; Edizioni Terra marique","description":"What's next? Storia di un italiano in giro per il mondo di Carmine Mandola. Edizioni Terra marique. Collana Storie di italiani","robots":{"index":"index","follow":"follow","max-snippet":"max-snippet:-1","max-image-preview":"max-image-preview:large","max-video-preview":"max-video-preview:-1"},"canonical":"https:\/\/www.edizioniterramarique.com\/en\/shop\/whats-next-storia-di-un-italiano-in-giro-per-il-mondo\/","og_locale":"en_GB","og_type":"article","og_title":"What's next? Storia di un italiano in giro per il mondo &#8226; Edizioni Terra marique","og_description":"What's next? Storia di un italiano in giro per il mondo di Carmine Mandola. Edizioni Terra marique. Collana Storie di italiani","og_url":"https:\/\/www.edizioniterramarique.com\/en\/shop\/whats-next-storia-di-un-italiano-in-giro-per-il-mondo\/","og_site_name":"Edizioni Terra marique","article_modified_time":"2020-10-26T20:03:24+00:00","og_image":[{"width":200,"height":279,"url":"https:\/\/www.edizioniterramarique.com\/wp-content\/uploads\/2020\/10\/WHATS-NEXT-COPERTINA-PER-SITO-TM.jpg","type":"image\/jpeg"}],"twitter_misc":{"Estimated reading time":"2 minutes"},"schema":{"@context":"https:\/\/schema.org","@graph":[{"@type":"WebPage","@id":"https:\/\/www.edizioniterramarique.com\/shop\/whats-next-storia-di-un-italiano-in-giro-per-il-mondo\/","url":"https:\/\/www.edizioniterramarique.com\/shop\/whats-next-storia-di-un-italiano-in-giro-per-il-mondo\/","name":"What's next? Storia di un italiano in giro per il mondo &#8226; Edizioni Terra marique","isPartOf":{"@id":"https:\/\/www.edizioniterramarique.com\/#website"},"primaryImageOfPage":{"@id":"https:\/\/www.edizioniterramarique.com\/shop\/whats-next-storia-di-un-italiano-in-giro-per-il-mondo\/#primaryimage"},"image":{"@id":"https:\/\/www.edizioniterramarique.com\/shop\/whats-next-storia-di-un-italiano-in-giro-per-il-mondo\/#primaryimage"},"thumbnailUrl":"https:\/\/www.edizioniterramarique.com\/wp-content\/uploads\/2020\/10\/WHATS-NEXT-COPERTINA-PER-SITO-TM.jpg","datePublished":"2020-10-23T14:58:53+00:00","dateModified":"2020-10-26T20:03:24+00:00","description":"What's next? Storia di un italiano in giro per il mondo di Carmine Mandola. Edizioni Terra marique. Collana Storie di italiani","breadcrumb":{"@id":"https:\/\/www.edizioniterramarique.com\/shop\/whats-next-storia-di-un-italiano-in-giro-per-il-mondo\/#breadcrumb"},"inLanguage":"en-GB","potentialAction":[{"@type":"ReadAction","target":["https:\/\/www.edizioniterramarique.com\/shop\/whats-next-storia-di-un-italiano-in-giro-per-il-mondo\/"]}]},{"@type":"ImageObject","inLanguage":"en-GB","@id":"https:\/\/www.edizioniterramarique.com\/shop\/whats-next-storia-di-un-italiano-in-giro-per-il-mondo\/#primaryimage","url":"https:\/\/www.edizioniterramarique.com\/wp-content\/uploads\/2020\/10\/WHATS-NEXT-COPERTINA-PER-SITO-TM.jpg","contentUrl":"https:\/\/www.edizioniterramarique.com\/wp-content\/uploads\/2020\/10\/WHATS-NEXT-COPERTINA-PER-SITO-TM.jpg","width":200,"height":279,"caption":"Copertina What's next?"},{"@type":"BreadcrumbList","@id":"https:\/\/www.edizioniterramarique.com\/shop\/whats-next-storia-di-un-italiano-in-giro-per-il-mondo\/#breadcrumb","itemListElement":[{"@type":"ListItem","position":1,"name":"Home","item":"https:\/\/www.edizioniterramarique.com\/"},{"@type":"ListItem","position":2,"name":"Shop","item":"https:\/\/www.edizioniterramarique.com\/"},{"@type":"ListItem","position":3,"name":"What&#8217;s next? Storia di un italiano in giro per il mondo"}]},{"@type":"WebSite","@id":"https:\/\/www.edizioniterramarique.com\/#website","url":"https:\/\/www.edizioniterramarique.com\/","name":"Edizioni Terra marique","description":"Edizioni Terra marique","publisher":{"@id":"https:\/\/www.edizioniterramarique.com\/#organization"},"potentialAction":[{"@type":"SearchAction","target":{"@type":"EntryPoint","urlTemplate":"https:\/\/www.edizioniterramarique.com\/?s={search_term_string}"},"query-input":{"@type":"PropertyValueSpecification","valueRequired":true,"valueName":"search_term_string"}}],"inLanguage":"en-GB"},{"@type":"Organization","@id":"https:\/\/www.edizioniterramarique.com\/#organization","name":"Edizioni Terra marique","url":"https:\/\/www.edizioniterramarique.com\/","logo":{"@type":"ImageObject","inLanguage":"en-GB","@id":"https:\/\/www.edizioniterramarique.com\/#\/schema\/logo\/image\/","url":"https:\/\/www.edizioniterramarique.com\/wp-content\/uploads\/2014\/02\/logo_web1.jpg","contentUrl":"https:\/\/www.edizioniterramarique.com\/wp-content\/uploads\/2014\/02\/logo_web1.jpg","width":200,"height":109,"caption":"Edizioni Terra marique"},"image":{"@id":"https:\/\/www.edizioniterramarique.com\/#\/schema\/logo\/image\/"}}]}},"_links":{"self":[{"href":"https:\/\/www.edizioniterramarique.com\/en\/wp-json\/wp\/v2\/product\/3493","targetHints":{"allow":["GET"]}}],"collection":[{"href":"https:\/\/www.edizioniterramarique.com\/en\/wp-json\/wp\/v2\/product"}],"about":[{"href":"https:\/\/www.edizioniterramarique.com\/en\/wp-json\/wp\/v2\/types\/product"}],"wp:featuredmedia":[{"embeddable":true,"href":"https:\/\/www.edizioniterramarique.com\/en\/wp-json\/wp\/v2\/media\/3494"}],"wp:attachment":[{"href":"https:\/\/www.edizioniterramarique.com\/en\/wp-json\/wp\/v2\/media?parent=3493"}],"wp:term":[{"taxonomy":"product_brand","embeddable":true,"href":"https:\/\/www.edizioniterramarique.com\/en\/wp-json\/wp\/v2\/product_brand?post=3493"},{"taxonomy":"product_cat","embeddable":true,"href":"https:\/\/www.edizioniterramarique.com\/en\/wp-json\/wp\/v2\/product_cat?post=3493"},{"taxonomy":"product_tag","embeddable":true,"href":"https:\/\/www.edizioniterramarique.com\/en\/wp-json\/wp\/v2\/product_tag?post=3493"}],"curies":[{"name":"wp","href":"https:\/\/api.w.org\/{rel}","templated":true}]}}