{"id":3372,"date":"2020-01-30T21:29:38","date_gmt":"2020-01-30T20:29:38","guid":{"rendered":"https:\/\/www.edizioniterramarique.com\/?post_type=product&#038;p=3372"},"modified":"2020-01-30T21:38:53","modified_gmt":"2020-01-30T20:38:53","slug":"assaporando-il-vissuto","status":"publish","type":"product","link":"https:\/\/www.edizioniterramarique.com\/en\/shop\/assaporando-il-vissuto\/","title":{"rendered":"Assaporando il vissuto"},"content":{"rendered":"<p>Questo libro \u00e8 stato scritto perch\u00e9 la mia vita rimanga, perch\u00e9 sono le cose importanti quelle che rimangono.<br \/>\nCari Penelope e Orlando, questo libro \u00e8 per voi.<br \/>\nQuando sarete grandi, forse il nonno non ci sar\u00e0 pi\u00f9, non potr\u00f2 pi\u00f9 parlarvi, raccontarvi, insegnarvi quello che so. Voglio invece che sappiate come \u00e8 vissuto il nonno, che avventure ha affrontato e come \u00e8 riuscito a superare tutte le difficolt\u00e0. E, soprattutto, voglio che sappiate chi ero.<br \/>\nQuando il ricordo dei pomeriggi e delle estati passate insieme inizier\u00e0 a svanire, riprenderete questa fotografia di un\u2019epoca passata e ritroverete tutto quello che ha vissuto il nonno.<br \/>\nL\u2019amore che attraversa da generazioni la nostra famiglia, attraversa anche voi, qualsiasi cosa accada.<\/p>","protected":false},"excerpt":{"rendered":"<p>di Giuliosergio Pasta<br \/>\nCollana E.B.<\/p>","protected":false},"featured_media":3373,"template":"","meta":[],"product_brand":[],"product_cat":[22],"product_tag":[],"class_list":{"0":"post-3372","1":"product","2":"type-product","3":"status-publish","4":"has-post-thumbnail","6":"product_cat-diario-autobiografico","8":"first","9":"instock","10":"shipping-taxable","11":"product-type-simple"},"yoast_head":"<!-- This site is optimized with the Yoast SEO plugin v26.9 - https:\/\/yoast.com\/product\/yoast-seo-wordpress\/ -->\n<title>Assaporando il vissuto &#8226; Edizioni Terra marique<\/title>\n<meta name=\"robots\" content=\"index, follow, max-snippet:-1, max-image-preview:large, max-video-preview:-1\" \/>\n<link rel=\"canonical\" href=\"https:\/\/www.edizioniterramarique.com\/en\/shop\/assaporando-il-vissuto\/\" \/>\n<meta property=\"og:locale\" content=\"en_GB\" \/>\n<meta property=\"og:type\" content=\"article\" \/>\n<meta property=\"og:title\" content=\"Assaporando il vissuto &#8226; Edizioni Terra marique\" \/>\n<meta property=\"og:description\" content=\"di Giuliosergio Pasta Collana E.B.\" \/>\n<meta property=\"og:url\" content=\"https:\/\/www.edizioniterramarique.com\/en\/shop\/assaporando-il-vissuto\/\" \/>\n<meta property=\"og:site_name\" content=\"Edizioni Terra marique\" \/>\n<meta property=\"article:modified_time\" content=\"2020-01-30T20:38:53+00:00\" \/>\n<meta property=\"og:image\" content=\"https:\/\/www.edizioniterramarique.com\/wp-content\/uploads\/2020\/01\/Giuliosergio-copertina-PER-TM.jpg\" \/>\n\t<meta property=\"og:image:width\" content=\"200\" \/>\n\t<meta property=\"og:image:height\" content=\"292\" \/>\n\t<meta property=\"og:image:type\" content=\"image\/jpeg\" \/>\n<meta name=\"twitter:label1\" content=\"Estimated reading time\" \/>\n\t<meta name=\"twitter:data1\" content=\"1 minute\" \/>\n<script type=\"application\/ld+json\" class=\"yoast-schema-graph\">{\"@context\":\"https:\/\/schema.org\",\"@graph\":[{\"@type\":\"WebPage\",\"@id\":\"https:\/\/www.edizioniterramarique.com\/shop\/assaporando-il-vissuto\/\",\"url\":\"https:\/\/www.edizioniterramarique.com\/shop\/assaporando-il-vissuto\/\",\"name\":\"Assaporando il vissuto &#8226; Edizioni Terra marique\",\"isPartOf\":{\"@id\":\"https:\/\/www.edizioniterramarique.com\/#website\"},\"primaryImageOfPage\":{\"@id\":\"https:\/\/www.edizioniterramarique.com\/shop\/assaporando-il-vissuto\/#primaryimage\"},\"image\":{\"@id\":\"https:\/\/www.edizioniterramarique.com\/shop\/assaporando-il-vissuto\/#primaryimage\"},\"thumbnailUrl\":\"https:\/\/www.edizioniterramarique.com\/wp-content\/uploads\/2020\/01\/Giuliosergio-copertina-PER-TM.jpg\",\"datePublished\":\"2020-01-30T20:29:38+00:00\",\"dateModified\":\"2020-01-30T20:38:53+00:00\",\"breadcrumb\":{\"@id\":\"https:\/\/www.edizioniterramarique.com\/shop\/assaporando-il-vissuto\/#breadcrumb\"},\"inLanguage\":\"en-GB\",\"potentialAction\":[{\"@type\":\"ReadAction\",\"target\":[\"https:\/\/www.edizioniterramarique.com\/shop\/assaporando-il-vissuto\/\"]}]},{\"@type\":\"ImageObject\",\"inLanguage\":\"en-GB\",\"@id\":\"https:\/\/www.edizioniterramarique.com\/shop\/assaporando-il-vissuto\/#primaryimage\",\"url\":\"https:\/\/www.edizioniterramarique.com\/wp-content\/uploads\/2020\/01\/Giuliosergio-copertina-PER-TM.jpg\",\"contentUrl\":\"https:\/\/www.edizioniterramarique.com\/wp-content\/uploads\/2020\/01\/Giuliosergio-copertina-PER-TM.jpg\",\"width\":200,\"height\":292,\"caption\":\"Copertina Assaporando il vissuto\"},{\"@type\":\"BreadcrumbList\",\"@id\":\"https:\/\/www.edizioniterramarique.com\/shop\/assaporando-il-vissuto\/#breadcrumb\",\"itemListElement\":[{\"@type\":\"ListItem\",\"position\":1,\"name\":\"Home\",\"item\":\"https:\/\/www.edizioniterramarique.com\/\"},{\"@type\":\"ListItem\",\"position\":2,\"name\":\"Shop\",\"item\":\"https:\/\/www.edizioniterramarique.com\/\"},{\"@type\":\"ListItem\",\"position\":3,\"name\":\"Assaporando il vissuto\"}]},{\"@type\":\"WebSite\",\"@id\":\"https:\/\/www.edizioniterramarique.com\/#website\",\"url\":\"https:\/\/www.edizioniterramarique.com\/\",\"name\":\"Edizioni Terra marique\",\"description\":\"Edizioni Terra marique\",\"publisher\":{\"@id\":\"https:\/\/www.edizioniterramarique.com\/#organization\"},\"potentialAction\":[{\"@type\":\"SearchAction\",\"target\":{\"@type\":\"EntryPoint\",\"urlTemplate\":\"https:\/\/www.edizioniterramarique.com\/?s={search_term_string}\"},\"query-input\":{\"@type\":\"PropertyValueSpecification\",\"valueRequired\":true,\"valueName\":\"search_term_string\"}}],\"inLanguage\":\"en-GB\"},{\"@type\":\"Organization\",\"@id\":\"https:\/\/www.edizioniterramarique.com\/#organization\",\"name\":\"Edizioni Terra marique\",\"url\":\"https:\/\/www.edizioniterramarique.com\/\",\"logo\":{\"@type\":\"ImageObject\",\"inLanguage\":\"en-GB\",\"@id\":\"https:\/\/www.edizioniterramarique.com\/#\/schema\/logo\/image\/\",\"url\":\"https:\/\/www.edizioniterramarique.com\/wp-content\/uploads\/2014\/02\/logo_web1.jpg\",\"contentUrl\":\"https:\/\/www.edizioniterramarique.com\/wp-content\/uploads\/2014\/02\/logo_web1.jpg\",\"width\":200,\"height\":109,\"caption\":\"Edizioni Terra marique\"},\"image\":{\"@id\":\"https:\/\/www.edizioniterramarique.com\/#\/schema\/logo\/image\/\"}}]}<\/script>\n<!-- \/ Yoast SEO plugin. -->","yoast_head_json":{"title":"Assaporando il vissuto &#8226; Edizioni Terra marique","robots":{"index":"index","follow":"follow","max-snippet":"max-snippet:-1","max-image-preview":"max-image-preview:large","max-video-preview":"max-video-preview:-1"},"canonical":"https:\/\/www.edizioniterramarique.com\/en\/shop\/assaporando-il-vissuto\/","og_locale":"en_GB","og_type":"article","og_title":"Assaporando il vissuto &#8226; Edizioni Terra marique","og_description":"di Giuliosergio Pasta Collana E.B.","og_url":"https:\/\/www.edizioniterramarique.com\/en\/shop\/assaporando-il-vissuto\/","og_site_name":"Edizioni Terra marique","article_modified_time":"2020-01-30T20:38:53+00:00","og_image":[{"width":200,"height":292,"url":"https:\/\/www.edizioniterramarique.com\/wp-content\/uploads\/2020\/01\/Giuliosergio-copertina-PER-TM.jpg","type":"image\/jpeg"}],"twitter_misc":{"Estimated reading time":"1 minute"},"schema":{"@context":"https:\/\/schema.org","@graph":[{"@type":"WebPage","@id":"https:\/\/www.edizioniterramarique.com\/shop\/assaporando-il-vissuto\/","url":"https:\/\/www.edizioniterramarique.com\/shop\/assaporando-il-vissuto\/","name":"Assaporando il vissuto &#8226; Edizioni Terra marique","isPartOf":{"@id":"https:\/\/www.edizioniterramarique.com\/#website"},"primaryImageOfPage":{"@id":"https:\/\/www.edizioniterramarique.com\/shop\/assaporando-il-vissuto\/#primaryimage"},"image":{"@id":"https:\/\/www.edizioniterramarique.com\/shop\/assaporando-il-vissuto\/#primaryimage"},"thumbnailUrl":"https:\/\/www.edizioniterramarique.com\/wp-content\/uploads\/2020\/01\/Giuliosergio-copertina-PER-TM.jpg","datePublished":"2020-01-30T20:29:38+00:00","dateModified":"2020-01-30T20:38:53+00:00","breadcrumb":{"@id":"https:\/\/www.edizioniterramarique.com\/shop\/assaporando-il-vissuto\/#breadcrumb"},"inLanguage":"en-GB","potentialAction":[{"@type":"ReadAction","target":["https:\/\/www.edizioniterramarique.com\/shop\/assaporando-il-vissuto\/"]}]},{"@type":"ImageObject","inLanguage":"en-GB","@id":"https:\/\/www.edizioniterramarique.com\/shop\/assaporando-il-vissuto\/#primaryimage","url":"https:\/\/www.edizioniterramarique.com\/wp-content\/uploads\/2020\/01\/Giuliosergio-copertina-PER-TM.jpg","contentUrl":"https:\/\/www.edizioniterramarique.com\/wp-content\/uploads\/2020\/01\/Giuliosergio-copertina-PER-TM.jpg","width":200,"height":292,"caption":"Copertina Assaporando il vissuto"},{"@type":"BreadcrumbList","@id":"https:\/\/www.edizioniterramarique.com\/shop\/assaporando-il-vissuto\/#breadcrumb","itemListElement":[{"@type":"ListItem","position":1,"name":"Home","item":"https:\/\/www.edizioniterramarique.com\/"},{"@type":"ListItem","position":2,"name":"Shop","item":"https:\/\/www.edizioniterramarique.com\/"},{"@type":"ListItem","position":3,"name":"Assaporando il vissuto"}]},{"@type":"WebSite","@id":"https:\/\/www.edizioniterramarique.com\/#website","url":"https:\/\/www.edizioniterramarique.com\/","name":"Edizioni Terra marique","description":"Edizioni Terra marique","publisher":{"@id":"https:\/\/www.edizioniterramarique.com\/#organization"},"potentialAction":[{"@type":"SearchAction","target":{"@type":"EntryPoint","urlTemplate":"https:\/\/www.edizioniterramarique.com\/?s={search_term_string}"},"query-input":{"@type":"PropertyValueSpecification","valueRequired":true,"valueName":"search_term_string"}}],"inLanguage":"en-GB"},{"@type":"Organization","@id":"https:\/\/www.edizioniterramarique.com\/#organization","name":"Edizioni Terra marique","url":"https:\/\/www.edizioniterramarique.com\/","logo":{"@type":"ImageObject","inLanguage":"en-GB","@id":"https:\/\/www.edizioniterramarique.com\/#\/schema\/logo\/image\/","url":"https:\/\/www.edizioniterramarique.com\/wp-content\/uploads\/2014\/02\/logo_web1.jpg","contentUrl":"https:\/\/www.edizioniterramarique.com\/wp-content\/uploads\/2014\/02\/logo_web1.jpg","width":200,"height":109,"caption":"Edizioni Terra marique"},"image":{"@id":"https:\/\/www.edizioniterramarique.com\/#\/schema\/logo\/image\/"}}]}},"_links":{"self":[{"href":"https:\/\/www.edizioniterramarique.com\/en\/wp-json\/wp\/v2\/product\/3372","targetHints":{"allow":["GET"]}}],"collection":[{"href":"https:\/\/www.edizioniterramarique.com\/en\/wp-json\/wp\/v2\/product"}],"about":[{"href":"https:\/\/www.edizioniterramarique.com\/en\/wp-json\/wp\/v2\/types\/product"}],"wp:featuredmedia":[{"embeddable":true,"href":"https:\/\/www.edizioniterramarique.com\/en\/wp-json\/wp\/v2\/media\/3373"}],"wp:attachment":[{"href":"https:\/\/www.edizioniterramarique.com\/en\/wp-json\/wp\/v2\/media?parent=3372"}],"wp:term":[{"taxonomy":"product_brand","embeddable":true,"href":"https:\/\/www.edizioniterramarique.com\/en\/wp-json\/wp\/v2\/product_brand?post=3372"},{"taxonomy":"product_cat","embeddable":true,"href":"https:\/\/www.edizioniterramarique.com\/en\/wp-json\/wp\/v2\/product_cat?post=3372"},{"taxonomy":"product_tag","embeddable":true,"href":"https:\/\/www.edizioniterramarique.com\/en\/wp-json\/wp\/v2\/product_tag?post=3372"}],"curies":[{"name":"wp","href":"https:\/\/api.w.org\/{rel}","templated":true}]}}