{"id":3286,"date":"2019-10-09T17:37:18","date_gmt":"2019-10-09T15:37:18","guid":{"rendered":"https:\/\/www.edizioniterramarique.com\/?post_type=product&#038;p=3286"},"modified":"2019-10-09T17:37:18","modified_gmt":"2019-10-09T15:37:18","slug":"lontane-vicinanze","status":"publish","type":"product","link":"https:\/\/www.edizioniterramarique.com\/en\/shop\/lontane-vicinanze\/","title":{"rendered":"Lontane vicinanze"},"content":{"rendered":"<p><em>Felix qui potuit rerum cognoscere causas,<br \/>\n<\/em><em>fortunatus et ille deos qui novit agrestis<\/em>\u2026<\/p>\n<p><em>Felice colui che \u00e8 riuscito a scoprire l\u2019origine delle cose e fortunato chi ha potuto conoscere le divinit\u00e0 dei campi<\/em>. (Virgilio: Georgiche, II\u00b0, 490 e 493)<em>.<\/em><\/p>\n<p>Tra i compiti del poeta c\u2019\u00e8 anche quello di indurre ad amare la natura al di l\u00e0 di ogni retorica, di rivelarne la bellezza che spesso non notiamo per la troppa fretta o per le preoccupazioni.<br \/>\nIvana, giocando con le parole, ci guida a scorgere la vera natura delle cose, riesce a mostrarci la loro luce e la loro musica:<\/p>\n<p><em>\u201cLuce vera, \/ ombra pura, \/ a scolpire \/ il volto \/ della montagna<br \/>\n<\/em><em>\u00a0\/ che l\u2019immenso guarda \/ senza paura\u201d <\/em>(Scultura)<em>. <\/em><\/p>\n<p><em>\u201cHai l\u2019odore \/ del sole quando la sera \/ come caldo pane \/ intiepidisce,<br \/>\n<\/em><em>\/ della corolla \/ nascosta \/ che nessuno nota<br \/>\n<\/em><em>\/ eppure nuova \/ fragrante fra le foglie \/ rifiorisce\u201d <\/em>(Profumo d\u2019anima)<em>. <\/em><\/p>\n<p>A noi di una certa et\u00e0, formati alla scansione della poesia classica legata a formule fisse, riesce difficile la poesia moderna. Ci accostiamo ancora con sospetto. Ma qui ci troviamo davanti a componimenti che sembrano zampilli d\u2019acqua sorgiva, ritornelli di canzoni spontanee, acquerelli o miniature. E allora viene da dire che la poesia \u00e8 come l\u2019aria o come lo spirito: non ha confini, non pu\u00f2 essere schiava di una formula, di una regola, perch\u00e9 \u00e8 bellezza, \u00e8 armonia.<\/p>\n<p>Ivana ha conservato gli occhi di un bambino: vede ci\u00f2 che altri non scorgono pi\u00f9. Poi ce li propone, ce li mostra, ce li regala quegli aspetti, come un mazzo di fiori di campo. Ce li confeziona a volte come indovinelli, altre come termini di contrapposizione. Gi\u00e0 il titolo sembra antitetico: <strong><em>Lontane vicinanze<\/em><\/strong>. Non \u00e8 assurdo. L\u2019esistenza, come l\u2019acqua, ha un suo ciclo chiuso che fa parte delle sorprese nella contemplazione del creato: gli estremi che, a volte, si toccano, si ricongiungono.<\/p>\n<p>Con questo spirito l\u2019autrice ci guida ad osservare il rio che scorre sereno tra i sassi, e a sognare con l\u2019aquila che, pur incutendo timore, diventa oggetto di ammirazione e stimolo all\u2019emulazione: <em>Maest\u00e0, meraviglia solleva, e ognuno si strugge di te essere uguale<\/em>. Aprendo questa raccolta vi troverete in un giardino fiorito e profumato, ove si sosta sereni, tra colori, sole, e canti di uccelli.<\/p>\n<p>A te, Ivana, l\u2019augurio spontaneo che un grande mi rivolse quando ero molto giovane: \u201c<em>Ma tu<\/em> <em>continua a cantare\u201d<\/em> <em>[Davide Maria Turoldo]<\/em>. E tu sai come.<\/p>\n<p style=\"text-align: right;\"><strong><em>Savino Rabotti<br \/>\n<\/em><\/strong><strong><em>Scrittore<\/em><\/strong><\/p>","protected":false},"excerpt":{"rendered":"<p>di Ivana Cavalletti<br \/>\nCollana Voci narranti<br \/>\nISBN 9788897712909<\/p>","protected":false},"featured_media":3287,"template":"","meta":[],"product_brand":[],"product_cat":[13],"product_tag":[],"class_list":{"0":"post-3286","1":"product","2":"type-product","3":"status-publish","4":"has-post-thumbnail","6":"product_cat-raccolte-poesie","8":"first","9":"instock","10":"shipping-taxable","11":"purchasable","12":"product-type-simple"},"yoast_head":"<!-- This site is optimized with the Yoast SEO plugin v26.9 - https:\/\/yoast.com\/product\/yoast-seo-wordpress\/ -->\n<title>Lontane vicinanze - Raccolta di poesie - Ivana Cavalletti<\/title>\n<meta name=\"description\" content=\"Lontane vicinanze, raccolta poetica di Ivana Cavalletti, alla quarta pubblicazione con Edizioni Terra marique. Poetessa di grande talento e sensibilit\u00e0\" \/>\n<meta name=\"robots\" content=\"index, follow, max-snippet:-1, max-image-preview:large, max-video-preview:-1\" \/>\n<link rel=\"canonical\" href=\"https:\/\/www.edizioniterramarique.com\/en\/shop\/lontane-vicinanze\/\" \/>\n<meta property=\"og:locale\" content=\"en_GB\" \/>\n<meta property=\"og:type\" content=\"article\" \/>\n<meta property=\"og:title\" content=\"Lontane vicinanze - Raccolta di poesie - Ivana Cavalletti\" \/>\n<meta property=\"og:description\" content=\"Lontane vicinanze, raccolta poetica di Ivana Cavalletti, alla quarta pubblicazione con Edizioni Terra marique. Poetessa di grande talento e sensibilit\u00e0\" \/>\n<meta property=\"og:url\" content=\"https:\/\/www.edizioniterramarique.com\/en\/shop\/lontane-vicinanze\/\" \/>\n<meta property=\"og:site_name\" content=\"Edizioni Terra marique\" \/>\n<meta property=\"og:image\" content=\"https:\/\/www.edizioniterramarique.com\/wp-content\/uploads\/2019\/10\/COP_lontane_vicinanze-PER-SITO-TM.jpg\" \/>\n\t<meta property=\"og:image:width\" content=\"200\" \/>\n\t<meta property=\"og:image:height\" content=\"282\" \/>\n\t<meta property=\"og:image:type\" content=\"image\/jpeg\" \/>\n<meta name=\"twitter:label1\" content=\"Estimated reading time\" \/>\n\t<meta name=\"twitter:data1\" content=\"2 minutes\" \/>\n<script type=\"application\/ld+json\" class=\"yoast-schema-graph\">{\"@context\":\"https:\/\/schema.org\",\"@graph\":[{\"@type\":\"WebPage\",\"@id\":\"https:\/\/www.edizioniterramarique.com\/shop\/lontane-vicinanze\/\",\"url\":\"https:\/\/www.edizioniterramarique.com\/shop\/lontane-vicinanze\/\",\"name\":\"Lontane vicinanze - Raccolta di poesie - Ivana Cavalletti\",\"isPartOf\":{\"@id\":\"https:\/\/www.edizioniterramarique.com\/#website\"},\"primaryImageOfPage\":{\"@id\":\"https:\/\/www.edizioniterramarique.com\/shop\/lontane-vicinanze\/#primaryimage\"},\"image\":{\"@id\":\"https:\/\/www.edizioniterramarique.com\/shop\/lontane-vicinanze\/#primaryimage\"},\"thumbnailUrl\":\"https:\/\/www.edizioniterramarique.com\/wp-content\/uploads\/2019\/10\/COP_lontane_vicinanze-PER-SITO-TM.jpg\",\"datePublished\":\"2019-10-09T15:37:18+00:00\",\"description\":\"Lontane vicinanze, raccolta poetica di Ivana Cavalletti, alla quarta pubblicazione con Edizioni Terra marique. Poetessa di grande talento e sensibilit\u00e0\",\"breadcrumb\":{\"@id\":\"https:\/\/www.edizioniterramarique.com\/shop\/lontane-vicinanze\/#breadcrumb\"},\"inLanguage\":\"en-GB\",\"potentialAction\":[{\"@type\":\"ReadAction\",\"target\":[\"https:\/\/www.edizioniterramarique.com\/shop\/lontane-vicinanze\/\"]}]},{\"@type\":\"ImageObject\",\"inLanguage\":\"en-GB\",\"@id\":\"https:\/\/www.edizioniterramarique.com\/shop\/lontane-vicinanze\/#primaryimage\",\"url\":\"https:\/\/www.edizioniterramarique.com\/wp-content\/uploads\/2019\/10\/COP_lontane_vicinanze-PER-SITO-TM.jpg\",\"contentUrl\":\"https:\/\/www.edizioniterramarique.com\/wp-content\/uploads\/2019\/10\/COP_lontane_vicinanze-PER-SITO-TM.jpg\",\"width\":200,\"height\":282,\"caption\":\"Copertina Lontane vicinanze\"},{\"@type\":\"BreadcrumbList\",\"@id\":\"https:\/\/www.edizioniterramarique.com\/shop\/lontane-vicinanze\/#breadcrumb\",\"itemListElement\":[{\"@type\":\"ListItem\",\"position\":1,\"name\":\"Home\",\"item\":\"https:\/\/www.edizioniterramarique.com\/\"},{\"@type\":\"ListItem\",\"position\":2,\"name\":\"Shop\",\"item\":\"https:\/\/www.edizioniterramarique.com\/\"},{\"@type\":\"ListItem\",\"position\":3,\"name\":\"Lontane vicinanze\"}]},{\"@type\":\"WebSite\",\"@id\":\"https:\/\/www.edizioniterramarique.com\/#website\",\"url\":\"https:\/\/www.edizioniterramarique.com\/\",\"name\":\"Edizioni Terra marique\",\"description\":\"Edizioni Terra marique\",\"publisher\":{\"@id\":\"https:\/\/www.edizioniterramarique.com\/#organization\"},\"potentialAction\":[{\"@type\":\"SearchAction\",\"target\":{\"@type\":\"EntryPoint\",\"urlTemplate\":\"https:\/\/www.edizioniterramarique.com\/?s={search_term_string}\"},\"query-input\":{\"@type\":\"PropertyValueSpecification\",\"valueRequired\":true,\"valueName\":\"search_term_string\"}}],\"inLanguage\":\"en-GB\"},{\"@type\":\"Organization\",\"@id\":\"https:\/\/www.edizioniterramarique.com\/#organization\",\"name\":\"Edizioni Terra marique\",\"url\":\"https:\/\/www.edizioniterramarique.com\/\",\"logo\":{\"@type\":\"ImageObject\",\"inLanguage\":\"en-GB\",\"@id\":\"https:\/\/www.edizioniterramarique.com\/#\/schema\/logo\/image\/\",\"url\":\"https:\/\/www.edizioniterramarique.com\/wp-content\/uploads\/2014\/02\/logo_web1.jpg\",\"contentUrl\":\"https:\/\/www.edizioniterramarique.com\/wp-content\/uploads\/2014\/02\/logo_web1.jpg\",\"width\":200,\"height\":109,\"caption\":\"Edizioni Terra marique\"},\"image\":{\"@id\":\"https:\/\/www.edizioniterramarique.com\/#\/schema\/logo\/image\/\"}}]}<\/script>\n<!-- \/ Yoast SEO plugin. -->","yoast_head_json":{"title":"Lontane vicinanze - Raccolta di poesie - Ivana Cavalletti","description":"Lontane vicinanze, raccolta poetica di Ivana Cavalletti, alla quarta pubblicazione con Edizioni Terra marique. Poetessa di grande talento e sensibilit\u00e0","robots":{"index":"index","follow":"follow","max-snippet":"max-snippet:-1","max-image-preview":"max-image-preview:large","max-video-preview":"max-video-preview:-1"},"canonical":"https:\/\/www.edizioniterramarique.com\/en\/shop\/lontane-vicinanze\/","og_locale":"en_GB","og_type":"article","og_title":"Lontane vicinanze - Raccolta di poesie - Ivana Cavalletti","og_description":"Lontane vicinanze, raccolta poetica di Ivana Cavalletti, alla quarta pubblicazione con Edizioni Terra marique. Poetessa di grande talento e sensibilit\u00e0","og_url":"https:\/\/www.edizioniterramarique.com\/en\/shop\/lontane-vicinanze\/","og_site_name":"Edizioni Terra marique","og_image":[{"width":200,"height":282,"url":"https:\/\/www.edizioniterramarique.com\/wp-content\/uploads\/2019\/10\/COP_lontane_vicinanze-PER-SITO-TM.jpg","type":"image\/jpeg"}],"twitter_misc":{"Estimated reading time":"2 minutes"},"schema":{"@context":"https:\/\/schema.org","@graph":[{"@type":"WebPage","@id":"https:\/\/www.edizioniterramarique.com\/shop\/lontane-vicinanze\/","url":"https:\/\/www.edizioniterramarique.com\/shop\/lontane-vicinanze\/","name":"Lontane vicinanze - Raccolta di poesie - Ivana Cavalletti","isPartOf":{"@id":"https:\/\/www.edizioniterramarique.com\/#website"},"primaryImageOfPage":{"@id":"https:\/\/www.edizioniterramarique.com\/shop\/lontane-vicinanze\/#primaryimage"},"image":{"@id":"https:\/\/www.edizioniterramarique.com\/shop\/lontane-vicinanze\/#primaryimage"},"thumbnailUrl":"https:\/\/www.edizioniterramarique.com\/wp-content\/uploads\/2019\/10\/COP_lontane_vicinanze-PER-SITO-TM.jpg","datePublished":"2019-10-09T15:37:18+00:00","description":"Lontane vicinanze, raccolta poetica di Ivana Cavalletti, alla quarta pubblicazione con Edizioni Terra marique. Poetessa di grande talento e sensibilit\u00e0","breadcrumb":{"@id":"https:\/\/www.edizioniterramarique.com\/shop\/lontane-vicinanze\/#breadcrumb"},"inLanguage":"en-GB","potentialAction":[{"@type":"ReadAction","target":["https:\/\/www.edizioniterramarique.com\/shop\/lontane-vicinanze\/"]}]},{"@type":"ImageObject","inLanguage":"en-GB","@id":"https:\/\/www.edizioniterramarique.com\/shop\/lontane-vicinanze\/#primaryimage","url":"https:\/\/www.edizioniterramarique.com\/wp-content\/uploads\/2019\/10\/COP_lontane_vicinanze-PER-SITO-TM.jpg","contentUrl":"https:\/\/www.edizioniterramarique.com\/wp-content\/uploads\/2019\/10\/COP_lontane_vicinanze-PER-SITO-TM.jpg","width":200,"height":282,"caption":"Copertina Lontane vicinanze"},{"@type":"BreadcrumbList","@id":"https:\/\/www.edizioniterramarique.com\/shop\/lontane-vicinanze\/#breadcrumb","itemListElement":[{"@type":"ListItem","position":1,"name":"Home","item":"https:\/\/www.edizioniterramarique.com\/"},{"@type":"ListItem","position":2,"name":"Shop","item":"https:\/\/www.edizioniterramarique.com\/"},{"@type":"ListItem","position":3,"name":"Lontane vicinanze"}]},{"@type":"WebSite","@id":"https:\/\/www.edizioniterramarique.com\/#website","url":"https:\/\/www.edizioniterramarique.com\/","name":"Edizioni Terra marique","description":"Edizioni Terra marique","publisher":{"@id":"https:\/\/www.edizioniterramarique.com\/#organization"},"potentialAction":[{"@type":"SearchAction","target":{"@type":"EntryPoint","urlTemplate":"https:\/\/www.edizioniterramarique.com\/?s={search_term_string}"},"query-input":{"@type":"PropertyValueSpecification","valueRequired":true,"valueName":"search_term_string"}}],"inLanguage":"en-GB"},{"@type":"Organization","@id":"https:\/\/www.edizioniterramarique.com\/#organization","name":"Edizioni Terra marique","url":"https:\/\/www.edizioniterramarique.com\/","logo":{"@type":"ImageObject","inLanguage":"en-GB","@id":"https:\/\/www.edizioniterramarique.com\/#\/schema\/logo\/image\/","url":"https:\/\/www.edizioniterramarique.com\/wp-content\/uploads\/2014\/02\/logo_web1.jpg","contentUrl":"https:\/\/www.edizioniterramarique.com\/wp-content\/uploads\/2014\/02\/logo_web1.jpg","width":200,"height":109,"caption":"Edizioni Terra marique"},"image":{"@id":"https:\/\/www.edizioniterramarique.com\/#\/schema\/logo\/image\/"}}]}},"_links":{"self":[{"href":"https:\/\/www.edizioniterramarique.com\/en\/wp-json\/wp\/v2\/product\/3286","targetHints":{"allow":["GET"]}}],"collection":[{"href":"https:\/\/www.edizioniterramarique.com\/en\/wp-json\/wp\/v2\/product"}],"about":[{"href":"https:\/\/www.edizioniterramarique.com\/en\/wp-json\/wp\/v2\/types\/product"}],"wp:featuredmedia":[{"embeddable":true,"href":"https:\/\/www.edizioniterramarique.com\/en\/wp-json\/wp\/v2\/media\/3287"}],"wp:attachment":[{"href":"https:\/\/www.edizioniterramarique.com\/en\/wp-json\/wp\/v2\/media?parent=3286"}],"wp:term":[{"taxonomy":"product_brand","embeddable":true,"href":"https:\/\/www.edizioniterramarique.com\/en\/wp-json\/wp\/v2\/product_brand?post=3286"},{"taxonomy":"product_cat","embeddable":true,"href":"https:\/\/www.edizioniterramarique.com\/en\/wp-json\/wp\/v2\/product_cat?post=3286"},{"taxonomy":"product_tag","embeddable":true,"href":"https:\/\/www.edizioniterramarique.com\/en\/wp-json\/wp\/v2\/product_tag?post=3286"}],"curies":[{"name":"wp","href":"https:\/\/api.w.org\/{rel}","templated":true}]}}