{"id":1719,"date":"2019-07-11T22:56:14","date_gmt":"2019-07-11T20:56:14","guid":{"rendered":"https:\/\/www.edizioniterramarique.com\/?post_type=product&#038;p=1719"},"modified":"2020-06-16T23:55:58","modified_gmt":"2020-06-16T21:55:58","slug":"2019-odissea-nella-logistica","status":"publish","type":"product","link":"https:\/\/www.edizioniterramarique.com\/en\/shop\/2019-odissea-nella-logistica\/","title":{"rendered":"2019 Odissea nella logistica"},"content":{"rendered":"<p>Siamo nel 2019, nel mondo di Tesla e della sua Gigafactory, dell\u2019industria 4.0 (anzi, 5.0 ormai), dei robot, di Amazon e dei mercati mondiali.<\/p>\n<p>Un mondo dove un <em>tweet<\/em> muove mercati.<\/p>\n<p>Un mondo dove la logistica diventa sempre pi\u00f9 centrale e sempre pi\u00f9 automatizzata, \u201crobotica\u201d e integrata. Big Data, flussi, innovazioni, magazzini automatici, agv, eccetera.<\/p>\n<p>Quando leggo alcune riviste di settore, a volte penso di trovarmi in \u201cBlade Runner\u201d e quando passo in magazzino temo di vedermi arrivare un replicante a bordo di un carrello a sospensione magnetica.<\/p>\n<p>Chi lavora nella logistica sa che non \u00e8 proprio cos\u00ec.<\/p>\n<p>Per\u00f2 \u00e8 vero che il mondo sta cambiando alla velocit\u00e0 della luce. E una buona logistica sta diventando il vero e proprio vantaggio competitivo di un\u2019azienda rispetto a un\u2019altra.<\/p>\n<p>Il prodotto ormai \u00e8 quasi <em>commodity<\/em>: ce la giochiamo sul servizio.<\/p>\n<p>Inutile che ti parli di Amazon o di altri colossi, li conosci anche tu e forse ne hai qualcuno contro anche nel tuo settore.<\/p>\n<p>Rimanere indietro \u00e8 un suicidio per un\u2019azienda nel 2019: qualche concorrente si \u00e8 svegliato stamattina con la fame di un leone e la voglia di azzannarci e di portarci via i nostri clienti.<\/p>\n<p>In questo momento tu hai per le mani un libro che parla di appalti e di cooperative di facchinaggio. Non \u00e8 proprio l\u2019argomento pi\u00f9 affascinante del mondo, sarebbe pi\u00f9 <em>cool<\/em> parlare di robotica in magazzino o di <em>kaizen<\/em>.<\/p>\n<p>Ma quando chiudo quelle riviste e vado a lavorare per qualche cliente o per qualche consulenza, in magazzino trovo ancora i classici magazzinieri. E ne trovo tanti, decine di migliaia, anche nel 2019. Persone, uomini: la tecnologia pi\u00f9 vecchia del mondo.<\/p>\n<p>Forse \u00e8 meglio ragionare su questo argomento, che causa efficienza o inefficienza alla logistica, pur non essendo un \u201cargomento da copertina\u201d.<\/p>\n<p>Anzi, il fatto che passi \u201csotto traccia\u201d \u00e8 un vantaggio per chi si accorge che avere una squadra di lavoro efficiente, pienamente flessibile e mentalizzata per il mercato attuale e orientata al raggiungimento degli obiettivi dell\u2019azienda \u00e8 davvero devastante, in senso positivo.<\/p>\n<p>Non fa lo stesso effetto di un paio di occhiali a realt\u00e0 aumentata, ma ti assicuro che se li hai nella tua azienda, hai un esercito al tuo servizio che gli altri si sognano.<\/p>\n<p>Sono un fanatico della tecnologia: quella che mi appassiona di pi\u00f9 \u00e8 l\u2019uomo, perch\u00e9 per molti anni a venire sar\u00e0 ancora la pi\u00f9 performante, la pi\u00f9 complessa da gestire e da far rendere al meglio.<\/p>\n<p>Ecco perch\u00e9 un libro di logistica in cui parlo di magazzinieri, appalti e cooperative di facchinaggio.<\/p>\n<p>Nel mio settore, quello degli appalti e delle cooperative di facchinaggio e produzione lavoro, che muove decine di miliardi all\u2019anno e che coinvolge centinaia di aziende, imprenditori e decine di migliaia di lavoratori, siamo ancora molto indietro. Moltissimi operatori del settore lavorano con logiche che andavano bene negli anni \u201950.<\/p>\n<p>Sembra di stare in un giungla, dove \u00e8 difficile trovare seriet\u00e0 e professionalit\u00e0. Ma anche dove domina una \u201cnebbia informativa\u201d veramente fitta.<\/p>\n<p>Dove anche consulenti \u201cesperti\u201d spesso dicono cose inesatte. Dove gli appalti vengono fatti con grande superficialit\u00e0 e con una \u201cpacca sulle spalle\u201d.<\/p>\n<p>E chi lavora in magazzino viene ancora considerato \u201cun magazziniere\u201d. Abbiamo tecnologie incredibili e abbiamo ancora \u201ci magazzinieri\u201d.<\/p>\n<p>Nel settore circolano sciocchezze e falsi miti: cose banali e processi che dovrebbero essere <em>plug and play<\/em> e <em>smart<\/em> sono resi inutilmente complicati.<\/p>\n<p>Nel 2019, in pieno mondo \u201cBezos\u201d, siamo ancora al punto in cui molte aziende non appaltano la gestione del servizio logistico nel proprio magazzino, perch\u00e9 \u201c\u00e8 complicato\u201d, \u201cmettiamo in mezzo a una strada i dipendenti e le loro famiglie\u201d, \u201cabbiamo una forte presenza sindacale e non possiamo\u201d.<\/p>\n<p>D\u2019altra parte, con quello che si sente in giro, lavorare \u201csotto qualche cooperativa\u201d non \u00e8 proprio l\u2019aspirazione della vita.<\/p>\n<p>Abbiamo uno strumento come quello della cooperativa di produzione lavoro, che \u00e8 fatto apposta per le esigenze di un mercato veloce e che in teoria, per chi entra nel mondo del lavoro, dovrebbe essere attrattivo come pochi altri (solo i <em>big brand<\/em> potrebbero competere con l\u2019offerta professionale di una cooperativa seria nell\u2019ottica del lavoratore, per una serie di motivi che vedremo).<\/p>\n<p>Ma a causa di una gestione arretrata e \u201cmedievale\u201d e di una cultura imprenditoriale nel migliore dei casi \u201cpara-statale\u201d, i talenti sono tenuti lontani e sono attirati i profili meno adatti per un settore complesso come quello della logistica di magazzino.<\/p>\n<p>Un bravo operatore nel 2019 \u00e8 un valore aggiunto per l\u2019azienda su cui presta servizio veramente importante, scalabile e mentalizzato solo ed esclusivamente ai risultati, che lavora solo per il tempo necessario, pienamente <em>on demand<\/em>, con il sorriso e carico, pronto a servire i tuoi clienti nel migliore dei modi.<\/p>\n<p>Meglio di quanto possiamo fare tu e io se saliamo sul carrello e ci mettiamo tutto l\u2019impegno del mondo, perch\u00e9 lui \u00e8 specializzato su quello.<\/p>\n<p>Oggi occorre dare rilievo, se vogliamo una logistica di magazzino che funziona, a quelle figure che tutti i giorni movimentano \u201cfatturati\u201d, che fanno arrivare quello che serve, quando serve e come serve ai nostri clienti finali.<\/p>\n<p>In questo libro vedremo insieme come ottenere tutto questo: ti assicuro che non solo \u00e8 possibile, ma \u00e8 l\u2019unico modo per gestire il servizio logistico nei prossimi anni.<\/p>\n<p>I futuri mercati saranno veramente duri e la concorrenza aggressiva come mai prima: se non abbiamo nelle nostre aziende le squadre migliori, verremo espulsi, anche se abbiamo i prodotti migliori e siamo sul mercato da tanto tempo.<\/p>\n<p>Sfater\u00f2 tutte quelle sciocchezze che bloccano le aziende con gestioni antieconomiche e non flessibili per la gestione del servizio logistico, ti mostrer\u00f2 le follie che anche aziende strutturate commettono per inconsapevolezza e ti indicher\u00f2 tutte le cose da cui devi guardarti per avere un appalto che funziona.<\/p>\n<p>Se hai gi\u00e0 appaltato, puoi facilmente fare il punto della situazione con le informazioni che ti dar\u00f2 in questo libro. Sono prese dall\u2019esperienza non solo mia, ma anche da quella di oltre quarant\u2019anni di lavoro sul campo, consulenti, clienti, tecnici e operatori che tutti i giorni salgono sul muletto per portare le merci dei nostri clienti ai loro mercati, prima e meglio dei loro concorrenti.<\/p>\n<p>Prima di partire con il nostro viaggio per\u00f2 devo scusarmi con te: non sono uno scrittore di professione, utilizzer\u00f2 uno stile molto colloquiale, come se fossimo seduti in ufficio e stessimo parlando.<\/p>\n<p>Non voglio darmi tono da professore, perch\u00e9 non lo sono e sarei ridicolo. Ma vengo dal \u201ccampo\u201d: quello che ti racconto l\u2019ho vissuto in prima persona e te lo racconto in base alla mia esperienza e a quella di decine di clienti e centinaia di operatori.<\/p>\n<p>Ti prego di non offenderti se a volte sar\u00f2 \u201cpoliticamente scorretto\u201d, quando dovr\u00f2 mostrarti alcuni aspetti del settore che proprio non vanno.<\/p>\n<p>Amo il mio lavoro, so quanto bene possa fare all\u2019azienda e a chi lavora sul campo. E so quanto male possa causare usare al peggio gli strumenti di cui parleremo. L\u2019ho gi\u00e0 visto e te lo evito volentieri.<\/p>\n<p>Il mio lavoro \u00e8 servire al meglio i clienti, per cui mi sono sentito in dovere di scrivere questo libro perch\u00e9 sono stufo di sentire, anche da figure autorevoli, sciocchezze enormi su questo settore: \u00e8 davvero troppo importante per l\u2019efficienza di un\u2019azienda e il benessere sociale che pu\u00f2 generare.<\/p>\n<p>Altra cosa, questo \u00e8 un libro di logistica di magazzino, ma non delle grandi teorie o sistemi. Quelli ci sono gi\u00e0 e lascio volentieri chi \u00e8 pi\u00f9 titolato di me a parlarne.<\/p>\n<p>Il mio punto di vista \u00e8 molto pi\u00f9 umile: organizzare il lavoro e governare l\u2019efficienza e la flessibilit\u00e0 di chi lavora in magazzino. E di chi gestisce gli appalti, piccoli o grandi che siano \u2013 la classica cooperativa di produzione lavoro o di facchinaggio.<\/p>\n<p>Un po\u2019 come i grandi libri di storia, che abbondano nelle librerie, e i libri che parlano di \u201cchi la storia l\u2019ha fatta davvero\u201d, nel silenzio e tutti i giorni, gente normale che combatteva negli eserciti e coltivava i campi per i signori e re.<\/p>\n<p>Libri che fai fatica a trovare e a scuola nessuno li ha mai guardati (se non in corsi di laurea molto specialistici).<\/p>\n<p>Il magazziniere \u00e8 visto ancora come \u201cgente che sposta delle merci\u201d, \u201clavori disagiati\u201d, \u201ca basso valore aggiunto\u201d.<\/p>\n<p>Ma se non sei Amazon, credimi, loro sono il tuo potente alleato. Su cui stai gi\u00e0 investendo, tra l\u2019altro.<\/p>\n<p>Ricordati che la qualit\u00e0 di chi lavora in magazzino \u00e8 una tecnologia che hai gi\u00e0 acquistato e su cui hai i margini di ritorno pi\u00f9 importanti.<\/p>\n<p>Dare quello che serve quando serve a chi serve e come serve \u00e8 la missione della logistica. C\u2019\u00e8 qualcuno che porta avanti o no tutti i giorni questa missione.<\/p>\n<p>Sono le persone che lavorano nel tuo magazzino.<\/p>\n<p>In questo libro ti mostrer\u00f2 come funziona realmente il processo che porta una squadra di lavoro a lavorare al meglio o \u201cal peggio\u201d, come selezionarli sul mercato e se nel tuo specifico caso \u00e8 meglio utilizzare personale dipendente o appaltare a qualche fornitore esterno (e vedremo quali caratteristiche deve avere) che fornisca lui il personale per gestire il magazzino e la sua organizzazione.<\/p>\n<p>Credimi che anche quando parliamo di persone che lavorano in magazzino, anche se il (falso) mito comune \u00e8 che sia un lavoro per cui non serva grande competenza, in realt\u00e0 il suo funzionamento o meno dipende da un preciso modello matematico e ingegneristico.<\/p>\n<p>Esattamente come un software, una scaffalatura, un magazzino automatico, un carrello elevatore. Sul caso non funziona nulla.<\/p>\n<p>Ancora di pi\u00f9 perch\u00e9 l\u2019uomo, con buona pace di grandi esperti e \u201cguru\u201d vari, sar\u00e0 ancora per molti anni la tecnologia pi\u00f9 complessa, efficace e difficile da padroneggiare.<\/p>\n<p>Nei prossimi anni il mercato cambier\u00e0 veramente tanto, e come tutte le tecnologie della logistica, anche l\u2019uomo dovr\u00e0 evolversi.<\/p>\n<p>Avere della \u201cbrava gente che lavora\u201d non baster\u00e0 pi\u00f9: per molti settori \u00e8 gi\u00e0 successo, e ha lasciato disorientati anche molti \u201cguru\u201d. Belli i magazzini automatici, ma a meno che tu non possa fare a meno di tutto il personale che lavora, nei prossimi anni avrai bisogno anche di un nuovo modo di intendere il lavoro del magazziniere.<\/p>\n<p>Il magazziniere 2.0, cio\u00e8 quello che sa capire i nuovi mercati e le nuove esigenze dei tuoi clienti, che sa relazionarsi con tutte le innovazioni che sono avvenute e che avverranno nei prossimi anni.<\/p>\n<p>La persona che lavora come negli anni \u201980 far\u00e0 molta fatica. Il mercato non aspetta.<\/p>\n<p>Correre un Gran Premio con una Minardi del 1986 guidata da Alessandro Nannini e competere contro Hamilton sopra una Mercedes del 2019 \u00e8 dura.<\/p>\n<p>In questo libro ti mostrer\u00f2 come migliorare questo aspetto sottovalutato da (quasi) tutti e come avere nella tua azienda una squadra degna di Hamilton.<\/p>\n<p>Ma per fare questo dobbiamo partire da una strana storia.<\/p>","protected":false},"excerpt":{"rendered":"<p>di Luca Giarola<br \/>\nCollana Protagonisti<br \/>\nISBN 9788897712817<\/p>","protected":false},"featured_media":1717,"template":"","meta":[],"product_brand":[],"product_cat":[55,47,58],"product_tag":[62,63,59,61,60],"class_list":{"0":"post-1719","1":"product","2":"type-product","3":"status-publish","4":"has-post-thumbnail","6":"product_cat-agenzia-di-scrittura-e-comunicazione","7":"product_cat-biografia-aziendale","8":"product_cat-manuale-per-imprenditori","9":"product_tag-appalti","10":"product_tag-aziende","11":"product_tag-logistica","12":"product_tag-magazzinieri","13":"product_tag-magazzino","15":"first","16":"outofstock","17":"shipping-taxable","18":"purchasable","19":"product-type-simple"},"yoast_head":"<!-- This site is optimized with the Yoast SEO plugin v26.9 - https:\/\/yoast.com\/product\/yoast-seo-wordpress\/ -->\n<title>2019 Odissea nella logistica &#8226; Edizioni Terra marique<\/title>\n<meta name=\"description\" content=\"2019 Odissea nella logistica, scritto da Luca Giarola, si rivolge agli imprenditori che desiderano appaltare alle cooperative\" \/>\n<meta name=\"robots\" content=\"index, follow, max-snippet:-1, max-image-preview:large, max-video-preview:-1\" \/>\n<link rel=\"canonical\" href=\"https:\/\/www.edizioniterramarique.com\/en\/shop\/2019-odissea-nella-logistica\/\" \/>\n<meta property=\"og:locale\" content=\"en_GB\" \/>\n<meta property=\"og:type\" content=\"article\" \/>\n<meta property=\"og:title\" content=\"2019 Odissea nella logistica &#8226; Edizioni Terra marique\" \/>\n<meta property=\"og:description\" content=\"2019 Odissea nella logistica, scritto da Luca Giarola, si rivolge agli imprenditori che desiderano appaltare alle cooperative\" \/>\n<meta property=\"og:url\" content=\"https:\/\/www.edizioniterramarique.com\/en\/shop\/2019-odissea-nella-logistica\/\" \/>\n<meta property=\"og:site_name\" content=\"Edizioni Terra marique\" \/>\n<meta property=\"article:modified_time\" content=\"2020-06-16T21:55:58+00:00\" \/>\n<meta property=\"og:image\" content=\"https:\/\/www.edizioniterramarique.com\/wp-content\/uploads\/2019\/07\/COP_luca_giarola_PER-TM.jpg\" \/>\n\t<meta property=\"og:image:width\" content=\"200\" \/>\n\t<meta property=\"og:image:height\" content=\"280\" \/>\n\t<meta property=\"og:image:type\" content=\"image\/jpeg\" \/>\n<meta name=\"twitter:label1\" content=\"Estimated reading time\" \/>\n\t<meta name=\"twitter:data1\" content=\"9 minutes\" \/>\n<script type=\"application\/ld+json\" class=\"yoast-schema-graph\">{\"@context\":\"https:\/\/schema.org\",\"@graph\":[{\"@type\":\"WebPage\",\"@id\":\"https:\/\/www.edizioniterramarique.com\/en\/shop\/2019-odissea-nella-logistica\/\",\"url\":\"https:\/\/www.edizioniterramarique.com\/en\/shop\/2019-odissea-nella-logistica\/\",\"name\":\"2019 Odissea nella logistica &#8226; Edizioni Terra marique\",\"isPartOf\":{\"@id\":\"https:\/\/www.edizioniterramarique.com\/#website\"},\"primaryImageOfPage\":{\"@id\":\"https:\/\/www.edizioniterramarique.com\/en\/shop\/2019-odissea-nella-logistica\/#primaryimage\"},\"image\":{\"@id\":\"https:\/\/www.edizioniterramarique.com\/en\/shop\/2019-odissea-nella-logistica\/#primaryimage\"},\"thumbnailUrl\":\"https:\/\/www.edizioniterramarique.com\/wp-content\/uploads\/2019\/07\/COP_luca_giarola_PER-TM.jpg\",\"datePublished\":\"2019-07-11T20:56:14+00:00\",\"dateModified\":\"2020-06-16T21:55:58+00:00\",\"description\":\"2019 Odissea nella logistica, scritto da Luca Giarola, si rivolge agli imprenditori che desiderano appaltare alle cooperative\",\"breadcrumb\":{\"@id\":\"https:\/\/www.edizioniterramarique.com\/en\/shop\/2019-odissea-nella-logistica\/#breadcrumb\"},\"inLanguage\":\"en-GB\",\"potentialAction\":[{\"@type\":\"ReadAction\",\"target\":[\"https:\/\/www.edizioniterramarique.com\/en\/shop\/2019-odissea-nella-logistica\/\"]}]},{\"@type\":\"ImageObject\",\"inLanguage\":\"en-GB\",\"@id\":\"https:\/\/www.edizioniterramarique.com\/en\/shop\/2019-odissea-nella-logistica\/#primaryimage\",\"url\":\"https:\/\/www.edizioniterramarique.com\/wp-content\/uploads\/2019\/07\/COP_luca_giarola_PER-TM.jpg\",\"contentUrl\":\"https:\/\/www.edizioniterramarique.com\/wp-content\/uploads\/2019\/07\/COP_luca_giarola_PER-TM.jpg\",\"width\":200,\"height\":280,\"caption\":\"Copertina Luca Giarola\"},{\"@type\":\"BreadcrumbList\",\"@id\":\"https:\/\/www.edizioniterramarique.com\/en\/shop\/2019-odissea-nella-logistica\/#breadcrumb\",\"itemListElement\":[{\"@type\":\"ListItem\",\"position\":1,\"name\":\"Home\",\"item\":\"https:\/\/www.edizioniterramarique.com\/\"},{\"@type\":\"ListItem\",\"position\":2,\"name\":\"Shop\",\"item\":\"https:\/\/www.edizioniterramarique.com\/\"},{\"@type\":\"ListItem\",\"position\":3,\"name\":\"2019 Odissea nella logistica\"}]},{\"@type\":\"WebSite\",\"@id\":\"https:\/\/www.edizioniterramarique.com\/#website\",\"url\":\"https:\/\/www.edizioniterramarique.com\/\",\"name\":\"Edizioni Terra marique\",\"description\":\"Edizioni Terra marique\",\"publisher\":{\"@id\":\"https:\/\/www.edizioniterramarique.com\/#organization\"},\"potentialAction\":[{\"@type\":\"SearchAction\",\"target\":{\"@type\":\"EntryPoint\",\"urlTemplate\":\"https:\/\/www.edizioniterramarique.com\/?s={search_term_string}\"},\"query-input\":{\"@type\":\"PropertyValueSpecification\",\"valueRequired\":true,\"valueName\":\"search_term_string\"}}],\"inLanguage\":\"en-GB\"},{\"@type\":\"Organization\",\"@id\":\"https:\/\/www.edizioniterramarique.com\/#organization\",\"name\":\"Edizioni Terra marique\",\"url\":\"https:\/\/www.edizioniterramarique.com\/\",\"logo\":{\"@type\":\"ImageObject\",\"inLanguage\":\"en-GB\",\"@id\":\"https:\/\/www.edizioniterramarique.com\/#\/schema\/logo\/image\/\",\"url\":\"https:\/\/www.edizioniterramarique.com\/wp-content\/uploads\/2014\/02\/logo_web1.jpg\",\"contentUrl\":\"https:\/\/www.edizioniterramarique.com\/wp-content\/uploads\/2014\/02\/logo_web1.jpg\",\"width\":200,\"height\":109,\"caption\":\"Edizioni Terra marique\"},\"image\":{\"@id\":\"https:\/\/www.edizioniterramarique.com\/#\/schema\/logo\/image\/\"}}]}<\/script>\n<!-- \/ Yoast SEO plugin. -->","yoast_head_json":{"title":"2019 Odissea nella logistica &#8226; Edizioni Terra marique","description":"2019 Odissea nella logistica, scritto da Luca Giarola, si rivolge agli imprenditori che desiderano appaltare alle cooperative","robots":{"index":"index","follow":"follow","max-snippet":"max-snippet:-1","max-image-preview":"max-image-preview:large","max-video-preview":"max-video-preview:-1"},"canonical":"https:\/\/www.edizioniterramarique.com\/en\/shop\/2019-odissea-nella-logistica\/","og_locale":"en_GB","og_type":"article","og_title":"2019 Odissea nella logistica &#8226; Edizioni Terra marique","og_description":"2019 Odissea nella logistica, scritto da Luca Giarola, si rivolge agli imprenditori che desiderano appaltare alle cooperative","og_url":"https:\/\/www.edizioniterramarique.com\/en\/shop\/2019-odissea-nella-logistica\/","og_site_name":"Edizioni Terra marique","article_modified_time":"2020-06-16T21:55:58+00:00","og_image":[{"width":200,"height":280,"url":"https:\/\/www.edizioniterramarique.com\/wp-content\/uploads\/2019\/07\/COP_luca_giarola_PER-TM.jpg","type":"image\/jpeg"}],"twitter_misc":{"Estimated reading time":"9 minutes"},"schema":{"@context":"https:\/\/schema.org","@graph":[{"@type":"WebPage","@id":"https:\/\/www.edizioniterramarique.com\/en\/shop\/2019-odissea-nella-logistica\/","url":"https:\/\/www.edizioniterramarique.com\/en\/shop\/2019-odissea-nella-logistica\/","name":"2019 Odissea nella logistica &#8226; Edizioni Terra marique","isPartOf":{"@id":"https:\/\/www.edizioniterramarique.com\/#website"},"primaryImageOfPage":{"@id":"https:\/\/www.edizioniterramarique.com\/en\/shop\/2019-odissea-nella-logistica\/#primaryimage"},"image":{"@id":"https:\/\/www.edizioniterramarique.com\/en\/shop\/2019-odissea-nella-logistica\/#primaryimage"},"thumbnailUrl":"https:\/\/www.edizioniterramarique.com\/wp-content\/uploads\/2019\/07\/COP_luca_giarola_PER-TM.jpg","datePublished":"2019-07-11T20:56:14+00:00","dateModified":"2020-06-16T21:55:58+00:00","description":"2019 Odissea nella logistica, scritto da Luca Giarola, si rivolge agli imprenditori che desiderano appaltare alle cooperative","breadcrumb":{"@id":"https:\/\/www.edizioniterramarique.com\/en\/shop\/2019-odissea-nella-logistica\/#breadcrumb"},"inLanguage":"en-GB","potentialAction":[{"@type":"ReadAction","target":["https:\/\/www.edizioniterramarique.com\/en\/shop\/2019-odissea-nella-logistica\/"]}]},{"@type":"ImageObject","inLanguage":"en-GB","@id":"https:\/\/www.edizioniterramarique.com\/en\/shop\/2019-odissea-nella-logistica\/#primaryimage","url":"https:\/\/www.edizioniterramarique.com\/wp-content\/uploads\/2019\/07\/COP_luca_giarola_PER-TM.jpg","contentUrl":"https:\/\/www.edizioniterramarique.com\/wp-content\/uploads\/2019\/07\/COP_luca_giarola_PER-TM.jpg","width":200,"height":280,"caption":"Copertina Luca Giarola"},{"@type":"BreadcrumbList","@id":"https:\/\/www.edizioniterramarique.com\/en\/shop\/2019-odissea-nella-logistica\/#breadcrumb","itemListElement":[{"@type":"ListItem","position":1,"name":"Home","item":"https:\/\/www.edizioniterramarique.com\/"},{"@type":"ListItem","position":2,"name":"Shop","item":"https:\/\/www.edizioniterramarique.com\/"},{"@type":"ListItem","position":3,"name":"2019 Odissea nella logistica"}]},{"@type":"WebSite","@id":"https:\/\/www.edizioniterramarique.com\/#website","url":"https:\/\/www.edizioniterramarique.com\/","name":"Edizioni Terra marique","description":"Edizioni Terra marique","publisher":{"@id":"https:\/\/www.edizioniterramarique.com\/#organization"},"potentialAction":[{"@type":"SearchAction","target":{"@type":"EntryPoint","urlTemplate":"https:\/\/www.edizioniterramarique.com\/?s={search_term_string}"},"query-input":{"@type":"PropertyValueSpecification","valueRequired":true,"valueName":"search_term_string"}}],"inLanguage":"en-GB"},{"@type":"Organization","@id":"https:\/\/www.edizioniterramarique.com\/#organization","name":"Edizioni Terra marique","url":"https:\/\/www.edizioniterramarique.com\/","logo":{"@type":"ImageObject","inLanguage":"en-GB","@id":"https:\/\/www.edizioniterramarique.com\/#\/schema\/logo\/image\/","url":"https:\/\/www.edizioniterramarique.com\/wp-content\/uploads\/2014\/02\/logo_web1.jpg","contentUrl":"https:\/\/www.edizioniterramarique.com\/wp-content\/uploads\/2014\/02\/logo_web1.jpg","width":200,"height":109,"caption":"Edizioni Terra marique"},"image":{"@id":"https:\/\/www.edizioniterramarique.com\/#\/schema\/logo\/image\/"}}]}},"_links":{"self":[{"href":"https:\/\/www.edizioniterramarique.com\/en\/wp-json\/wp\/v2\/product\/1719","targetHints":{"allow":["GET"]}}],"collection":[{"href":"https:\/\/www.edizioniterramarique.com\/en\/wp-json\/wp\/v2\/product"}],"about":[{"href":"https:\/\/www.edizioniterramarique.com\/en\/wp-json\/wp\/v2\/types\/product"}],"wp:featuredmedia":[{"embeddable":true,"href":"https:\/\/www.edizioniterramarique.com\/en\/wp-json\/wp\/v2\/media\/1717"}],"wp:attachment":[{"href":"https:\/\/www.edizioniterramarique.com\/en\/wp-json\/wp\/v2\/media?parent=1719"}],"wp:term":[{"taxonomy":"product_brand","embeddable":true,"href":"https:\/\/www.edizioniterramarique.com\/en\/wp-json\/wp\/v2\/product_brand?post=1719"},{"taxonomy":"product_cat","embeddable":true,"href":"https:\/\/www.edizioniterramarique.com\/en\/wp-json\/wp\/v2\/product_cat?post=1719"},{"taxonomy":"product_tag","embeddable":true,"href":"https:\/\/www.edizioniterramarique.com\/en\/wp-json\/wp\/v2\/product_tag?post=1719"}],"curies":[{"name":"wp","href":"https:\/\/api.w.org\/{rel}","templated":true}]}}