{"id":1667,"date":"2019-05-28T14:08:45","date_gmt":"2019-05-28T12:08:45","guid":{"rendered":"https:\/\/www.edizioniterramarique.com\/?post_type=product&#038;p=1667"},"modified":"2019-05-31T16:58:10","modified_gmt":"2019-05-31T14:58:10","slug":"progettolibro","status":"publish","type":"product","link":"https:\/\/www.edizioniterramarique.com\/en\/shop\/progettolibro\/","title":{"rendered":"ProgettoLibro"},"content":{"rendered":"<p><strong>ProgettoLibro<\/strong> \u00e8 un&#8217;agenzia di scrittura e comunicazione<br \/>\n<a href=\"http:\/\/www.progettolibro.it\"><strong>www.progettolibro.it<\/strong><\/a><\/p>\n<p><strong>ProgettoLibro<\/strong> \u00e8 nata da una lunga esperienza nel settore della realizzazione di testi e della pubblicazione.<br \/>\nLa nostra professionalit\u00e0 \u00e8 al servizio di:<\/p>\n<ul>\n<li>appassionati di scrittura, intenzionati a confrontarsi con il difficile mondo editoriale<\/li>\n<li>aziende, che vogliano puntare sull&#8217;efficacia dei processi comunicativi per promuovere i propri servizi e qualificare la propria immagine sul mercato.<\/li>\n<\/ul>\n<p>Ci avvaliamo della competenza di editor, esperti di comunicazione, consulenti della parola, ma anche grafici e tipografi per assolvere in modo rapido e concreto alle esigenze di chi si rivolge a noi.<\/p>\n<p>Vieni a scoprire il nostro <a href=\"http:\/\/www.progettolibro.it\"><strong>sito<\/strong> <\/a>e i nostri servizi.<\/p>\n<p>&nbsp;<\/p>","protected":false},"excerpt":{"rendered":"<p>ProgettoLibro \u00e8 un&#8217;agenzia di scrittura e comunicazione www.progettolibro.it ProgettoLibro \u00e8 nata da una lunga esperienza nel settore della realizzazione di testi e della pubblicazione. La nostra professionalit\u00e0 \u00e8 al servizio di: appassionati di scrittura, intenzionati a confrontarsi con il difficile mondo editoriale aziende, che vogliano puntare sull&#8217;efficacia dei processi comunicativi per promuovere i propri servizi [&hellip;]<\/p>","protected":false},"featured_media":1605,"template":"","meta":[],"product_brand":[],"product_cat":[55],"product_tag":[],"class_list":{"0":"post-1667","1":"product","2":"type-product","3":"status-publish","4":"has-post-thumbnail","6":"product_cat-agenzia-di-scrittura-e-comunicazione","8":"first","9":"instock","10":"shipping-taxable","11":"product-type-simple"},"yoast_head":"<!-- This site is optimized with the Yoast SEO plugin v26.9 - https:\/\/yoast.com\/product\/yoast-seo-wordpress\/ -->\n<title>ProgettoLibro - agenzia di scrittura e comunicazione<\/title>\n<meta name=\"description\" content=\"ProgettoLibro \u00e8 un&#039;agenzia di scrittura e comunicazione, nata dall&#039;esperienza nel settore editoriale con Edizioni Terra marique\" \/>\n<meta name=\"robots\" content=\"index, follow, max-snippet:-1, max-image-preview:large, max-video-preview:-1\" \/>\n<link rel=\"canonical\" href=\"https:\/\/www.edizioniterramarique.com\/en\/shop\/progettolibro\/\" \/>\n<meta property=\"og:locale\" content=\"en_GB\" \/>\n<meta property=\"og:type\" content=\"article\" \/>\n<meta property=\"og:title\" content=\"ProgettoLibro - agenzia di scrittura e comunicazione\" \/>\n<meta property=\"og:description\" content=\"ProgettoLibro \u00e8 un&#039;agenzia di scrittura e comunicazione, nata dall&#039;esperienza nel settore editoriale con Edizioni Terra marique\" \/>\n<meta property=\"og:url\" content=\"https:\/\/www.edizioniterramarique.com\/en\/shop\/progettolibro\/\" \/>\n<meta property=\"og:site_name\" content=\"Edizioni Terra marique\" \/>\n<meta property=\"article:modified_time\" content=\"2019-05-31T14:58:10+00:00\" \/>\n<meta property=\"og:image\" content=\"https:\/\/www.edizioniterramarique.com\/wp-content\/uploads\/2019\/04\/logoPL-small-3.png\" \/>\n\t<meta property=\"og:image:width\" content=\"200\" \/>\n\t<meta property=\"og:image:height\" content=\"200\" \/>\n\t<meta property=\"og:image:type\" content=\"image\/png\" \/>\n<meta name=\"twitter:label1\" content=\"Estimated reading time\" \/>\n\t<meta name=\"twitter:data1\" content=\"1 minute\" \/>\n<script type=\"application\/ld+json\" class=\"yoast-schema-graph\">{\"@context\":\"https:\/\/schema.org\",\"@graph\":[{\"@type\":\"WebPage\",\"@id\":\"https:\/\/www.edizioniterramarique.com\/en\/shop\/progettolibro\/\",\"url\":\"https:\/\/www.edizioniterramarique.com\/en\/shop\/progettolibro\/\",\"name\":\"ProgettoLibro - agenzia di scrittura e comunicazione\",\"isPartOf\":{\"@id\":\"https:\/\/www.edizioniterramarique.com\/#website\"},\"primaryImageOfPage\":{\"@id\":\"https:\/\/www.edizioniterramarique.com\/en\/shop\/progettolibro\/#primaryimage\"},\"image\":{\"@id\":\"https:\/\/www.edizioniterramarique.com\/en\/shop\/progettolibro\/#primaryimage\"},\"thumbnailUrl\":\"https:\/\/www.edizioniterramarique.com\/wp-content\/uploads\/2019\/04\/logoPL-small-3.png\",\"datePublished\":\"2019-05-28T12:08:45+00:00\",\"dateModified\":\"2019-05-31T14:58:10+00:00\",\"description\":\"ProgettoLibro \u00e8 un'agenzia di scrittura e comunicazione, nata dall'esperienza nel settore editoriale con Edizioni Terra marique\",\"breadcrumb\":{\"@id\":\"https:\/\/www.edizioniterramarique.com\/en\/shop\/progettolibro\/#breadcrumb\"},\"inLanguage\":\"en-GB\",\"potentialAction\":[{\"@type\":\"ReadAction\",\"target\":[\"https:\/\/www.edizioniterramarique.com\/en\/shop\/progettolibro\/\"]}]},{\"@type\":\"ImageObject\",\"inLanguage\":\"en-GB\",\"@id\":\"https:\/\/www.edizioniterramarique.com\/en\/shop\/progettolibro\/#primaryimage\",\"url\":\"https:\/\/www.edizioniterramarique.com\/wp-content\/uploads\/2019\/04\/logoPL-small-3.png\",\"contentUrl\":\"https:\/\/www.edizioniterramarique.com\/wp-content\/uploads\/2019\/04\/logoPL-small-3.png\",\"width\":200,\"height\":200,\"caption\":\"ProgettoLibro\"},{\"@type\":\"BreadcrumbList\",\"@id\":\"https:\/\/www.edizioniterramarique.com\/en\/shop\/progettolibro\/#breadcrumb\",\"itemListElement\":[{\"@type\":\"ListItem\",\"position\":1,\"name\":\"Home\",\"item\":\"https:\/\/www.edizioniterramarique.com\/\"},{\"@type\":\"ListItem\",\"position\":2,\"name\":\"Shop\",\"item\":\"https:\/\/www.edizioniterramarique.com\/\"},{\"@type\":\"ListItem\",\"position\":3,\"name\":\"ProgettoLibro\"}]},{\"@type\":\"WebSite\",\"@id\":\"https:\/\/www.edizioniterramarique.com\/#website\",\"url\":\"https:\/\/www.edizioniterramarique.com\/\",\"name\":\"Edizioni Terra marique\",\"description\":\"Edizioni Terra marique\",\"publisher\":{\"@id\":\"https:\/\/www.edizioniterramarique.com\/#organization\"},\"potentialAction\":[{\"@type\":\"SearchAction\",\"target\":{\"@type\":\"EntryPoint\",\"urlTemplate\":\"https:\/\/www.edizioniterramarique.com\/?s={search_term_string}\"},\"query-input\":{\"@type\":\"PropertyValueSpecification\",\"valueRequired\":true,\"valueName\":\"search_term_string\"}}],\"inLanguage\":\"en-GB\"},{\"@type\":\"Organization\",\"@id\":\"https:\/\/www.edizioniterramarique.com\/#organization\",\"name\":\"Edizioni Terra marique\",\"url\":\"https:\/\/www.edizioniterramarique.com\/\",\"logo\":{\"@type\":\"ImageObject\",\"inLanguage\":\"en-GB\",\"@id\":\"https:\/\/www.edizioniterramarique.com\/#\/schema\/logo\/image\/\",\"url\":\"https:\/\/www.edizioniterramarique.com\/wp-content\/uploads\/2014\/02\/logo_web1.jpg\",\"contentUrl\":\"https:\/\/www.edizioniterramarique.com\/wp-content\/uploads\/2014\/02\/logo_web1.jpg\",\"width\":200,\"height\":109,\"caption\":\"Edizioni Terra marique\"},\"image\":{\"@id\":\"https:\/\/www.edizioniterramarique.com\/#\/schema\/logo\/image\/\"}}]}<\/script>\n<!-- \/ Yoast SEO plugin. -->","yoast_head_json":{"title":"ProgettoLibro - agenzia di scrittura e comunicazione","description":"ProgettoLibro \u00e8 un'agenzia di scrittura e comunicazione, nata dall'esperienza nel settore editoriale con Edizioni Terra marique","robots":{"index":"index","follow":"follow","max-snippet":"max-snippet:-1","max-image-preview":"max-image-preview:large","max-video-preview":"max-video-preview:-1"},"canonical":"https:\/\/www.edizioniterramarique.com\/en\/shop\/progettolibro\/","og_locale":"en_GB","og_type":"article","og_title":"ProgettoLibro - agenzia di scrittura e comunicazione","og_description":"ProgettoLibro \u00e8 un'agenzia di scrittura e comunicazione, nata dall'esperienza nel settore editoriale con Edizioni Terra marique","og_url":"https:\/\/www.edizioniterramarique.com\/en\/shop\/progettolibro\/","og_site_name":"Edizioni Terra marique","article_modified_time":"2019-05-31T14:58:10+00:00","og_image":[{"width":200,"height":200,"url":"https:\/\/www.edizioniterramarique.com\/wp-content\/uploads\/2019\/04\/logoPL-small-3.png","type":"image\/png"}],"twitter_misc":{"Estimated reading time":"1 minute"},"schema":{"@context":"https:\/\/schema.org","@graph":[{"@type":"WebPage","@id":"https:\/\/www.edizioniterramarique.com\/en\/shop\/progettolibro\/","url":"https:\/\/www.edizioniterramarique.com\/en\/shop\/progettolibro\/","name":"ProgettoLibro - agenzia di scrittura e comunicazione","isPartOf":{"@id":"https:\/\/www.edizioniterramarique.com\/#website"},"primaryImageOfPage":{"@id":"https:\/\/www.edizioniterramarique.com\/en\/shop\/progettolibro\/#primaryimage"},"image":{"@id":"https:\/\/www.edizioniterramarique.com\/en\/shop\/progettolibro\/#primaryimage"},"thumbnailUrl":"https:\/\/www.edizioniterramarique.com\/wp-content\/uploads\/2019\/04\/logoPL-small-3.png","datePublished":"2019-05-28T12:08:45+00:00","dateModified":"2019-05-31T14:58:10+00:00","description":"ProgettoLibro \u00e8 un'agenzia di scrittura e comunicazione, nata dall'esperienza nel settore editoriale con Edizioni Terra marique","breadcrumb":{"@id":"https:\/\/www.edizioniterramarique.com\/en\/shop\/progettolibro\/#breadcrumb"},"inLanguage":"en-GB","potentialAction":[{"@type":"ReadAction","target":["https:\/\/www.edizioniterramarique.com\/en\/shop\/progettolibro\/"]}]},{"@type":"ImageObject","inLanguage":"en-GB","@id":"https:\/\/www.edizioniterramarique.com\/en\/shop\/progettolibro\/#primaryimage","url":"https:\/\/www.edizioniterramarique.com\/wp-content\/uploads\/2019\/04\/logoPL-small-3.png","contentUrl":"https:\/\/www.edizioniterramarique.com\/wp-content\/uploads\/2019\/04\/logoPL-small-3.png","width":200,"height":200,"caption":"ProgettoLibro"},{"@type":"BreadcrumbList","@id":"https:\/\/www.edizioniterramarique.com\/en\/shop\/progettolibro\/#breadcrumb","itemListElement":[{"@type":"ListItem","position":1,"name":"Home","item":"https:\/\/www.edizioniterramarique.com\/"},{"@type":"ListItem","position":2,"name":"Shop","item":"https:\/\/www.edizioniterramarique.com\/"},{"@type":"ListItem","position":3,"name":"ProgettoLibro"}]},{"@type":"WebSite","@id":"https:\/\/www.edizioniterramarique.com\/#website","url":"https:\/\/www.edizioniterramarique.com\/","name":"Edizioni Terra marique","description":"Edizioni Terra marique","publisher":{"@id":"https:\/\/www.edizioniterramarique.com\/#organization"},"potentialAction":[{"@type":"SearchAction","target":{"@type":"EntryPoint","urlTemplate":"https:\/\/www.edizioniterramarique.com\/?s={search_term_string}"},"query-input":{"@type":"PropertyValueSpecification","valueRequired":true,"valueName":"search_term_string"}}],"inLanguage":"en-GB"},{"@type":"Organization","@id":"https:\/\/www.edizioniterramarique.com\/#organization","name":"Edizioni Terra marique","url":"https:\/\/www.edizioniterramarique.com\/","logo":{"@type":"ImageObject","inLanguage":"en-GB","@id":"https:\/\/www.edizioniterramarique.com\/#\/schema\/logo\/image\/","url":"https:\/\/www.edizioniterramarique.com\/wp-content\/uploads\/2014\/02\/logo_web1.jpg","contentUrl":"https:\/\/www.edizioniterramarique.com\/wp-content\/uploads\/2014\/02\/logo_web1.jpg","width":200,"height":109,"caption":"Edizioni Terra marique"},"image":{"@id":"https:\/\/www.edizioniterramarique.com\/#\/schema\/logo\/image\/"}}]}},"_links":{"self":[{"href":"https:\/\/www.edizioniterramarique.com\/en\/wp-json\/wp\/v2\/product\/1667","targetHints":{"allow":["GET"]}}],"collection":[{"href":"https:\/\/www.edizioniterramarique.com\/en\/wp-json\/wp\/v2\/product"}],"about":[{"href":"https:\/\/www.edizioniterramarique.com\/en\/wp-json\/wp\/v2\/types\/product"}],"wp:featuredmedia":[{"embeddable":true,"href":"https:\/\/www.edizioniterramarique.com\/en\/wp-json\/wp\/v2\/media\/1605"}],"wp:attachment":[{"href":"https:\/\/www.edizioniterramarique.com\/en\/wp-json\/wp\/v2\/media?parent=1667"}],"wp:term":[{"taxonomy":"product_brand","embeddable":true,"href":"https:\/\/www.edizioniterramarique.com\/en\/wp-json\/wp\/v2\/product_brand?post=1667"},{"taxonomy":"product_cat","embeddable":true,"href":"https:\/\/www.edizioniterramarique.com\/en\/wp-json\/wp\/v2\/product_cat?post=1667"},{"taxonomy":"product_tag","embeddable":true,"href":"https:\/\/www.edizioniterramarique.com\/en\/wp-json\/wp\/v2\/product_tag?post=1667"}],"curies":[{"name":"wp","href":"https:\/\/api.w.org\/{rel}","templated":true}]}}