{"id":1617,"date":"2019-04-23T17:27:21","date_gmt":"2019-04-23T15:27:21","guid":{"rendered":"https:\/\/www.edizioniterramarique.com\/?post_type=product&#038;p=1617"},"modified":"2019-05-15T14:29:24","modified_gmt":"2019-05-15T12:29:24","slug":"lo-spettacolo-che-nessuno-vede","status":"publish","type":"product","link":"https:\/\/www.edizioniterramarique.com\/en\/shop\/lo-spettacolo-che-nessuno-vede\/","title":{"rendered":"Lo spettacolo che nessuno vede"},"content":{"rendered":"<p>Lo spettacolo che nessuno vede, ovvero diciotto dipinti per raccontare un bosco giardino che non esiste pi\u00f9. Ma non un bosco giardino qualsiasi: il bosco giardino nel quale Morgan Arte, &#8220;il Mago dei giardini&#8221;, conduceva i suoi ospiti alla ricerca di sentimenti perduti e ritrovati. Ogni giardino \u00e8 un continuo invito alla ricerca della bellezza.<\/p>\n<p>Sapendo leggere le opportunit\u00e0 che ci offre, \u00e8 possibile perseguire anche il miglioramento di s\u00e9, sia fisico che mentale. Lasciatevi dunque condurre da Morgan Arte, oltre gli inganni della ragione, fra le meraviglie di un paradiso che \u00e8 sempre esistito, ma che pochi hanno avuto l\u2019opportunit\u00e0 di vivere.<\/p>\n<p>La storia che nessuno si aspetta, per imparare a vedere nei boschi e nei giardini lo spettacolo che nessuno vede.<\/p>","protected":false},"excerpt":{"rendered":"<p>di Mirco Tugnoli<br \/>\nCollana Voci narranti<br \/>\nISBN <span lang=\"IT\" style=\"font-size: 13.5pt; color: black;\">9788897712862<\/span><\/p>","protected":false},"featured_media":1623,"template":"","meta":[],"product_brand":[],"product_cat":[16],"product_tag":[],"class_list":{"0":"post-1617","1":"product","2":"type-product","3":"status-publish","4":"has-post-thumbnail","6":"product_cat-romanzi","8":"first","9":"instock","10":"shipping-taxable","11":"purchasable","12":"product-type-simple"},"yoast_head":"<!-- This site is optimized with the Yoast SEO plugin v26.9 - https:\/\/yoast.com\/product\/yoast-seo-wordpress\/ -->\n<title>Lo spettacolo che nessuno vede - Edizioni Terra marique<\/title>\n<meta name=\"description\" content=\"Lo spettacolo che nessuno vede \u00e8 l&#039;ultimo libro di Mirco Tugnoli, il primo pubblicato dal noto esperto di spazi verdi e fotografo naturalista con TM\" \/>\n<meta name=\"robots\" content=\"index, follow, max-snippet:-1, max-image-preview:large, max-video-preview:-1\" \/>\n<link rel=\"canonical\" href=\"https:\/\/www.edizioniterramarique.com\/en\/shop\/lo-spettacolo-che-nessuno-vede\/\" \/>\n<meta property=\"og:locale\" content=\"en_GB\" \/>\n<meta property=\"og:type\" content=\"article\" \/>\n<meta property=\"og:title\" content=\"Lo spettacolo che nessuno vede - Edizioni Terra marique\" \/>\n<meta property=\"og:description\" content=\"Lo spettacolo che nessuno vede \u00e8 l&#039;ultimo libro di Mirco Tugnoli, il primo pubblicato dal noto esperto di spazi verdi e fotografo naturalista con TM\" \/>\n<meta property=\"og:url\" content=\"https:\/\/www.edizioniterramarique.com\/en\/shop\/lo-spettacolo-che-nessuno-vede\/\" \/>\n<meta property=\"og:site_name\" content=\"Edizioni Terra marique\" \/>\n<meta property=\"article:modified_time\" content=\"2019-05-15T12:29:24+00:00\" \/>\n<meta property=\"og:image\" content=\"https:\/\/www.edizioniterramarique.com\/wp-content\/uploads\/2019\/04\/COP_lo_spettacolo_che_nessuno_vede_PER-TM.jpg\" \/>\n\t<meta property=\"og:image:width\" content=\"200\" \/>\n\t<meta property=\"og:image:height\" content=\"282\" \/>\n\t<meta property=\"og:image:type\" content=\"image\/jpeg\" \/>\n<meta name=\"twitter:label1\" content=\"Estimated reading time\" \/>\n\t<meta name=\"twitter:data1\" content=\"1 minute\" \/>\n<script type=\"application\/ld+json\" class=\"yoast-schema-graph\">{\"@context\":\"https:\/\/schema.org\",\"@graph\":[{\"@type\":\"WebPage\",\"@id\":\"https:\/\/www.edizioniterramarique.com\/shop\/lo-spettacolo-che-nessuno-vede\/\",\"url\":\"https:\/\/www.edizioniterramarique.com\/shop\/lo-spettacolo-che-nessuno-vede\/\",\"name\":\"Lo spettacolo che nessuno vede - Edizioni Terra marique\",\"isPartOf\":{\"@id\":\"https:\/\/www.edizioniterramarique.com\/#website\"},\"primaryImageOfPage\":{\"@id\":\"https:\/\/www.edizioniterramarique.com\/shop\/lo-spettacolo-che-nessuno-vede\/#primaryimage\"},\"image\":{\"@id\":\"https:\/\/www.edizioniterramarique.com\/shop\/lo-spettacolo-che-nessuno-vede\/#primaryimage\"},\"thumbnailUrl\":\"https:\/\/www.edizioniterramarique.com\/wp-content\/uploads\/2019\/04\/COP_lo_spettacolo_che_nessuno_vede_PER-TM.jpg\",\"datePublished\":\"2019-04-23T15:27:21+00:00\",\"dateModified\":\"2019-05-15T12:29:24+00:00\",\"description\":\"Lo spettacolo che nessuno vede \u00e8 l'ultimo libro di Mirco Tugnoli, il primo pubblicato dal noto esperto di spazi verdi e fotografo naturalista con TM\",\"breadcrumb\":{\"@id\":\"https:\/\/www.edizioniterramarique.com\/shop\/lo-spettacolo-che-nessuno-vede\/#breadcrumb\"},\"inLanguage\":\"en-GB\",\"potentialAction\":[{\"@type\":\"ReadAction\",\"target\":[\"https:\/\/www.edizioniterramarique.com\/shop\/lo-spettacolo-che-nessuno-vede\/\"]}]},{\"@type\":\"ImageObject\",\"inLanguage\":\"en-GB\",\"@id\":\"https:\/\/www.edizioniterramarique.com\/shop\/lo-spettacolo-che-nessuno-vede\/#primaryimage\",\"url\":\"https:\/\/www.edizioniterramarique.com\/wp-content\/uploads\/2019\/04\/COP_lo_spettacolo_che_nessuno_vede_PER-TM.jpg\",\"contentUrl\":\"https:\/\/www.edizioniterramarique.com\/wp-content\/uploads\/2019\/04\/COP_lo_spettacolo_che_nessuno_vede_PER-TM.jpg\",\"width\":200,\"height\":282,\"caption\":\"Copertina Lo spettacolo che nessuno vede\"},{\"@type\":\"BreadcrumbList\",\"@id\":\"https:\/\/www.edizioniterramarique.com\/shop\/lo-spettacolo-che-nessuno-vede\/#breadcrumb\",\"itemListElement\":[{\"@type\":\"ListItem\",\"position\":1,\"name\":\"Home\",\"item\":\"https:\/\/www.edizioniterramarique.com\/\"},{\"@type\":\"ListItem\",\"position\":2,\"name\":\"Shop\",\"item\":\"https:\/\/www.edizioniterramarique.com\/\"},{\"@type\":\"ListItem\",\"position\":3,\"name\":\"Lo spettacolo che nessuno vede\"}]},{\"@type\":\"WebSite\",\"@id\":\"https:\/\/www.edizioniterramarique.com\/#website\",\"url\":\"https:\/\/www.edizioniterramarique.com\/\",\"name\":\"Edizioni Terra marique\",\"description\":\"Edizioni Terra marique\",\"publisher\":{\"@id\":\"https:\/\/www.edizioniterramarique.com\/#organization\"},\"potentialAction\":[{\"@type\":\"SearchAction\",\"target\":{\"@type\":\"EntryPoint\",\"urlTemplate\":\"https:\/\/www.edizioniterramarique.com\/?s={search_term_string}\"},\"query-input\":{\"@type\":\"PropertyValueSpecification\",\"valueRequired\":true,\"valueName\":\"search_term_string\"}}],\"inLanguage\":\"en-GB\"},{\"@type\":\"Organization\",\"@id\":\"https:\/\/www.edizioniterramarique.com\/#organization\",\"name\":\"Edizioni Terra marique\",\"url\":\"https:\/\/www.edizioniterramarique.com\/\",\"logo\":{\"@type\":\"ImageObject\",\"inLanguage\":\"en-GB\",\"@id\":\"https:\/\/www.edizioniterramarique.com\/#\/schema\/logo\/image\/\",\"url\":\"https:\/\/www.edizioniterramarique.com\/wp-content\/uploads\/2014\/02\/logo_web1.jpg\",\"contentUrl\":\"https:\/\/www.edizioniterramarique.com\/wp-content\/uploads\/2014\/02\/logo_web1.jpg\",\"width\":200,\"height\":109,\"caption\":\"Edizioni Terra marique\"},\"image\":{\"@id\":\"https:\/\/www.edizioniterramarique.com\/#\/schema\/logo\/image\/\"}}]}<\/script>\n<!-- \/ Yoast SEO plugin. -->","yoast_head_json":{"title":"Lo spettacolo che nessuno vede - Edizioni Terra marique","description":"Lo spettacolo che nessuno vede \u00e8 l'ultimo libro di Mirco Tugnoli, il primo pubblicato dal noto esperto di spazi verdi e fotografo naturalista con TM","robots":{"index":"index","follow":"follow","max-snippet":"max-snippet:-1","max-image-preview":"max-image-preview:large","max-video-preview":"max-video-preview:-1"},"canonical":"https:\/\/www.edizioniterramarique.com\/en\/shop\/lo-spettacolo-che-nessuno-vede\/","og_locale":"en_GB","og_type":"article","og_title":"Lo spettacolo che nessuno vede - Edizioni Terra marique","og_description":"Lo spettacolo che nessuno vede \u00e8 l'ultimo libro di Mirco Tugnoli, il primo pubblicato dal noto esperto di spazi verdi e fotografo naturalista con TM","og_url":"https:\/\/www.edizioniterramarique.com\/en\/shop\/lo-spettacolo-che-nessuno-vede\/","og_site_name":"Edizioni Terra marique","article_modified_time":"2019-05-15T12:29:24+00:00","og_image":[{"width":200,"height":282,"url":"https:\/\/www.edizioniterramarique.com\/wp-content\/uploads\/2019\/04\/COP_lo_spettacolo_che_nessuno_vede_PER-TM.jpg","type":"image\/jpeg"}],"twitter_misc":{"Estimated reading time":"1 minute"},"schema":{"@context":"https:\/\/schema.org","@graph":[{"@type":"WebPage","@id":"https:\/\/www.edizioniterramarique.com\/shop\/lo-spettacolo-che-nessuno-vede\/","url":"https:\/\/www.edizioniterramarique.com\/shop\/lo-spettacolo-che-nessuno-vede\/","name":"Lo spettacolo che nessuno vede - Edizioni Terra marique","isPartOf":{"@id":"https:\/\/www.edizioniterramarique.com\/#website"},"primaryImageOfPage":{"@id":"https:\/\/www.edizioniterramarique.com\/shop\/lo-spettacolo-che-nessuno-vede\/#primaryimage"},"image":{"@id":"https:\/\/www.edizioniterramarique.com\/shop\/lo-spettacolo-che-nessuno-vede\/#primaryimage"},"thumbnailUrl":"https:\/\/www.edizioniterramarique.com\/wp-content\/uploads\/2019\/04\/COP_lo_spettacolo_che_nessuno_vede_PER-TM.jpg","datePublished":"2019-04-23T15:27:21+00:00","dateModified":"2019-05-15T12:29:24+00:00","description":"Lo spettacolo che nessuno vede \u00e8 l'ultimo libro di Mirco Tugnoli, il primo pubblicato dal noto esperto di spazi verdi e fotografo naturalista con TM","breadcrumb":{"@id":"https:\/\/www.edizioniterramarique.com\/shop\/lo-spettacolo-che-nessuno-vede\/#breadcrumb"},"inLanguage":"en-GB","potentialAction":[{"@type":"ReadAction","target":["https:\/\/www.edizioniterramarique.com\/shop\/lo-spettacolo-che-nessuno-vede\/"]}]},{"@type":"ImageObject","inLanguage":"en-GB","@id":"https:\/\/www.edizioniterramarique.com\/shop\/lo-spettacolo-che-nessuno-vede\/#primaryimage","url":"https:\/\/www.edizioniterramarique.com\/wp-content\/uploads\/2019\/04\/COP_lo_spettacolo_che_nessuno_vede_PER-TM.jpg","contentUrl":"https:\/\/www.edizioniterramarique.com\/wp-content\/uploads\/2019\/04\/COP_lo_spettacolo_che_nessuno_vede_PER-TM.jpg","width":200,"height":282,"caption":"Copertina Lo spettacolo che nessuno vede"},{"@type":"BreadcrumbList","@id":"https:\/\/www.edizioniterramarique.com\/shop\/lo-spettacolo-che-nessuno-vede\/#breadcrumb","itemListElement":[{"@type":"ListItem","position":1,"name":"Home","item":"https:\/\/www.edizioniterramarique.com\/"},{"@type":"ListItem","position":2,"name":"Shop","item":"https:\/\/www.edizioniterramarique.com\/"},{"@type":"ListItem","position":3,"name":"Lo spettacolo che nessuno vede"}]},{"@type":"WebSite","@id":"https:\/\/www.edizioniterramarique.com\/#website","url":"https:\/\/www.edizioniterramarique.com\/","name":"Edizioni Terra marique","description":"Edizioni Terra marique","publisher":{"@id":"https:\/\/www.edizioniterramarique.com\/#organization"},"potentialAction":[{"@type":"SearchAction","target":{"@type":"EntryPoint","urlTemplate":"https:\/\/www.edizioniterramarique.com\/?s={search_term_string}"},"query-input":{"@type":"PropertyValueSpecification","valueRequired":true,"valueName":"search_term_string"}}],"inLanguage":"en-GB"},{"@type":"Organization","@id":"https:\/\/www.edizioniterramarique.com\/#organization","name":"Edizioni Terra marique","url":"https:\/\/www.edizioniterramarique.com\/","logo":{"@type":"ImageObject","inLanguage":"en-GB","@id":"https:\/\/www.edizioniterramarique.com\/#\/schema\/logo\/image\/","url":"https:\/\/www.edizioniterramarique.com\/wp-content\/uploads\/2014\/02\/logo_web1.jpg","contentUrl":"https:\/\/www.edizioniterramarique.com\/wp-content\/uploads\/2014\/02\/logo_web1.jpg","width":200,"height":109,"caption":"Edizioni Terra marique"},"image":{"@id":"https:\/\/www.edizioniterramarique.com\/#\/schema\/logo\/image\/"}}]}},"_links":{"self":[{"href":"https:\/\/www.edizioniterramarique.com\/en\/wp-json\/wp\/v2\/product\/1617","targetHints":{"allow":["GET"]}}],"collection":[{"href":"https:\/\/www.edizioniterramarique.com\/en\/wp-json\/wp\/v2\/product"}],"about":[{"href":"https:\/\/www.edizioniterramarique.com\/en\/wp-json\/wp\/v2\/types\/product"}],"wp:featuredmedia":[{"embeddable":true,"href":"https:\/\/www.edizioniterramarique.com\/en\/wp-json\/wp\/v2\/media\/1623"}],"wp:attachment":[{"href":"https:\/\/www.edizioniterramarique.com\/en\/wp-json\/wp\/v2\/media?parent=1617"}],"wp:term":[{"taxonomy":"product_brand","embeddable":true,"href":"https:\/\/www.edizioniterramarique.com\/en\/wp-json\/wp\/v2\/product_brand?post=1617"},{"taxonomy":"product_cat","embeddable":true,"href":"https:\/\/www.edizioniterramarique.com\/en\/wp-json\/wp\/v2\/product_cat?post=1617"},{"taxonomy":"product_tag","embeddable":true,"href":"https:\/\/www.edizioniterramarique.com\/en\/wp-json\/wp\/v2\/product_tag?post=1617"}],"curies":[{"name":"wp","href":"https:\/\/api.w.org\/{rel}","templated":true}]}}