{"id":1434,"date":"2019-02-14T17:20:38","date_gmt":"2019-02-14T16:20:38","guid":{"rendered":"https:\/\/www.edizioniterramarique.com\/?post_type=product&#038;p=1434"},"modified":"2019-02-14T17:21:15","modified_gmt":"2019-02-14T16:21:15","slug":"stai-in-guardia-la-felicita-e-dietro-langolo","status":"publish","type":"product","link":"https:\/\/www.edizioniterramarique.com\/en\/shop\/stai-in-guardia-la-felicita-e-dietro-langolo\/","title":{"rendered":"Stai in guardia. La felicit\u00e0 \u00e8 dietro l&#8217;angolo"},"content":{"rendered":"<p>Nel corso degli anni me ne hanno attribuiti di titoli, ma davvero tanti\u2026 per\u00f2 penso anche che la gente teme quello che non conosce.<br \/>\nUna forestiera, con la valigia di cartone, in cerca di un pollo per accasarsi, scaricargli almeno un figlio e sentirsi al sicuro\u00a0fino al diciottesimo anno del malcapitato nascituro, che verr\u00e0 poi manipolato per soccombere agli obblighi da parte del partner, ma se poi \u00e8 brava riesce anche a farsi sposare, sistemandosi per sempre.<br \/>\nEcco io faccio parte della categoria dell\u2019altra sponda.<br \/>\nFidanzata innumerevoli volte ma senza secondi fini, due volte sposata, al primo divorzio non ho beccato un centesimo perch\u00e9 ho avuto anche la sfortuna di innamorarmi di un nullatenente o cos\u00ec risultava agli atti.<br \/>\nQuante\u2026 ma quante di noi ci ritroviamo a sentire storie di divorzi milionari, mantenimenti assurdi, uomini spolpati all\u2019inverosimile e poi pensiamo \u201csono proprio una sfigata\u201d e ci scappa da ridere.<br \/>\nE no! sfigate un corno! Noi siamo quelle che ce la caviamo, quelle che vivono, amano e\u00a0lottano per quello che vogliono e sognano senza distruggere i propri uomini.<br \/>\nQuelle che le scarpe Prada le comprano con la propria carta di credito e se tutto va storto non fanno fatica a vestirsi al mercato sfoggiando l\u2019outfit come se fosse un abito di alta moda\u2026 e gi\u00e0 perch\u00e9 in queste siamo maestre!<br \/>\nState sorridendo? Lo so, perch\u00e9 \u00e8 vero. Sorridere nel momento in cui ci fanno i complimenti per quel cappotto che solo noi sappiamo di aver comprato in saldo, ma che indossiamo con una tale\u00a0fierezza e charme che ci contraddistingue!<br \/>\nSorridete pure perch\u00e9 ci fa bene e di questo dobbiamo essere orgogliose.<br \/>\nPiuttosto mi sento di dire ai maschi: state alla larga da donne esigenti e pigre, perch\u00e9 sarete per loro solo una mucca da mungere!<br \/>\nBene, con questi presupposti vi affido il mio racconto, amiche e amici miei. Vi garantisco che nessuno ha il manuale d\u2019istruzione per vivere una vita a regola d\u2019arte e chi vuol farvelo credere finge! Attraverso queste pagine io spero davvero che voi possiate imparare qualcosa dai i miei inciampi.<br \/>\nMa soprattutto spero che da questo libro possiate cogliere la bellezza della rinascita: sappiate che\u00a0la vita \u00e8 sempre pronta a ripartire, anche dai bassifondi e in qualsiasi momento.<br \/>\nUn libro appassionante senza censure e con una spiccata tolleranza per le Donne senza gloria e coraggiose come me.<br \/>\nConsigli da parte mia?<br \/>\nImparate a lasciare che le cose accadano.<br \/>\nSorridete, imparate a fidarvi e a dare un\u2019altra possibilit\u00e0, anche a chi pensate non\u00a0la meriti, perch\u00e9 tutti abbiamo bisogno di essere creduti, tutti abbiamo bisogno di una seconda chance.<br \/>\nE siate grati per questa meravigliosa avventura chiamata vita, perch\u00e9 non \u00e8 mai finita finch\u00e9 non \u00e8 davvero \u201cfinita\u201d.<\/p>\n<p>&nbsp;<\/p>\n<p>&nbsp;<\/p>\n<p>&nbsp;<\/p>","protected":false},"excerpt":{"rendered":"<p>di Antonella Coppola<br \/>\nCollana Protagonisti<br \/>\nISBN\u00a09788897712848<\/p>","protected":false},"featured_media":1435,"template":"","meta":[],"product_brand":[],"product_cat":[17,24],"product_tag":[],"class_list":{"0":"post-1434","1":"product","2":"type-product","3":"status-publish","4":"has-post-thumbnail","6":"product_cat-biografie","7":"product_cat-ricette","9":"first","10":"instock","11":"shipping-taxable","12":"purchasable","13":"product-type-simple"},"yoast_head":"<!-- This site is optimized with the Yoast SEO plugin v26.9 - https:\/\/yoast.com\/product\/yoast-seo-wordpress\/ -->\n<title>Stai in guardia. La felicit\u00e0 \u00e8 dietro l&#039;angolo &#8226; Edizioni Terra marique<\/title>\n<meta name=\"robots\" content=\"index, follow, max-snippet:-1, max-image-preview:large, max-video-preview:-1\" \/>\n<link rel=\"canonical\" href=\"https:\/\/www.edizioniterramarique.com\/en\/shop\/stai-in-guardia-la-felicita-e-dietro-langolo\/\" \/>\n<meta property=\"og:locale\" content=\"en_GB\" \/>\n<meta property=\"og:type\" content=\"article\" \/>\n<meta property=\"og:title\" content=\"Stai in guardia. La felicit\u00e0 \u00e8 dietro l&#039;angolo &#8226; Edizioni Terra marique\" \/>\n<meta property=\"og:description\" content=\"di Antonella Coppola Collana Protagonisti ISBN\u00a09788897712848\" \/>\n<meta property=\"og:url\" content=\"https:\/\/www.edizioniterramarique.com\/en\/shop\/stai-in-guardia-la-felicita-e-dietro-langolo\/\" \/>\n<meta property=\"og:site_name\" content=\"Edizioni Terra marique\" \/>\n<meta property=\"article:modified_time\" content=\"2019-02-14T16:21:15+00:00\" \/>\n<meta property=\"og:image\" content=\"https:\/\/www.edizioniterramarique.com\/wp-content\/uploads\/2019\/02\/COP_stai_in_guardia_PER-SITO-TM.jpg\" \/>\n\t<meta property=\"og:image:width\" content=\"200\" \/>\n\t<meta property=\"og:image:height\" content=\"279\" \/>\n\t<meta property=\"og:image:type\" content=\"image\/jpeg\" \/>\n<meta name=\"twitter:label1\" content=\"Estimated reading time\" \/>\n\t<meta name=\"twitter:data1\" content=\"2 minutes\" \/>\n<script type=\"application\/ld+json\" class=\"yoast-schema-graph\">{\"@context\":\"https:\/\/schema.org\",\"@graph\":[{\"@type\":\"WebPage\",\"@id\":\"https:\/\/www.edizioniterramarique.com\/en\/shop\/stai-in-guardia-la-felicita-e-dietro-langolo\/\",\"url\":\"https:\/\/www.edizioniterramarique.com\/en\/shop\/stai-in-guardia-la-felicita-e-dietro-langolo\/\",\"name\":\"Stai in guardia. La felicit\u00e0 \u00e8 dietro l'angolo &#8226; Edizioni Terra marique\",\"isPartOf\":{\"@id\":\"https:\/\/www.edizioniterramarique.com\/#website\"},\"primaryImageOfPage\":{\"@id\":\"https:\/\/www.edizioniterramarique.com\/en\/shop\/stai-in-guardia-la-felicita-e-dietro-langolo\/#primaryimage\"},\"image\":{\"@id\":\"https:\/\/www.edizioniterramarique.com\/en\/shop\/stai-in-guardia-la-felicita-e-dietro-langolo\/#primaryimage\"},\"thumbnailUrl\":\"https:\/\/www.edizioniterramarique.com\/wp-content\/uploads\/2019\/02\/COP_stai_in_guardia_PER-SITO-TM.jpg\",\"datePublished\":\"2019-02-14T16:20:38+00:00\",\"dateModified\":\"2019-02-14T16:21:15+00:00\",\"breadcrumb\":{\"@id\":\"https:\/\/www.edizioniterramarique.com\/en\/shop\/stai-in-guardia-la-felicita-e-dietro-langolo\/#breadcrumb\"},\"inLanguage\":\"en-GB\",\"potentialAction\":[{\"@type\":\"ReadAction\",\"target\":[\"https:\/\/www.edizioniterramarique.com\/en\/shop\/stai-in-guardia-la-felicita-e-dietro-langolo\/\"]}]},{\"@type\":\"ImageObject\",\"inLanguage\":\"en-GB\",\"@id\":\"https:\/\/www.edizioniterramarique.com\/en\/shop\/stai-in-guardia-la-felicita-e-dietro-langolo\/#primaryimage\",\"url\":\"https:\/\/www.edizioniterramarique.com\/wp-content\/uploads\/2019\/02\/COP_stai_in_guardia_PER-SITO-TM.jpg\",\"contentUrl\":\"https:\/\/www.edizioniterramarique.com\/wp-content\/uploads\/2019\/02\/COP_stai_in_guardia_PER-SITO-TM.jpg\",\"width\":200,\"height\":279},{\"@type\":\"BreadcrumbList\",\"@id\":\"https:\/\/www.edizioniterramarique.com\/en\/shop\/stai-in-guardia-la-felicita-e-dietro-langolo\/#breadcrumb\",\"itemListElement\":[{\"@type\":\"ListItem\",\"position\":1,\"name\":\"Home\",\"item\":\"https:\/\/www.edizioniterramarique.com\/\"},{\"@type\":\"ListItem\",\"position\":2,\"name\":\"Shop\",\"item\":\"https:\/\/www.edizioniterramarique.com\/\"},{\"@type\":\"ListItem\",\"position\":3,\"name\":\"Stai in guardia. La felicit\u00e0 \u00e8 dietro l&#8217;angolo\"}]},{\"@type\":\"WebSite\",\"@id\":\"https:\/\/www.edizioniterramarique.com\/#website\",\"url\":\"https:\/\/www.edizioniterramarique.com\/\",\"name\":\"Edizioni Terra marique\",\"description\":\"Edizioni Terra marique\",\"publisher\":{\"@id\":\"https:\/\/www.edizioniterramarique.com\/#organization\"},\"potentialAction\":[{\"@type\":\"SearchAction\",\"target\":{\"@type\":\"EntryPoint\",\"urlTemplate\":\"https:\/\/www.edizioniterramarique.com\/?s={search_term_string}\"},\"query-input\":{\"@type\":\"PropertyValueSpecification\",\"valueRequired\":true,\"valueName\":\"search_term_string\"}}],\"inLanguage\":\"en-GB\"},{\"@type\":\"Organization\",\"@id\":\"https:\/\/www.edizioniterramarique.com\/#organization\",\"name\":\"Edizioni Terra marique\",\"url\":\"https:\/\/www.edizioniterramarique.com\/\",\"logo\":{\"@type\":\"ImageObject\",\"inLanguage\":\"en-GB\",\"@id\":\"https:\/\/www.edizioniterramarique.com\/#\/schema\/logo\/image\/\",\"url\":\"https:\/\/www.edizioniterramarique.com\/wp-content\/uploads\/2014\/02\/logo_web1.jpg\",\"contentUrl\":\"https:\/\/www.edizioniterramarique.com\/wp-content\/uploads\/2014\/02\/logo_web1.jpg\",\"width\":200,\"height\":109,\"caption\":\"Edizioni Terra marique\"},\"image\":{\"@id\":\"https:\/\/www.edizioniterramarique.com\/#\/schema\/logo\/image\/\"}}]}<\/script>\n<!-- \/ Yoast SEO plugin. -->","yoast_head_json":{"title":"Stai in guardia. La felicit\u00e0 \u00e8 dietro l'angolo &#8226; Edizioni Terra marique","robots":{"index":"index","follow":"follow","max-snippet":"max-snippet:-1","max-image-preview":"max-image-preview:large","max-video-preview":"max-video-preview:-1"},"canonical":"https:\/\/www.edizioniterramarique.com\/en\/shop\/stai-in-guardia-la-felicita-e-dietro-langolo\/","og_locale":"en_GB","og_type":"article","og_title":"Stai in guardia. La felicit\u00e0 \u00e8 dietro l'angolo &#8226; Edizioni Terra marique","og_description":"di Antonella Coppola Collana Protagonisti ISBN\u00a09788897712848","og_url":"https:\/\/www.edizioniterramarique.com\/en\/shop\/stai-in-guardia-la-felicita-e-dietro-langolo\/","og_site_name":"Edizioni Terra marique","article_modified_time":"2019-02-14T16:21:15+00:00","og_image":[{"width":200,"height":279,"url":"https:\/\/www.edizioniterramarique.com\/wp-content\/uploads\/2019\/02\/COP_stai_in_guardia_PER-SITO-TM.jpg","type":"image\/jpeg"}],"twitter_misc":{"Estimated reading time":"2 minutes"},"schema":{"@context":"https:\/\/schema.org","@graph":[{"@type":"WebPage","@id":"https:\/\/www.edizioniterramarique.com\/en\/shop\/stai-in-guardia-la-felicita-e-dietro-langolo\/","url":"https:\/\/www.edizioniterramarique.com\/en\/shop\/stai-in-guardia-la-felicita-e-dietro-langolo\/","name":"Stai in guardia. La felicit\u00e0 \u00e8 dietro l'angolo &#8226; Edizioni Terra marique","isPartOf":{"@id":"https:\/\/www.edizioniterramarique.com\/#website"},"primaryImageOfPage":{"@id":"https:\/\/www.edizioniterramarique.com\/en\/shop\/stai-in-guardia-la-felicita-e-dietro-langolo\/#primaryimage"},"image":{"@id":"https:\/\/www.edizioniterramarique.com\/en\/shop\/stai-in-guardia-la-felicita-e-dietro-langolo\/#primaryimage"},"thumbnailUrl":"https:\/\/www.edizioniterramarique.com\/wp-content\/uploads\/2019\/02\/COP_stai_in_guardia_PER-SITO-TM.jpg","datePublished":"2019-02-14T16:20:38+00:00","dateModified":"2019-02-14T16:21:15+00:00","breadcrumb":{"@id":"https:\/\/www.edizioniterramarique.com\/en\/shop\/stai-in-guardia-la-felicita-e-dietro-langolo\/#breadcrumb"},"inLanguage":"en-GB","potentialAction":[{"@type":"ReadAction","target":["https:\/\/www.edizioniterramarique.com\/en\/shop\/stai-in-guardia-la-felicita-e-dietro-langolo\/"]}]},{"@type":"ImageObject","inLanguage":"en-GB","@id":"https:\/\/www.edizioniterramarique.com\/en\/shop\/stai-in-guardia-la-felicita-e-dietro-langolo\/#primaryimage","url":"https:\/\/www.edizioniterramarique.com\/wp-content\/uploads\/2019\/02\/COP_stai_in_guardia_PER-SITO-TM.jpg","contentUrl":"https:\/\/www.edizioniterramarique.com\/wp-content\/uploads\/2019\/02\/COP_stai_in_guardia_PER-SITO-TM.jpg","width":200,"height":279},{"@type":"BreadcrumbList","@id":"https:\/\/www.edizioniterramarique.com\/en\/shop\/stai-in-guardia-la-felicita-e-dietro-langolo\/#breadcrumb","itemListElement":[{"@type":"ListItem","position":1,"name":"Home","item":"https:\/\/www.edizioniterramarique.com\/"},{"@type":"ListItem","position":2,"name":"Shop","item":"https:\/\/www.edizioniterramarique.com\/"},{"@type":"ListItem","position":3,"name":"Stai in guardia. La felicit\u00e0 \u00e8 dietro l&#8217;angolo"}]},{"@type":"WebSite","@id":"https:\/\/www.edizioniterramarique.com\/#website","url":"https:\/\/www.edizioniterramarique.com\/","name":"Edizioni Terra marique","description":"Edizioni Terra marique","publisher":{"@id":"https:\/\/www.edizioniterramarique.com\/#organization"},"potentialAction":[{"@type":"SearchAction","target":{"@type":"EntryPoint","urlTemplate":"https:\/\/www.edizioniterramarique.com\/?s={search_term_string}"},"query-input":{"@type":"PropertyValueSpecification","valueRequired":true,"valueName":"search_term_string"}}],"inLanguage":"en-GB"},{"@type":"Organization","@id":"https:\/\/www.edizioniterramarique.com\/#organization","name":"Edizioni Terra marique","url":"https:\/\/www.edizioniterramarique.com\/","logo":{"@type":"ImageObject","inLanguage":"en-GB","@id":"https:\/\/www.edizioniterramarique.com\/#\/schema\/logo\/image\/","url":"https:\/\/www.edizioniterramarique.com\/wp-content\/uploads\/2014\/02\/logo_web1.jpg","contentUrl":"https:\/\/www.edizioniterramarique.com\/wp-content\/uploads\/2014\/02\/logo_web1.jpg","width":200,"height":109,"caption":"Edizioni Terra marique"},"image":{"@id":"https:\/\/www.edizioniterramarique.com\/#\/schema\/logo\/image\/"}}]}},"_links":{"self":[{"href":"https:\/\/www.edizioniterramarique.com\/en\/wp-json\/wp\/v2\/product\/1434","targetHints":{"allow":["GET"]}}],"collection":[{"href":"https:\/\/www.edizioniterramarique.com\/en\/wp-json\/wp\/v2\/product"}],"about":[{"href":"https:\/\/www.edizioniterramarique.com\/en\/wp-json\/wp\/v2\/types\/product"}],"wp:featuredmedia":[{"embeddable":true,"href":"https:\/\/www.edizioniterramarique.com\/en\/wp-json\/wp\/v2\/media\/1435"}],"wp:attachment":[{"href":"https:\/\/www.edizioniterramarique.com\/en\/wp-json\/wp\/v2\/media?parent=1434"}],"wp:term":[{"taxonomy":"product_brand","embeddable":true,"href":"https:\/\/www.edizioniterramarique.com\/en\/wp-json\/wp\/v2\/product_brand?post=1434"},{"taxonomy":"product_cat","embeddable":true,"href":"https:\/\/www.edizioniterramarique.com\/en\/wp-json\/wp\/v2\/product_cat?post=1434"},{"taxonomy":"product_tag","embeddable":true,"href":"https:\/\/www.edizioniterramarique.com\/en\/wp-json\/wp\/v2\/product_tag?post=1434"}],"curies":[{"name":"wp","href":"https:\/\/api.w.org\/{rel}","templated":true}]}}