{"id":1403,"date":"2018-11-18T23:00:35","date_gmt":"2018-11-18T22:00:35","guid":{"rendered":"https:\/\/www.edizioniterramarique.com\/?post_type=product&#038;p=1403"},"modified":"2018-11-19T09:14:19","modified_gmt":"2018-11-19T08:14:19","slug":"il-busto-di-lenin-nellera-dei-millennials","status":"publish","type":"product","link":"https:\/\/www.edizioniterramarique.com\/en\/shop\/il-busto-di-lenin-nellera-dei-millennials\/","title":{"rendered":"Lenin nell&#8217;era dei Millennials"},"content":{"rendered":"<p><strong>Prefazione<br \/>\nAl di fuori dell\u2019utero ideologico<\/strong><\/p>\n<p style=\"text-align: left;\">La mela della Apple. L\u2019immagine della Madonna. La cantante Madonna. Il logo della Samsung. Quello della General Electric. Quello del McDonald\u2019s. La maglietta del Che. La virgola della Nike. Il simbolo della Bmw. Nulla si crea, nulla si distrugge: tutto si ricicla.<br \/>\nNostalgia. Ostalgia. In questo libro l\u2019autrice percorre con maestria e puntualit\u00e0 il viaggio di un\u2019icona principe del Novecento: il busto di Lenin. Quando era ancora il potere della storia a suggerirci e imporci immagini, non il potere e la storia di potere dei mercati.<br \/>\nCi sono oggetti, infatti, in vendita o no, che oltrepassano la Storia ed entrano nel nostro immaginario. Nella nostra identit\u00e0 pi\u00f9 profonda. Ne fanno parte. Poco importa se la Storia cambia corso. O viene riletta. Il simbolo rimane. Nel bene. Nel male. O al di fuori da entrambi. \u00c8 il mondo in cui viviamo oggi: abbiamo nostalgia di una caramella che mangiavamo da bambini e ora non \u00e8 pi\u00f9 in produzione, magari. O di un telefilm che ormai non trasmette pi\u00f9 neppure la Tv.<br \/>\nTutto scompare, resta la sua impronta: l\u2019icona.<br \/>\nSvuotata da qualsiasi significato automatico.<br \/>\nAnche se partorita da un utero ideologico ben riconoscibile, l\u2019icona resta intatta. Indistruttibile. Fissata una volta per tutte nella nostra memoria: perch\u00e9 fissata a quel particolare momento della nostra vita, magari.<br \/>\nAd essa si legano forme nostalgiche pi\u00f9 o meno sentimentali.<br \/>\nCosa sono? Legami con quelle ideologie? No. Solo simpatie per quei legami. Per la nostra finitezza.<br \/>\nSorridiamo di fronte al pensionato che si prende cura del busto di Lenin di Cavriago. Ma non possiamo fare a meno che prendere atto dell\u2019importanza e della bellezza di quell\u2019atto: il prendersi cura di. Anche se si tratta di un qualcosa ormai fuori dal mondo. Anche noi saremo come lui, prima o poi.<br \/>\nL\u2019icona, cos\u00ec, \u00e8 diventata logo. Non \u00e8 pi\u00f9 legato a una Storia, a un\u2019ideologia: \u00e8 qualcosa che viene prima e dopo al tempo stesso. Siamo noi che moriremo.<br \/>\nPer chi abita a Cavriago il busto di Lenin non \u00e8 solo un pezzo di storia, non \u00e8 solo un cimelio ormai largamente privo di connotazioni politiche, ma \u00e8 un luogo geografico ben preciso del proprio Paese, una parte del cuore.<br \/>\nLa percezione del monumento viene metabolizzata, sentita come familiare: non potrebbe essere altrimenti.<br \/>\nI detrattori dei simboli di Lenin, a ben pensarci, diventano i primi artisti. Pi\u00f9 o meno consapevolmente.<br \/>\nSe Duchamp ha fatto i baffi alla Gioconda, qualche artista inconsapevole fa i baffi a Lenin ricoprendolo di letame o pitturandolo di giallo vaticano.<br \/>\nChi, a torto o ragione, \u00e8 stato immesso nell\u2019immaginario individuale e collettivo, non pu\u00f2 pi\u00f9 essere cancellato con un semplice colpo di spugna. O meglio, anche la sua cancellazione diventa un modo per rinominare quel nome, quell\u2019icona. Non stiamo pi\u00f9 parlando di Lenin. Stiamo parlando del tempo che passa e della nostra morte.<br \/>\nIl volto di Marilyn Monroe. Il simbolo di Wikipedia. La Gioconda. Il logo di Google. La bottiglia della Coca-Cola. Il logo di Amazon. La Pantera Rosa. I personaggi di Walt Disney. La croce celtica. Un cuore trafitto. Il logo di Microsoft. Il logo dell\u2019IBM. Quello della Toyota.<br \/>\nPi\u00f9 si cerca di cancellarla, pi\u00f9 l\u2019icona che vogliamo cancellare, inspiegabilmente, riappare: proprio nell\u2019atto della cancellazione.<br \/>\nNon resta altro che trasfigurarla. Darle nuova vita.<br \/>\nE, come spiega bene questo libro, cos\u00ec facendo stiamo gi\u00e0 parlando di arte e di storia dell\u2019arte.<br \/>\n<strong><br \/>\nGiuseppe Caliceti<br \/>\nScrittore<\/strong><\/p>\n<p><strong>\u00a0<\/strong><\/p>","protected":false},"excerpt":{"rendered":"<p>di Linda Magnoni<br \/>\nCollana Storie di&#8230;<br \/>\nISBN 9788897712794<\/p>","protected":false},"featured_media":1407,"template":"","meta":[],"product_brand":[],"product_cat":[23],"product_tag":[],"class_list":{"0":"post-1403","1":"product","2":"type-product","3":"status-publish","4":"has-post-thumbnail","6":"product_cat-libri-sul-territorio-emiliano","8":"first","9":"instock","10":"shipping-taxable","11":"purchasable","12":"product-type-simple"},"yoast_head":"<!-- This site is optimized with the Yoast SEO plugin v26.9 - https:\/\/yoast.com\/product\/yoast-seo-wordpress\/ -->\n<title>Lenin nell&#039;era dei Millennials &#8226; Edizioni Terra marique<\/title>\n<meta name=\"robots\" content=\"index, follow, max-snippet:-1, max-image-preview:large, max-video-preview:-1\" \/>\n<link rel=\"canonical\" href=\"https:\/\/www.edizioniterramarique.com\/en\/shop\/il-busto-di-lenin-nellera-dei-millennials\/\" \/>\n<meta property=\"og:locale\" content=\"en_GB\" \/>\n<meta property=\"og:type\" content=\"article\" \/>\n<meta property=\"og:title\" content=\"Lenin nell&#039;era dei Millennials &#8226; Edizioni Terra marique\" \/>\n<meta property=\"og:description\" content=\"di Linda Magnoni Collana Storie di... ISBN 9788897712794\" \/>\n<meta property=\"og:url\" content=\"https:\/\/www.edizioniterramarique.com\/en\/shop\/il-busto-di-lenin-nellera-dei-millennials\/\" \/>\n<meta property=\"og:site_name\" content=\"Edizioni Terra marique\" \/>\n<meta property=\"article:modified_time\" content=\"2018-11-19T08:14:19+00:00\" \/>\n<meta property=\"og:image\" content=\"https:\/\/www.edizioniterramarique.com\/wp-content\/uploads\/2018\/11\/COP_lenin_millennials-PER-SITO-TM-2.jpg\" \/>\n\t<meta property=\"og:image:width\" content=\"200\" \/>\n\t<meta property=\"og:image:height\" content=\"318\" \/>\n\t<meta property=\"og:image:type\" content=\"image\/jpeg\" \/>\n<meta name=\"twitter:label1\" content=\"Estimated reading time\" \/>\n\t<meta name=\"twitter:data1\" content=\"3 minutes\" \/>\n<script type=\"application\/ld+json\" class=\"yoast-schema-graph\">{\"@context\":\"https:\/\/schema.org\",\"@graph\":[{\"@type\":\"WebPage\",\"@id\":\"https:\/\/www.edizioniterramarique.com\/shop\/il-busto-di-lenin-nellera-dei-millennials\/\",\"url\":\"https:\/\/www.edizioniterramarique.com\/shop\/il-busto-di-lenin-nellera-dei-millennials\/\",\"name\":\"Lenin nell'era dei Millennials &#8226; Edizioni Terra marique\",\"isPartOf\":{\"@id\":\"https:\/\/www.edizioniterramarique.com\/#website\"},\"primaryImageOfPage\":{\"@id\":\"https:\/\/www.edizioniterramarique.com\/shop\/il-busto-di-lenin-nellera-dei-millennials\/#primaryimage\"},\"image\":{\"@id\":\"https:\/\/www.edizioniterramarique.com\/shop\/il-busto-di-lenin-nellera-dei-millennials\/#primaryimage\"},\"thumbnailUrl\":\"https:\/\/www.edizioniterramarique.com\/wp-content\/uploads\/2018\/11\/COP_lenin_millennials-PER-SITO-TM-2.jpg\",\"datePublished\":\"2018-11-18T22:00:35+00:00\",\"dateModified\":\"2018-11-19T08:14:19+00:00\",\"breadcrumb\":{\"@id\":\"https:\/\/www.edizioniterramarique.com\/shop\/il-busto-di-lenin-nellera-dei-millennials\/#breadcrumb\"},\"inLanguage\":\"en-GB\",\"potentialAction\":[{\"@type\":\"ReadAction\",\"target\":[\"https:\/\/www.edizioniterramarique.com\/shop\/il-busto-di-lenin-nellera-dei-millennials\/\"]}]},{\"@type\":\"ImageObject\",\"inLanguage\":\"en-GB\",\"@id\":\"https:\/\/www.edizioniterramarique.com\/shop\/il-busto-di-lenin-nellera-dei-millennials\/#primaryimage\",\"url\":\"https:\/\/www.edizioniterramarique.com\/wp-content\/uploads\/2018\/11\/COP_lenin_millennials-PER-SITO-TM-2.jpg\",\"contentUrl\":\"https:\/\/www.edizioniterramarique.com\/wp-content\/uploads\/2018\/11\/COP_lenin_millennials-PER-SITO-TM-2.jpg\",\"width\":200,\"height\":318},{\"@type\":\"BreadcrumbList\",\"@id\":\"https:\/\/www.edizioniterramarique.com\/shop\/il-busto-di-lenin-nellera-dei-millennials\/#breadcrumb\",\"itemListElement\":[{\"@type\":\"ListItem\",\"position\":1,\"name\":\"Home\",\"item\":\"https:\/\/www.edizioniterramarique.com\/\"},{\"@type\":\"ListItem\",\"position\":2,\"name\":\"Shop\",\"item\":\"https:\/\/www.edizioniterramarique.com\/\"},{\"@type\":\"ListItem\",\"position\":3,\"name\":\"Lenin nell&#8217;era dei Millennials\"}]},{\"@type\":\"WebSite\",\"@id\":\"https:\/\/www.edizioniterramarique.com\/#website\",\"url\":\"https:\/\/www.edizioniterramarique.com\/\",\"name\":\"Edizioni Terra marique\",\"description\":\"Edizioni Terra marique\",\"publisher\":{\"@id\":\"https:\/\/www.edizioniterramarique.com\/#organization\"},\"potentialAction\":[{\"@type\":\"SearchAction\",\"target\":{\"@type\":\"EntryPoint\",\"urlTemplate\":\"https:\/\/www.edizioniterramarique.com\/?s={search_term_string}\"},\"query-input\":{\"@type\":\"PropertyValueSpecification\",\"valueRequired\":true,\"valueName\":\"search_term_string\"}}],\"inLanguage\":\"en-GB\"},{\"@type\":\"Organization\",\"@id\":\"https:\/\/www.edizioniterramarique.com\/#organization\",\"name\":\"Edizioni Terra marique\",\"url\":\"https:\/\/www.edizioniterramarique.com\/\",\"logo\":{\"@type\":\"ImageObject\",\"inLanguage\":\"en-GB\",\"@id\":\"https:\/\/www.edizioniterramarique.com\/#\/schema\/logo\/image\/\",\"url\":\"https:\/\/www.edizioniterramarique.com\/wp-content\/uploads\/2014\/02\/logo_web1.jpg\",\"contentUrl\":\"https:\/\/www.edizioniterramarique.com\/wp-content\/uploads\/2014\/02\/logo_web1.jpg\",\"width\":200,\"height\":109,\"caption\":\"Edizioni Terra marique\"},\"image\":{\"@id\":\"https:\/\/www.edizioniterramarique.com\/#\/schema\/logo\/image\/\"}}]}<\/script>\n<!-- \/ Yoast SEO plugin. -->","yoast_head_json":{"title":"Lenin nell'era dei Millennials &#8226; Edizioni Terra marique","robots":{"index":"index","follow":"follow","max-snippet":"max-snippet:-1","max-image-preview":"max-image-preview:large","max-video-preview":"max-video-preview:-1"},"canonical":"https:\/\/www.edizioniterramarique.com\/en\/shop\/il-busto-di-lenin-nellera-dei-millennials\/","og_locale":"en_GB","og_type":"article","og_title":"Lenin nell'era dei Millennials &#8226; Edizioni Terra marique","og_description":"di Linda Magnoni Collana Storie di... ISBN 9788897712794","og_url":"https:\/\/www.edizioniterramarique.com\/en\/shop\/il-busto-di-lenin-nellera-dei-millennials\/","og_site_name":"Edizioni Terra marique","article_modified_time":"2018-11-19T08:14:19+00:00","og_image":[{"width":200,"height":318,"url":"https:\/\/www.edizioniterramarique.com\/wp-content\/uploads\/2018\/11\/COP_lenin_millennials-PER-SITO-TM-2.jpg","type":"image\/jpeg"}],"twitter_misc":{"Estimated reading time":"3 minutes"},"schema":{"@context":"https:\/\/schema.org","@graph":[{"@type":"WebPage","@id":"https:\/\/www.edizioniterramarique.com\/shop\/il-busto-di-lenin-nellera-dei-millennials\/","url":"https:\/\/www.edizioniterramarique.com\/shop\/il-busto-di-lenin-nellera-dei-millennials\/","name":"Lenin nell'era dei Millennials &#8226; Edizioni Terra marique","isPartOf":{"@id":"https:\/\/www.edizioniterramarique.com\/#website"},"primaryImageOfPage":{"@id":"https:\/\/www.edizioniterramarique.com\/shop\/il-busto-di-lenin-nellera-dei-millennials\/#primaryimage"},"image":{"@id":"https:\/\/www.edizioniterramarique.com\/shop\/il-busto-di-lenin-nellera-dei-millennials\/#primaryimage"},"thumbnailUrl":"https:\/\/www.edizioniterramarique.com\/wp-content\/uploads\/2018\/11\/COP_lenin_millennials-PER-SITO-TM-2.jpg","datePublished":"2018-11-18T22:00:35+00:00","dateModified":"2018-11-19T08:14:19+00:00","breadcrumb":{"@id":"https:\/\/www.edizioniterramarique.com\/shop\/il-busto-di-lenin-nellera-dei-millennials\/#breadcrumb"},"inLanguage":"en-GB","potentialAction":[{"@type":"ReadAction","target":["https:\/\/www.edizioniterramarique.com\/shop\/il-busto-di-lenin-nellera-dei-millennials\/"]}]},{"@type":"ImageObject","inLanguage":"en-GB","@id":"https:\/\/www.edizioniterramarique.com\/shop\/il-busto-di-lenin-nellera-dei-millennials\/#primaryimage","url":"https:\/\/www.edizioniterramarique.com\/wp-content\/uploads\/2018\/11\/COP_lenin_millennials-PER-SITO-TM-2.jpg","contentUrl":"https:\/\/www.edizioniterramarique.com\/wp-content\/uploads\/2018\/11\/COP_lenin_millennials-PER-SITO-TM-2.jpg","width":200,"height":318},{"@type":"BreadcrumbList","@id":"https:\/\/www.edizioniterramarique.com\/shop\/il-busto-di-lenin-nellera-dei-millennials\/#breadcrumb","itemListElement":[{"@type":"ListItem","position":1,"name":"Home","item":"https:\/\/www.edizioniterramarique.com\/"},{"@type":"ListItem","position":2,"name":"Shop","item":"https:\/\/www.edizioniterramarique.com\/"},{"@type":"ListItem","position":3,"name":"Lenin nell&#8217;era dei Millennials"}]},{"@type":"WebSite","@id":"https:\/\/www.edizioniterramarique.com\/#website","url":"https:\/\/www.edizioniterramarique.com\/","name":"Edizioni Terra marique","description":"Edizioni Terra marique","publisher":{"@id":"https:\/\/www.edizioniterramarique.com\/#organization"},"potentialAction":[{"@type":"SearchAction","target":{"@type":"EntryPoint","urlTemplate":"https:\/\/www.edizioniterramarique.com\/?s={search_term_string}"},"query-input":{"@type":"PropertyValueSpecification","valueRequired":true,"valueName":"search_term_string"}}],"inLanguage":"en-GB"},{"@type":"Organization","@id":"https:\/\/www.edizioniterramarique.com\/#organization","name":"Edizioni Terra marique","url":"https:\/\/www.edizioniterramarique.com\/","logo":{"@type":"ImageObject","inLanguage":"en-GB","@id":"https:\/\/www.edizioniterramarique.com\/#\/schema\/logo\/image\/","url":"https:\/\/www.edizioniterramarique.com\/wp-content\/uploads\/2014\/02\/logo_web1.jpg","contentUrl":"https:\/\/www.edizioniterramarique.com\/wp-content\/uploads\/2014\/02\/logo_web1.jpg","width":200,"height":109,"caption":"Edizioni Terra marique"},"image":{"@id":"https:\/\/www.edizioniterramarique.com\/#\/schema\/logo\/image\/"}}]}},"_links":{"self":[{"href":"https:\/\/www.edizioniterramarique.com\/en\/wp-json\/wp\/v2\/product\/1403","targetHints":{"allow":["GET"]}}],"collection":[{"href":"https:\/\/www.edizioniterramarique.com\/en\/wp-json\/wp\/v2\/product"}],"about":[{"href":"https:\/\/www.edizioniterramarique.com\/en\/wp-json\/wp\/v2\/types\/product"}],"wp:featuredmedia":[{"embeddable":true,"href":"https:\/\/www.edizioniterramarique.com\/en\/wp-json\/wp\/v2\/media\/1407"}],"wp:attachment":[{"href":"https:\/\/www.edizioniterramarique.com\/en\/wp-json\/wp\/v2\/media?parent=1403"}],"wp:term":[{"taxonomy":"product_brand","embeddable":true,"href":"https:\/\/www.edizioniterramarique.com\/en\/wp-json\/wp\/v2\/product_brand?post=1403"},{"taxonomy":"product_cat","embeddable":true,"href":"https:\/\/www.edizioniterramarique.com\/en\/wp-json\/wp\/v2\/product_cat?post=1403"},{"taxonomy":"product_tag","embeddable":true,"href":"https:\/\/www.edizioniterramarique.com\/en\/wp-json\/wp\/v2\/product_tag?post=1403"}],"curies":[{"name":"wp","href":"https:\/\/api.w.org\/{rel}","templated":true}]}}