{"id":1370,"date":"2018-10-19T09:11:44","date_gmt":"2018-10-19T07:11:44","guid":{"rendered":"https:\/\/www.edizioniterramarique.com\/?post_type=product&#038;p=1370"},"modified":"2019-05-31T11:44:00","modified_gmt":"2019-05-31T09:44:00","slug":"vita-da-blogger-a-firenze","status":"publish","type":"product","link":"https:\/\/www.edizioniterramarique.com\/en\/shop\/vita-da-blogger-a-firenze\/","title":{"rendered":"Vita da blogger a Firenze"},"content":{"rendered":"<p>Le poesie di Stefano Giannattasio trattano di temi eterni quali la maternit\u00e0 biologica, la genitorialit\u00e0 adottiva, la povert\u00e0, l\u2019ingiustizia, il senso del dovere, la solitudine, la mancanza d\u2019amore, la volont\u00e0 di riscatto in una societ\u00e0 talvolta vessata dalla mancanza di dialogo e di mutua comprensione. Tramite le istantanee scattate per strada, l\u2019autore ha dato un volto e la dignit\u00e0 di esistere agli umili, ai resilienti, a coloro che, tra molte difficolt\u00e0, affrontano una nuova alba tra il sorriso e il pianto.<br \/>\nPer bocca del Principe My\u0161kin, Dostoevskij sosteneva che solo la bellezza, intesa come aspirazione all\u2019assoluto, pu\u00f2 salvare il mondo. Bisognerebbe aggiungere che, pittura fatta di parole, la poesia opera sempre il prodigio alchemico di trasformarci, da comuni mortali, in dispensatori di luminosi sogni.<\/p>\n<p>&nbsp;<\/p>\n<p>&nbsp;<\/p>\n<p>&nbsp;<\/p>","protected":false},"excerpt":{"rendered":"<p>di Stefano Giannattasio<br \/>\nCollana Voci narranti<br \/>\nISBN\u00a09788897712749<\/p>","protected":false},"featured_media":1371,"template":"","meta":[],"product_brand":[],"product_cat":[13],"product_tag":[],"class_list":{"0":"post-1370","1":"product","2":"type-product","3":"status-publish","4":"has-post-thumbnail","6":"product_cat-raccolte-poesie","8":"first","9":"outofstock","10":"shipping-taxable","11":"purchasable","12":"product-type-simple"},"yoast_head":"<!-- This site is optimized with the Yoast SEO plugin v26.9 - https:\/\/yoast.com\/product\/yoast-seo-wordpress\/ -->\n<title>Vita da blogger a Firenze &#8226; Edizioni Terra marique<\/title>\n<meta name=\"robots\" content=\"index, follow, max-snippet:-1, max-image-preview:large, max-video-preview:-1\" \/>\n<link rel=\"canonical\" href=\"https:\/\/www.edizioniterramarique.com\/en\/shop\/vita-da-blogger-a-firenze\/\" \/>\n<meta property=\"og:locale\" content=\"en_GB\" \/>\n<meta property=\"og:type\" content=\"article\" \/>\n<meta property=\"og:title\" content=\"Vita da blogger a Firenze &#8226; Edizioni Terra marique\" \/>\n<meta property=\"og:description\" content=\"di Stefano Giannattasio Collana Voci narranti ISBN\u00a09788897712749\" \/>\n<meta property=\"og:url\" content=\"https:\/\/www.edizioniterramarique.com\/en\/shop\/vita-da-blogger-a-firenze\/\" \/>\n<meta property=\"og:site_name\" content=\"Edizioni Terra marique\" \/>\n<meta property=\"article:modified_time\" content=\"2019-05-31T09:44:00+00:00\" \/>\n<meta property=\"og:image\" content=\"https:\/\/www.edizioniterramarique.com\/wp-content\/uploads\/2018\/10\/COP_vita_da_blogger_a_firenze-PER-SITO-TM.jpg\" \/>\n\t<meta property=\"og:image:width\" content=\"200\" \/>\n\t<meta property=\"og:image:height\" content=\"281\" \/>\n\t<meta property=\"og:image:type\" content=\"image\/jpeg\" \/>\n<meta name=\"twitter:label1\" content=\"Estimated reading time\" \/>\n\t<meta name=\"twitter:data1\" content=\"1 minute\" \/>\n<script type=\"application\/ld+json\" class=\"yoast-schema-graph\">{\"@context\":\"https:\/\/schema.org\",\"@graph\":[{\"@type\":\"WebPage\",\"@id\":\"https:\/\/www.edizioniterramarique.com\/shop\/vita-da-blogger-a-firenze\/\",\"url\":\"https:\/\/www.edizioniterramarique.com\/shop\/vita-da-blogger-a-firenze\/\",\"name\":\"Vita da blogger a Firenze &#8226; Edizioni Terra marique\",\"isPartOf\":{\"@id\":\"https:\/\/www.edizioniterramarique.com\/#website\"},\"primaryImageOfPage\":{\"@id\":\"https:\/\/www.edizioniterramarique.com\/shop\/vita-da-blogger-a-firenze\/#primaryimage\"},\"image\":{\"@id\":\"https:\/\/www.edizioniterramarique.com\/shop\/vita-da-blogger-a-firenze\/#primaryimage\"},\"thumbnailUrl\":\"https:\/\/www.edizioniterramarique.com\/wp-content\/uploads\/2018\/10\/COP_vita_da_blogger_a_firenze-PER-SITO-TM.jpg\",\"datePublished\":\"2018-10-19T07:11:44+00:00\",\"dateModified\":\"2019-05-31T09:44:00+00:00\",\"breadcrumb\":{\"@id\":\"https:\/\/www.edizioniterramarique.com\/shop\/vita-da-blogger-a-firenze\/#breadcrumb\"},\"inLanguage\":\"en-GB\",\"potentialAction\":[{\"@type\":\"ReadAction\",\"target\":[\"https:\/\/www.edizioniterramarique.com\/shop\/vita-da-blogger-a-firenze\/\"]}]},{\"@type\":\"ImageObject\",\"inLanguage\":\"en-GB\",\"@id\":\"https:\/\/www.edizioniterramarique.com\/shop\/vita-da-blogger-a-firenze\/#primaryimage\",\"url\":\"https:\/\/www.edizioniterramarique.com\/wp-content\/uploads\/2018\/10\/COP_vita_da_blogger_a_firenze-PER-SITO-TM.jpg\",\"contentUrl\":\"https:\/\/www.edizioniterramarique.com\/wp-content\/uploads\/2018\/10\/COP_vita_da_blogger_a_firenze-PER-SITO-TM.jpg\",\"width\":200,\"height\":281},{\"@type\":\"BreadcrumbList\",\"@id\":\"https:\/\/www.edizioniterramarique.com\/shop\/vita-da-blogger-a-firenze\/#breadcrumb\",\"itemListElement\":[{\"@type\":\"ListItem\",\"position\":1,\"name\":\"Home\",\"item\":\"https:\/\/www.edizioniterramarique.com\/\"},{\"@type\":\"ListItem\",\"position\":2,\"name\":\"Shop\",\"item\":\"https:\/\/www.edizioniterramarique.com\/\"},{\"@type\":\"ListItem\",\"position\":3,\"name\":\"Vita da blogger a Firenze\"}]},{\"@type\":\"WebSite\",\"@id\":\"https:\/\/www.edizioniterramarique.com\/#website\",\"url\":\"https:\/\/www.edizioniterramarique.com\/\",\"name\":\"Edizioni Terra marique\",\"description\":\"Edizioni Terra marique\",\"publisher\":{\"@id\":\"https:\/\/www.edizioniterramarique.com\/#organization\"},\"potentialAction\":[{\"@type\":\"SearchAction\",\"target\":{\"@type\":\"EntryPoint\",\"urlTemplate\":\"https:\/\/www.edizioniterramarique.com\/?s={search_term_string}\"},\"query-input\":{\"@type\":\"PropertyValueSpecification\",\"valueRequired\":true,\"valueName\":\"search_term_string\"}}],\"inLanguage\":\"en-GB\"},{\"@type\":\"Organization\",\"@id\":\"https:\/\/www.edizioniterramarique.com\/#organization\",\"name\":\"Edizioni Terra marique\",\"url\":\"https:\/\/www.edizioniterramarique.com\/\",\"logo\":{\"@type\":\"ImageObject\",\"inLanguage\":\"en-GB\",\"@id\":\"https:\/\/www.edizioniterramarique.com\/#\/schema\/logo\/image\/\",\"url\":\"https:\/\/www.edizioniterramarique.com\/wp-content\/uploads\/2014\/02\/logo_web1.jpg\",\"contentUrl\":\"https:\/\/www.edizioniterramarique.com\/wp-content\/uploads\/2014\/02\/logo_web1.jpg\",\"width\":200,\"height\":109,\"caption\":\"Edizioni Terra marique\"},\"image\":{\"@id\":\"https:\/\/www.edizioniterramarique.com\/#\/schema\/logo\/image\/\"}}]}<\/script>\n<!-- \/ Yoast SEO plugin. -->","yoast_head_json":{"title":"Vita da blogger a Firenze &#8226; Edizioni Terra marique","robots":{"index":"index","follow":"follow","max-snippet":"max-snippet:-1","max-image-preview":"max-image-preview:large","max-video-preview":"max-video-preview:-1"},"canonical":"https:\/\/www.edizioniterramarique.com\/en\/shop\/vita-da-blogger-a-firenze\/","og_locale":"en_GB","og_type":"article","og_title":"Vita da blogger a Firenze &#8226; Edizioni Terra marique","og_description":"di Stefano Giannattasio Collana Voci narranti ISBN\u00a09788897712749","og_url":"https:\/\/www.edizioniterramarique.com\/en\/shop\/vita-da-blogger-a-firenze\/","og_site_name":"Edizioni Terra marique","article_modified_time":"2019-05-31T09:44:00+00:00","og_image":[{"width":200,"height":281,"url":"https:\/\/www.edizioniterramarique.com\/wp-content\/uploads\/2018\/10\/COP_vita_da_blogger_a_firenze-PER-SITO-TM.jpg","type":"image\/jpeg"}],"twitter_misc":{"Estimated reading time":"1 minute"},"schema":{"@context":"https:\/\/schema.org","@graph":[{"@type":"WebPage","@id":"https:\/\/www.edizioniterramarique.com\/shop\/vita-da-blogger-a-firenze\/","url":"https:\/\/www.edizioniterramarique.com\/shop\/vita-da-blogger-a-firenze\/","name":"Vita da blogger a Firenze &#8226; Edizioni Terra marique","isPartOf":{"@id":"https:\/\/www.edizioniterramarique.com\/#website"},"primaryImageOfPage":{"@id":"https:\/\/www.edizioniterramarique.com\/shop\/vita-da-blogger-a-firenze\/#primaryimage"},"image":{"@id":"https:\/\/www.edizioniterramarique.com\/shop\/vita-da-blogger-a-firenze\/#primaryimage"},"thumbnailUrl":"https:\/\/www.edizioniterramarique.com\/wp-content\/uploads\/2018\/10\/COP_vita_da_blogger_a_firenze-PER-SITO-TM.jpg","datePublished":"2018-10-19T07:11:44+00:00","dateModified":"2019-05-31T09:44:00+00:00","breadcrumb":{"@id":"https:\/\/www.edizioniterramarique.com\/shop\/vita-da-blogger-a-firenze\/#breadcrumb"},"inLanguage":"en-GB","potentialAction":[{"@type":"ReadAction","target":["https:\/\/www.edizioniterramarique.com\/shop\/vita-da-blogger-a-firenze\/"]}]},{"@type":"ImageObject","inLanguage":"en-GB","@id":"https:\/\/www.edizioniterramarique.com\/shop\/vita-da-blogger-a-firenze\/#primaryimage","url":"https:\/\/www.edizioniterramarique.com\/wp-content\/uploads\/2018\/10\/COP_vita_da_blogger_a_firenze-PER-SITO-TM.jpg","contentUrl":"https:\/\/www.edizioniterramarique.com\/wp-content\/uploads\/2018\/10\/COP_vita_da_blogger_a_firenze-PER-SITO-TM.jpg","width":200,"height":281},{"@type":"BreadcrumbList","@id":"https:\/\/www.edizioniterramarique.com\/shop\/vita-da-blogger-a-firenze\/#breadcrumb","itemListElement":[{"@type":"ListItem","position":1,"name":"Home","item":"https:\/\/www.edizioniterramarique.com\/"},{"@type":"ListItem","position":2,"name":"Shop","item":"https:\/\/www.edizioniterramarique.com\/"},{"@type":"ListItem","position":3,"name":"Vita da blogger a Firenze"}]},{"@type":"WebSite","@id":"https:\/\/www.edizioniterramarique.com\/#website","url":"https:\/\/www.edizioniterramarique.com\/","name":"Edizioni Terra marique","description":"Edizioni Terra marique","publisher":{"@id":"https:\/\/www.edizioniterramarique.com\/#organization"},"potentialAction":[{"@type":"SearchAction","target":{"@type":"EntryPoint","urlTemplate":"https:\/\/www.edizioniterramarique.com\/?s={search_term_string}"},"query-input":{"@type":"PropertyValueSpecification","valueRequired":true,"valueName":"search_term_string"}}],"inLanguage":"en-GB"},{"@type":"Organization","@id":"https:\/\/www.edizioniterramarique.com\/#organization","name":"Edizioni Terra marique","url":"https:\/\/www.edizioniterramarique.com\/","logo":{"@type":"ImageObject","inLanguage":"en-GB","@id":"https:\/\/www.edizioniterramarique.com\/#\/schema\/logo\/image\/","url":"https:\/\/www.edizioniterramarique.com\/wp-content\/uploads\/2014\/02\/logo_web1.jpg","contentUrl":"https:\/\/www.edizioniterramarique.com\/wp-content\/uploads\/2014\/02\/logo_web1.jpg","width":200,"height":109,"caption":"Edizioni Terra marique"},"image":{"@id":"https:\/\/www.edizioniterramarique.com\/#\/schema\/logo\/image\/"}}]}},"_links":{"self":[{"href":"https:\/\/www.edizioniterramarique.com\/en\/wp-json\/wp\/v2\/product\/1370","targetHints":{"allow":["GET"]}}],"collection":[{"href":"https:\/\/www.edizioniterramarique.com\/en\/wp-json\/wp\/v2\/product"}],"about":[{"href":"https:\/\/www.edizioniterramarique.com\/en\/wp-json\/wp\/v2\/types\/product"}],"wp:featuredmedia":[{"embeddable":true,"href":"https:\/\/www.edizioniterramarique.com\/en\/wp-json\/wp\/v2\/media\/1371"}],"wp:attachment":[{"href":"https:\/\/www.edizioniterramarique.com\/en\/wp-json\/wp\/v2\/media?parent=1370"}],"wp:term":[{"taxonomy":"product_brand","embeddable":true,"href":"https:\/\/www.edizioniterramarique.com\/en\/wp-json\/wp\/v2\/product_brand?post=1370"},{"taxonomy":"product_cat","embeddable":true,"href":"https:\/\/www.edizioniterramarique.com\/en\/wp-json\/wp\/v2\/product_cat?post=1370"},{"taxonomy":"product_tag","embeddable":true,"href":"https:\/\/www.edizioniterramarique.com\/en\/wp-json\/wp\/v2\/product_tag?post=1370"}],"curies":[{"name":"wp","href":"https:\/\/api.w.org\/{rel}","templated":true}]}}