{"id":1368,"date":"2018-10-12T16:49:54","date_gmt":"2018-10-12T14:49:54","guid":{"rendered":"https:\/\/www.edizioniterramarique.com\/?post_type=product&#038;p=1368"},"modified":"2018-10-12T16:49:54","modified_gmt":"2018-10-12T14:49:54","slug":"il-lecca-lecca-di-cristallo","status":"publish","type":"product","link":"https:\/\/www.edizioniterramarique.com\/en\/shop\/il-lecca-lecca-di-cristallo\/","title":{"rendered":"Il lecca-lecca di cristallo"},"content":{"rendered":"<p>Una grande caramella a forma di cuore, ricoperta da un involucro rosso come il fuoco, sorretta da un bastoncino impugnato da un bambino nel giorno del compleanno, magicamente si trasforma in un cristallo in cui si manifesta la donna che quel bimbo aveva sempre desiderato incontrare.<br \/>\nIn questa splendida scena cruciale, che contiene la rivelazione della trasformazione del corpo materno in una \u201cluce calda\u201d<em>, <\/em>la scrittrice rincuora il lettore infondendo un preciso messaggio di speranza.<br \/>\nPer confortare Simeon, il volto bellissimo di sua madre gli appare e gli parla mostrandosi a lui all\u2019interno di un lecca-lecca di luce: trasparente, limpido, puro.<br \/>\n\u00c8 il suo settimo compleanno, giorno in cui la mamma, mai conosciuta, sarebbe riuscita, con l\u2019apparizione dell\u2019immagine del suo volto, con la sua voce e le dolci parole, a scuotergli il corpo con un brivido come un caldo abbraccio, per sciogliere la durezza del tempo trascorso senza il suo calore.<br \/>\nDa quel momento e per tutta la vita, il protagonista non sar\u00e0 pi\u00f9 lo stesso e la strada, percorsa a ritroso verso una casa condivisa da tanti altri piccoli ospiti accomunati dal medesimo triste dolore, sarebbe stata il primo tragitto sottratto a un tempo che fu solitudine.<br \/>\nSenza pi\u00f9 diaframmi tra il futuro e ci\u00f2 che lo avrebbe atteso, per la prima volta il pensiero lo riportava di fronte alla strada di casa. Ma che casa era quella in cui finora aveva vissuto? Una \u201ctenda\u201d, fortunatamente provvisoria, piantata soltanto per un breve tragitto, un\u2019esile traccia di brevi tristi memorie da buttare alle spalle per iniziare da qui ad amare la vita.<br \/>\nLe fiabe sono come un grato sapore di conforto, sollievo, consolazione e quando ben illustrate divengono ancor pi\u00f9 efficaci per comunicare e raccontare temi difficili e delicati.<br \/>\nMaria Angela Gelati, studiosa di <em>Death Education<\/em>, con passione e desiderio di offrire ai lettori uno strumento in pi\u00f9 per affrontare l\u2019importanza di un tema fondamentale alla vita, quale \u00e8 la morte, presenta una fiaba-guida che contiene alcune istruzioni per lo sviluppo psichico di bambini con un dramma nell\u2019anima.<br \/>\nParole e immagini creano una mappa che permette di seguire, anche con gli occhi, un evento straordinario raccontato da due arti: l\u2019arte dello scrivere e l\u2019arte del dipingere, unite per garantire la possibilit\u00e0 di una crescita attraverso il lavoro di educatore. Questa \u00e8 una delle modalit\u00e0, uno degli strumenti per educare a capire la subitaneit\u00e0 della morte, l\u2019evanescenza della vita, l\u2019umanit\u00e0 dell\u2019aver compassione per gli afflitti lacerati nello spirito, ma soprattutto per comprendere quanto le parole possano tornare a noi come brezza riscaldata da un sole rivendicato con l\u2019anima.<br \/>\nUn insegnamento che rassicura, che offre un sapere e una comprensione, stimolo di un cammino nuovo anche se il sentiero \u00e8 lo stesso. In quel breve tragitto qualcosa di molto importante \u00e8 accaduto. Si \u00e8 compiuto il miracolo di un cambiamento percorrendo la strada del cuore, il buon medicamento mitiga una ferita profonda attraverso la luce, una linea guida per le future complessit\u00e0 del vivere, per meglio comprendere il nuovo mondo di sensazioni, serbando nella memoria una storia pura a chiusura di antiche cicatrici.<\/p>\n<p style=\"text-align: right;\"><strong>Elena Alfonsi \u00a0<\/strong><br \/>\n<strong>Critica d\u2019arte e tanatologa culturale<\/strong><\/p>","protected":false},"excerpt":{"rendered":"<p>di Maria Angela Gelati<br \/>\nCollana Terra rosa<br \/>\nISBN\u00a09788897712732<\/p>","protected":false},"featured_media":1369,"template":"","meta":[],"product_brand":[],"product_cat":[19],"product_tag":[],"class_list":{"0":"post-1368","1":"product","2":"type-product","3":"status-publish","4":"has-post-thumbnail","6":"product_cat-libri-per-bambini","8":"first","9":"instock","10":"shipping-taxable","11":"purchasable","12":"product-type-simple"},"yoast_head":"<!-- This site is optimized with the Yoast SEO plugin v26.9 - https:\/\/yoast.com\/product\/yoast-seo-wordpress\/ -->\n<title>Il lecca-lecca di cristallo &#8226; Edizioni Terra marique<\/title>\n<meta name=\"robots\" content=\"index, follow, max-snippet:-1, max-image-preview:large, max-video-preview:-1\" \/>\n<link rel=\"canonical\" href=\"https:\/\/www.edizioniterramarique.com\/en\/shop\/il-lecca-lecca-di-cristallo\/\" \/>\n<meta property=\"og:locale\" content=\"en_GB\" \/>\n<meta property=\"og:type\" content=\"article\" \/>\n<meta property=\"og:title\" content=\"Il lecca-lecca di cristallo &#8226; Edizioni Terra marique\" \/>\n<meta property=\"og:description\" content=\"di Maria Angela Gelati Collana Terra rosa ISBN\u00a09788897712732\" \/>\n<meta property=\"og:url\" content=\"https:\/\/www.edizioniterramarique.com\/en\/shop\/il-lecca-lecca-di-cristallo\/\" \/>\n<meta property=\"og:site_name\" content=\"Edizioni Terra marique\" \/>\n<meta property=\"og:image\" content=\"https:\/\/www.edizioniterramarique.com\/wp-content\/uploads\/2018\/10\/COP_lecca_lecca_di_cristallo-PER-SITO-TM.jpg\" \/>\n\t<meta property=\"og:image:width\" content=\"200\" \/>\n\t<meta property=\"og:image:height\" content=\"199\" \/>\n\t<meta property=\"og:image:type\" content=\"image\/jpeg\" \/>\n<meta name=\"twitter:label1\" content=\"Estimated reading time\" \/>\n\t<meta name=\"twitter:data1\" content=\"3 minutes\" \/>\n<script type=\"application\/ld+json\" class=\"yoast-schema-graph\">{\"@context\":\"https:\/\/schema.org\",\"@graph\":[{\"@type\":\"WebPage\",\"@id\":\"https:\/\/www.edizioniterramarique.com\/shop\/il-lecca-lecca-di-cristallo\/\",\"url\":\"https:\/\/www.edizioniterramarique.com\/shop\/il-lecca-lecca-di-cristallo\/\",\"name\":\"Il lecca-lecca di cristallo &#8226; Edizioni Terra marique\",\"isPartOf\":{\"@id\":\"https:\/\/www.edizioniterramarique.com\/#website\"},\"primaryImageOfPage\":{\"@id\":\"https:\/\/www.edizioniterramarique.com\/shop\/il-lecca-lecca-di-cristallo\/#primaryimage\"},\"image\":{\"@id\":\"https:\/\/www.edizioniterramarique.com\/shop\/il-lecca-lecca-di-cristallo\/#primaryimage\"},\"thumbnailUrl\":\"https:\/\/www.edizioniterramarique.com\/wp-content\/uploads\/2018\/10\/COP_lecca_lecca_di_cristallo-PER-SITO-TM.jpg\",\"datePublished\":\"2018-10-12T14:49:54+00:00\",\"breadcrumb\":{\"@id\":\"https:\/\/www.edizioniterramarique.com\/shop\/il-lecca-lecca-di-cristallo\/#breadcrumb\"},\"inLanguage\":\"en-GB\",\"potentialAction\":[{\"@type\":\"ReadAction\",\"target\":[\"https:\/\/www.edizioniterramarique.com\/shop\/il-lecca-lecca-di-cristallo\/\"]}]},{\"@type\":\"ImageObject\",\"inLanguage\":\"en-GB\",\"@id\":\"https:\/\/www.edizioniterramarique.com\/shop\/il-lecca-lecca-di-cristallo\/#primaryimage\",\"url\":\"https:\/\/www.edizioniterramarique.com\/wp-content\/uploads\/2018\/10\/COP_lecca_lecca_di_cristallo-PER-SITO-TM.jpg\",\"contentUrl\":\"https:\/\/www.edizioniterramarique.com\/wp-content\/uploads\/2018\/10\/COP_lecca_lecca_di_cristallo-PER-SITO-TM.jpg\",\"width\":200,\"height\":199},{\"@type\":\"BreadcrumbList\",\"@id\":\"https:\/\/www.edizioniterramarique.com\/shop\/il-lecca-lecca-di-cristallo\/#breadcrumb\",\"itemListElement\":[{\"@type\":\"ListItem\",\"position\":1,\"name\":\"Home\",\"item\":\"https:\/\/www.edizioniterramarique.com\/\"},{\"@type\":\"ListItem\",\"position\":2,\"name\":\"Shop\",\"item\":\"https:\/\/www.edizioniterramarique.com\/\"},{\"@type\":\"ListItem\",\"position\":3,\"name\":\"Il lecca-lecca di cristallo\"}]},{\"@type\":\"WebSite\",\"@id\":\"https:\/\/www.edizioniterramarique.com\/#website\",\"url\":\"https:\/\/www.edizioniterramarique.com\/\",\"name\":\"Edizioni Terra marique\",\"description\":\"Edizioni Terra marique\",\"publisher\":{\"@id\":\"https:\/\/www.edizioniterramarique.com\/#organization\"},\"potentialAction\":[{\"@type\":\"SearchAction\",\"target\":{\"@type\":\"EntryPoint\",\"urlTemplate\":\"https:\/\/www.edizioniterramarique.com\/?s={search_term_string}\"},\"query-input\":{\"@type\":\"PropertyValueSpecification\",\"valueRequired\":true,\"valueName\":\"search_term_string\"}}],\"inLanguage\":\"en-GB\"},{\"@type\":\"Organization\",\"@id\":\"https:\/\/www.edizioniterramarique.com\/#organization\",\"name\":\"Edizioni Terra marique\",\"url\":\"https:\/\/www.edizioniterramarique.com\/\",\"logo\":{\"@type\":\"ImageObject\",\"inLanguage\":\"en-GB\",\"@id\":\"https:\/\/www.edizioniterramarique.com\/#\/schema\/logo\/image\/\",\"url\":\"https:\/\/www.edizioniterramarique.com\/wp-content\/uploads\/2014\/02\/logo_web1.jpg\",\"contentUrl\":\"https:\/\/www.edizioniterramarique.com\/wp-content\/uploads\/2014\/02\/logo_web1.jpg\",\"width\":200,\"height\":109,\"caption\":\"Edizioni Terra marique\"},\"image\":{\"@id\":\"https:\/\/www.edizioniterramarique.com\/#\/schema\/logo\/image\/\"}}]}<\/script>\n<!-- \/ Yoast SEO plugin. -->","yoast_head_json":{"title":"Il lecca-lecca di cristallo &#8226; Edizioni Terra marique","robots":{"index":"index","follow":"follow","max-snippet":"max-snippet:-1","max-image-preview":"max-image-preview:large","max-video-preview":"max-video-preview:-1"},"canonical":"https:\/\/www.edizioniterramarique.com\/en\/shop\/il-lecca-lecca-di-cristallo\/","og_locale":"en_GB","og_type":"article","og_title":"Il lecca-lecca di cristallo &#8226; Edizioni Terra marique","og_description":"di Maria Angela Gelati Collana Terra rosa ISBN\u00a09788897712732","og_url":"https:\/\/www.edizioniterramarique.com\/en\/shop\/il-lecca-lecca-di-cristallo\/","og_site_name":"Edizioni Terra marique","og_image":[{"width":200,"height":199,"url":"https:\/\/www.edizioniterramarique.com\/wp-content\/uploads\/2018\/10\/COP_lecca_lecca_di_cristallo-PER-SITO-TM.jpg","type":"image\/jpeg"}],"twitter_misc":{"Estimated reading time":"3 minutes"},"schema":{"@context":"https:\/\/schema.org","@graph":[{"@type":"WebPage","@id":"https:\/\/www.edizioniterramarique.com\/shop\/il-lecca-lecca-di-cristallo\/","url":"https:\/\/www.edizioniterramarique.com\/shop\/il-lecca-lecca-di-cristallo\/","name":"Il lecca-lecca di cristallo &#8226; Edizioni Terra marique","isPartOf":{"@id":"https:\/\/www.edizioniterramarique.com\/#website"},"primaryImageOfPage":{"@id":"https:\/\/www.edizioniterramarique.com\/shop\/il-lecca-lecca-di-cristallo\/#primaryimage"},"image":{"@id":"https:\/\/www.edizioniterramarique.com\/shop\/il-lecca-lecca-di-cristallo\/#primaryimage"},"thumbnailUrl":"https:\/\/www.edizioniterramarique.com\/wp-content\/uploads\/2018\/10\/COP_lecca_lecca_di_cristallo-PER-SITO-TM.jpg","datePublished":"2018-10-12T14:49:54+00:00","breadcrumb":{"@id":"https:\/\/www.edizioniterramarique.com\/shop\/il-lecca-lecca-di-cristallo\/#breadcrumb"},"inLanguage":"en-GB","potentialAction":[{"@type":"ReadAction","target":["https:\/\/www.edizioniterramarique.com\/shop\/il-lecca-lecca-di-cristallo\/"]}]},{"@type":"ImageObject","inLanguage":"en-GB","@id":"https:\/\/www.edizioniterramarique.com\/shop\/il-lecca-lecca-di-cristallo\/#primaryimage","url":"https:\/\/www.edizioniterramarique.com\/wp-content\/uploads\/2018\/10\/COP_lecca_lecca_di_cristallo-PER-SITO-TM.jpg","contentUrl":"https:\/\/www.edizioniterramarique.com\/wp-content\/uploads\/2018\/10\/COP_lecca_lecca_di_cristallo-PER-SITO-TM.jpg","width":200,"height":199},{"@type":"BreadcrumbList","@id":"https:\/\/www.edizioniterramarique.com\/shop\/il-lecca-lecca-di-cristallo\/#breadcrumb","itemListElement":[{"@type":"ListItem","position":1,"name":"Home","item":"https:\/\/www.edizioniterramarique.com\/"},{"@type":"ListItem","position":2,"name":"Shop","item":"https:\/\/www.edizioniterramarique.com\/"},{"@type":"ListItem","position":3,"name":"Il lecca-lecca di cristallo"}]},{"@type":"WebSite","@id":"https:\/\/www.edizioniterramarique.com\/#website","url":"https:\/\/www.edizioniterramarique.com\/","name":"Edizioni Terra marique","description":"Edizioni Terra marique","publisher":{"@id":"https:\/\/www.edizioniterramarique.com\/#organization"},"potentialAction":[{"@type":"SearchAction","target":{"@type":"EntryPoint","urlTemplate":"https:\/\/www.edizioniterramarique.com\/?s={search_term_string}"},"query-input":{"@type":"PropertyValueSpecification","valueRequired":true,"valueName":"search_term_string"}}],"inLanguage":"en-GB"},{"@type":"Organization","@id":"https:\/\/www.edizioniterramarique.com\/#organization","name":"Edizioni Terra marique","url":"https:\/\/www.edizioniterramarique.com\/","logo":{"@type":"ImageObject","inLanguage":"en-GB","@id":"https:\/\/www.edizioniterramarique.com\/#\/schema\/logo\/image\/","url":"https:\/\/www.edizioniterramarique.com\/wp-content\/uploads\/2014\/02\/logo_web1.jpg","contentUrl":"https:\/\/www.edizioniterramarique.com\/wp-content\/uploads\/2014\/02\/logo_web1.jpg","width":200,"height":109,"caption":"Edizioni Terra marique"},"image":{"@id":"https:\/\/www.edizioniterramarique.com\/#\/schema\/logo\/image\/"}}]}},"_links":{"self":[{"href":"https:\/\/www.edizioniterramarique.com\/en\/wp-json\/wp\/v2\/product\/1368","targetHints":{"allow":["GET"]}}],"collection":[{"href":"https:\/\/www.edizioniterramarique.com\/en\/wp-json\/wp\/v2\/product"}],"about":[{"href":"https:\/\/www.edizioniterramarique.com\/en\/wp-json\/wp\/v2\/types\/product"}],"wp:featuredmedia":[{"embeddable":true,"href":"https:\/\/www.edizioniterramarique.com\/en\/wp-json\/wp\/v2\/media\/1369"}],"wp:attachment":[{"href":"https:\/\/www.edizioniterramarique.com\/en\/wp-json\/wp\/v2\/media?parent=1368"}],"wp:term":[{"taxonomy":"product_brand","embeddable":true,"href":"https:\/\/www.edizioniterramarique.com\/en\/wp-json\/wp\/v2\/product_brand?post=1368"},{"taxonomy":"product_cat","embeddable":true,"href":"https:\/\/www.edizioniterramarique.com\/en\/wp-json\/wp\/v2\/product_cat?post=1368"},{"taxonomy":"product_tag","embeddable":true,"href":"https:\/\/www.edizioniterramarique.com\/en\/wp-json\/wp\/v2\/product_tag?post=1368"}],"curies":[{"name":"wp","href":"https:\/\/api.w.org\/{rel}","templated":true}]}}