{"id":1360,"date":"2018-09-13T11:09:12","date_gmt":"2018-09-13T09:09:12","guid":{"rendered":"https:\/\/www.edizioniterramarique.com\/?post_type=product&#038;p=1360"},"modified":"2018-10-19T09:49:25","modified_gmt":"2018-10-19T07:49:25","slug":"max-marley-ultimi-giorni-di-una-vita-alcolica","status":"publish","type":"product","link":"https:\/\/www.edizioniterramarique.com\/en\/shop\/max-marley-ultimi-giorni-di-una-vita-alcolica\/","title":{"rendered":"Max e Marley-Ultimi giorni di una vita alcolica"},"content":{"rendered":"<p>Chiunque spera di poter gestire la propria vita nel migliore dei modi, ma il giovane Max ha fallito il suo tentativo. Il divorzio e la morte dell\u2019adorato padre partigiano l\u2019hanno spinto verso la bottiglia. Si isola, le sue amicizie si riducono a qualche gestore di bar, a un venditore ambulante marocchino e a un burbero contadino che gli far\u00e0 il regalo pi\u00f9 bello mai ricevuto: Marley, un cucciolo che lo seguir\u00e0 per tutta la vita.<br \/>\nAbdul l\u2019ambulante cade vittima della propaganda politica di un consigliere comunale razzista, scatenando in Max il desiderio di una vendetta, che non tarder\u00e0 ad arrivare. Anche l\u2019amicizia con Giorgio, il contadino, finisce troppo presto, proprio quando Max sembra aver ridato un senso alla sua vita entrando, con Marley, in una comune: Barricata Rossa.<br \/>\nLa dipendenza prende il sopravvento, Max abbandona presto il gruppo, truffa il fratello, si d\u00e0 alla fuga e inizia a trascurare anche il cucciolo: \u00e8 completamente fuori controllo. Solo Barbara, il suo primo vero amore, lo convince ad affrontare un percorso di recupero entrando in Alcolisti Anonimi.<br \/>\nMantenere la sobriet\u00e0, per\u00f2, \u00e8 una battaglia quotidiana ma Max, per sua fortuna, ha imparato a <em>resistere, <\/em>mettendo in pratica i preziosi consigli del suo adorato padre, il partigiano \u201cMoro\u201d. Intanto Marley \u00e8 sempre al suo fianco.<\/p>\n<p><strong>\u00a0<\/strong><\/p>","protected":false},"excerpt":{"rendered":"<p>di Gianni Franzoni<br \/>\nCollana E.B.<br \/>\nISBN\u00a09788897712725<\/p>","protected":false},"featured_media":1362,"template":"","meta":[],"product_brand":[],"product_cat":[45],"product_tag":[],"class_list":{"0":"post-1360","1":"product","2":"type-product","3":"status-publish","4":"has-post-thumbnail","6":"product_cat-autobiografia-romanzata","8":"first","9":"instock","10":"shipping-taxable","11":"purchasable","12":"product-type-simple"},"yoast_head":"<!-- This site is optimized with the Yoast SEO plugin v26.9 - https:\/\/yoast.com\/product\/yoast-seo-wordpress\/ -->\n<title>Max e Marley-Ultimi giorni di una vita alcolica &#8226; Edizioni Terra marique<\/title>\n<meta name=\"robots\" content=\"index, follow, max-snippet:-1, max-image-preview:large, max-video-preview:-1\" \/>\n<link rel=\"canonical\" href=\"https:\/\/www.edizioniterramarique.com\/en\/shop\/max-marley-ultimi-giorni-di-una-vita-alcolica\/\" \/>\n<meta property=\"og:locale\" content=\"en_GB\" \/>\n<meta property=\"og:type\" content=\"article\" \/>\n<meta property=\"og:title\" content=\"Max e Marley-Ultimi giorni di una vita alcolica &#8226; Edizioni Terra marique\" \/>\n<meta property=\"og:description\" content=\"di Gianni Franzoni Collana E.B. ISBN\u00a09788897712725\" \/>\n<meta property=\"og:url\" content=\"https:\/\/www.edizioniterramarique.com\/en\/shop\/max-marley-ultimi-giorni-di-una-vita-alcolica\/\" \/>\n<meta property=\"og:site_name\" content=\"Edizioni Terra marique\" \/>\n<meta property=\"article:modified_time\" content=\"2018-10-19T07:49:25+00:00\" \/>\n<meta property=\"og:image\" content=\"https:\/\/www.edizioniterramarique.com\/wp-content\/uploads\/2018\/09\/COP_max_e_marley-PER-SITO-TM-1.jpg\" \/>\n\t<meta property=\"og:image:width\" content=\"200\" \/>\n\t<meta property=\"og:image:height\" content=\"274\" \/>\n\t<meta property=\"og:image:type\" content=\"image\/jpeg\" \/>\n<meta name=\"twitter:label1\" content=\"Estimated reading time\" \/>\n\t<meta name=\"twitter:data1\" content=\"1 minute\" \/>\n<script type=\"application\/ld+json\" class=\"yoast-schema-graph\">{\"@context\":\"https:\/\/schema.org\",\"@graph\":[{\"@type\":\"WebPage\",\"@id\":\"https:\/\/www.edizioniterramarique.com\/en\/shop\/max-marley-ultimi-giorni-di-una-vita-alcolica\/\",\"url\":\"https:\/\/www.edizioniterramarique.com\/en\/shop\/max-marley-ultimi-giorni-di-una-vita-alcolica\/\",\"name\":\"Max e Marley-Ultimi giorni di una vita alcolica &#8226; Edizioni Terra marique\",\"isPartOf\":{\"@id\":\"https:\/\/www.edizioniterramarique.com\/#website\"},\"primaryImageOfPage\":{\"@id\":\"https:\/\/www.edizioniterramarique.com\/en\/shop\/max-marley-ultimi-giorni-di-una-vita-alcolica\/#primaryimage\"},\"image\":{\"@id\":\"https:\/\/www.edizioniterramarique.com\/en\/shop\/max-marley-ultimi-giorni-di-una-vita-alcolica\/#primaryimage\"},\"thumbnailUrl\":\"https:\/\/www.edizioniterramarique.com\/wp-content\/uploads\/2018\/09\/COP_max_e_marley-PER-SITO-TM-1.jpg\",\"datePublished\":\"2018-09-13T09:09:12+00:00\",\"dateModified\":\"2018-10-19T07:49:25+00:00\",\"breadcrumb\":{\"@id\":\"https:\/\/www.edizioniterramarique.com\/en\/shop\/max-marley-ultimi-giorni-di-una-vita-alcolica\/#breadcrumb\"},\"inLanguage\":\"en-GB\",\"potentialAction\":[{\"@type\":\"ReadAction\",\"target\":[\"https:\/\/www.edizioniterramarique.com\/en\/shop\/max-marley-ultimi-giorni-di-una-vita-alcolica\/\"]}]},{\"@type\":\"ImageObject\",\"inLanguage\":\"en-GB\",\"@id\":\"https:\/\/www.edizioniterramarique.com\/en\/shop\/max-marley-ultimi-giorni-di-una-vita-alcolica\/#primaryimage\",\"url\":\"https:\/\/www.edizioniterramarique.com\/wp-content\/uploads\/2018\/09\/COP_max_e_marley-PER-SITO-TM-1.jpg\",\"contentUrl\":\"https:\/\/www.edizioniterramarique.com\/wp-content\/uploads\/2018\/09\/COP_max_e_marley-PER-SITO-TM-1.jpg\",\"width\":200,\"height\":274},{\"@type\":\"BreadcrumbList\",\"@id\":\"https:\/\/www.edizioniterramarique.com\/en\/shop\/max-marley-ultimi-giorni-di-una-vita-alcolica\/#breadcrumb\",\"itemListElement\":[{\"@type\":\"ListItem\",\"position\":1,\"name\":\"Home\",\"item\":\"https:\/\/www.edizioniterramarique.com\/\"},{\"@type\":\"ListItem\",\"position\":2,\"name\":\"Shop\",\"item\":\"https:\/\/www.edizioniterramarique.com\/\"},{\"@type\":\"ListItem\",\"position\":3,\"name\":\"Max e Marley-Ultimi giorni di una vita alcolica\"}]},{\"@type\":\"WebSite\",\"@id\":\"https:\/\/www.edizioniterramarique.com\/#website\",\"url\":\"https:\/\/www.edizioniterramarique.com\/\",\"name\":\"Edizioni Terra marique\",\"description\":\"Edizioni Terra marique\",\"publisher\":{\"@id\":\"https:\/\/www.edizioniterramarique.com\/#organization\"},\"potentialAction\":[{\"@type\":\"SearchAction\",\"target\":{\"@type\":\"EntryPoint\",\"urlTemplate\":\"https:\/\/www.edizioniterramarique.com\/?s={search_term_string}\"},\"query-input\":{\"@type\":\"PropertyValueSpecification\",\"valueRequired\":true,\"valueName\":\"search_term_string\"}}],\"inLanguage\":\"en-GB\"},{\"@type\":\"Organization\",\"@id\":\"https:\/\/www.edizioniterramarique.com\/#organization\",\"name\":\"Edizioni Terra marique\",\"url\":\"https:\/\/www.edizioniterramarique.com\/\",\"logo\":{\"@type\":\"ImageObject\",\"inLanguage\":\"en-GB\",\"@id\":\"https:\/\/www.edizioniterramarique.com\/#\/schema\/logo\/image\/\",\"url\":\"https:\/\/www.edizioniterramarique.com\/wp-content\/uploads\/2014\/02\/logo_web1.jpg\",\"contentUrl\":\"https:\/\/www.edizioniterramarique.com\/wp-content\/uploads\/2014\/02\/logo_web1.jpg\",\"width\":200,\"height\":109,\"caption\":\"Edizioni Terra marique\"},\"image\":{\"@id\":\"https:\/\/www.edizioniterramarique.com\/#\/schema\/logo\/image\/\"}}]}<\/script>\n<!-- \/ Yoast SEO plugin. -->","yoast_head_json":{"title":"Max e Marley-Ultimi giorni di una vita alcolica &#8226; Edizioni Terra marique","robots":{"index":"index","follow":"follow","max-snippet":"max-snippet:-1","max-image-preview":"max-image-preview:large","max-video-preview":"max-video-preview:-1"},"canonical":"https:\/\/www.edizioniterramarique.com\/en\/shop\/max-marley-ultimi-giorni-di-una-vita-alcolica\/","og_locale":"en_GB","og_type":"article","og_title":"Max e Marley-Ultimi giorni di una vita alcolica &#8226; Edizioni Terra marique","og_description":"di Gianni Franzoni Collana E.B. ISBN\u00a09788897712725","og_url":"https:\/\/www.edizioniterramarique.com\/en\/shop\/max-marley-ultimi-giorni-di-una-vita-alcolica\/","og_site_name":"Edizioni Terra marique","article_modified_time":"2018-10-19T07:49:25+00:00","og_image":[{"width":200,"height":274,"url":"https:\/\/www.edizioniterramarique.com\/wp-content\/uploads\/2018\/09\/COP_max_e_marley-PER-SITO-TM-1.jpg","type":"image\/jpeg"}],"twitter_misc":{"Estimated reading time":"1 minute"},"schema":{"@context":"https:\/\/schema.org","@graph":[{"@type":"WebPage","@id":"https:\/\/www.edizioniterramarique.com\/en\/shop\/max-marley-ultimi-giorni-di-una-vita-alcolica\/","url":"https:\/\/www.edizioniterramarique.com\/en\/shop\/max-marley-ultimi-giorni-di-una-vita-alcolica\/","name":"Max e Marley-Ultimi giorni di una vita alcolica &#8226; Edizioni Terra marique","isPartOf":{"@id":"https:\/\/www.edizioniterramarique.com\/#website"},"primaryImageOfPage":{"@id":"https:\/\/www.edizioniterramarique.com\/en\/shop\/max-marley-ultimi-giorni-di-una-vita-alcolica\/#primaryimage"},"image":{"@id":"https:\/\/www.edizioniterramarique.com\/en\/shop\/max-marley-ultimi-giorni-di-una-vita-alcolica\/#primaryimage"},"thumbnailUrl":"https:\/\/www.edizioniterramarique.com\/wp-content\/uploads\/2018\/09\/COP_max_e_marley-PER-SITO-TM-1.jpg","datePublished":"2018-09-13T09:09:12+00:00","dateModified":"2018-10-19T07:49:25+00:00","breadcrumb":{"@id":"https:\/\/www.edizioniterramarique.com\/en\/shop\/max-marley-ultimi-giorni-di-una-vita-alcolica\/#breadcrumb"},"inLanguage":"en-GB","potentialAction":[{"@type":"ReadAction","target":["https:\/\/www.edizioniterramarique.com\/en\/shop\/max-marley-ultimi-giorni-di-una-vita-alcolica\/"]}]},{"@type":"ImageObject","inLanguage":"en-GB","@id":"https:\/\/www.edizioniterramarique.com\/en\/shop\/max-marley-ultimi-giorni-di-una-vita-alcolica\/#primaryimage","url":"https:\/\/www.edizioniterramarique.com\/wp-content\/uploads\/2018\/09\/COP_max_e_marley-PER-SITO-TM-1.jpg","contentUrl":"https:\/\/www.edizioniterramarique.com\/wp-content\/uploads\/2018\/09\/COP_max_e_marley-PER-SITO-TM-1.jpg","width":200,"height":274},{"@type":"BreadcrumbList","@id":"https:\/\/www.edizioniterramarique.com\/en\/shop\/max-marley-ultimi-giorni-di-una-vita-alcolica\/#breadcrumb","itemListElement":[{"@type":"ListItem","position":1,"name":"Home","item":"https:\/\/www.edizioniterramarique.com\/"},{"@type":"ListItem","position":2,"name":"Shop","item":"https:\/\/www.edizioniterramarique.com\/"},{"@type":"ListItem","position":3,"name":"Max e Marley-Ultimi giorni di una vita alcolica"}]},{"@type":"WebSite","@id":"https:\/\/www.edizioniterramarique.com\/#website","url":"https:\/\/www.edizioniterramarique.com\/","name":"Edizioni Terra marique","description":"Edizioni Terra marique","publisher":{"@id":"https:\/\/www.edizioniterramarique.com\/#organization"},"potentialAction":[{"@type":"SearchAction","target":{"@type":"EntryPoint","urlTemplate":"https:\/\/www.edizioniterramarique.com\/?s={search_term_string}"},"query-input":{"@type":"PropertyValueSpecification","valueRequired":true,"valueName":"search_term_string"}}],"inLanguage":"en-GB"},{"@type":"Organization","@id":"https:\/\/www.edizioniterramarique.com\/#organization","name":"Edizioni Terra marique","url":"https:\/\/www.edizioniterramarique.com\/","logo":{"@type":"ImageObject","inLanguage":"en-GB","@id":"https:\/\/www.edizioniterramarique.com\/#\/schema\/logo\/image\/","url":"https:\/\/www.edizioniterramarique.com\/wp-content\/uploads\/2014\/02\/logo_web1.jpg","contentUrl":"https:\/\/www.edizioniterramarique.com\/wp-content\/uploads\/2014\/02\/logo_web1.jpg","width":200,"height":109,"caption":"Edizioni Terra marique"},"image":{"@id":"https:\/\/www.edizioniterramarique.com\/#\/schema\/logo\/image\/"}}]}},"_links":{"self":[{"href":"https:\/\/www.edizioniterramarique.com\/en\/wp-json\/wp\/v2\/product\/1360","targetHints":{"allow":["GET"]}}],"collection":[{"href":"https:\/\/www.edizioniterramarique.com\/en\/wp-json\/wp\/v2\/product"}],"about":[{"href":"https:\/\/www.edizioniterramarique.com\/en\/wp-json\/wp\/v2\/types\/product"}],"wp:featuredmedia":[{"embeddable":true,"href":"https:\/\/www.edizioniterramarique.com\/en\/wp-json\/wp\/v2\/media\/1362"}],"wp:attachment":[{"href":"https:\/\/www.edizioniterramarique.com\/en\/wp-json\/wp\/v2\/media?parent=1360"}],"wp:term":[{"taxonomy":"product_brand","embeddable":true,"href":"https:\/\/www.edizioniterramarique.com\/en\/wp-json\/wp\/v2\/product_brand?post=1360"},{"taxonomy":"product_cat","embeddable":true,"href":"https:\/\/www.edizioniterramarique.com\/en\/wp-json\/wp\/v2\/product_cat?post=1360"},{"taxonomy":"product_tag","embeddable":true,"href":"https:\/\/www.edizioniterramarique.com\/en\/wp-json\/wp\/v2\/product_tag?post=1360"}],"curies":[{"name":"wp","href":"https:\/\/api.w.org\/{rel}","templated":true}]}}