{"id":1349,"date":"2018-07-19T19:49:41","date_gmt":"2018-07-19T17:49:41","guid":{"rendered":"https:\/\/www.edizioniterramarique.com\/?post_type=product&#038;p=1349"},"modified":"2018-07-19T19:53:20","modified_gmt":"2018-07-19T17:53:20","slug":"come-ho-scoperto-di-essere-morto","status":"publish","type":"product","link":"https:\/\/www.edizioniterramarique.com\/en\/shop\/come-ho-scoperto-di-essere-morto\/","title":{"rendered":"Come ho scoperto di essere morto"},"content":{"rendered":"<p>La definizione \u201craccolta di racconti\u201d \u00e8 fin troppo semplice. Ci\u00f2 che leggerete \u00e8 una riflessione sul significato della vita, dell\u2019amore e della morte. I racconti di quotidianit\u00e0 vestono un ruolo di mera facciata, non sono altro che un velo atto a coprire ci\u00f2 che voi, lettori, avrete il compito di scoprire. Storie reali o immaginarie, rapporti passionali, racconti di uno specchio, relazioni platoniche o resoconti di guerra.<br \/>\nPersone, cose, pensieri. I personaggi di ogni storia si muovono e creano al fine di indagare l\u2019inconscio, di scoprire la banalit\u00e0 delle cose, di rappresentare l\u2019alternarsi dell\u2019esistere e del non esistere.<br \/>\nDietro a tutte queste vite c\u2019\u00e8 un significato, un filo che conduce verso l\u2019idea principale: \u201ccos\u2019\u00e8 la vita?\u201d, \u201ccos\u2019\u00e8 la morte?\u201d, \u201ccome ho scoperto di essere morto?\u201d.<\/p>","protected":false},"excerpt":{"rendered":"<p>di Orlando Mollica<br \/>\nCollana Voci narranti<br \/>\nISBN 9788897712718<\/p>","protected":false},"featured_media":1350,"template":"","meta":[],"product_brand":[],"product_cat":[15],"product_tag":[],"class_list":{"0":"post-1349","1":"product","2":"type-product","3":"status-publish","4":"has-post-thumbnail","6":"product_cat-racconti","8":"first","9":"instock","10":"shipping-taxable","11":"purchasable","12":"product-type-simple"},"yoast_head":"<!-- This site is optimized with the Yoast SEO plugin v26.9 - https:\/\/yoast.com\/product\/yoast-seo-wordpress\/ -->\n<title>Come ho scoperto di essere morto &#8226; Edizioni Terra marique<\/title>\n<meta name=\"robots\" content=\"index, follow, max-snippet:-1, max-image-preview:large, max-video-preview:-1\" \/>\n<link rel=\"canonical\" href=\"https:\/\/www.edizioniterramarique.com\/en\/shop\/come-ho-scoperto-di-essere-morto\/\" \/>\n<meta property=\"og:locale\" content=\"en_GB\" \/>\n<meta property=\"og:type\" content=\"article\" \/>\n<meta property=\"og:title\" content=\"Come ho scoperto di essere morto &#8226; Edizioni Terra marique\" \/>\n<meta property=\"og:description\" content=\"di Orlando Mollica Collana Voci narranti ISBN 9788897712718\" \/>\n<meta property=\"og:url\" content=\"https:\/\/www.edizioniterramarique.com\/en\/shop\/come-ho-scoperto-di-essere-morto\/\" \/>\n<meta property=\"og:site_name\" content=\"Edizioni Terra marique\" \/>\n<meta property=\"article:modified_time\" content=\"2018-07-19T17:53:20+00:00\" \/>\n<meta property=\"og:image\" content=\"https:\/\/www.edizioniterramarique.com\/wp-content\/uploads\/2018\/07\/COPERTINA-PER-SITO-TM.jpg\" \/>\n\t<meta property=\"og:image:width\" content=\"200\" \/>\n\t<meta property=\"og:image:height\" content=\"325\" \/>\n\t<meta property=\"og:image:type\" content=\"image\/jpeg\" \/>\n<meta name=\"twitter:label1\" content=\"Estimated reading time\" \/>\n\t<meta name=\"twitter:data1\" content=\"1 minute\" \/>\n<script type=\"application\/ld+json\" class=\"yoast-schema-graph\">{\"@context\":\"https:\/\/schema.org\",\"@graph\":[{\"@type\":\"WebPage\",\"@id\":\"https:\/\/www.edizioniterramarique.com\/shop\/come-ho-scoperto-di-essere-morto\/\",\"url\":\"https:\/\/www.edizioniterramarique.com\/shop\/come-ho-scoperto-di-essere-morto\/\",\"name\":\"Come ho scoperto di essere morto &#8226; Edizioni Terra marique\",\"isPartOf\":{\"@id\":\"https:\/\/www.edizioniterramarique.com\/#website\"},\"primaryImageOfPage\":{\"@id\":\"https:\/\/www.edizioniterramarique.com\/shop\/come-ho-scoperto-di-essere-morto\/#primaryimage\"},\"image\":{\"@id\":\"https:\/\/www.edizioniterramarique.com\/shop\/come-ho-scoperto-di-essere-morto\/#primaryimage\"},\"thumbnailUrl\":\"https:\/\/www.edizioniterramarique.com\/wp-content\/uploads\/2018\/07\/COPERTINA-PER-SITO-TM.jpg\",\"datePublished\":\"2018-07-19T17:49:41+00:00\",\"dateModified\":\"2018-07-19T17:53:20+00:00\",\"breadcrumb\":{\"@id\":\"https:\/\/www.edizioniterramarique.com\/shop\/come-ho-scoperto-di-essere-morto\/#breadcrumb\"},\"inLanguage\":\"en-GB\",\"potentialAction\":[{\"@type\":\"ReadAction\",\"target\":[\"https:\/\/www.edizioniterramarique.com\/shop\/come-ho-scoperto-di-essere-morto\/\"]}]},{\"@type\":\"ImageObject\",\"inLanguage\":\"en-GB\",\"@id\":\"https:\/\/www.edizioniterramarique.com\/shop\/come-ho-scoperto-di-essere-morto\/#primaryimage\",\"url\":\"https:\/\/www.edizioniterramarique.com\/wp-content\/uploads\/2018\/07\/COPERTINA-PER-SITO-TM.jpg\",\"contentUrl\":\"https:\/\/www.edizioniterramarique.com\/wp-content\/uploads\/2018\/07\/COPERTINA-PER-SITO-TM.jpg\",\"width\":200,\"height\":325},{\"@type\":\"BreadcrumbList\",\"@id\":\"https:\/\/www.edizioniterramarique.com\/shop\/come-ho-scoperto-di-essere-morto\/#breadcrumb\",\"itemListElement\":[{\"@type\":\"ListItem\",\"position\":1,\"name\":\"Home\",\"item\":\"https:\/\/www.edizioniterramarique.com\/\"},{\"@type\":\"ListItem\",\"position\":2,\"name\":\"Shop\",\"item\":\"https:\/\/www.edizioniterramarique.com\/\"},{\"@type\":\"ListItem\",\"position\":3,\"name\":\"Come ho scoperto di essere morto\"}]},{\"@type\":\"WebSite\",\"@id\":\"https:\/\/www.edizioniterramarique.com\/#website\",\"url\":\"https:\/\/www.edizioniterramarique.com\/\",\"name\":\"Edizioni Terra marique\",\"description\":\"Edizioni Terra marique\",\"publisher\":{\"@id\":\"https:\/\/www.edizioniterramarique.com\/#organization\"},\"potentialAction\":[{\"@type\":\"SearchAction\",\"target\":{\"@type\":\"EntryPoint\",\"urlTemplate\":\"https:\/\/www.edizioniterramarique.com\/?s={search_term_string}\"},\"query-input\":{\"@type\":\"PropertyValueSpecification\",\"valueRequired\":true,\"valueName\":\"search_term_string\"}}],\"inLanguage\":\"en-GB\"},{\"@type\":\"Organization\",\"@id\":\"https:\/\/www.edizioniterramarique.com\/#organization\",\"name\":\"Edizioni Terra marique\",\"url\":\"https:\/\/www.edizioniterramarique.com\/\",\"logo\":{\"@type\":\"ImageObject\",\"inLanguage\":\"en-GB\",\"@id\":\"https:\/\/www.edizioniterramarique.com\/#\/schema\/logo\/image\/\",\"url\":\"https:\/\/www.edizioniterramarique.com\/wp-content\/uploads\/2014\/02\/logo_web1.jpg\",\"contentUrl\":\"https:\/\/www.edizioniterramarique.com\/wp-content\/uploads\/2014\/02\/logo_web1.jpg\",\"width\":200,\"height\":109,\"caption\":\"Edizioni Terra marique\"},\"image\":{\"@id\":\"https:\/\/www.edizioniterramarique.com\/#\/schema\/logo\/image\/\"}}]}<\/script>\n<!-- \/ Yoast SEO plugin. -->","yoast_head_json":{"title":"Come ho scoperto di essere morto &#8226; Edizioni Terra marique","robots":{"index":"index","follow":"follow","max-snippet":"max-snippet:-1","max-image-preview":"max-image-preview:large","max-video-preview":"max-video-preview:-1"},"canonical":"https:\/\/www.edizioniterramarique.com\/en\/shop\/come-ho-scoperto-di-essere-morto\/","og_locale":"en_GB","og_type":"article","og_title":"Come ho scoperto di essere morto &#8226; Edizioni Terra marique","og_description":"di Orlando Mollica Collana Voci narranti ISBN 9788897712718","og_url":"https:\/\/www.edizioniterramarique.com\/en\/shop\/come-ho-scoperto-di-essere-morto\/","og_site_name":"Edizioni Terra marique","article_modified_time":"2018-07-19T17:53:20+00:00","og_image":[{"width":200,"height":325,"url":"https:\/\/www.edizioniterramarique.com\/wp-content\/uploads\/2018\/07\/COPERTINA-PER-SITO-TM.jpg","type":"image\/jpeg"}],"twitter_misc":{"Estimated reading time":"1 minute"},"schema":{"@context":"https:\/\/schema.org","@graph":[{"@type":"WebPage","@id":"https:\/\/www.edizioniterramarique.com\/shop\/come-ho-scoperto-di-essere-morto\/","url":"https:\/\/www.edizioniterramarique.com\/shop\/come-ho-scoperto-di-essere-morto\/","name":"Come ho scoperto di essere morto &#8226; Edizioni Terra marique","isPartOf":{"@id":"https:\/\/www.edizioniterramarique.com\/#website"},"primaryImageOfPage":{"@id":"https:\/\/www.edizioniterramarique.com\/shop\/come-ho-scoperto-di-essere-morto\/#primaryimage"},"image":{"@id":"https:\/\/www.edizioniterramarique.com\/shop\/come-ho-scoperto-di-essere-morto\/#primaryimage"},"thumbnailUrl":"https:\/\/www.edizioniterramarique.com\/wp-content\/uploads\/2018\/07\/COPERTINA-PER-SITO-TM.jpg","datePublished":"2018-07-19T17:49:41+00:00","dateModified":"2018-07-19T17:53:20+00:00","breadcrumb":{"@id":"https:\/\/www.edizioniterramarique.com\/shop\/come-ho-scoperto-di-essere-morto\/#breadcrumb"},"inLanguage":"en-GB","potentialAction":[{"@type":"ReadAction","target":["https:\/\/www.edizioniterramarique.com\/shop\/come-ho-scoperto-di-essere-morto\/"]}]},{"@type":"ImageObject","inLanguage":"en-GB","@id":"https:\/\/www.edizioniterramarique.com\/shop\/come-ho-scoperto-di-essere-morto\/#primaryimage","url":"https:\/\/www.edizioniterramarique.com\/wp-content\/uploads\/2018\/07\/COPERTINA-PER-SITO-TM.jpg","contentUrl":"https:\/\/www.edizioniterramarique.com\/wp-content\/uploads\/2018\/07\/COPERTINA-PER-SITO-TM.jpg","width":200,"height":325},{"@type":"BreadcrumbList","@id":"https:\/\/www.edizioniterramarique.com\/shop\/come-ho-scoperto-di-essere-morto\/#breadcrumb","itemListElement":[{"@type":"ListItem","position":1,"name":"Home","item":"https:\/\/www.edizioniterramarique.com\/"},{"@type":"ListItem","position":2,"name":"Shop","item":"https:\/\/www.edizioniterramarique.com\/"},{"@type":"ListItem","position":3,"name":"Come ho scoperto di essere morto"}]},{"@type":"WebSite","@id":"https:\/\/www.edizioniterramarique.com\/#website","url":"https:\/\/www.edizioniterramarique.com\/","name":"Edizioni Terra marique","description":"Edizioni Terra marique","publisher":{"@id":"https:\/\/www.edizioniterramarique.com\/#organization"},"potentialAction":[{"@type":"SearchAction","target":{"@type":"EntryPoint","urlTemplate":"https:\/\/www.edizioniterramarique.com\/?s={search_term_string}"},"query-input":{"@type":"PropertyValueSpecification","valueRequired":true,"valueName":"search_term_string"}}],"inLanguage":"en-GB"},{"@type":"Organization","@id":"https:\/\/www.edizioniterramarique.com\/#organization","name":"Edizioni Terra marique","url":"https:\/\/www.edizioniterramarique.com\/","logo":{"@type":"ImageObject","inLanguage":"en-GB","@id":"https:\/\/www.edizioniterramarique.com\/#\/schema\/logo\/image\/","url":"https:\/\/www.edizioniterramarique.com\/wp-content\/uploads\/2014\/02\/logo_web1.jpg","contentUrl":"https:\/\/www.edizioniterramarique.com\/wp-content\/uploads\/2014\/02\/logo_web1.jpg","width":200,"height":109,"caption":"Edizioni Terra marique"},"image":{"@id":"https:\/\/www.edizioniterramarique.com\/#\/schema\/logo\/image\/"}}]}},"_links":{"self":[{"href":"https:\/\/www.edizioniterramarique.com\/en\/wp-json\/wp\/v2\/product\/1349","targetHints":{"allow":["GET"]}}],"collection":[{"href":"https:\/\/www.edizioniterramarique.com\/en\/wp-json\/wp\/v2\/product"}],"about":[{"href":"https:\/\/www.edizioniterramarique.com\/en\/wp-json\/wp\/v2\/types\/product"}],"wp:featuredmedia":[{"embeddable":true,"href":"https:\/\/www.edizioniterramarique.com\/en\/wp-json\/wp\/v2\/media\/1350"}],"wp:attachment":[{"href":"https:\/\/www.edizioniterramarique.com\/en\/wp-json\/wp\/v2\/media?parent=1349"}],"wp:term":[{"taxonomy":"product_brand","embeddable":true,"href":"https:\/\/www.edizioniterramarique.com\/en\/wp-json\/wp\/v2\/product_brand?post=1349"},{"taxonomy":"product_cat","embeddable":true,"href":"https:\/\/www.edizioniterramarique.com\/en\/wp-json\/wp\/v2\/product_cat?post=1349"},{"taxonomy":"product_tag","embeddable":true,"href":"https:\/\/www.edizioniterramarique.com\/en\/wp-json\/wp\/v2\/product_tag?post=1349"}],"curies":[{"name":"wp","href":"https:\/\/api.w.org\/{rel}","templated":true}]}}