{"id":1268,"date":"2018-03-26T22:34:03","date_gmt":"2018-03-26T20:34:03","guid":{"rendered":"http:\/\/www.edizioniterramarique.com\/?post_type=product&#038;p=1268"},"modified":"2018-03-26T22:34:03","modified_gmt":"2018-03-26T20:34:03","slug":"dal-nulla-un-verso","status":"publish","type":"product","link":"https:\/\/www.edizioniterramarique.com\/en\/shop\/dal-nulla-un-verso\/","title":{"rendered":"E dal nulla, un verso"},"content":{"rendered":"<p>Ci vuole coraggio nella vita e bisogna avere paura del lato oscuro dell\u2019animo umano, della sua imprevedibile violenza.<br \/>\nNei versi di Ludovico Trianni, il sorriso dell\u2019uomo non rassicura, le sue zanne sono sempre pronte a ferire e avere fiducia in lui pu\u00f2 rappresentare un errore fatale. In realt\u00e0 l\u2019uomo trova un possibile riscatto nell\u2019arte e nella meravigliosa generosit\u00e0 della natura, salvandosi solo cos\u00ec dalle sue ombre e dalla sua cosmica stupidit\u00e0.<br \/>\nCi vuole coraggio anche con la poesia: bisogna avere la forza di guardare negli occhi l\u2019ignoto, dentro e fuori di s\u00e9.<\/p>","protected":false},"excerpt":{"rendered":"<p>di Ludovico Trianni<br \/>\nCollana Voci narranti<br \/>\nISBN\u00a09788897712657<\/p>","protected":false},"featured_media":1269,"template":"","meta":[],"product_brand":[],"product_cat":[13],"product_tag":[],"class_list":{"0":"post-1268","1":"product","2":"type-product","3":"status-publish","4":"has-post-thumbnail","6":"product_cat-raccolte-poesie","8":"first","9":"instock","10":"shipping-taxable","11":"purchasable","12":"product-type-simple"},"yoast_head":"<!-- This site is optimized with the Yoast SEO plugin v26.9 - https:\/\/yoast.com\/product\/yoast-seo-wordpress\/ -->\n<title>E dal nulla, un verso &#8226; Edizioni Terra marique<\/title>\n<meta name=\"robots\" content=\"index, follow, max-snippet:-1, max-image-preview:large, max-video-preview:-1\" \/>\n<link rel=\"canonical\" href=\"https:\/\/www.edizioniterramarique.com\/en\/shop\/dal-nulla-un-verso\/\" \/>\n<meta property=\"og:locale\" content=\"en_GB\" \/>\n<meta property=\"og:type\" content=\"article\" \/>\n<meta property=\"og:title\" content=\"E dal nulla, un verso &#8226; Edizioni Terra marique\" \/>\n<meta property=\"og:description\" content=\"di Ludovico Trianni Collana Voci narranti ISBN\u00a09788897712657\" \/>\n<meta property=\"og:url\" content=\"https:\/\/www.edizioniterramarique.com\/en\/shop\/dal-nulla-un-verso\/\" \/>\n<meta property=\"og:site_name\" content=\"Edizioni Terra marique\" \/>\n<meta property=\"og:image\" content=\"https:\/\/www.edizioniterramarique.com\/wp-content\/uploads\/2018\/03\/COP_dal_nulla_un_verso-PER-SITO-TM.jpg\" \/>\n\t<meta property=\"og:image:width\" content=\"200\" \/>\n\t<meta property=\"og:image:height\" content=\"286\" \/>\n\t<meta property=\"og:image:type\" content=\"image\/jpeg\" \/>\n<script type=\"application\/ld+json\" class=\"yoast-schema-graph\">{\"@context\":\"https:\/\/schema.org\",\"@graph\":[{\"@type\":\"WebPage\",\"@id\":\"https:\/\/www.edizioniterramarique.com\/shop\/dal-nulla-un-verso\/\",\"url\":\"https:\/\/www.edizioniterramarique.com\/shop\/dal-nulla-un-verso\/\",\"name\":\"E dal nulla, un verso &#8226; Edizioni Terra marique\",\"isPartOf\":{\"@id\":\"https:\/\/www.edizioniterramarique.com\/#website\"},\"primaryImageOfPage\":{\"@id\":\"https:\/\/www.edizioniterramarique.com\/shop\/dal-nulla-un-verso\/#primaryimage\"},\"image\":{\"@id\":\"https:\/\/www.edizioniterramarique.com\/shop\/dal-nulla-un-verso\/#primaryimage\"},\"thumbnailUrl\":\"https:\/\/www.edizioniterramarique.com\/wp-content\/uploads\/2018\/03\/COP_dal_nulla_un_verso-PER-SITO-TM.jpg\",\"datePublished\":\"2018-03-26T20:34:03+00:00\",\"breadcrumb\":{\"@id\":\"https:\/\/www.edizioniterramarique.com\/shop\/dal-nulla-un-verso\/#breadcrumb\"},\"inLanguage\":\"en-GB\",\"potentialAction\":[{\"@type\":\"ReadAction\",\"target\":[\"https:\/\/www.edizioniterramarique.com\/shop\/dal-nulla-un-verso\/\"]}]},{\"@type\":\"ImageObject\",\"inLanguage\":\"en-GB\",\"@id\":\"https:\/\/www.edizioniterramarique.com\/shop\/dal-nulla-un-verso\/#primaryimage\",\"url\":\"https:\/\/www.edizioniterramarique.com\/wp-content\/uploads\/2018\/03\/COP_dal_nulla_un_verso-PER-SITO-TM.jpg\",\"contentUrl\":\"https:\/\/www.edizioniterramarique.com\/wp-content\/uploads\/2018\/03\/COP_dal_nulla_un_verso-PER-SITO-TM.jpg\",\"width\":200,\"height\":286},{\"@type\":\"BreadcrumbList\",\"@id\":\"https:\/\/www.edizioniterramarique.com\/shop\/dal-nulla-un-verso\/#breadcrumb\",\"itemListElement\":[{\"@type\":\"ListItem\",\"position\":1,\"name\":\"Home\",\"item\":\"https:\/\/www.edizioniterramarique.com\/\"},{\"@type\":\"ListItem\",\"position\":2,\"name\":\"Shop\",\"item\":\"https:\/\/www.edizioniterramarique.com\/\"},{\"@type\":\"ListItem\",\"position\":3,\"name\":\"E dal nulla, un verso\"}]},{\"@type\":\"WebSite\",\"@id\":\"https:\/\/www.edizioniterramarique.com\/#website\",\"url\":\"https:\/\/www.edizioniterramarique.com\/\",\"name\":\"Edizioni Terra marique\",\"description\":\"Edizioni Terra marique\",\"publisher\":{\"@id\":\"https:\/\/www.edizioniterramarique.com\/#organization\"},\"potentialAction\":[{\"@type\":\"SearchAction\",\"target\":{\"@type\":\"EntryPoint\",\"urlTemplate\":\"https:\/\/www.edizioniterramarique.com\/?s={search_term_string}\"},\"query-input\":{\"@type\":\"PropertyValueSpecification\",\"valueRequired\":true,\"valueName\":\"search_term_string\"}}],\"inLanguage\":\"en-GB\"},{\"@type\":\"Organization\",\"@id\":\"https:\/\/www.edizioniterramarique.com\/#organization\",\"name\":\"Edizioni Terra marique\",\"url\":\"https:\/\/www.edizioniterramarique.com\/\",\"logo\":{\"@type\":\"ImageObject\",\"inLanguage\":\"en-GB\",\"@id\":\"https:\/\/www.edizioniterramarique.com\/#\/schema\/logo\/image\/\",\"url\":\"https:\/\/www.edizioniterramarique.com\/wp-content\/uploads\/2014\/02\/logo_web1.jpg\",\"contentUrl\":\"https:\/\/www.edizioniterramarique.com\/wp-content\/uploads\/2014\/02\/logo_web1.jpg\",\"width\":200,\"height\":109,\"caption\":\"Edizioni Terra marique\"},\"image\":{\"@id\":\"https:\/\/www.edizioniterramarique.com\/#\/schema\/logo\/image\/\"}}]}<\/script>\n<!-- \/ Yoast SEO plugin. -->","yoast_head_json":{"title":"E dal nulla, un verso &#8226; Edizioni Terra marique","robots":{"index":"index","follow":"follow","max-snippet":"max-snippet:-1","max-image-preview":"max-image-preview:large","max-video-preview":"max-video-preview:-1"},"canonical":"https:\/\/www.edizioniterramarique.com\/en\/shop\/dal-nulla-un-verso\/","og_locale":"en_GB","og_type":"article","og_title":"E dal nulla, un verso &#8226; Edizioni Terra marique","og_description":"di Ludovico Trianni Collana Voci narranti ISBN\u00a09788897712657","og_url":"https:\/\/www.edizioniterramarique.com\/en\/shop\/dal-nulla-un-verso\/","og_site_name":"Edizioni Terra marique","og_image":[{"width":200,"height":286,"url":"https:\/\/www.edizioniterramarique.com\/wp-content\/uploads\/2018\/03\/COP_dal_nulla_un_verso-PER-SITO-TM.jpg","type":"image\/jpeg"}],"schema":{"@context":"https:\/\/schema.org","@graph":[{"@type":"WebPage","@id":"https:\/\/www.edizioniterramarique.com\/shop\/dal-nulla-un-verso\/","url":"https:\/\/www.edizioniterramarique.com\/shop\/dal-nulla-un-verso\/","name":"E dal nulla, un verso &#8226; Edizioni Terra marique","isPartOf":{"@id":"https:\/\/www.edizioniterramarique.com\/#website"},"primaryImageOfPage":{"@id":"https:\/\/www.edizioniterramarique.com\/shop\/dal-nulla-un-verso\/#primaryimage"},"image":{"@id":"https:\/\/www.edizioniterramarique.com\/shop\/dal-nulla-un-verso\/#primaryimage"},"thumbnailUrl":"https:\/\/www.edizioniterramarique.com\/wp-content\/uploads\/2018\/03\/COP_dal_nulla_un_verso-PER-SITO-TM.jpg","datePublished":"2018-03-26T20:34:03+00:00","breadcrumb":{"@id":"https:\/\/www.edizioniterramarique.com\/shop\/dal-nulla-un-verso\/#breadcrumb"},"inLanguage":"en-GB","potentialAction":[{"@type":"ReadAction","target":["https:\/\/www.edizioniterramarique.com\/shop\/dal-nulla-un-verso\/"]}]},{"@type":"ImageObject","inLanguage":"en-GB","@id":"https:\/\/www.edizioniterramarique.com\/shop\/dal-nulla-un-verso\/#primaryimage","url":"https:\/\/www.edizioniterramarique.com\/wp-content\/uploads\/2018\/03\/COP_dal_nulla_un_verso-PER-SITO-TM.jpg","contentUrl":"https:\/\/www.edizioniterramarique.com\/wp-content\/uploads\/2018\/03\/COP_dal_nulla_un_verso-PER-SITO-TM.jpg","width":200,"height":286},{"@type":"BreadcrumbList","@id":"https:\/\/www.edizioniterramarique.com\/shop\/dal-nulla-un-verso\/#breadcrumb","itemListElement":[{"@type":"ListItem","position":1,"name":"Home","item":"https:\/\/www.edizioniterramarique.com\/"},{"@type":"ListItem","position":2,"name":"Shop","item":"https:\/\/www.edizioniterramarique.com\/"},{"@type":"ListItem","position":3,"name":"E dal nulla, un verso"}]},{"@type":"WebSite","@id":"https:\/\/www.edizioniterramarique.com\/#website","url":"https:\/\/www.edizioniterramarique.com\/","name":"Edizioni Terra marique","description":"Edizioni Terra marique","publisher":{"@id":"https:\/\/www.edizioniterramarique.com\/#organization"},"potentialAction":[{"@type":"SearchAction","target":{"@type":"EntryPoint","urlTemplate":"https:\/\/www.edizioniterramarique.com\/?s={search_term_string}"},"query-input":{"@type":"PropertyValueSpecification","valueRequired":true,"valueName":"search_term_string"}}],"inLanguage":"en-GB"},{"@type":"Organization","@id":"https:\/\/www.edizioniterramarique.com\/#organization","name":"Edizioni Terra marique","url":"https:\/\/www.edizioniterramarique.com\/","logo":{"@type":"ImageObject","inLanguage":"en-GB","@id":"https:\/\/www.edizioniterramarique.com\/#\/schema\/logo\/image\/","url":"https:\/\/www.edizioniterramarique.com\/wp-content\/uploads\/2014\/02\/logo_web1.jpg","contentUrl":"https:\/\/www.edizioniterramarique.com\/wp-content\/uploads\/2014\/02\/logo_web1.jpg","width":200,"height":109,"caption":"Edizioni Terra marique"},"image":{"@id":"https:\/\/www.edizioniterramarique.com\/#\/schema\/logo\/image\/"}}]}},"_links":{"self":[{"href":"https:\/\/www.edizioniterramarique.com\/en\/wp-json\/wp\/v2\/product\/1268","targetHints":{"allow":["GET"]}}],"collection":[{"href":"https:\/\/www.edizioniterramarique.com\/en\/wp-json\/wp\/v2\/product"}],"about":[{"href":"https:\/\/www.edizioniterramarique.com\/en\/wp-json\/wp\/v2\/types\/product"}],"wp:featuredmedia":[{"embeddable":true,"href":"https:\/\/www.edizioniterramarique.com\/en\/wp-json\/wp\/v2\/media\/1269"}],"wp:attachment":[{"href":"https:\/\/www.edizioniterramarique.com\/en\/wp-json\/wp\/v2\/media?parent=1268"}],"wp:term":[{"taxonomy":"product_brand","embeddable":true,"href":"https:\/\/www.edizioniterramarique.com\/en\/wp-json\/wp\/v2\/product_brand?post=1268"},{"taxonomy":"product_cat","embeddable":true,"href":"https:\/\/www.edizioniterramarique.com\/en\/wp-json\/wp\/v2\/product_cat?post=1268"},{"taxonomy":"product_tag","embeddable":true,"href":"https:\/\/www.edizioniterramarique.com\/en\/wp-json\/wp\/v2\/product_tag?post=1268"}],"curies":[{"name":"wp","href":"https:\/\/api.w.org\/{rel}","templated":true}]}}