{"id":1096,"date":"2017-04-08T16:48:18","date_gmt":"2017-04-08T14:48:18","guid":{"rendered":"http:\/\/www.edizioniterramarique.com\/?post_type=product&#038;p=1096"},"modified":"2017-05-06T15:07:58","modified_gmt":"2017-05-06T13:07:58","slug":"la-scelta-curtis","status":"publish","type":"product","link":"https:\/\/www.edizioniterramarique.com\/en\/shop\/la-scelta-curtis\/","title":{"rendered":"La scelta di Curtis"},"content":{"rendered":"<p>Delft, Paesi Bassi, 1645<br \/>\nJan Steen, maestro d\u2019arte, sottoscrive con Reynier Vermeer, facoltoso mercante e padre del giovane Johannes, un accordo che risulter\u00e0 vantaggioso per entrambi: Steen far\u00e0 da maestro artigiano all\u2019apprendista pittore Johannes in cambio di denaro e della vendita al miglior offerente del \u201cRitratto di giovane donna con specchio\u201d, l\u2019opera pi\u00f9 ambita della sua produzione artistica.<br \/>\nL\u2019Aja, Paesi Bassi, 2014<br \/>\nCurtis De Vries insegna lingua italiana all\u2019universit\u00e0. La sua vita tranquilla e metodica viene scossa da un evento inatteso che lo porta ad affrontare un intreccio di avvenimenti di cui egli \u00e8 solo in parte consapevole.<br \/>\nQuando gli viene recapitato un pacco dal contenuto prezioso, egli \u00e8 posto di fronte a una scelta difficile, che determiner\u00e0 il suo avvenire e quello di Vivian, di cui \u00e8 perdutamente innamorato. Per decidere, dovr\u00e0 dare risposta a una serie di domande. Grazie all\u2019aiuto di Bett Wouters, allieva prediletta, Curtis sceglier\u00e0.<br \/>\nMa quale relazione esiste tra Jan Steen, pittore fiammingo del Seicento, e Curtis De Vries?<br \/>\n<div class=\"real3dflipbook\" id=\"6\" ><\/div><\/p>","protected":false},"excerpt":{"rendered":"<p>William Fantini<br \/>\nCollana Voci narranti<br \/>\nISBN 9788897712541<\/p>","protected":false},"featured_media":1097,"template":"","meta":[],"product_brand":[],"product_cat":[16],"product_tag":[],"class_list":{"0":"post-1096","1":"product","2":"type-product","3":"status-publish","4":"has-post-thumbnail","6":"product_cat-romanzi","8":"first","9":"instock","10":"shipping-taxable","11":"purchasable","12":"product-type-simple"},"yoast_head":"<!-- This site is optimized with the Yoast SEO plugin v26.9 - https:\/\/yoast.com\/product\/yoast-seo-wordpress\/ -->\n<title>La scelta di Curtis &#8226; Edizioni Terra marique<\/title>\n<meta name=\"robots\" content=\"index, follow, max-snippet:-1, max-image-preview:large, max-video-preview:-1\" \/>\n<link rel=\"canonical\" href=\"https:\/\/www.edizioniterramarique.com\/en\/shop\/la-scelta-curtis\/\" \/>\n<meta property=\"og:locale\" content=\"en_GB\" \/>\n<meta property=\"og:type\" content=\"article\" \/>\n<meta property=\"og:title\" content=\"La scelta di Curtis &#8226; Edizioni Terra marique\" \/>\n<meta property=\"og:description\" content=\"William Fantini Collana Voci narranti ISBN 9788897712541\" \/>\n<meta property=\"og:url\" content=\"https:\/\/www.edizioniterramarique.com\/en\/shop\/la-scelta-curtis\/\" \/>\n<meta property=\"og:site_name\" content=\"Edizioni Terra marique\" \/>\n<meta property=\"article:modified_time\" content=\"2017-05-06T13:07:58+00:00\" \/>\n<meta property=\"og:image\" content=\"https:\/\/www.edizioniterramarique.com\/wp-content\/uploads\/2017\/04\/COP_la_scelta_di_curtis-PER-SITO.jpg\" \/>\n\t<meta property=\"og:image:width\" content=\"200\" \/>\n\t<meta property=\"og:image:height\" content=\"288\" \/>\n\t<meta property=\"og:image:type\" content=\"image\/jpeg\" \/>\n<meta name=\"twitter:label1\" content=\"Estimated reading time\" \/>\n\t<meta name=\"twitter:data1\" content=\"1 minute\" \/>\n<script type=\"application\/ld+json\" class=\"yoast-schema-graph\">{\"@context\":\"https:\/\/schema.org\",\"@graph\":[{\"@type\":\"WebPage\",\"@id\":\"https:\/\/www.edizioniterramarique.com\/shop\/la-scelta-curtis\/\",\"url\":\"https:\/\/www.edizioniterramarique.com\/shop\/la-scelta-curtis\/\",\"name\":\"La scelta di Curtis &#8226; Edizioni Terra marique\",\"isPartOf\":{\"@id\":\"https:\/\/www.edizioniterramarique.com\/#website\"},\"primaryImageOfPage\":{\"@id\":\"https:\/\/www.edizioniterramarique.com\/shop\/la-scelta-curtis\/#primaryimage\"},\"image\":{\"@id\":\"https:\/\/www.edizioniterramarique.com\/shop\/la-scelta-curtis\/#primaryimage\"},\"thumbnailUrl\":\"https:\/\/www.edizioniterramarique.com\/wp-content\/uploads\/2017\/04\/COP_la_scelta_di_curtis-PER-SITO.jpg\",\"datePublished\":\"2017-04-08T14:48:18+00:00\",\"dateModified\":\"2017-05-06T13:07:58+00:00\",\"breadcrumb\":{\"@id\":\"https:\/\/www.edizioniterramarique.com\/shop\/la-scelta-curtis\/#breadcrumb\"},\"inLanguage\":\"en-GB\",\"potentialAction\":[{\"@type\":\"ReadAction\",\"target\":[\"https:\/\/www.edizioniterramarique.com\/shop\/la-scelta-curtis\/\"]}]},{\"@type\":\"ImageObject\",\"inLanguage\":\"en-GB\",\"@id\":\"https:\/\/www.edizioniterramarique.com\/shop\/la-scelta-curtis\/#primaryimage\",\"url\":\"https:\/\/www.edizioniterramarique.com\/wp-content\/uploads\/2017\/04\/COP_la_scelta_di_curtis-PER-SITO.jpg\",\"contentUrl\":\"https:\/\/www.edizioniterramarique.com\/wp-content\/uploads\/2017\/04\/COP_la_scelta_di_curtis-PER-SITO.jpg\",\"width\":200,\"height\":288},{\"@type\":\"BreadcrumbList\",\"@id\":\"https:\/\/www.edizioniterramarique.com\/shop\/la-scelta-curtis\/#breadcrumb\",\"itemListElement\":[{\"@type\":\"ListItem\",\"position\":1,\"name\":\"Home\",\"item\":\"https:\/\/www.edizioniterramarique.com\/\"},{\"@type\":\"ListItem\",\"position\":2,\"name\":\"Shop\",\"item\":\"https:\/\/www.edizioniterramarique.com\/\"},{\"@type\":\"ListItem\",\"position\":3,\"name\":\"La scelta di Curtis\"}]},{\"@type\":\"WebSite\",\"@id\":\"https:\/\/www.edizioniterramarique.com\/#website\",\"url\":\"https:\/\/www.edizioniterramarique.com\/\",\"name\":\"Edizioni Terra marique\",\"description\":\"Edizioni Terra marique\",\"publisher\":{\"@id\":\"https:\/\/www.edizioniterramarique.com\/#organization\"},\"potentialAction\":[{\"@type\":\"SearchAction\",\"target\":{\"@type\":\"EntryPoint\",\"urlTemplate\":\"https:\/\/www.edizioniterramarique.com\/?s={search_term_string}\"},\"query-input\":{\"@type\":\"PropertyValueSpecification\",\"valueRequired\":true,\"valueName\":\"search_term_string\"}}],\"inLanguage\":\"en-GB\"},{\"@type\":\"Organization\",\"@id\":\"https:\/\/www.edizioniterramarique.com\/#organization\",\"name\":\"Edizioni Terra marique\",\"url\":\"https:\/\/www.edizioniterramarique.com\/\",\"logo\":{\"@type\":\"ImageObject\",\"inLanguage\":\"en-GB\",\"@id\":\"https:\/\/www.edizioniterramarique.com\/#\/schema\/logo\/image\/\",\"url\":\"https:\/\/www.edizioniterramarique.com\/wp-content\/uploads\/2014\/02\/logo_web1.jpg\",\"contentUrl\":\"https:\/\/www.edizioniterramarique.com\/wp-content\/uploads\/2014\/02\/logo_web1.jpg\",\"width\":200,\"height\":109,\"caption\":\"Edizioni Terra marique\"},\"image\":{\"@id\":\"https:\/\/www.edizioniterramarique.com\/#\/schema\/logo\/image\/\"}}]}<\/script>\n<!-- \/ Yoast SEO plugin. -->","yoast_head_json":{"title":"La scelta di Curtis &#8226; Edizioni Terra marique","robots":{"index":"index","follow":"follow","max-snippet":"max-snippet:-1","max-image-preview":"max-image-preview:large","max-video-preview":"max-video-preview:-1"},"canonical":"https:\/\/www.edizioniterramarique.com\/en\/shop\/la-scelta-curtis\/","og_locale":"en_GB","og_type":"article","og_title":"La scelta di Curtis &#8226; Edizioni Terra marique","og_description":"William Fantini Collana Voci narranti ISBN 9788897712541","og_url":"https:\/\/www.edizioniterramarique.com\/en\/shop\/la-scelta-curtis\/","og_site_name":"Edizioni Terra marique","article_modified_time":"2017-05-06T13:07:58+00:00","og_image":[{"width":200,"height":288,"url":"https:\/\/www.edizioniterramarique.com\/wp-content\/uploads\/2017\/04\/COP_la_scelta_di_curtis-PER-SITO.jpg","type":"image\/jpeg"}],"twitter_misc":{"Estimated reading time":"1 minute"},"schema":{"@context":"https:\/\/schema.org","@graph":[{"@type":"WebPage","@id":"https:\/\/www.edizioniterramarique.com\/shop\/la-scelta-curtis\/","url":"https:\/\/www.edizioniterramarique.com\/shop\/la-scelta-curtis\/","name":"La scelta di Curtis &#8226; Edizioni Terra marique","isPartOf":{"@id":"https:\/\/www.edizioniterramarique.com\/#website"},"primaryImageOfPage":{"@id":"https:\/\/www.edizioniterramarique.com\/shop\/la-scelta-curtis\/#primaryimage"},"image":{"@id":"https:\/\/www.edizioniterramarique.com\/shop\/la-scelta-curtis\/#primaryimage"},"thumbnailUrl":"https:\/\/www.edizioniterramarique.com\/wp-content\/uploads\/2017\/04\/COP_la_scelta_di_curtis-PER-SITO.jpg","datePublished":"2017-04-08T14:48:18+00:00","dateModified":"2017-05-06T13:07:58+00:00","breadcrumb":{"@id":"https:\/\/www.edizioniterramarique.com\/shop\/la-scelta-curtis\/#breadcrumb"},"inLanguage":"en-GB","potentialAction":[{"@type":"ReadAction","target":["https:\/\/www.edizioniterramarique.com\/shop\/la-scelta-curtis\/"]}]},{"@type":"ImageObject","inLanguage":"en-GB","@id":"https:\/\/www.edizioniterramarique.com\/shop\/la-scelta-curtis\/#primaryimage","url":"https:\/\/www.edizioniterramarique.com\/wp-content\/uploads\/2017\/04\/COP_la_scelta_di_curtis-PER-SITO.jpg","contentUrl":"https:\/\/www.edizioniterramarique.com\/wp-content\/uploads\/2017\/04\/COP_la_scelta_di_curtis-PER-SITO.jpg","width":200,"height":288},{"@type":"BreadcrumbList","@id":"https:\/\/www.edizioniterramarique.com\/shop\/la-scelta-curtis\/#breadcrumb","itemListElement":[{"@type":"ListItem","position":1,"name":"Home","item":"https:\/\/www.edizioniterramarique.com\/"},{"@type":"ListItem","position":2,"name":"Shop","item":"https:\/\/www.edizioniterramarique.com\/"},{"@type":"ListItem","position":3,"name":"La scelta di Curtis"}]},{"@type":"WebSite","@id":"https:\/\/www.edizioniterramarique.com\/#website","url":"https:\/\/www.edizioniterramarique.com\/","name":"Edizioni Terra marique","description":"Edizioni Terra marique","publisher":{"@id":"https:\/\/www.edizioniterramarique.com\/#organization"},"potentialAction":[{"@type":"SearchAction","target":{"@type":"EntryPoint","urlTemplate":"https:\/\/www.edizioniterramarique.com\/?s={search_term_string}"},"query-input":{"@type":"PropertyValueSpecification","valueRequired":true,"valueName":"search_term_string"}}],"inLanguage":"en-GB"},{"@type":"Organization","@id":"https:\/\/www.edizioniterramarique.com\/#organization","name":"Edizioni Terra marique","url":"https:\/\/www.edizioniterramarique.com\/","logo":{"@type":"ImageObject","inLanguage":"en-GB","@id":"https:\/\/www.edizioniterramarique.com\/#\/schema\/logo\/image\/","url":"https:\/\/www.edizioniterramarique.com\/wp-content\/uploads\/2014\/02\/logo_web1.jpg","contentUrl":"https:\/\/www.edizioniterramarique.com\/wp-content\/uploads\/2014\/02\/logo_web1.jpg","width":200,"height":109,"caption":"Edizioni Terra marique"},"image":{"@id":"https:\/\/www.edizioniterramarique.com\/#\/schema\/logo\/image\/"}}]}},"_links":{"self":[{"href":"https:\/\/www.edizioniterramarique.com\/en\/wp-json\/wp\/v2\/product\/1096","targetHints":{"allow":["GET"]}}],"collection":[{"href":"https:\/\/www.edizioniterramarique.com\/en\/wp-json\/wp\/v2\/product"}],"about":[{"href":"https:\/\/www.edizioniterramarique.com\/en\/wp-json\/wp\/v2\/types\/product"}],"wp:featuredmedia":[{"embeddable":true,"href":"https:\/\/www.edizioniterramarique.com\/en\/wp-json\/wp\/v2\/media\/1097"}],"wp:attachment":[{"href":"https:\/\/www.edizioniterramarique.com\/en\/wp-json\/wp\/v2\/media?parent=1096"}],"wp:term":[{"taxonomy":"product_brand","embeddable":true,"href":"https:\/\/www.edizioniterramarique.com\/en\/wp-json\/wp\/v2\/product_brand?post=1096"},{"taxonomy":"product_cat","embeddable":true,"href":"https:\/\/www.edizioniterramarique.com\/en\/wp-json\/wp\/v2\/product_cat?post=1096"},{"taxonomy":"product_tag","embeddable":true,"href":"https:\/\/www.edizioniterramarique.com\/en\/wp-json\/wp\/v2\/product_tag?post=1096"}],"curies":[{"name":"wp","href":"https:\/\/api.w.org\/{rel}","templated":true}]}}