{"id":1041,"date":"2016-01-15T20:45:16","date_gmt":"2016-01-15T19:45:16","guid":{"rendered":"http:\/\/www.edizioniterramarique.com\/?post_type=product&#038;p=1041"},"modified":"2016-12-21T20:46:36","modified_gmt":"2016-12-21T19:46:36","slug":"america","status":"publish","type":"product","link":"https:\/\/www.edizioniterramarique.com\/en\/shop\/america\/","title":{"rendered":"AmErica"},"content":{"rendered":"<p>Questa raccolta doveva intitolarsi \u201cConversando con lo specchio\u201d, ma poi ho deciso di dedicarla alla donna della mia vita, oltre che al Nuovo Mondo \u2013 il che per me \u00e8 un po\u2019 la stessa cosa: lei \u00e8 il mio Nuovo Mondo, l\u2019AmErica \u2013 per risultare meno criptico e pi\u00f9 beatamente ingenuo. Quello che, nella sostanza, sono.<br \/>\nIl mio libro racchiude ed esprime non solo alcuni episodi importanti della mia vita, ma anche un\u2019anima incoerente, tanto serena quanto conflittuale, tanto dolce quanto lucida e crudele.<br \/>\nIo stesso mi sorprendo di ci\u00f2 che riesco a scrivere, perch\u00e9, nonostante la mia fama di logorroico, non sarei mai in grado di parlare nello stesso modo di persona: qui sta il segreto della scrittura, e forse anche la sua ragione d\u2019essere.<br \/>\nSono convinto da sempre che scrivere significhi raccontarsi con tutta la forza, la grinta, l\u2019amore, la disperazione, la gioia e la fantasia possibili, senza imbottirsi di retorica o di immagini troppo consuete, chiamate ad assecondare l\u2019immaginario \u201cpoetico\u201d del pubblico.<br \/>\nNon fraintendetemi, non mi azzardo neppure a mettere in discussione gente che ha immagazzinato in capoccia l\u2019Arte mille volte meglio del sottoscritto, ma rimane il fatto che per me scrivere \u00e8 una liberazione, \u00e8 una scalinata stretta e impervia che porta all\u2019estasi, forse persino a un qualche barlume di felicit\u00e0.<br \/>\nScrivere, per me, non significa rimirarsi l\u2019ombelico, e neppure tentare di dimostrare capacit\u00e0 e talenti che non possiedo, ma \u00e8 eros allo stato puro, \u00e8 sangue, saliva e occhi sgranati.<br \/>\n\u00c8 la vita stessa, e quindi non me la sento proprio di ridimensionarne il valore: la mia scrittura, a prescindere dalla sua qualit\u00e0, vuole essere una lente di ingrandimento che vede dentro di me e che prova a decifrare gli altri.<br \/>\n<strong>Francesco Buffoli<\/strong><\/p>","protected":false},"excerpt":{"rendered":"<p>Collana Voci narranti<\/p>","protected":false},"featured_media":809,"template":"","meta":[],"product_brand":[],"product_cat":[13],"product_tag":[],"class_list":{"0":"post-1041","1":"product","2":"type-product","3":"status-publish","4":"has-post-thumbnail","6":"product_cat-raccolte-poesie","8":"first","9":"instock","10":"shipping-taxable","11":"purchasable","12":"product-type-simple"},"yoast_head":"<!-- This site is optimized with the Yoast SEO plugin v26.9 - https:\/\/yoast.com\/product\/yoast-seo-wordpress\/ -->\n<title>AmErica &#8226; Edizioni Terra marique<\/title>\n<meta name=\"robots\" content=\"index, follow, max-snippet:-1, max-image-preview:large, max-video-preview:-1\" \/>\n<link rel=\"canonical\" href=\"https:\/\/www.edizioniterramarique.com\/en\/shop\/america\/\" \/>\n<meta property=\"og:locale\" content=\"en_GB\" \/>\n<meta property=\"og:type\" content=\"article\" \/>\n<meta property=\"og:title\" content=\"AmErica &#8226; Edizioni Terra marique\" \/>\n<meta property=\"og:description\" content=\"Collana Voci narranti\" \/>\n<meta property=\"og:url\" content=\"https:\/\/www.edizioniterramarique.com\/en\/shop\/america\/\" \/>\n<meta property=\"og:site_name\" content=\"Edizioni Terra marique\" \/>\n<meta property=\"article:modified_time\" content=\"2016-12-21T19:46:36+00:00\" \/>\n<meta property=\"og:image\" content=\"https:\/\/www.edizioniterramarique.com\/wp-content\/uploads\/2016\/01\/COPERTINA-AMERICA-PER-SITO.jpg\" \/>\n\t<meta property=\"og:image:width\" content=\"200\" \/>\n\t<meta property=\"og:image:height\" content=\"245\" \/>\n\t<meta property=\"og:image:type\" content=\"image\/jpeg\" \/>\n<meta name=\"twitter:label1\" content=\"Estimated reading time\" \/>\n\t<meta name=\"twitter:data1\" content=\"1 minute\" \/>\n<script type=\"application\/ld+json\" class=\"yoast-schema-graph\">{\"@context\":\"https:\/\/schema.org\",\"@graph\":[{\"@type\":\"WebPage\",\"@id\":\"https:\/\/www.edizioniterramarique.com\/shop\/america\/\",\"url\":\"https:\/\/www.edizioniterramarique.com\/shop\/america\/\",\"name\":\"AmErica &#8226; Edizioni Terra marique\",\"isPartOf\":{\"@id\":\"https:\/\/www.edizioniterramarique.com\/#website\"},\"primaryImageOfPage\":{\"@id\":\"https:\/\/www.edizioniterramarique.com\/shop\/america\/#primaryimage\"},\"image\":{\"@id\":\"https:\/\/www.edizioniterramarique.com\/shop\/america\/#primaryimage\"},\"thumbnailUrl\":\"https:\/\/www.edizioniterramarique.com\/wp-content\/uploads\/2016\/01\/COPERTINA-AMERICA-PER-SITO.jpg\",\"datePublished\":\"2016-01-15T19:45:16+00:00\",\"dateModified\":\"2016-12-21T19:46:36+00:00\",\"breadcrumb\":{\"@id\":\"https:\/\/www.edizioniterramarique.com\/shop\/america\/#breadcrumb\"},\"inLanguage\":\"en-GB\",\"potentialAction\":[{\"@type\":\"ReadAction\",\"target\":[\"https:\/\/www.edizioniterramarique.com\/shop\/america\/\"]}]},{\"@type\":\"ImageObject\",\"inLanguage\":\"en-GB\",\"@id\":\"https:\/\/www.edizioniterramarique.com\/shop\/america\/#primaryimage\",\"url\":\"https:\/\/www.edizioniterramarique.com\/wp-content\/uploads\/2016\/01\/COPERTINA-AMERICA-PER-SITO.jpg\",\"contentUrl\":\"https:\/\/www.edizioniterramarique.com\/wp-content\/uploads\/2016\/01\/COPERTINA-AMERICA-PER-SITO.jpg\",\"width\":200,\"height\":245},{\"@type\":\"BreadcrumbList\",\"@id\":\"https:\/\/www.edizioniterramarique.com\/shop\/america\/#breadcrumb\",\"itemListElement\":[{\"@type\":\"ListItem\",\"position\":1,\"name\":\"Home\",\"item\":\"https:\/\/www.edizioniterramarique.com\/\"},{\"@type\":\"ListItem\",\"position\":2,\"name\":\"Shop\",\"item\":\"https:\/\/www.edizioniterramarique.com\/\"},{\"@type\":\"ListItem\",\"position\":3,\"name\":\"AmErica\"}]},{\"@type\":\"WebSite\",\"@id\":\"https:\/\/www.edizioniterramarique.com\/#website\",\"url\":\"https:\/\/www.edizioniterramarique.com\/\",\"name\":\"Edizioni Terra marique\",\"description\":\"Edizioni Terra marique\",\"publisher\":{\"@id\":\"https:\/\/www.edizioniterramarique.com\/#organization\"},\"potentialAction\":[{\"@type\":\"SearchAction\",\"target\":{\"@type\":\"EntryPoint\",\"urlTemplate\":\"https:\/\/www.edizioniterramarique.com\/?s={search_term_string}\"},\"query-input\":{\"@type\":\"PropertyValueSpecification\",\"valueRequired\":true,\"valueName\":\"search_term_string\"}}],\"inLanguage\":\"en-GB\"},{\"@type\":\"Organization\",\"@id\":\"https:\/\/www.edizioniterramarique.com\/#organization\",\"name\":\"Edizioni Terra marique\",\"url\":\"https:\/\/www.edizioniterramarique.com\/\",\"logo\":{\"@type\":\"ImageObject\",\"inLanguage\":\"en-GB\",\"@id\":\"https:\/\/www.edizioniterramarique.com\/#\/schema\/logo\/image\/\",\"url\":\"https:\/\/www.edizioniterramarique.com\/wp-content\/uploads\/2014\/02\/logo_web1.jpg\",\"contentUrl\":\"https:\/\/www.edizioniterramarique.com\/wp-content\/uploads\/2014\/02\/logo_web1.jpg\",\"width\":200,\"height\":109,\"caption\":\"Edizioni Terra marique\"},\"image\":{\"@id\":\"https:\/\/www.edizioniterramarique.com\/#\/schema\/logo\/image\/\"}}]}<\/script>\n<!-- \/ Yoast SEO plugin. -->","yoast_head_json":{"title":"AmErica &#8226; Edizioni Terra marique","robots":{"index":"index","follow":"follow","max-snippet":"max-snippet:-1","max-image-preview":"max-image-preview:large","max-video-preview":"max-video-preview:-1"},"canonical":"https:\/\/www.edizioniterramarique.com\/en\/shop\/america\/","og_locale":"en_GB","og_type":"article","og_title":"AmErica &#8226; Edizioni Terra marique","og_description":"Collana Voci narranti","og_url":"https:\/\/www.edizioniterramarique.com\/en\/shop\/america\/","og_site_name":"Edizioni Terra marique","article_modified_time":"2016-12-21T19:46:36+00:00","og_image":[{"width":200,"height":245,"url":"https:\/\/www.edizioniterramarique.com\/wp-content\/uploads\/2016\/01\/COPERTINA-AMERICA-PER-SITO.jpg","type":"image\/jpeg"}],"twitter_misc":{"Estimated reading time":"1 minute"},"schema":{"@context":"https:\/\/schema.org","@graph":[{"@type":"WebPage","@id":"https:\/\/www.edizioniterramarique.com\/shop\/america\/","url":"https:\/\/www.edizioniterramarique.com\/shop\/america\/","name":"AmErica &#8226; Edizioni Terra marique","isPartOf":{"@id":"https:\/\/www.edizioniterramarique.com\/#website"},"primaryImageOfPage":{"@id":"https:\/\/www.edizioniterramarique.com\/shop\/america\/#primaryimage"},"image":{"@id":"https:\/\/www.edizioniterramarique.com\/shop\/america\/#primaryimage"},"thumbnailUrl":"https:\/\/www.edizioniterramarique.com\/wp-content\/uploads\/2016\/01\/COPERTINA-AMERICA-PER-SITO.jpg","datePublished":"2016-01-15T19:45:16+00:00","dateModified":"2016-12-21T19:46:36+00:00","breadcrumb":{"@id":"https:\/\/www.edizioniterramarique.com\/shop\/america\/#breadcrumb"},"inLanguage":"en-GB","potentialAction":[{"@type":"ReadAction","target":["https:\/\/www.edizioniterramarique.com\/shop\/america\/"]}]},{"@type":"ImageObject","inLanguage":"en-GB","@id":"https:\/\/www.edizioniterramarique.com\/shop\/america\/#primaryimage","url":"https:\/\/www.edizioniterramarique.com\/wp-content\/uploads\/2016\/01\/COPERTINA-AMERICA-PER-SITO.jpg","contentUrl":"https:\/\/www.edizioniterramarique.com\/wp-content\/uploads\/2016\/01\/COPERTINA-AMERICA-PER-SITO.jpg","width":200,"height":245},{"@type":"BreadcrumbList","@id":"https:\/\/www.edizioniterramarique.com\/shop\/america\/#breadcrumb","itemListElement":[{"@type":"ListItem","position":1,"name":"Home","item":"https:\/\/www.edizioniterramarique.com\/"},{"@type":"ListItem","position":2,"name":"Shop","item":"https:\/\/www.edizioniterramarique.com\/"},{"@type":"ListItem","position":3,"name":"AmErica"}]},{"@type":"WebSite","@id":"https:\/\/www.edizioniterramarique.com\/#website","url":"https:\/\/www.edizioniterramarique.com\/","name":"Edizioni Terra marique","description":"Edizioni Terra marique","publisher":{"@id":"https:\/\/www.edizioniterramarique.com\/#organization"},"potentialAction":[{"@type":"SearchAction","target":{"@type":"EntryPoint","urlTemplate":"https:\/\/www.edizioniterramarique.com\/?s={search_term_string}"},"query-input":{"@type":"PropertyValueSpecification","valueRequired":true,"valueName":"search_term_string"}}],"inLanguage":"en-GB"},{"@type":"Organization","@id":"https:\/\/www.edizioniterramarique.com\/#organization","name":"Edizioni Terra marique","url":"https:\/\/www.edizioniterramarique.com\/","logo":{"@type":"ImageObject","inLanguage":"en-GB","@id":"https:\/\/www.edizioniterramarique.com\/#\/schema\/logo\/image\/","url":"https:\/\/www.edizioniterramarique.com\/wp-content\/uploads\/2014\/02\/logo_web1.jpg","contentUrl":"https:\/\/www.edizioniterramarique.com\/wp-content\/uploads\/2014\/02\/logo_web1.jpg","width":200,"height":109,"caption":"Edizioni Terra marique"},"image":{"@id":"https:\/\/www.edizioniterramarique.com\/#\/schema\/logo\/image\/"}}]}},"_links":{"self":[{"href":"https:\/\/www.edizioniterramarique.com\/en\/wp-json\/wp\/v2\/product\/1041","targetHints":{"allow":["GET"]}}],"collection":[{"href":"https:\/\/www.edizioniterramarique.com\/en\/wp-json\/wp\/v2\/product"}],"about":[{"href":"https:\/\/www.edizioniterramarique.com\/en\/wp-json\/wp\/v2\/types\/product"}],"wp:featuredmedia":[{"embeddable":true,"href":"https:\/\/www.edizioniterramarique.com\/en\/wp-json\/wp\/v2\/media\/809"}],"wp:attachment":[{"href":"https:\/\/www.edizioniterramarique.com\/en\/wp-json\/wp\/v2\/media?parent=1041"}],"wp:term":[{"taxonomy":"product_brand","embeddable":true,"href":"https:\/\/www.edizioniterramarique.com\/en\/wp-json\/wp\/v2\/product_brand?post=1041"},{"taxonomy":"product_cat","embeddable":true,"href":"https:\/\/www.edizioniterramarique.com\/en\/wp-json\/wp\/v2\/product_cat?post=1041"},{"taxonomy":"product_tag","embeddable":true,"href":"https:\/\/www.edizioniterramarique.com\/en\/wp-json\/wp\/v2\/product_tag?post=1041"}],"curies":[{"name":"wp","href":"https:\/\/api.w.org\/{rel}","templated":true}]}}