{"id":44,"date":"2014-02-10T21:47:46","date_gmt":"2014-02-10T20:47:46","guid":{"rendered":"http:\/\/www.edizioniterramarique.com\/?page_id=44"},"modified":"2019-04-19T23:38:48","modified_gmt":"2019-04-19T21:38:48","slug":"correzione-bozze","status":"publish","type":"page","link":"https:\/\/www.edizioniterramarique.com\/en\/servizi-editoriali\/correzione-bozze\/","title":{"rendered":"Correzione bozze"},"content":{"rendered":"<figure class=\"wp-block-image is-resized\"><img loading=\"lazy\" decoding=\"async\" src=\"https:\/\/www.edizioniterramarique.com\/wp-content\/uploads\/2019\/04\/IMMAGINE-CORREZIONE-BOZZE-PER-TM-4.jpg\" alt=\"Immagine correzione bozze\" class=\"wp-image-1526\" width=\"505\" height=\"245\" srcset=\"https:\/\/www.edizioniterramarique.com\/wp-content\/uploads\/2019\/04\/IMMAGINE-CORREZIONE-BOZZE-PER-TM-4.jpg 700w, https:\/\/www.edizioniterramarique.com\/wp-content\/uploads\/2019\/04\/IMMAGINE-CORREZIONE-BOZZE-PER-TM-4-412x200.jpg 412w, https:\/\/www.edizioniterramarique.com\/wp-content\/uploads\/2019\/04\/IMMAGINE-CORREZIONE-BOZZE-PER-TM-4-618x300.jpg 618w, https:\/\/www.edizioniterramarique.com\/wp-content\/uploads\/2019\/04\/IMMAGINE-CORREZIONE-BOZZE-PER-TM-4-416x202.jpg 416w\" sizes=\"auto, (max-width: 505px) 100vw, 505px\" \/><figcaption>Correzione bozze<\/figcaption><\/figure>\n\n\n\n<h2 class=\"wp-block-heading\">La correzione bozze \u00e8 fondamentale<\/h2>\n\n\n\n<p>I procedimenti che si inseriscono tra la stesura di un testo e la stampa sono complessi e articolati: nulla di ci\u00f2 che rimarr\u00e0 impresso sul foglio stampato pu\u00f2 essere lasciato al caso. <br>Imperfezioni<br>accenti mancanti<br>spazi sovrabbondanti tra le parole<br>incoerenza nella scelta di maiuscole e minuscole<br>punteggiatura sbagliata<br>danno al lettore l&#8217;idea di un testo poco curato, che a ben vedere risulter\u00e0 sminuito anche nei contenuti.<\/p>\n\n\n\n<h2 class=\"wp-block-heading\">Cosa fa un correttore bozze?<\/h2>\n\n\n\n<p>Pulisce il testo da tutte le imperfezioni che sfuggono a un occhio poco esperto, ma che alla lunga danneggiano il testo. <br>Il correttore di bozze non \u00e8 solo un cacciatore di errori, ma \u00e8 anche e soprattutto un curatore di forme e contenuti: &#8211; controlla che l&#8217;accento di una parola straniera sia messo nel posto giusto<br>&#8211; prima ancora si accerta che l&#8217;autore non si sia sbagliato nell&#8217;uso di un particolare termine, soprattutto se di uso limitato nella lingua corrente<br>Gli strumenti del correttore di bozze sono i vocabolari (italiano e stranieri) e una penna rossa. <br>Niente deve sfuggire al suo occhio attento, lavorando continuamente tra correzioni grammaticali, semantiche, sintattiche, grafiche e ortografiche, nel rispetto delle intenzioni espressive dell&#8217;autore.<\/p>\n\n\n\n<h2 class=\"wp-block-heading\">Perch\u00e9 affidarsi a un correttore bozze?<\/h2>\n\n\n\n<p>All&#8217;autore, nella rilettura del proprio testo, sfuggono moltissimi errori, per il fatto che l&#8217;occhio scorre rapido su parole e frasi gi\u00e0 note, conosciute quasi a memoria. <br>E&#8217; bene quindi affidare il proprio testo a un correttore esperto che, a differenza di un lettore normale, \u00e8 un infallibile cacciatore di imperfezioni e un valido risolutore di problemi di sintassi.<br>Risolti questi ultimi, il testo scorrer\u00e0 libero da costruzioni tortuose.<\/p>\n\n\n\n<h2 class=\"wp-block-heading\">Perch\u00e9 affidarsi a <a href=\"http:\/\/www.progettolibro.it\"><strong>ProgettoLibro<\/strong><\/a>?<\/h2>\n\n\n\n<div class=\"wp-block-image\"><figure class=\"alignleft is-resized\"><img loading=\"lazy\" decoding=\"async\" src=\"https:\/\/www.edizioniterramarique.com\/wp-content\/uploads\/2019\/04\/logoPL-small.png\" alt=\"Immagine Logo ProgettoLibro\" class=\"wp-image-1584\" width=\"200\" height=\"200\"\/><figcaption><a href=\"http:\/\/www.progettolibro.it\"><strong>ProgettoLibro<\/strong><\/a><\/figcaption><\/figure><\/div>\n\n\n\n<p>Se \u00e8 bene affidare il proprio testo a un correttore esperto, \u00e8 un&#8217;idea altrettanto valida rivolgersi a chi lo fa di mestiere, da anni, e fa parte di una redazione esperta.<br>Se hai un testo, una tesi di laurea, una brochure da sistemare, oppure un romanzo o una raccolta di racconti e hai bisogno di un servizio di<a href=\"https:\/\/www.edizioniterramarique.com\/en\/servizi-editoriali\/correzione-bozze\/\"><strong> <\/strong><\/a><strong><a href=\"https:\/\/www.progettolibro.it\/metodo-editing-e-correzione-bozze\/\">correzione bozze<\/a><\/strong> puntuale,  per informazioni contatta il <strong>nostro principale<\/strong> <strong>partner<\/strong>:<br><a href=\"\/en\/info@progettolibro.it\/\">info@progettolibro.it<\/a><br><br>Esperienza e professionalit\u00e0 saranno messe al servizio del tuo testo, che andr\u00e0 in stampa perfetto, privo di errori e imprecisioni.<\/p>","protected":false},"excerpt":{"rendered":"<p>La correzione bozze \u00e8 fondamentale I procedimenti che si inseriscono tra la stesura di un testo e la stampa sono complessi e articolati: nulla di ci\u00f2 che rimarr\u00e0 impresso sul foglio stampato pu\u00f2 essere lasciato al caso. Imperfezioniaccenti mancantispazi sovrabbondanti tra le paroleincoerenza nella scelta di maiuscole e minuscolepunteggiatura sbagliatadanno al lettore l&#8217;idea di un [&hellip;]<\/p>","protected":false},"author":1,"featured_media":0,"parent":38,"menu_order":0,"comment_status":"closed","ping_status":"open","template":"","meta":{"footnotes":""},"class_list":["post-44","page","type-page","status-publish","hentry"],"yoast_head":"<!-- This site is optimized with the Yoast SEO plugin v26.9 - https:\/\/yoast.com\/product\/yoast-seo-wordpress\/ -->\n<title>correzione bozze - Edizioni Terra marique - casa editrice<\/title>\n<meta name=\"description\" content=\"Correzione bozze: un servizio rapido e puntuale a opera di uno dei nostri professionisti. Inviaci il tuo manoscritto per info sul servizio\" \/>\n<meta name=\"robots\" content=\"index, follow, max-snippet:-1, max-image-preview:large, max-video-preview:-1\" \/>\n<link rel=\"canonical\" href=\"https:\/\/www.edizioniterramarique.com\/en\/servizi-editoriali\/correzione-bozze\/\" \/>\n<meta property=\"og:locale\" content=\"en_GB\" \/>\n<meta property=\"og:type\" content=\"article\" \/>\n<meta property=\"og:title\" content=\"correzione bozze - Edizioni Terra marique - casa editrice\" \/>\n<meta property=\"og:description\" content=\"Correzione bozze: un servizio rapido e puntuale a opera di uno dei nostri professionisti. Inviaci il tuo manoscritto per info sul servizio\" \/>\n<meta property=\"og:url\" content=\"https:\/\/www.edizioniterramarique.com\/en\/servizi-editoriali\/correzione-bozze\/\" \/>\n<meta property=\"og:site_name\" content=\"Edizioni Terra marique\" \/>\n<meta property=\"article:modified_time\" content=\"2019-04-19T21:38:48+00:00\" \/>\n<meta property=\"og:image\" content=\"https:\/\/www.edizioniterramarique.com\/wp-content\/uploads\/2019\/04\/IMMAGINE-CORREZIONE-BOZZE-PER-TM-4.jpg\" \/>\n<meta name=\"twitter:label1\" content=\"Estimated reading time\" \/>\n\t<meta name=\"twitter:data1\" content=\"2 minutes\" \/>\n<script type=\"application\/ld+json\" class=\"yoast-schema-graph\">{\"@context\":\"https:\/\/schema.org\",\"@graph\":[{\"@type\":\"WebPage\",\"@id\":\"https:\/\/www.edizioniterramarique.com\/servizi-editoriali\/correzione-bozze\/\",\"url\":\"https:\/\/www.edizioniterramarique.com\/servizi-editoriali\/correzione-bozze\/\",\"name\":\"correzione bozze - Edizioni Terra marique - casa editrice\",\"isPartOf\":{\"@id\":\"https:\/\/www.edizioniterramarique.com\/#website\"},\"primaryImageOfPage\":{\"@id\":\"https:\/\/www.edizioniterramarique.com\/servizi-editoriali\/correzione-bozze\/#primaryimage\"},\"image\":{\"@id\":\"https:\/\/www.edizioniterramarique.com\/servizi-editoriali\/correzione-bozze\/#primaryimage\"},\"thumbnailUrl\":\"https:\/\/www.edizioniterramarique.com\/wp-content\/uploads\/2019\/04\/IMMAGINE-CORREZIONE-BOZZE-PER-TM-4.jpg\",\"datePublished\":\"2014-02-10T20:47:46+00:00\",\"dateModified\":\"2019-04-19T21:38:48+00:00\",\"description\":\"Correzione bozze: un servizio rapido e puntuale a opera di uno dei nostri professionisti. Inviaci il tuo manoscritto per info sul servizio\",\"breadcrumb\":{\"@id\":\"https:\/\/www.edizioniterramarique.com\/servizi-editoriali\/correzione-bozze\/#breadcrumb\"},\"inLanguage\":\"en-GB\",\"potentialAction\":[{\"@type\":\"ReadAction\",\"target\":[\"https:\/\/www.edizioniterramarique.com\/servizi-editoriali\/correzione-bozze\/\"]}]},{\"@type\":\"ImageObject\",\"inLanguage\":\"en-GB\",\"@id\":\"https:\/\/www.edizioniterramarique.com\/servizi-editoriali\/correzione-bozze\/#primaryimage\",\"url\":\"https:\/\/www.edizioniterramarique.com\/wp-content\/uploads\/2019\/04\/IMMAGINE-CORREZIONE-BOZZE-PER-TM-4.jpg\",\"contentUrl\":\"https:\/\/www.edizioniterramarique.com\/wp-content\/uploads\/2019\/04\/IMMAGINE-CORREZIONE-BOZZE-PER-TM-4.jpg\"},{\"@type\":\"BreadcrumbList\",\"@id\":\"https:\/\/www.edizioniterramarique.com\/servizi-editoriali\/correzione-bozze\/#breadcrumb\",\"itemListElement\":[{\"@type\":\"ListItem\",\"position\":1,\"name\":\"Home\",\"item\":\"https:\/\/www.edizioniterramarique.com\/\"},{\"@type\":\"ListItem\",\"position\":2,\"name\":\"Servizi editoriali\",\"item\":\"https:\/\/www.edizioniterramarique.com\/servizi-editoriali\/\"},{\"@type\":\"ListItem\",\"position\":3,\"name\":\"Correzione bozze\"}]},{\"@type\":\"WebSite\",\"@id\":\"https:\/\/www.edizioniterramarique.com\/#website\",\"url\":\"https:\/\/www.edizioniterramarique.com\/\",\"name\":\"Edizioni Terra marique\",\"description\":\"Edizioni Terra marique\",\"publisher\":{\"@id\":\"https:\/\/www.edizioniterramarique.com\/#organization\"},\"potentialAction\":[{\"@type\":\"SearchAction\",\"target\":{\"@type\":\"EntryPoint\",\"urlTemplate\":\"https:\/\/www.edizioniterramarique.com\/?s={search_term_string}\"},\"query-input\":{\"@type\":\"PropertyValueSpecification\",\"valueRequired\":true,\"valueName\":\"search_term_string\"}}],\"inLanguage\":\"en-GB\"},{\"@type\":\"Organization\",\"@id\":\"https:\/\/www.edizioniterramarique.com\/#organization\",\"name\":\"Edizioni Terra marique\",\"url\":\"https:\/\/www.edizioniterramarique.com\/\",\"logo\":{\"@type\":\"ImageObject\",\"inLanguage\":\"en-GB\",\"@id\":\"https:\/\/www.edizioniterramarique.com\/#\/schema\/logo\/image\/\",\"url\":\"https:\/\/www.edizioniterramarique.com\/wp-content\/uploads\/2014\/02\/logo_web1.jpg\",\"contentUrl\":\"https:\/\/www.edizioniterramarique.com\/wp-content\/uploads\/2014\/02\/logo_web1.jpg\",\"width\":200,\"height\":109,\"caption\":\"Edizioni Terra marique\"},\"image\":{\"@id\":\"https:\/\/www.edizioniterramarique.com\/#\/schema\/logo\/image\/\"}}]}<\/script>\n<!-- \/ Yoast SEO plugin. -->","yoast_head_json":{"title":"correzione bozze - Edizioni Terra marique - casa editrice","description":"Correzione bozze: un servizio rapido e puntuale a opera di uno dei nostri professionisti. Inviaci il tuo manoscritto per info sul servizio","robots":{"index":"index","follow":"follow","max-snippet":"max-snippet:-1","max-image-preview":"max-image-preview:large","max-video-preview":"max-video-preview:-1"},"canonical":"https:\/\/www.edizioniterramarique.com\/en\/servizi-editoriali\/correzione-bozze\/","og_locale":"en_GB","og_type":"article","og_title":"correzione bozze - Edizioni Terra marique - casa editrice","og_description":"Correzione bozze: un servizio rapido e puntuale a opera di uno dei nostri professionisti. Inviaci il tuo manoscritto per info sul servizio","og_url":"https:\/\/www.edizioniterramarique.com\/en\/servizi-editoriali\/correzione-bozze\/","og_site_name":"Edizioni Terra marique","article_modified_time":"2019-04-19T21:38:48+00:00","og_image":[{"url":"https:\/\/www.edizioniterramarique.com\/wp-content\/uploads\/2019\/04\/IMMAGINE-CORREZIONE-BOZZE-PER-TM-4.jpg","type":"","width":"","height":""}],"twitter_misc":{"Estimated reading time":"2 minutes"},"schema":{"@context":"https:\/\/schema.org","@graph":[{"@type":"WebPage","@id":"https:\/\/www.edizioniterramarique.com\/servizi-editoriali\/correzione-bozze\/","url":"https:\/\/www.edizioniterramarique.com\/servizi-editoriali\/correzione-bozze\/","name":"correzione bozze - Edizioni Terra marique - casa editrice","isPartOf":{"@id":"https:\/\/www.edizioniterramarique.com\/#website"},"primaryImageOfPage":{"@id":"https:\/\/www.edizioniterramarique.com\/servizi-editoriali\/correzione-bozze\/#primaryimage"},"image":{"@id":"https:\/\/www.edizioniterramarique.com\/servizi-editoriali\/correzione-bozze\/#primaryimage"},"thumbnailUrl":"https:\/\/www.edizioniterramarique.com\/wp-content\/uploads\/2019\/04\/IMMAGINE-CORREZIONE-BOZZE-PER-TM-4.jpg","datePublished":"2014-02-10T20:47:46+00:00","dateModified":"2019-04-19T21:38:48+00:00","description":"Correzione bozze: un servizio rapido e puntuale a opera di uno dei nostri professionisti. Inviaci il tuo manoscritto per info sul servizio","breadcrumb":{"@id":"https:\/\/www.edizioniterramarique.com\/servizi-editoriali\/correzione-bozze\/#breadcrumb"},"inLanguage":"en-GB","potentialAction":[{"@type":"ReadAction","target":["https:\/\/www.edizioniterramarique.com\/servizi-editoriali\/correzione-bozze\/"]}]},{"@type":"ImageObject","inLanguage":"en-GB","@id":"https:\/\/www.edizioniterramarique.com\/servizi-editoriali\/correzione-bozze\/#primaryimage","url":"https:\/\/www.edizioniterramarique.com\/wp-content\/uploads\/2019\/04\/IMMAGINE-CORREZIONE-BOZZE-PER-TM-4.jpg","contentUrl":"https:\/\/www.edizioniterramarique.com\/wp-content\/uploads\/2019\/04\/IMMAGINE-CORREZIONE-BOZZE-PER-TM-4.jpg"},{"@type":"BreadcrumbList","@id":"https:\/\/www.edizioniterramarique.com\/servizi-editoriali\/correzione-bozze\/#breadcrumb","itemListElement":[{"@type":"ListItem","position":1,"name":"Home","item":"https:\/\/www.edizioniterramarique.com\/"},{"@type":"ListItem","position":2,"name":"Servizi editoriali","item":"https:\/\/www.edizioniterramarique.com\/servizi-editoriali\/"},{"@type":"ListItem","position":3,"name":"Correzione bozze"}]},{"@type":"WebSite","@id":"https:\/\/www.edizioniterramarique.com\/#website","url":"https:\/\/www.edizioniterramarique.com\/","name":"Edizioni Terra marique","description":"Edizioni Terra marique","publisher":{"@id":"https:\/\/www.edizioniterramarique.com\/#organization"},"potentialAction":[{"@type":"SearchAction","target":{"@type":"EntryPoint","urlTemplate":"https:\/\/www.edizioniterramarique.com\/?s={search_term_string}"},"query-input":{"@type":"PropertyValueSpecification","valueRequired":true,"valueName":"search_term_string"}}],"inLanguage":"en-GB"},{"@type":"Organization","@id":"https:\/\/www.edizioniterramarique.com\/#organization","name":"Edizioni Terra marique","url":"https:\/\/www.edizioniterramarique.com\/","logo":{"@type":"ImageObject","inLanguage":"en-GB","@id":"https:\/\/www.edizioniterramarique.com\/#\/schema\/logo\/image\/","url":"https:\/\/www.edizioniterramarique.com\/wp-content\/uploads\/2014\/02\/logo_web1.jpg","contentUrl":"https:\/\/www.edizioniterramarique.com\/wp-content\/uploads\/2014\/02\/logo_web1.jpg","width":200,"height":109,"caption":"Edizioni Terra marique"},"image":{"@id":"https:\/\/www.edizioniterramarique.com\/#\/schema\/logo\/image\/"}}]}},"_links":{"self":[{"href":"https:\/\/www.edizioniterramarique.com\/en\/wp-json\/wp\/v2\/pages\/44","targetHints":{"allow":["GET"]}}],"collection":[{"href":"https:\/\/www.edizioniterramarique.com\/en\/wp-json\/wp\/v2\/pages"}],"about":[{"href":"https:\/\/www.edizioniterramarique.com\/en\/wp-json\/wp\/v2\/types\/page"}],"author":[{"embeddable":true,"href":"https:\/\/www.edizioniterramarique.com\/en\/wp-json\/wp\/v2\/users\/1"}],"replies":[{"embeddable":true,"href":"https:\/\/www.edizioniterramarique.com\/en\/wp-json\/wp\/v2\/comments?post=44"}],"version-history":[{"count":12,"href":"https:\/\/www.edizioniterramarique.com\/en\/wp-json\/wp\/v2\/pages\/44\/revisions"}],"predecessor-version":[{"id":1611,"href":"https:\/\/www.edizioniterramarique.com\/en\/wp-json\/wp\/v2\/pages\/44\/revisions\/1611"}],"up":[{"embeddable":true,"href":"https:\/\/www.edizioniterramarique.com\/en\/wp-json\/wp\/v2\/pages\/38"}],"wp:attachment":[{"href":"https:\/\/www.edizioniterramarique.com\/en\/wp-json\/wp\/v2\/media?parent=44"}],"curies":[{"name":"wp","href":"https:\/\/api.w.org\/{rel}","templated":true}]}}