{"id":42,"date":"2014-02-10T21:47:17","date_gmt":"2014-02-10T20:47:17","guid":{"rendered":"http:\/\/www.edizioniterramarique.com\/?page_id=42"},"modified":"2019-04-19T23:05:08","modified_gmt":"2019-04-19T21:05:08","slug":"editing","status":"publish","type":"page","link":"https:\/\/www.edizioniterramarique.com\/en\/servizi-editoriali\/editing\/","title":{"rendered":"Editing"},"content":{"rendered":"<figure class=\"wp-block-image is-resized\"><img loading=\"lazy\" decoding=\"async\" src=\"https:\/\/www.edizioniterramarique.com\/wp-content\/uploads\/2019\/04\/IMMAGINE-EDITING-PER-TM.jpg\" alt=\"Immagine Editing TM\" class=\"wp-image-1532\" width=\"616\" height=\"248\" srcset=\"https:\/\/www.edizioniterramarique.com\/wp-content\/uploads\/2019\/04\/IMMAGINE-EDITING-PER-TM.jpg 843w, https:\/\/www.edizioniterramarique.com\/wp-content\/uploads\/2019\/04\/IMMAGINE-EDITING-PER-TM-496x200.jpg 496w, https:\/\/www.edizioniterramarique.com\/wp-content\/uploads\/2019\/04\/IMMAGINE-EDITING-PER-TM-744x300.jpg 744w, https:\/\/www.edizioniterramarique.com\/wp-content\/uploads\/2019\/04\/IMMAGINE-EDITING-PER-TM-768x310.jpg 768w, https:\/\/www.edizioniterramarique.com\/wp-content\/uploads\/2019\/04\/IMMAGINE-EDITING-PER-TM-416x168.jpg 416w\" sizes=\"auto, (max-width: 616px) 100vw, 616px\" \/><figcaption>Servizio Editing <\/figcaption><\/figure>\n\n\n\n<h3 class=\"wp-block-heading\">Editing: cos&#8217;\u00e8?<\/h3>\n\n\n\n<p>L&#8217;editing \u00e8 la revisione professionale e approfondita di un testo. <br>Non si pu\u00f2 pensare a una pubblicazione senza che un <strong>editor<\/strong>, ovvero un professionista dotato di buona cultura e particolare amore per i libri, lavori sul manoscritto. <br>Almeno noi di <a href=\"https:\/\/www.edizioniterramarique.com\/en\/casa-editrice\/\">Edizioni Terra marique<\/a> la pensiamo cos\u00ec.<br>Per questo motivo ci affidiamo alla professionalit\u00e0 degli editor di <a href=\"http:\/\/www.progettolibro.it\"><strong>ProgettoLibro<\/strong><\/a>, il nostro principale partner in materia di servizi editoriali.<\/p>\n\n\n\n<h3 class=\"wp-block-heading\">A chi \u00e8 consigliato?<\/h3>\n\n\n\n<p>Per gli autori esordienti, presentare testi corretti, incisivi e dal linguaggio immediato, rappresenta un&#8217;ottima chance per centrare l&#8217;obiettivo della <a href=\"https:\/\/www.edizioniterramarique.com\/en\/invio-manoscritti\/\">pubblicazione<\/a>.<br>Ed \u00e8 esattamente il lavoro che va fatto con gli autori: <br>&#8211; si comincia con una prima analisi dei contenuti<br>&#8211; dopodich\u00e9 ci si sofferma sulla revisione linguistica e sintattica. <br>Questi procedimenti devono avvenire in stretta collaborazione con l&#8217;autore stesso, in modo da preservare il suo stile e la sua voce narrante.<\/p>\n\n\n\n<h3 class=\"wp-block-heading\">Come si svolge?<\/h3>\n\n\n\n<p>Il punto di forza nel lavoro di revisione del testo  sta nel continuo dialogo con l&#8217;autore. <br>Una volta individuati i periodi zoppicanti o le ingenuit\u00e0 stilistiche, si collabora per trovare soluzioni che mirino alla correttezza formale e all&#8217;efficacia espressiva. <br>Funziona l&#8217;immediatezza, molto meno la sovrabbondanza di aggettivi. <br>Al lettore piacciono i personaggi forti e i dialoghi incisivi. <br>Alla descrizione va preferita l&#8217;azione, ai giri di parole la capacit\u00e0 di andare dritti al sodo.<br>Ma va rispettata ogni singola voce narrante: per questo \u00e8 bene individuare i punti di forza e su quelli insistere per isolare sbavature e difetti. <br>Bisogna lavorare sui contenuti, sulla lingua, sull&#8217;espressione. <br><\/p>\n\n\n\n<h2 class=\"wp-block-heading\">Perch\u00e9 \u00e8 necessario l&#8217;editing?<\/h2>\n\n\n\n<p>Si tratta di un processo lungo e faticoso, ma necessario: \u00e8 sinonimo di qualit\u00e0, di riconoscibilit\u00e0 professionale a vantaggio di autori e case editrice.<br><\/p>\n\n\n\n<h2 class=\"wp-block-heading\">Perch\u00e9 affidarsi a <a href=\"https:\/\/www.progettolibro.it\/metodo-editing-e-correzione-bozze\/\"><strong>ProgettoLibro<\/strong><\/a>?<\/h2>\n\n\n\n<div class=\"wp-block-media-text alignwide is-stacked-on-mobile\" style=\"grid-template-columns:26% auto\"><figure class=\"wp-block-media-text__media\"><img loading=\"lazy\" decoding=\"async\" width=\"200\" height=\"200\" src=\"https:\/\/www.edizioniterramarique.com\/wp-content\/uploads\/2019\/04\/logoPL-small-1.png\" alt=\"Logo ProgettoLibro\" class=\"wp-image-1595\" srcset=\"https:\/\/www.edizioniterramarique.com\/wp-content\/uploads\/2019\/04\/logoPL-small-1.png 200w, https:\/\/www.edizioniterramarique.com\/wp-content\/uploads\/2019\/04\/logoPL-small-1-100x100.png 100w\" sizes=\"auto, (max-width: 200px) 100vw, 200px\" \/><\/figure><div class=\"wp-block-media-text__content\">\n<p>Noi di <strong><a href=\"http:\/\/www.edizioniterramarique.it\">Edizioni Terra <\/a><a href=\"http:\/\/www.edizioniterramarique.com\/en\/\">marique<\/a><\/strong><a href=\"http:\/\/www.edizioniterramarique.com\/en\/\"> <\/a>ti consigliamo di affidare l&#8217;<strong>editing <\/strong>del tuo manoscritto ai professionisti della redazione di <strong><a href=\"https:\/\/www.progettolibro.it\/metodo-editing-e-correzione-bozze\/\">ProgettoLibro<\/a><\/strong>, nostro partner editoriale.<br>Per informazioni e costi, scrivi a:<br><strong><a href=\"\/en\/info@progettolibro.it\/\">info@progettolibro.it<\/a><\/strong><\/p>\n<\/div><\/div>\n\n\n\n<p><br><a href=\"https:\/\/www.progettolibro.it\/metodo-editing-e-correzione-bozze\/\">i<\/a><br><\/p>","protected":false},"excerpt":{"rendered":"<p>Editing: cos&#8217;\u00e8? L&#8217;editing \u00e8 la revisione professionale e approfondita di un testo. Non si pu\u00f2 pensare a una pubblicazione senza che un editor, ovvero un professionista dotato di buona cultura e particolare amore per i libri, lavori sul manoscritto. Almeno noi di Edizioni Terra marique la pensiamo cos\u00ec.Per questo motivo ci affidiamo alla professionalit\u00e0 degli [&hellip;]<\/p>","protected":false},"author":1,"featured_media":0,"parent":38,"menu_order":0,"comment_status":"closed","ping_status":"open","template":"","meta":{"footnotes":""},"class_list":["post-42","page","type-page","status-publish","hentry"],"yoast_head":"<!-- This site is optimized with the Yoast SEO plugin v26.9 - https:\/\/yoast.com\/product\/yoast-seo-wordpress\/ -->\n<title>Editing - Edizioni Terra marique - casa editrice - Servizio editoriale<\/title>\n<meta name=\"description\" content=\"Editing: un servizio editoriale fondamentale per trasformare il tuo manoscritto in un testo leggibile, inviaci il tuo manoscritto per info\" \/>\n<meta name=\"robots\" content=\"index, follow, max-snippet:-1, max-image-preview:large, max-video-preview:-1\" \/>\n<link rel=\"canonical\" href=\"https:\/\/www.edizioniterramarique.com\/en\/servizi-editoriali\/editing\/\" \/>\n<meta property=\"og:locale\" content=\"en_GB\" \/>\n<meta property=\"og:type\" content=\"article\" \/>\n<meta property=\"og:title\" content=\"Editing - Edizioni Terra marique - casa editrice - Servizio editoriale\" \/>\n<meta property=\"og:description\" content=\"Editing: un servizio editoriale fondamentale per trasformare il tuo manoscritto in un testo leggibile, inviaci il tuo manoscritto per info\" \/>\n<meta property=\"og:url\" content=\"https:\/\/www.edizioniterramarique.com\/en\/servizi-editoriali\/editing\/\" \/>\n<meta property=\"og:site_name\" content=\"Edizioni Terra marique\" \/>\n<meta property=\"article:modified_time\" content=\"2019-04-19T21:05:08+00:00\" \/>\n<meta property=\"og:image\" content=\"https:\/\/www.edizioniterramarique.com\/wp-content\/uploads\/2019\/04\/IMMAGINE-EDITING-PER-TM.jpg\" \/>\n<meta name=\"twitter:label1\" content=\"Estimated reading time\" \/>\n\t<meta name=\"twitter:data1\" content=\"2 minutes\" \/>\n<script type=\"application\/ld+json\" class=\"yoast-schema-graph\">{\"@context\":\"https:\/\/schema.org\",\"@graph\":[{\"@type\":\"WebPage\",\"@id\":\"https:\/\/www.edizioniterramarique.com\/servizi-editoriali\/editing\/\",\"url\":\"https:\/\/www.edizioniterramarique.com\/servizi-editoriali\/editing\/\",\"name\":\"Editing - Edizioni Terra marique - casa editrice - Servizio editoriale\",\"isPartOf\":{\"@id\":\"https:\/\/www.edizioniterramarique.com\/#website\"},\"primaryImageOfPage\":{\"@id\":\"https:\/\/www.edizioniterramarique.com\/servizi-editoriali\/editing\/#primaryimage\"},\"image\":{\"@id\":\"https:\/\/www.edizioniterramarique.com\/servizi-editoriali\/editing\/#primaryimage\"},\"thumbnailUrl\":\"https:\/\/www.edizioniterramarique.com\/wp-content\/uploads\/2019\/04\/IMMAGINE-EDITING-PER-TM.jpg\",\"datePublished\":\"2014-02-10T20:47:17+00:00\",\"dateModified\":\"2019-04-19T21:05:08+00:00\",\"description\":\"Editing: un servizio editoriale fondamentale per trasformare il tuo manoscritto in un testo leggibile, inviaci il tuo manoscritto per info\",\"breadcrumb\":{\"@id\":\"https:\/\/www.edizioniterramarique.com\/servizi-editoriali\/editing\/#breadcrumb\"},\"inLanguage\":\"en-GB\",\"potentialAction\":[{\"@type\":\"ReadAction\",\"target\":[\"https:\/\/www.edizioniterramarique.com\/servizi-editoriali\/editing\/\"]}]},{\"@type\":\"ImageObject\",\"inLanguage\":\"en-GB\",\"@id\":\"https:\/\/www.edizioniterramarique.com\/servizi-editoriali\/editing\/#primaryimage\",\"url\":\"https:\/\/www.edizioniterramarique.com\/wp-content\/uploads\/2019\/04\/IMMAGINE-EDITING-PER-TM.jpg\",\"contentUrl\":\"https:\/\/www.edizioniterramarique.com\/wp-content\/uploads\/2019\/04\/IMMAGINE-EDITING-PER-TM.jpg\"},{\"@type\":\"BreadcrumbList\",\"@id\":\"https:\/\/www.edizioniterramarique.com\/servizi-editoriali\/editing\/#breadcrumb\",\"itemListElement\":[{\"@type\":\"ListItem\",\"position\":1,\"name\":\"Home\",\"item\":\"https:\/\/www.edizioniterramarique.com\/\"},{\"@type\":\"ListItem\",\"position\":2,\"name\":\"Servizi editoriali\",\"item\":\"https:\/\/www.edizioniterramarique.com\/servizi-editoriali\/\"},{\"@type\":\"ListItem\",\"position\":3,\"name\":\"Editing\"}]},{\"@type\":\"WebSite\",\"@id\":\"https:\/\/www.edizioniterramarique.com\/#website\",\"url\":\"https:\/\/www.edizioniterramarique.com\/\",\"name\":\"Edizioni Terra marique\",\"description\":\"Edizioni Terra marique\",\"publisher\":{\"@id\":\"https:\/\/www.edizioniterramarique.com\/#organization\"},\"potentialAction\":[{\"@type\":\"SearchAction\",\"target\":{\"@type\":\"EntryPoint\",\"urlTemplate\":\"https:\/\/www.edizioniterramarique.com\/?s={search_term_string}\"},\"query-input\":{\"@type\":\"PropertyValueSpecification\",\"valueRequired\":true,\"valueName\":\"search_term_string\"}}],\"inLanguage\":\"en-GB\"},{\"@type\":\"Organization\",\"@id\":\"https:\/\/www.edizioniterramarique.com\/#organization\",\"name\":\"Edizioni Terra marique\",\"url\":\"https:\/\/www.edizioniterramarique.com\/\",\"logo\":{\"@type\":\"ImageObject\",\"inLanguage\":\"en-GB\",\"@id\":\"https:\/\/www.edizioniterramarique.com\/#\/schema\/logo\/image\/\",\"url\":\"https:\/\/www.edizioniterramarique.com\/wp-content\/uploads\/2014\/02\/logo_web1.jpg\",\"contentUrl\":\"https:\/\/www.edizioniterramarique.com\/wp-content\/uploads\/2014\/02\/logo_web1.jpg\",\"width\":200,\"height\":109,\"caption\":\"Edizioni Terra marique\"},\"image\":{\"@id\":\"https:\/\/www.edizioniterramarique.com\/#\/schema\/logo\/image\/\"}}]}<\/script>\n<!-- \/ Yoast SEO plugin. -->","yoast_head_json":{"title":"Editing - Edizioni Terra marique - casa editrice - Servizio editoriale","description":"Editing: un servizio editoriale fondamentale per trasformare il tuo manoscritto in un testo leggibile, inviaci il tuo manoscritto per info","robots":{"index":"index","follow":"follow","max-snippet":"max-snippet:-1","max-image-preview":"max-image-preview:large","max-video-preview":"max-video-preview:-1"},"canonical":"https:\/\/www.edizioniterramarique.com\/en\/servizi-editoriali\/editing\/","og_locale":"en_GB","og_type":"article","og_title":"Editing - Edizioni Terra marique - casa editrice - Servizio editoriale","og_description":"Editing: un servizio editoriale fondamentale per trasformare il tuo manoscritto in un testo leggibile, inviaci il tuo manoscritto per info","og_url":"https:\/\/www.edizioniterramarique.com\/en\/servizi-editoriali\/editing\/","og_site_name":"Edizioni Terra marique","article_modified_time":"2019-04-19T21:05:08+00:00","og_image":[{"url":"https:\/\/www.edizioniterramarique.com\/wp-content\/uploads\/2019\/04\/IMMAGINE-EDITING-PER-TM.jpg","type":"","width":"","height":""}],"twitter_misc":{"Estimated reading time":"2 minutes"},"schema":{"@context":"https:\/\/schema.org","@graph":[{"@type":"WebPage","@id":"https:\/\/www.edizioniterramarique.com\/servizi-editoriali\/editing\/","url":"https:\/\/www.edizioniterramarique.com\/servizi-editoriali\/editing\/","name":"Editing - Edizioni Terra marique - casa editrice - Servizio editoriale","isPartOf":{"@id":"https:\/\/www.edizioniterramarique.com\/#website"},"primaryImageOfPage":{"@id":"https:\/\/www.edizioniterramarique.com\/servizi-editoriali\/editing\/#primaryimage"},"image":{"@id":"https:\/\/www.edizioniterramarique.com\/servizi-editoriali\/editing\/#primaryimage"},"thumbnailUrl":"https:\/\/www.edizioniterramarique.com\/wp-content\/uploads\/2019\/04\/IMMAGINE-EDITING-PER-TM.jpg","datePublished":"2014-02-10T20:47:17+00:00","dateModified":"2019-04-19T21:05:08+00:00","description":"Editing: un servizio editoriale fondamentale per trasformare il tuo manoscritto in un testo leggibile, inviaci il tuo manoscritto per info","breadcrumb":{"@id":"https:\/\/www.edizioniterramarique.com\/servizi-editoriali\/editing\/#breadcrumb"},"inLanguage":"en-GB","potentialAction":[{"@type":"ReadAction","target":["https:\/\/www.edizioniterramarique.com\/servizi-editoriali\/editing\/"]}]},{"@type":"ImageObject","inLanguage":"en-GB","@id":"https:\/\/www.edizioniterramarique.com\/servizi-editoriali\/editing\/#primaryimage","url":"https:\/\/www.edizioniterramarique.com\/wp-content\/uploads\/2019\/04\/IMMAGINE-EDITING-PER-TM.jpg","contentUrl":"https:\/\/www.edizioniterramarique.com\/wp-content\/uploads\/2019\/04\/IMMAGINE-EDITING-PER-TM.jpg"},{"@type":"BreadcrumbList","@id":"https:\/\/www.edizioniterramarique.com\/servizi-editoriali\/editing\/#breadcrumb","itemListElement":[{"@type":"ListItem","position":1,"name":"Home","item":"https:\/\/www.edizioniterramarique.com\/"},{"@type":"ListItem","position":2,"name":"Servizi editoriali","item":"https:\/\/www.edizioniterramarique.com\/servizi-editoriali\/"},{"@type":"ListItem","position":3,"name":"Editing"}]},{"@type":"WebSite","@id":"https:\/\/www.edizioniterramarique.com\/#website","url":"https:\/\/www.edizioniterramarique.com\/","name":"Edizioni Terra marique","description":"Edizioni Terra marique","publisher":{"@id":"https:\/\/www.edizioniterramarique.com\/#organization"},"potentialAction":[{"@type":"SearchAction","target":{"@type":"EntryPoint","urlTemplate":"https:\/\/www.edizioniterramarique.com\/?s={search_term_string}"},"query-input":{"@type":"PropertyValueSpecification","valueRequired":true,"valueName":"search_term_string"}}],"inLanguage":"en-GB"},{"@type":"Organization","@id":"https:\/\/www.edizioniterramarique.com\/#organization","name":"Edizioni Terra marique","url":"https:\/\/www.edizioniterramarique.com\/","logo":{"@type":"ImageObject","inLanguage":"en-GB","@id":"https:\/\/www.edizioniterramarique.com\/#\/schema\/logo\/image\/","url":"https:\/\/www.edizioniterramarique.com\/wp-content\/uploads\/2014\/02\/logo_web1.jpg","contentUrl":"https:\/\/www.edizioniterramarique.com\/wp-content\/uploads\/2014\/02\/logo_web1.jpg","width":200,"height":109,"caption":"Edizioni Terra marique"},"image":{"@id":"https:\/\/www.edizioniterramarique.com\/#\/schema\/logo\/image\/"}}]}},"_links":{"self":[{"href":"https:\/\/www.edizioniterramarique.com\/en\/wp-json\/wp\/v2\/pages\/42","targetHints":{"allow":["GET"]}}],"collection":[{"href":"https:\/\/www.edizioniterramarique.com\/en\/wp-json\/wp\/v2\/pages"}],"about":[{"href":"https:\/\/www.edizioniterramarique.com\/en\/wp-json\/wp\/v2\/types\/page"}],"author":[{"embeddable":true,"href":"https:\/\/www.edizioniterramarique.com\/en\/wp-json\/wp\/v2\/users\/1"}],"replies":[{"embeddable":true,"href":"https:\/\/www.edizioniterramarique.com\/en\/wp-json\/wp\/v2\/comments?post=42"}],"version-history":[{"count":18,"href":"https:\/\/www.edizioniterramarique.com\/en\/wp-json\/wp\/v2\/pages\/42\/revisions"}],"predecessor-version":[{"id":1612,"href":"https:\/\/www.edizioniterramarique.com\/en\/wp-json\/wp\/v2\/pages\/42\/revisions\/1612"}],"up":[{"embeddable":true,"href":"https:\/\/www.edizioniterramarique.com\/en\/wp-json\/wp\/v2\/pages\/38"}],"wp:attachment":[{"href":"https:\/\/www.edizioniterramarique.com\/en\/wp-json\/wp\/v2\/media?parent=42"}],"curies":[{"name":"wp","href":"https:\/\/api.w.org\/{rel}","templated":true}]}}