{"id":3477,"date":"2020-09-29T19:13:05","date_gmt":"2020-09-29T17:13:05","guid":{"rendered":"https:\/\/www.edizioniterramarique.com\/?page_id=3477"},"modified":"2020-09-29T19:20:05","modified_gmt":"2020-09-29T17:20:05","slug":"le-nostre-collane","status":"publish","type":"page","link":"https:\/\/www.edizioniterramarique.com\/en\/le-nostre-collane\/","title":{"rendered":"Le nostre Collane"},"content":{"rendered":"<h3><strong>Quali sono le collane della casa editrice?<\/strong><\/h3>\n<p>Ogni libro merita di appartenere alla famiglia giusta. Ecco perch\u00e9 <a href=\"https:\/\/www.edizioniterramarique.com\/en\/casa-editrice\/\">Edizioni Terra marique<\/a> ha pensato a una serie di collane per qualsiasi tipo di pubblicazione.<\/p>\n<p><strong>Voci narranti<\/strong>: comprende romanzi, raccolte di racconti e poesie, ovvero l\u2019anima letteraria della casa editrice. Protagonista \u00e8 lo sguardo, intimo e soggettivo, con il quale ogni autore racconta la propria storia.<\/p>\n<p><strong>E.B. <\/strong>:\u00a0per pubblicazioni biografiche e autobiografiche dal taglio intimo e coraggioso, intense e coinvolgenti per soddisfare l\u2019interesse dei lettori esigenti, \u00e8 dedicata alla memoria del giornalista e amico Eliseo Baroni.<\/p>\n<p><strong>Storie di\u2026<\/strong> :\u00a0dedicata alle varie realt\u00e0 appenniniche, con un taglio non solo storiografico, ma anche narrativo (sono gli stessi intervistati a raccontare, in forma diretta, il legame con il proprio paese d\u2019origine). I volumi sono corredati da un\u2019ampia documentazione fotografica.<\/p>\n<p><strong>A modo mio<\/strong>:si parla di cibo e buon vino, ricette e piaceri della tavola, tra tradizione e innovazione, in continuit\u00e0 con\u00a0<strong>GustaLibro<\/strong>, il nostro blog dedicato ai sapori letterari.<\/p>\n<p><strong>Terra rosa<\/strong>: \u00e8 la piccola di casa, quindi \u00e8 la linea editoriale che merita pi\u00f9 cure e attenzioni nella scelta degli autori, delle storie, delle illustrazioni. Una produzione narrativa e fiabesca di qualit\u00e0, per lettori giovani e giovanissimi.<\/p>\n<p><a href=\"https:\/\/www.progettolibro.it\/\"><strong>Protagonisti<\/strong><\/a>: per i professionisti e le aziende che vogliono raccontare al mondo la loro storia e i loro successi imprenditoriali.<\/p>\n<p><strong>Storie di italiani<\/strong>: libri pieni di vita e di esperienze che lasciano il segno, storie raccontate in un dialogo a tu per tu, intimo e spesso scherzoso.<\/p>\n<p><strong>Zero motivi<\/strong>: non esistono scuse per non puntare al meglio quando si comunica, si vive in societ\u00e0, si pensa al benessere fisico e mentale. I manuali Zero motivi di Edizioni Terra marique sono strumenti efficaci per pensare, fare, creare e per raggiungere obiettivi concreti.<\/p>","protected":false},"excerpt":{"rendered":"<p>Quali sono le collane della casa editrice? Ogni libro merita di appartenere alla famiglia giusta. Ecco perch\u00e9 Edizioni Terra marique ha pensato a una serie di collane per qualsiasi tipo di pubblicazione. Voci narranti: comprende romanzi, raccolte di racconti e poesie, ovvero l\u2019anima letteraria della casa editrice. Protagonista \u00e8 lo sguardo, intimo e soggettivo, con [&hellip;]<\/p>","protected":false},"author":1,"featured_media":0,"parent":0,"menu_order":0,"comment_status":"closed","ping_status":"closed","template":"","meta":{"footnotes":""},"class_list":["post-3477","page","type-page","status-publish","hentry"],"yoast_head":"<!-- This site is optimized with the Yoast SEO plugin v26.9 - https:\/\/yoast.com\/product\/yoast-seo-wordpress\/ -->\n<title>Le nostre collane &#8226; Edizioni Terra marique<\/title>\n<meta name=\"description\" content=\"Qui puoi trovare tutte le informazioni sulle nostre collane. Ogni libro merita di appartenere alla famiglia giusta!\" \/>\n<meta name=\"robots\" content=\"index, follow, max-snippet:-1, max-image-preview:large, max-video-preview:-1\" \/>\n<link rel=\"canonical\" href=\"https:\/\/www.edizioniterramarique.com\/en\/le-nostre-collane\/\" \/>\n<meta property=\"og:locale\" content=\"en_GB\" \/>\n<meta property=\"og:type\" content=\"article\" \/>\n<meta property=\"og:title\" content=\"Le nostre collane &#8226; Edizioni Terra marique\" \/>\n<meta property=\"og:description\" content=\"Qui puoi trovare tutte le informazioni sulle nostre collane. Ogni libro merita di appartenere alla famiglia giusta!\" \/>\n<meta property=\"og:url\" content=\"https:\/\/www.edizioniterramarique.com\/en\/le-nostre-collane\/\" \/>\n<meta property=\"og:site_name\" content=\"Edizioni Terra marique\" \/>\n<meta property=\"article:modified_time\" content=\"2020-09-29T17:20:05+00:00\" \/>\n<meta name=\"twitter:label1\" content=\"Estimated reading time\" \/>\n\t<meta name=\"twitter:data1\" content=\"1 minute\" \/>\n<script type=\"application\/ld+json\" class=\"yoast-schema-graph\">{\"@context\":\"https:\/\/schema.org\",\"@graph\":[{\"@type\":\"WebPage\",\"@id\":\"https:\/\/www.edizioniterramarique.com\/le-nostre-collane\/\",\"url\":\"https:\/\/www.edizioniterramarique.com\/le-nostre-collane\/\",\"name\":\"Le nostre collane &#8226; Edizioni Terra marique\",\"isPartOf\":{\"@id\":\"https:\/\/www.edizioniterramarique.com\/#website\"},\"datePublished\":\"2020-09-29T17:13:05+00:00\",\"dateModified\":\"2020-09-29T17:20:05+00:00\",\"description\":\"Qui puoi trovare tutte le informazioni sulle nostre collane. Ogni libro merita di appartenere alla famiglia giusta!\",\"breadcrumb\":{\"@id\":\"https:\/\/www.edizioniterramarique.com\/le-nostre-collane\/#breadcrumb\"},\"inLanguage\":\"en-GB\",\"potentialAction\":[{\"@type\":\"ReadAction\",\"target\":[\"https:\/\/www.edizioniterramarique.com\/le-nostre-collane\/\"]}]},{\"@type\":\"BreadcrumbList\",\"@id\":\"https:\/\/www.edizioniterramarique.com\/le-nostre-collane\/#breadcrumb\",\"itemListElement\":[{\"@type\":\"ListItem\",\"position\":1,\"name\":\"Home\",\"item\":\"https:\/\/www.edizioniterramarique.com\/\"},{\"@type\":\"ListItem\",\"position\":2,\"name\":\"Le nostre Collane\"}]},{\"@type\":\"WebSite\",\"@id\":\"https:\/\/www.edizioniterramarique.com\/#website\",\"url\":\"https:\/\/www.edizioniterramarique.com\/\",\"name\":\"Edizioni Terra marique\",\"description\":\"Edizioni Terra marique\",\"publisher\":{\"@id\":\"https:\/\/www.edizioniterramarique.com\/#organization\"},\"potentialAction\":[{\"@type\":\"SearchAction\",\"target\":{\"@type\":\"EntryPoint\",\"urlTemplate\":\"https:\/\/www.edizioniterramarique.com\/?s={search_term_string}\"},\"query-input\":{\"@type\":\"PropertyValueSpecification\",\"valueRequired\":true,\"valueName\":\"search_term_string\"}}],\"inLanguage\":\"en-GB\"},{\"@type\":\"Organization\",\"@id\":\"https:\/\/www.edizioniterramarique.com\/#organization\",\"name\":\"Edizioni Terra marique\",\"url\":\"https:\/\/www.edizioniterramarique.com\/\",\"logo\":{\"@type\":\"ImageObject\",\"inLanguage\":\"en-GB\",\"@id\":\"https:\/\/www.edizioniterramarique.com\/#\/schema\/logo\/image\/\",\"url\":\"https:\/\/www.edizioniterramarique.com\/wp-content\/uploads\/2014\/02\/logo_web1.jpg\",\"contentUrl\":\"https:\/\/www.edizioniterramarique.com\/wp-content\/uploads\/2014\/02\/logo_web1.jpg\",\"width\":200,\"height\":109,\"caption\":\"Edizioni Terra marique\"},\"image\":{\"@id\":\"https:\/\/www.edizioniterramarique.com\/#\/schema\/logo\/image\/\"}}]}<\/script>\n<!-- \/ Yoast SEO plugin. -->","yoast_head_json":{"title":"Le nostre collane &#8226; Edizioni Terra marique","description":"Qui puoi trovare tutte le informazioni sulle nostre collane. Ogni libro merita di appartenere alla famiglia giusta!","robots":{"index":"index","follow":"follow","max-snippet":"max-snippet:-1","max-image-preview":"max-image-preview:large","max-video-preview":"max-video-preview:-1"},"canonical":"https:\/\/www.edizioniterramarique.com\/en\/le-nostre-collane\/","og_locale":"en_GB","og_type":"article","og_title":"Le nostre collane &#8226; Edizioni Terra marique","og_description":"Qui puoi trovare tutte le informazioni sulle nostre collane. Ogni libro merita di appartenere alla famiglia giusta!","og_url":"https:\/\/www.edizioniterramarique.com\/en\/le-nostre-collane\/","og_site_name":"Edizioni Terra marique","article_modified_time":"2020-09-29T17:20:05+00:00","twitter_misc":{"Estimated reading time":"1 minute"},"schema":{"@context":"https:\/\/schema.org","@graph":[{"@type":"WebPage","@id":"https:\/\/www.edizioniterramarique.com\/le-nostre-collane\/","url":"https:\/\/www.edizioniterramarique.com\/le-nostre-collane\/","name":"Le nostre collane &#8226; Edizioni Terra marique","isPartOf":{"@id":"https:\/\/www.edizioniterramarique.com\/#website"},"datePublished":"2020-09-29T17:13:05+00:00","dateModified":"2020-09-29T17:20:05+00:00","description":"Qui puoi trovare tutte le informazioni sulle nostre collane. Ogni libro merita di appartenere alla famiglia giusta!","breadcrumb":{"@id":"https:\/\/www.edizioniterramarique.com\/le-nostre-collane\/#breadcrumb"},"inLanguage":"en-GB","potentialAction":[{"@type":"ReadAction","target":["https:\/\/www.edizioniterramarique.com\/le-nostre-collane\/"]}]},{"@type":"BreadcrumbList","@id":"https:\/\/www.edizioniterramarique.com\/le-nostre-collane\/#breadcrumb","itemListElement":[{"@type":"ListItem","position":1,"name":"Home","item":"https:\/\/www.edizioniterramarique.com\/"},{"@type":"ListItem","position":2,"name":"Le nostre Collane"}]},{"@type":"WebSite","@id":"https:\/\/www.edizioniterramarique.com\/#website","url":"https:\/\/www.edizioniterramarique.com\/","name":"Edizioni Terra marique","description":"Edizioni Terra marique","publisher":{"@id":"https:\/\/www.edizioniterramarique.com\/#organization"},"potentialAction":[{"@type":"SearchAction","target":{"@type":"EntryPoint","urlTemplate":"https:\/\/www.edizioniterramarique.com\/?s={search_term_string}"},"query-input":{"@type":"PropertyValueSpecification","valueRequired":true,"valueName":"search_term_string"}}],"inLanguage":"en-GB"},{"@type":"Organization","@id":"https:\/\/www.edizioniterramarique.com\/#organization","name":"Edizioni Terra marique","url":"https:\/\/www.edizioniterramarique.com\/","logo":{"@type":"ImageObject","inLanguage":"en-GB","@id":"https:\/\/www.edizioniterramarique.com\/#\/schema\/logo\/image\/","url":"https:\/\/www.edizioniterramarique.com\/wp-content\/uploads\/2014\/02\/logo_web1.jpg","contentUrl":"https:\/\/www.edizioniterramarique.com\/wp-content\/uploads\/2014\/02\/logo_web1.jpg","width":200,"height":109,"caption":"Edizioni Terra marique"},"image":{"@id":"https:\/\/www.edizioniterramarique.com\/#\/schema\/logo\/image\/"}}]}},"_links":{"self":[{"href":"https:\/\/www.edizioniterramarique.com\/en\/wp-json\/wp\/v2\/pages\/3477","targetHints":{"allow":["GET"]}}],"collection":[{"href":"https:\/\/www.edizioniterramarique.com\/en\/wp-json\/wp\/v2\/pages"}],"about":[{"href":"https:\/\/www.edizioniterramarique.com\/en\/wp-json\/wp\/v2\/types\/page"}],"author":[{"embeddable":true,"href":"https:\/\/www.edizioniterramarique.com\/en\/wp-json\/wp\/v2\/users\/1"}],"replies":[{"embeddable":true,"href":"https:\/\/www.edizioniterramarique.com\/en\/wp-json\/wp\/v2\/comments?post=3477"}],"version-history":[{"count":3,"href":"https:\/\/www.edizioniterramarique.com\/en\/wp-json\/wp\/v2\/pages\/3477\/revisions"}],"predecessor-version":[{"id":3480,"href":"https:\/\/www.edizioniterramarique.com\/en\/wp-json\/wp\/v2\/pages\/3477\/revisions\/3480"}],"wp:attachment":[{"href":"https:\/\/www.edizioniterramarique.com\/en\/wp-json\/wp\/v2\/media?parent=3477"}],"curies":[{"name":"wp","href":"https:\/\/api.w.org\/{rel}","templated":true}]}}