{"id":34,"date":"2014-02-10T21:44:12","date_gmt":"2014-02-10T20:44:12","guid":{"rendered":"http:\/\/www.edizioniterramarique.com\/?page_id=34"},"modified":"2022-10-10T17:04:59","modified_gmt":"2022-10-10T15:04:59","slug":"invio-manoscritti","status":"publish","type":"page","link":"https:\/\/www.edizioniterramarique.com\/en\/invio-manoscritti\/","title":{"rendered":"Invio manoscritti"},"content":{"rendered":"<figure class=\"wp-block-image\"><img loading=\"lazy\" decoding=\"async\" width=\"400\" height=\"300\" src=\"https:\/\/www.edizioniterramarique.com\/wp-content\/uploads\/2019\/04\/FOTO-HOUSE-ORGAN-400x300.jpg\" alt=\"Foto invio manoscritti o consegna in redazione\" class=\"wp-image-1512\" srcset=\"https:\/\/www.edizioniterramarique.com\/wp-content\/uploads\/2019\/04\/FOTO-HOUSE-ORGAN-400x300.jpg 400w, https:\/\/www.edizioniterramarique.com\/wp-content\/uploads\/2019\/04\/FOTO-HOUSE-ORGAN-267x200.jpg 267w, https:\/\/www.edizioniterramarique.com\/wp-content\/uploads\/2019\/04\/FOTO-HOUSE-ORGAN-768x576.jpg 768w, https:\/\/www.edizioniterramarique.com\/wp-content\/uploads\/2019\/04\/FOTO-HOUSE-ORGAN-416x312.jpg 416w, https:\/\/www.edizioniterramarique.com\/wp-content\/uploads\/2019\/04\/FOTO-HOUSE-ORGAN.jpg 960w\" sizes=\"auto, (max-width: 400px) 100vw, 400px\" \/><figcaption>Invio manoscritti via mail o consegna in redazione<\/figcaption><\/figure>\n\n\n\n<p>L&#8217;<strong>invio manoscritti<\/strong> \u00e8 la prima cosa di cui devi occuparti dopo esserti convinto che facciamo al caso tuo.<br>Ti ricordiamo infatti che<strong> Edizioni Terra marique<\/strong> \u00e8 una casa editrice con una chiara priorit\u00e0: valorizzare i manoscritti degli autori che si rivolgono a noi.<\/p>\n\n\n\n<h3 class=\"wp-block-heading\">Quali manoscritti valutiamo?<\/h3>\n\n\n\n<p>La nostra<b> casa editrice<\/b> \u00e8 una realt\u00e0 in continuo divenire, infatti \u00e8 aperta alle novit\u00e0 e alle proposte ritenute interessanti,&nbsp; davvero attenta a soddisfare le esigenze di un lettore dinamico e curioso.<br>La nostra redazione legger\u00e0 ogni manoscritto, non solo di autori affermati, ma anche e soprattutto di scrittori alle prime armi, nessuno escluso.<br>In base ai parametri condivisi dalla redazione TM, valuteremo se proporre all&#8217;autore il nostro percorso editoriale.<\/p>\n\n\n\n<h3 class=\"wp-block-heading\">Invio manoscritti<\/h3>\n\n\n\n<p>Inviaci il manoscritto che desideri sottoporre alla nostra attenzione:<br>&#8211; <strong>via mail<\/strong> (di preferenza file Word), mettendo in copia questi indirizzi:<br><span style=\"line-height: 1.5em;\"><a href=\"mailto:info@edizioniterramarique.com\">info@edizioniterramarique.com<\/a><br><a href=\"mailto:robertarossi.tm@gmail.com\">robertarossi.tm@gmail.com\u00a0<\/a><\/span><\/p>\n\n\n\n<p>Si raccomanda di accompagnare il manoscritto con una sinossi e con i recapiti dell\u2019autore, che sar\u00e0 ricontattato in ogni caso, di preferenza via e-mail, a lettura ultimata.<\/p>\n\n\n\n<p>Indicazioni generali<br>Si prega di inviare il proprio manoscritto solo se si \u00e8 realmente interessati alla pubblicazione e se si \u00e8 certi che&nbsp;<strong>Edizioni Terra marique<\/strong> possa aiutarti a raggiungere i tuoi obiettivi.<\/p>\n\n\n\n<p>Ti ricordiamo che \u00e8 possibile rivolgersi alla redazione di Edizioni Terra marique per servizi editoriali, quali: <a title=\"Editing\" href=\"http:\/\/www.edizioniterramarique.com\/en\/servizi-editoriali\/editing\/\">Editing<\/a> <a title=\"Correzione bozze\" href=\"http:\/\/www.edizioniterramarique.com\/en\/servizi-editoriali\/correzione-bozze\/\">Correzione bozze<\/a> <a title=\"Ghost writing\" href=\"http:\/\/www.edizioniterramarique.com\/en\/servizi-editoriali\/ghost-writing\/\">Scrittura su commissione<\/a><br><strong>I servizi sopra indicati sono a pagamento.<\/strong><\/p>\n\n\n\n<p>Per informazioni:<br><a href=\"mailto:robertarossi.tm@gmail.com\">robertarossi.tm@gmail.com<\/a><br><\/p>","protected":false},"excerpt":{"rendered":"<p>L&#8217;invio manoscritti \u00e8 la prima cosa di cui devi occuparti dopo esserti convinto che facciamo al caso tuo.Ti ricordiamo infatti che Edizioni Terra marique \u00e8 una casa editrice con una chiara priorit\u00e0: valorizzare i manoscritti degli autori che si rivolgono a noi. Quali manoscritti valutiamo? La nostra casa editrice \u00e8 una realt\u00e0 in continuo divenire, [&hellip;]<\/p>","protected":false},"author":1,"featured_media":0,"parent":0,"menu_order":0,"comment_status":"closed","ping_status":"open","template":"","meta":{"footnotes":""},"class_list":["post-34","page","type-page","status-publish","hentry"],"yoast_head":"<!-- This site is optimized with the Yoast SEO plugin v26.9 - https:\/\/yoast.com\/product\/yoast-seo-wordpress\/ -->\n<title>Invio manoscritti per valutazione - Edizioni Terra marique<\/title>\n<meta name=\"description\" content=\"Invio manoscritti per valutazione: inviaci il tuo testo, sapremo riconoscerne qualit\u00e0 e valori letterari per farne una grande pubblicazione.\" \/>\n<meta name=\"robots\" content=\"index, follow, max-snippet:-1, max-image-preview:large, max-video-preview:-1\" \/>\n<link rel=\"canonical\" href=\"https:\/\/www.edizioniterramarique.com\/en\/invio-manoscritti\/\" \/>\n<meta property=\"og:locale\" content=\"en_GB\" \/>\n<meta property=\"og:type\" content=\"article\" \/>\n<meta property=\"og:title\" content=\"Invio manoscritti per valutazione - Edizioni Terra marique\" \/>\n<meta property=\"og:description\" content=\"Invio manoscritti per valutazione: inviaci il tuo testo, sapremo riconoscerne qualit\u00e0 e valori letterari per farne una grande pubblicazione.\" \/>\n<meta property=\"og:url\" content=\"https:\/\/www.edizioniterramarique.com\/en\/invio-manoscritti\/\" \/>\n<meta property=\"og:site_name\" content=\"Edizioni Terra marique\" \/>\n<meta property=\"article:modified_time\" content=\"2022-10-10T15:04:59+00:00\" \/>\n<meta property=\"og:image\" content=\"https:\/\/www.edizioniterramarique.com\/wp-content\/uploads\/2019\/04\/FOTO-HOUSE-ORGAN-400x300.jpg\" \/>\n<meta name=\"twitter:label1\" content=\"Estimated reading time\" \/>\n\t<meta name=\"twitter:data1\" content=\"2 minutes\" \/>\n<script type=\"application\/ld+json\" class=\"yoast-schema-graph\">{\"@context\":\"https:\/\/schema.org\",\"@graph\":[{\"@type\":\"WebPage\",\"@id\":\"https:\/\/www.edizioniterramarique.com\/invio-manoscritti\/\",\"url\":\"https:\/\/www.edizioniterramarique.com\/invio-manoscritti\/\",\"name\":\"Invio manoscritti per valutazione - Edizioni Terra marique\",\"isPartOf\":{\"@id\":\"https:\/\/www.edizioniterramarique.com\/#website\"},\"primaryImageOfPage\":{\"@id\":\"https:\/\/www.edizioniterramarique.com\/invio-manoscritti\/#primaryimage\"},\"image\":{\"@id\":\"https:\/\/www.edizioniterramarique.com\/invio-manoscritti\/#primaryimage\"},\"thumbnailUrl\":\"https:\/\/www.edizioniterramarique.com\/wp-content\/uploads\/2019\/04\/FOTO-HOUSE-ORGAN-400x300.jpg\",\"datePublished\":\"2014-02-10T20:44:12+00:00\",\"dateModified\":\"2022-10-10T15:04:59+00:00\",\"description\":\"Invio manoscritti per valutazione: inviaci il tuo testo, sapremo riconoscerne qualit\u00e0 e valori letterari per farne una grande pubblicazione.\",\"breadcrumb\":{\"@id\":\"https:\/\/www.edizioniterramarique.com\/invio-manoscritti\/#breadcrumb\"},\"inLanguage\":\"en-GB\",\"potentialAction\":[{\"@type\":\"ReadAction\",\"target\":[\"https:\/\/www.edizioniterramarique.com\/invio-manoscritti\/\"]}]},{\"@type\":\"ImageObject\",\"inLanguage\":\"en-GB\",\"@id\":\"https:\/\/www.edizioniterramarique.com\/invio-manoscritti\/#primaryimage\",\"url\":\"https:\/\/www.edizioniterramarique.com\/wp-content\/uploads\/2019\/04\/FOTO-HOUSE-ORGAN-400x300.jpg\",\"contentUrl\":\"https:\/\/www.edizioniterramarique.com\/wp-content\/uploads\/2019\/04\/FOTO-HOUSE-ORGAN-400x300.jpg\"},{\"@type\":\"BreadcrumbList\",\"@id\":\"https:\/\/www.edizioniterramarique.com\/invio-manoscritti\/#breadcrumb\",\"itemListElement\":[{\"@type\":\"ListItem\",\"position\":1,\"name\":\"Home\",\"item\":\"https:\/\/www.edizioniterramarique.com\/\"},{\"@type\":\"ListItem\",\"position\":2,\"name\":\"Invio manoscritti\"}]},{\"@type\":\"WebSite\",\"@id\":\"https:\/\/www.edizioniterramarique.com\/#website\",\"url\":\"https:\/\/www.edizioniterramarique.com\/\",\"name\":\"Edizioni Terra marique\",\"description\":\"Edizioni Terra marique\",\"publisher\":{\"@id\":\"https:\/\/www.edizioniterramarique.com\/#organization\"},\"potentialAction\":[{\"@type\":\"SearchAction\",\"target\":{\"@type\":\"EntryPoint\",\"urlTemplate\":\"https:\/\/www.edizioniterramarique.com\/?s={search_term_string}\"},\"query-input\":{\"@type\":\"PropertyValueSpecification\",\"valueRequired\":true,\"valueName\":\"search_term_string\"}}],\"inLanguage\":\"en-GB\"},{\"@type\":\"Organization\",\"@id\":\"https:\/\/www.edizioniterramarique.com\/#organization\",\"name\":\"Edizioni Terra marique\",\"url\":\"https:\/\/www.edizioniterramarique.com\/\",\"logo\":{\"@type\":\"ImageObject\",\"inLanguage\":\"en-GB\",\"@id\":\"https:\/\/www.edizioniterramarique.com\/#\/schema\/logo\/image\/\",\"url\":\"https:\/\/www.edizioniterramarique.com\/wp-content\/uploads\/2014\/02\/logo_web1.jpg\",\"contentUrl\":\"https:\/\/www.edizioniterramarique.com\/wp-content\/uploads\/2014\/02\/logo_web1.jpg\",\"width\":200,\"height\":109,\"caption\":\"Edizioni Terra marique\"},\"image\":{\"@id\":\"https:\/\/www.edizioniterramarique.com\/#\/schema\/logo\/image\/\"}}]}<\/script>\n<!-- \/ Yoast SEO plugin. -->","yoast_head_json":{"title":"Invio manoscritti per valutazione - Edizioni Terra marique","description":"Invio manoscritti per valutazione: inviaci il tuo testo, sapremo riconoscerne qualit\u00e0 e valori letterari per farne una grande pubblicazione.","robots":{"index":"index","follow":"follow","max-snippet":"max-snippet:-1","max-image-preview":"max-image-preview:large","max-video-preview":"max-video-preview:-1"},"canonical":"https:\/\/www.edizioniterramarique.com\/en\/invio-manoscritti\/","og_locale":"en_GB","og_type":"article","og_title":"Invio manoscritti per valutazione - Edizioni Terra marique","og_description":"Invio manoscritti per valutazione: inviaci il tuo testo, sapremo riconoscerne qualit\u00e0 e valori letterari per farne una grande pubblicazione.","og_url":"https:\/\/www.edizioniterramarique.com\/en\/invio-manoscritti\/","og_site_name":"Edizioni Terra marique","article_modified_time":"2022-10-10T15:04:59+00:00","og_image":[{"url":"https:\/\/www.edizioniterramarique.com\/wp-content\/uploads\/2019\/04\/FOTO-HOUSE-ORGAN-400x300.jpg","type":"","width":"","height":""}],"twitter_misc":{"Estimated reading time":"2 minutes"},"schema":{"@context":"https:\/\/schema.org","@graph":[{"@type":"WebPage","@id":"https:\/\/www.edizioniterramarique.com\/invio-manoscritti\/","url":"https:\/\/www.edizioniterramarique.com\/invio-manoscritti\/","name":"Invio manoscritti per valutazione - Edizioni Terra marique","isPartOf":{"@id":"https:\/\/www.edizioniterramarique.com\/#website"},"primaryImageOfPage":{"@id":"https:\/\/www.edizioniterramarique.com\/invio-manoscritti\/#primaryimage"},"image":{"@id":"https:\/\/www.edizioniterramarique.com\/invio-manoscritti\/#primaryimage"},"thumbnailUrl":"https:\/\/www.edizioniterramarique.com\/wp-content\/uploads\/2019\/04\/FOTO-HOUSE-ORGAN-400x300.jpg","datePublished":"2014-02-10T20:44:12+00:00","dateModified":"2022-10-10T15:04:59+00:00","description":"Invio manoscritti per valutazione: inviaci il tuo testo, sapremo riconoscerne qualit\u00e0 e valori letterari per farne una grande pubblicazione.","breadcrumb":{"@id":"https:\/\/www.edizioniterramarique.com\/invio-manoscritti\/#breadcrumb"},"inLanguage":"en-GB","potentialAction":[{"@type":"ReadAction","target":["https:\/\/www.edizioniterramarique.com\/invio-manoscritti\/"]}]},{"@type":"ImageObject","inLanguage":"en-GB","@id":"https:\/\/www.edizioniterramarique.com\/invio-manoscritti\/#primaryimage","url":"https:\/\/www.edizioniterramarique.com\/wp-content\/uploads\/2019\/04\/FOTO-HOUSE-ORGAN-400x300.jpg","contentUrl":"https:\/\/www.edizioniterramarique.com\/wp-content\/uploads\/2019\/04\/FOTO-HOUSE-ORGAN-400x300.jpg"},{"@type":"BreadcrumbList","@id":"https:\/\/www.edizioniterramarique.com\/invio-manoscritti\/#breadcrumb","itemListElement":[{"@type":"ListItem","position":1,"name":"Home","item":"https:\/\/www.edizioniterramarique.com\/"},{"@type":"ListItem","position":2,"name":"Invio manoscritti"}]},{"@type":"WebSite","@id":"https:\/\/www.edizioniterramarique.com\/#website","url":"https:\/\/www.edizioniterramarique.com\/","name":"Edizioni Terra marique","description":"Edizioni Terra marique","publisher":{"@id":"https:\/\/www.edizioniterramarique.com\/#organization"},"potentialAction":[{"@type":"SearchAction","target":{"@type":"EntryPoint","urlTemplate":"https:\/\/www.edizioniterramarique.com\/?s={search_term_string}"},"query-input":{"@type":"PropertyValueSpecification","valueRequired":true,"valueName":"search_term_string"}}],"inLanguage":"en-GB"},{"@type":"Organization","@id":"https:\/\/www.edizioniterramarique.com\/#organization","name":"Edizioni Terra marique","url":"https:\/\/www.edizioniterramarique.com\/","logo":{"@type":"ImageObject","inLanguage":"en-GB","@id":"https:\/\/www.edizioniterramarique.com\/#\/schema\/logo\/image\/","url":"https:\/\/www.edizioniterramarique.com\/wp-content\/uploads\/2014\/02\/logo_web1.jpg","contentUrl":"https:\/\/www.edizioniterramarique.com\/wp-content\/uploads\/2014\/02\/logo_web1.jpg","width":200,"height":109,"caption":"Edizioni Terra marique"},"image":{"@id":"https:\/\/www.edizioniterramarique.com\/#\/schema\/logo\/image\/"}}]}},"_links":{"self":[{"href":"https:\/\/www.edizioniterramarique.com\/en\/wp-json\/wp\/v2\/pages\/34","targetHints":{"allow":["GET"]}}],"collection":[{"href":"https:\/\/www.edizioniterramarique.com\/en\/wp-json\/wp\/v2\/pages"}],"about":[{"href":"https:\/\/www.edizioniterramarique.com\/en\/wp-json\/wp\/v2\/types\/page"}],"author":[{"embeddable":true,"href":"https:\/\/www.edizioniterramarique.com\/en\/wp-json\/wp\/v2\/users\/1"}],"replies":[{"embeddable":true,"href":"https:\/\/www.edizioniterramarique.com\/en\/wp-json\/wp\/v2\/comments?post=34"}],"version-history":[{"count":26,"href":"https:\/\/www.edizioniterramarique.com\/en\/wp-json\/wp\/v2\/pages\/34\/revisions"}],"predecessor-version":[{"id":3873,"href":"https:\/\/www.edizioniterramarique.com\/en\/wp-json\/wp\/v2\/pages\/34\/revisions\/3873"}],"wp:attachment":[{"href":"https:\/\/www.edizioniterramarique.com\/en\/wp-json\/wp\/v2\/media?parent=34"}],"curies":[{"name":"wp","href":"https:\/\/api.w.org\/{rel}","templated":true}]}}