{"id":29,"date":"2014-02-10T21:41:48","date_gmt":"2014-02-10T20:41:48","guid":{"rendered":"http:\/\/www.edizioniterramarique.com\/?page_id=29"},"modified":"2022-06-16T18:26:08","modified_gmt":"2022-06-16T16:26:08","slug":"casa-editrice","status":"publish","type":"page","link":"https:\/\/www.edizioniterramarique.com\/en\/casa-editrice\/","title":{"rendered":"Casa editrice"},"content":{"rendered":"<div class=\"wp-block-image\"><figure class=\"aligncenter\"><a href=\"https:\/\/www.edizioniterramarique.com\/wp-content\/uploads\/2019\/04\/Tm-1-per-sito.jpg\"><img loading=\"lazy\" decoding=\"async\" width=\"612\" height=\"408\" src=\"https:\/\/www.edizioniterramarique.com\/wp-content\/uploads\/2019\/04\/Tm-1-per-sito.jpg\" alt=\"Roberta Rossi e Sara Meglioli al lavoro in redazione\" class=\"wp-image-1459\" srcset=\"https:\/\/www.edizioniterramarique.com\/wp-content\/uploads\/2019\/04\/Tm-1-per-sito.jpg 612w, https:\/\/www.edizioniterramarique.com\/wp-content\/uploads\/2019\/04\/Tm-1-per-sito-300x200.jpg 300w, https:\/\/www.edizioniterramarique.com\/wp-content\/uploads\/2019\/04\/Tm-1-per-sito-450x300.jpg 450w, https:\/\/www.edizioniterramarique.com\/wp-content\/uploads\/2019\/04\/Tm-1-per-sito-416x277.jpg 416w, https:\/\/www.edizioniterramarique.com\/wp-content\/uploads\/2019\/04\/Tm-1-per-sito-272x182.jpg 272w\" sizes=\"auto, (max-width: 612px) 100vw, 612px\" \/><\/a><figcaption><br><\/figcaption><\/figure><\/div>\n\n\n<h2>Edizioni Terra marique: vieni a conoscere la casa editrice<\/h2>\n<p><strong>Edizioni Terra marique,&nbsp;<\/strong><a href=\"https:\/\/www.google.it\/maps\/place\/Via+Radici+in+Monte,+35,+42014+Roteglia+RE\/@44.4857368,10.6836153,17z\/data=!3m1!4b1!4m5!3m4!1s0x132aab38c7508ff5:0x2804086b95b5d6a0!8m2!3d44.4857368!4d10.685804\">casa editrice in provincia di Reggio Emilia e Modena<\/a>,&nbsp;\u00e8 nata nell&#8217;aprile del 2011. Da allora abbiamo lavorato per dar vita a una realt\u00e0 giovane, dinamica, &nbsp;caratterizzata da un forte legame con il territorio di appartenenza. <br>Ci piace raccontare quello che vediamo intorno a noi: lo facciamo attraverso i romanzi, la poesia, le monografie storiche. I nostri libri raccolgono interviste, fotografie d&#8217;autore, immagini d&#8217;epoca, oppure ricette, endecasillabi sciolti, trame poliziesche.<\/p>\n<p><em>Iam multos annos Ulixes <strong>terra marique<\/strong> erraverat quia Neptunus, Polyphemi pater et plagi deus, infesta ira sua eum exagitabat, quod antea Ulixes Cyclopi, eius filio, unum oculum effoderat. [Igino]<\/em><\/p>\n<p>In casa editrice nulla \u00e8 lasciato al caso: leggiamo i manoscritti che arrivano in redazione. <br>Solo se rispondono alla nostra linea editoriale e ci convincono a pieno, decidiamo di pubblicarli. <br>Inizia un dialogo costante e costruttivo con l&#8217;autore: <br>&#8211; insieme individuiamo i punti di forza e le pecche della sua scrittura<br>&#8211; stabiliamo come migliorare il suo elaborato <br>&#8211; cominciamo il lavoro di editing, ovvero di revisione del testo, indispensabile per la pubblicazione. <br>Poi ci dedichiamo alla: <br>&#8211; correzione delle bozze in base al nostro normario<br>&#8211; impaginazione grafica&nbsp; <br>&#8211; stampa, avvalendoci di professionisti del settore.<\/p>\n<p>Detta cos\u00ec sembra facile: in realt\u00e0 il lavoro fatto su un manoscritto per renderlo pubblicabile pu\u00f2 essere lungo e complesso. Da parte dell&#8217;editor c&#8217;\u00e8 la volont\u00e0 di preservare la voce narrante dell&#8217;autore, rendendola efficace e incisiva. Da parte dell&#8217;autore deve manifestarsi la volont\u00e0 di costruire un legame professionale con la persona che mette mano al suo elaborato.<\/p>\n<p>Ecco perch\u00e9 il dialogo con i nostri autori \u00e8 indispensabile: fatichiamo, sgobbiamo sui manoscritti e alla fine siamo ripagati dalla fiducia degli autori e dall&#8217;apprezzamento da parte dei lettori.<\/p>\n\n\n<div class=\"wp-block-image\"><figure class=\"aligncenter is-resized\"><a href=\"https:\/\/www.edizioniterramarique.com\/en\/chi-siamo\/tm-13-foto-per-sito\/\"><img loading=\"lazy\" decoding=\"async\" src=\"https:\/\/www.edizioniterramarique.com\/wp-content\/uploads\/2019\/04\/Tm-13-foto-per-sito.jpg\" alt=\"Roberta Rossi. Direttore responsabile della casa editrice. Giornalista, ghost writer, editor\" class=\"wp-image-1460\" width=\"443\" height=\"295\" srcset=\"https:\/\/www.edizioniterramarique.com\/wp-content\/uploads\/2019\/04\/Tm-13-foto-per-sito.jpg 612w, https:\/\/www.edizioniterramarique.com\/wp-content\/uploads\/2019\/04\/Tm-13-foto-per-sito-300x200.jpg 300w, https:\/\/www.edizioniterramarique.com\/wp-content\/uploads\/2019\/04\/Tm-13-foto-per-sito-450x300.jpg 450w, https:\/\/www.edizioniterramarique.com\/wp-content\/uploads\/2019\/04\/Tm-13-foto-per-sito-416x277.jpg 416w, https:\/\/www.edizioniterramarique.com\/wp-content\/uploads\/2019\/04\/Tm-13-foto-per-sito-272x182.jpg 272w\" sizes=\"auto, (max-width: 443px) 100vw, 443px\" \/><\/a><figcaption><strong><em>Roberta Rossi<\/em><\/strong><br>Direttore responsabile<br>Editor e ghost writer<br>robertarossi.tm@gmail.com<br>338\/2738333<\/figcaption><\/figure><\/div>\n\n\n\n<h3 class=\"has-text-align-center wp-block-heading\"><strong>Per informazioni<\/strong><\/h3>\n\n\n\n<p class=\"has-text-align-center\"><a href=\"mailto:info@edizioniterramarique.com\"><strong>info@edizioniterramarique.com<\/strong><\/a><br><a href=\"mailto:robertarossi.tm@gmail.com\"><strong>robertarossi.tm@gmail.com<\/strong><\/a><\/p>\n\n\n\n<p class=\"has-text-align-center\"><strong>338\/2738333<\/strong><br><\/p>\n\n\n\n<h3 class=\"wp-block-heading\"><strong>Qual \u00e8 la linea editoriale della casa editrice?<\/strong><\/h3>\n\n\n\n<p>L&#8217;autore che decide di inviarci o di portarci di persona &#8211; scelta ancora pi\u00f9 apprezzabile &#8211; il suo manoscritto, deve sapere che siamo una realt\u00e0 piccola, ma stiamo crescendo, insieme ai nostri autori e lettori. <br>Ci stiamo espandendo, grazie al nostro distributore. <br>Abbiamo un sacco di idee che stiamo realizzando e otto collane editoriali che raccolgono la nostra produzione. Infatti pubblichiamo romanzi, poesie, monografie sui territori reggiani e modenesi, biografie di uomini e donne del nostro territorio, ma con uno sguardo aperto su tutto il Paese, isole incluse.<br>Infatti amiamo la qualit\u00e0, prima di tutto. <br>Ci piace raccontare il vissuto, oppure dar sfogo alla creativit\u00e0 e alla fantasia, con storie nelle quali il lettore possa riconoscersi. <br>Niente di quello che arriva in redazione viene pubblicato cos\u00ec com&#8217;\u00e8, perch\u00e9 per noi la scrittura \u00e8 un mestiere, quindi merita attenzione, fatica, impegno.<\/p>\n\n\n\n<h3 class=\"wp-block-heading\"><strong>Chi sono gli autori della casa editrice?<\/strong><\/h3>\n\n\n\n<p>Esordienti e non, giovani e meno giovani, narratori e poeti, storici ed esperti di cucina, giornalisti e professionisti della comunicazione: siete i benvenuti! Ad accomunare le diverse tipologie dei nostri autori \u00e8 la voglia di proporre al lettore libri interessanti, vivaci, pieni di sentimento e forza vitale.<\/p>\n\n\n\n<p>I nostri autori si fidano di noi, dialogano e collaborano con il loro editor per limare, raffinare, potenziare il proprio linguaggio narrativo.<br> Amano mettersi in gioco, vivono con interesse e curiosit\u00e0 le varie fasi di rielaborazione dei testi, seguono con impegno la pubblicazione e la successiva opera di diffusione. <br>Partecipano alle presentazioni, si spendono con entusiasmo ed energia nella promozione del loro libro.<\/p>\n\n\n\n<h3 class=\"wp-block-heading\"><strong>Chi sono i nostri lettori? <\/strong><\/h3>\n\n\n\n<p>I nostri lettori variano a seconda della collana. <br>C&#8217;\u00e8 l&#8217;appassionato di storia locale, l&#8217;emigrante che riconosce la foto dell&#8217;anziana zia montanara, l&#8217;amante delle poesie, chi scopre il talento di un suo compaesano oppure chi entra in libreria e sceglie tra tanti il nostro marchio editoriale sapendo che \u00e8 sinonimo di qualit\u00e0 e buona letteratura. <br>Ci stiamo facendo conoscere, ci appoggiamo a un valido distributore e siamo sempre impegnati a organizzare presentazioni: i nostri lettori sono in crescita, ne siamo contenti.<\/p>\n\n\n\n<h3 class=\"wp-block-heading\"><strong>Chi sono i nostri potenziali autori?<\/strong><\/h3>\n\n\n\n<p>Se pensi che quanto letto finora in merito al nostro lavoro editoriale possa soddisfare le tue esigenze di &#8220;futuro scrittore&#8221;, non esitare a contattarci. <br>Vogliamo lavorare con persone serie, disponibili al confronto, interessate non solo alla pubblicazione, ma anche e soprattutto a lavorare sul proprio manoscritto per potenziarne le qualit\u00e0 ed eliminare gli errori tipici degli autori alle prime armi. <br>Se non sei un autore alle prime armi, se hai all&#8217;attivo altre pubblicazioni, saremmo curiosi di confrontarci con te e con la tua esperienza. <br>Abbiamo voglia di crescere, insieme ai nostri autori del passato e del futuro. <br>E abbiamo molta voglia di scovare nuovi talenti. <br><a href=\"https:\/\/www.edizioniterramarique.com\/en\/invio-manoscritti\/\"><strong>Inviaci il tuo manoscritto<\/strong><\/a>, ne avremo cura. Promettiamo di leggerlo con attenzione e di ricontattarti in ogni caso, anche se non fossimo interessati a pubblicarlo.<br><br><\/p>\n\n\n\n<p>A questo punto, se il nostro approccio professionale ti piace e se pensi di avere tra le mani un manoscritto che possa trovare il giusto spazio tra le nostre collane, clicca su <a href=\"http:\/\/www.edizioniterramarique.com\/en\/invio-manoscritti\/\"><strong>Invio manoscritti<\/strong><\/a>: troverai le informazioni necessarie per diventare un autore Terra marique.<\/p>\n\n\n\n<p>Se invece sei autore di un romanzo, di uno o pi\u00f9 racconti, di un testo che pensi non possa trovare collocazione tra le nostre collane, contattaci ugualmente: il tuo manoscritto potrebbe suggerirci l&#8217;idea di avviare una nuova collana editoriale, oppure possiamo aiutarti a migliorare il tuo elaborato tramite l&#8217;<a href=\"https:\/\/www.progettolibro.it\/metodo-editing-e-correzione-bozze\/\"><strong>editing<\/strong><\/a>.<\/p>\n\n\n\n<h3 class=\"wp-block-heading\"><strong>Cosa devi sapere prima del mondo dell&#8217;editoria<\/strong><\/h3>\n\n\n\n<p>Dicono che scrivere sia un &#8220;mestieraccio&#8221;, ma anche quello della pubblicazione \u00e8 un percorso faticoso e pieno di ostacoli, spesso perch\u00e9 un autore esordiente ha scarse conoscenze in materia. <br>Hai mai sentito parlare di codici ISBN, piccola e grande distribuzione, sconti librari, case editrici on-line e a pagamento? Noi s\u00ec.<br>Ci confrontiamo con queste realt\u00e0 ogni giorno, sappiamo come muoverci, possiamo aiutarti a migliorare il tuo manoscritto e pubblicarlo al meglio delle sue potenzialit\u00e0, anche puntando sulla sua promozione on-line.<br>Chiedici informazioni sulle nostre offerte social: <strong><a href=\"https:\/\/www.progettolibro.it\/servizi-di-scrittura-rivolti-ai-privati\/percorso-completo\/\">Percorso completo<\/a><\/strong> e <strong><a href=\"https:\/\/www.progettolibro.it\/servizi-di-scrittura-rivolti-ai-privati\/percorso-extra\/\">Percorso extra<\/a><\/strong>.<\/p>\n\n\n\n<h3 class=\"wp-block-heading\"><strong>Servizi editoriali<\/strong><\/h3>\n\n\n\n<p>E se avessi in mente una storia che vuoi scrivere da tempo ma non sai da che parte cominciare? <br>Hai bisogno di un <strong><a href=\"https:\/\/www.edizioniterramarique.com\/en\/servizi-editoriali\/ghost-writing\/\">Ghost writer<\/a><\/strong>, cio\u00e9 di qualcuno che scriva al posto tuo, in realt\u00e0 senza comparire come autore. <br>In casa editrice facciamo anche questo, perch\u00e9 la scrittura su commissione \u00e8 diffusissima, a dire la verit\u00e0 pi\u00f9 di quello che pensi. <br>Possiamo scrivere un testo ex novo a partire dalle tue indicazioni, oppure affiancarti nella scrittura in qualit\u00e0 di tutor. <br><\/p>\n\n\n\n<p>Per saperne di pi\u00f9, visita le pagine del sito <strong>Servizi editoriali<\/strong>: <a href=\"http:\/\/www.edizioniterramarique.com\/en\/servizi-editoriali\/correzione-bozze\/\"><strong>Correzione bozze<\/strong><\/a>, <a href=\"http:\/\/www.edizioniterramarique.com\/en\/servizi-editoriali\/editing\/\"><strong>Editing<\/strong>,<\/a> <strong><a href=\"https:\/\/www.edizioniterramarique.com\/en\/servizi-editoriali\/ghost-writing\/\">Ghost writing<\/a><\/strong>.<br> Scrivere \u00e8 la nostra passione, pubblicare opere di qualit\u00e0 il nostro obiettivo.<\/p>\n\n\n\n<p>Partecipa a uno dei nostri <strong>corsi di scrittura creativa<\/strong>: troverai la tua voce narrante. Non solo imparerai a costruire personaggi pieni di vita e dialoghi efficaci, ma ti confronterai anche con diversi stili narrativi, finch\u00e9 troverai il tuo. <br>Per saperne di pi\u00f9: <a href=\"http:\/\/www.edizioniterramarique.com\/en\/corsi\/scrittura-creativa\/\"><strong>Corso di scrittura creativa<\/strong>.<\/a><\/p>","protected":false},"excerpt":{"rendered":"<p>Edizioni Terra marique: vieni a conoscere la casa editrice Edizioni Terra marique,&nbsp;casa editrice in provincia di Reggio Emilia e Modena,&nbsp;\u00e8 nata nell&#8217;aprile del 2011. Da allora abbiamo lavorato per dar vita a una realt\u00e0 giovane, dinamica, &nbsp;caratterizzata da un forte legame con il territorio di appartenenza. Ci piace raccontare quello che vediamo intorno a noi: [&hellip;]<\/p>","protected":false},"author":1,"featured_media":0,"parent":0,"menu_order":0,"comment_status":"closed","ping_status":"open","template":"","meta":{"footnotes":""},"class_list":["post-29","page","type-page","status-publish","hentry"],"yoast_head":"<!-- This site is optimized with the Yoast SEO plugin v26.9 - https:\/\/yoast.com\/product\/yoast-seo-wordpress\/ -->\n<title>Casa editrice - Edizioni Terra marique - Pubblica romanzi, racconti, poesie<\/title>\n<meta name=\"description\" content=\"Edizioni Terra marique, casa editrice con sede in provincia di Reggio Emilia e Modena, pubblica romanzi, racconti, poesie, autobiografie.\" \/>\n<meta name=\"robots\" content=\"index, follow, max-snippet:-1, max-image-preview:large, max-video-preview:-1\" \/>\n<link rel=\"canonical\" href=\"https:\/\/www.edizioniterramarique.com\/en\/casa-editrice\/\" \/>\n<meta property=\"og:locale\" content=\"en_GB\" \/>\n<meta property=\"og:type\" content=\"article\" \/>\n<meta property=\"og:title\" content=\"Casa editrice - Edizioni Terra marique - Pubblica romanzi, racconti, poesie\" \/>\n<meta property=\"og:description\" content=\"Edizioni Terra marique, casa editrice con sede in provincia di Reggio Emilia e Modena, pubblica romanzi, racconti, poesie, autobiografie.\" \/>\n<meta property=\"og:url\" content=\"https:\/\/www.edizioniterramarique.com\/en\/casa-editrice\/\" \/>\n<meta property=\"og:site_name\" content=\"Edizioni Terra marique\" \/>\n<meta property=\"article:modified_time\" content=\"2022-06-16T16:26:08+00:00\" \/>\n<meta property=\"og:image\" content=\"https:\/\/www.edizioniterramarique.com\/wp-content\/uploads\/2019\/04\/Tm-1-per-sito.jpg\" \/>\n<meta name=\"twitter:label1\" content=\"Estimated reading time\" \/>\n\t<meta name=\"twitter:data1\" content=\"7 minutes\" \/>\n<script type=\"application\/ld+json\" class=\"yoast-schema-graph\">{\"@context\":\"https:\/\/schema.org\",\"@graph\":[{\"@type\":\"WebPage\",\"@id\":\"https:\/\/www.edizioniterramarique.com\/casa-editrice\/\",\"url\":\"https:\/\/www.edizioniterramarique.com\/casa-editrice\/\",\"name\":\"Casa editrice - Edizioni Terra marique - Pubblica romanzi, racconti, poesie\",\"isPartOf\":{\"@id\":\"https:\/\/www.edizioniterramarique.com\/#website\"},\"primaryImageOfPage\":{\"@id\":\"https:\/\/www.edizioniterramarique.com\/casa-editrice\/#primaryimage\"},\"image\":{\"@id\":\"https:\/\/www.edizioniterramarique.com\/casa-editrice\/#primaryimage\"},\"thumbnailUrl\":\"https:\/\/www.edizioniterramarique.com\/wp-content\/uploads\/2019\/04\/Tm-1-per-sito.jpg\",\"datePublished\":\"2014-02-10T20:41:48+00:00\",\"dateModified\":\"2022-06-16T16:26:08+00:00\",\"description\":\"Edizioni Terra marique, casa editrice con sede in provincia di Reggio Emilia e Modena, pubblica romanzi, racconti, poesie, autobiografie.\",\"breadcrumb\":{\"@id\":\"https:\/\/www.edizioniterramarique.com\/casa-editrice\/#breadcrumb\"},\"inLanguage\":\"en-GB\",\"potentialAction\":[{\"@type\":\"ReadAction\",\"target\":[\"https:\/\/www.edizioniterramarique.com\/casa-editrice\/\"]}]},{\"@type\":\"ImageObject\",\"inLanguage\":\"en-GB\",\"@id\":\"https:\/\/www.edizioniterramarique.com\/casa-editrice\/#primaryimage\",\"url\":\"https:\/\/www.edizioniterramarique.com\/wp-content\/uploads\/2019\/04\/Tm-1-per-sito.jpg\",\"contentUrl\":\"https:\/\/www.edizioniterramarique.com\/wp-content\/uploads\/2019\/04\/Tm-1-per-sito.jpg\"},{\"@type\":\"BreadcrumbList\",\"@id\":\"https:\/\/www.edizioniterramarique.com\/casa-editrice\/#breadcrumb\",\"itemListElement\":[{\"@type\":\"ListItem\",\"position\":1,\"name\":\"Home\",\"item\":\"https:\/\/www.edizioniterramarique.com\/\"},{\"@type\":\"ListItem\",\"position\":2,\"name\":\"Casa editrice\"}]},{\"@type\":\"WebSite\",\"@id\":\"https:\/\/www.edizioniterramarique.com\/#website\",\"url\":\"https:\/\/www.edizioniterramarique.com\/\",\"name\":\"Edizioni Terra marique\",\"description\":\"Edizioni Terra marique\",\"publisher\":{\"@id\":\"https:\/\/www.edizioniterramarique.com\/#organization\"},\"potentialAction\":[{\"@type\":\"SearchAction\",\"target\":{\"@type\":\"EntryPoint\",\"urlTemplate\":\"https:\/\/www.edizioniterramarique.com\/?s={search_term_string}\"},\"query-input\":{\"@type\":\"PropertyValueSpecification\",\"valueRequired\":true,\"valueName\":\"search_term_string\"}}],\"inLanguage\":\"en-GB\"},{\"@type\":\"Organization\",\"@id\":\"https:\/\/www.edizioniterramarique.com\/#organization\",\"name\":\"Edizioni Terra marique\",\"url\":\"https:\/\/www.edizioniterramarique.com\/\",\"logo\":{\"@type\":\"ImageObject\",\"inLanguage\":\"en-GB\",\"@id\":\"https:\/\/www.edizioniterramarique.com\/#\/schema\/logo\/image\/\",\"url\":\"https:\/\/www.edizioniterramarique.com\/wp-content\/uploads\/2014\/02\/logo_web1.jpg\",\"contentUrl\":\"https:\/\/www.edizioniterramarique.com\/wp-content\/uploads\/2014\/02\/logo_web1.jpg\",\"width\":200,\"height\":109,\"caption\":\"Edizioni Terra marique\"},\"image\":{\"@id\":\"https:\/\/www.edizioniterramarique.com\/#\/schema\/logo\/image\/\"}}]}<\/script>\n<!-- \/ Yoast SEO plugin. -->","yoast_head_json":{"title":"Casa editrice - Edizioni Terra marique - Pubblica romanzi, racconti, poesie","description":"Edizioni Terra marique, casa editrice con sede in provincia di Reggio Emilia e Modena, pubblica romanzi, racconti, poesie, autobiografie.","robots":{"index":"index","follow":"follow","max-snippet":"max-snippet:-1","max-image-preview":"max-image-preview:large","max-video-preview":"max-video-preview:-1"},"canonical":"https:\/\/www.edizioniterramarique.com\/en\/casa-editrice\/","og_locale":"en_GB","og_type":"article","og_title":"Casa editrice - Edizioni Terra marique - Pubblica romanzi, racconti, poesie","og_description":"Edizioni Terra marique, casa editrice con sede in provincia di Reggio Emilia e Modena, pubblica romanzi, racconti, poesie, autobiografie.","og_url":"https:\/\/www.edizioniterramarique.com\/en\/casa-editrice\/","og_site_name":"Edizioni Terra marique","article_modified_time":"2022-06-16T16:26:08+00:00","og_image":[{"url":"https:\/\/www.edizioniterramarique.com\/wp-content\/uploads\/2019\/04\/Tm-1-per-sito.jpg","type":"","width":"","height":""}],"twitter_misc":{"Estimated reading time":"7 minutes"},"schema":{"@context":"https:\/\/schema.org","@graph":[{"@type":"WebPage","@id":"https:\/\/www.edizioniterramarique.com\/casa-editrice\/","url":"https:\/\/www.edizioniterramarique.com\/casa-editrice\/","name":"Casa editrice - Edizioni Terra marique - Pubblica romanzi, racconti, poesie","isPartOf":{"@id":"https:\/\/www.edizioniterramarique.com\/#website"},"primaryImageOfPage":{"@id":"https:\/\/www.edizioniterramarique.com\/casa-editrice\/#primaryimage"},"image":{"@id":"https:\/\/www.edizioniterramarique.com\/casa-editrice\/#primaryimage"},"thumbnailUrl":"https:\/\/www.edizioniterramarique.com\/wp-content\/uploads\/2019\/04\/Tm-1-per-sito.jpg","datePublished":"2014-02-10T20:41:48+00:00","dateModified":"2022-06-16T16:26:08+00:00","description":"Edizioni Terra marique, casa editrice con sede in provincia di Reggio Emilia e Modena, pubblica romanzi, racconti, poesie, autobiografie.","breadcrumb":{"@id":"https:\/\/www.edizioniterramarique.com\/casa-editrice\/#breadcrumb"},"inLanguage":"en-GB","potentialAction":[{"@type":"ReadAction","target":["https:\/\/www.edizioniterramarique.com\/casa-editrice\/"]}]},{"@type":"ImageObject","inLanguage":"en-GB","@id":"https:\/\/www.edizioniterramarique.com\/casa-editrice\/#primaryimage","url":"https:\/\/www.edizioniterramarique.com\/wp-content\/uploads\/2019\/04\/Tm-1-per-sito.jpg","contentUrl":"https:\/\/www.edizioniterramarique.com\/wp-content\/uploads\/2019\/04\/Tm-1-per-sito.jpg"},{"@type":"BreadcrumbList","@id":"https:\/\/www.edizioniterramarique.com\/casa-editrice\/#breadcrumb","itemListElement":[{"@type":"ListItem","position":1,"name":"Home","item":"https:\/\/www.edizioniterramarique.com\/"},{"@type":"ListItem","position":2,"name":"Casa editrice"}]},{"@type":"WebSite","@id":"https:\/\/www.edizioniterramarique.com\/#website","url":"https:\/\/www.edizioniterramarique.com\/","name":"Edizioni Terra marique","description":"Edizioni Terra marique","publisher":{"@id":"https:\/\/www.edizioniterramarique.com\/#organization"},"potentialAction":[{"@type":"SearchAction","target":{"@type":"EntryPoint","urlTemplate":"https:\/\/www.edizioniterramarique.com\/?s={search_term_string}"},"query-input":{"@type":"PropertyValueSpecification","valueRequired":true,"valueName":"search_term_string"}}],"inLanguage":"en-GB"},{"@type":"Organization","@id":"https:\/\/www.edizioniterramarique.com\/#organization","name":"Edizioni Terra marique","url":"https:\/\/www.edizioniterramarique.com\/","logo":{"@type":"ImageObject","inLanguage":"en-GB","@id":"https:\/\/www.edizioniterramarique.com\/#\/schema\/logo\/image\/","url":"https:\/\/www.edizioniterramarique.com\/wp-content\/uploads\/2014\/02\/logo_web1.jpg","contentUrl":"https:\/\/www.edizioniterramarique.com\/wp-content\/uploads\/2014\/02\/logo_web1.jpg","width":200,"height":109,"caption":"Edizioni Terra marique"},"image":{"@id":"https:\/\/www.edizioniterramarique.com\/#\/schema\/logo\/image\/"}}]}},"_links":{"self":[{"href":"https:\/\/www.edizioniterramarique.com\/en\/wp-json\/wp\/v2\/pages\/29","targetHints":{"allow":["GET"]}}],"collection":[{"href":"https:\/\/www.edizioniterramarique.com\/en\/wp-json\/wp\/v2\/pages"}],"about":[{"href":"https:\/\/www.edizioniterramarique.com\/en\/wp-json\/wp\/v2\/types\/page"}],"author":[{"embeddable":true,"href":"https:\/\/www.edizioniterramarique.com\/en\/wp-json\/wp\/v2\/users\/1"}],"replies":[{"embeddable":true,"href":"https:\/\/www.edizioniterramarique.com\/en\/wp-json\/wp\/v2\/comments?post=29"}],"version-history":[{"count":60,"href":"https:\/\/www.edizioniterramarique.com\/en\/wp-json\/wp\/v2\/pages\/29\/revisions"}],"predecessor-version":[{"id":3844,"href":"https:\/\/www.edizioniterramarique.com\/en\/wp-json\/wp\/v2\/pages\/29\/revisions\/3844"}],"wp:attachment":[{"href":"https:\/\/www.edizioniterramarique.com\/en\/wp-json\/wp\/v2\/media?parent=29"}],"curies":[{"name":"wp","href":"https:\/\/api.w.org\/{rel}","templated":true}]}}